{"id":7528,"date":"2021-04-07T11:19:07","date_gmt":"2021-04-07T09:19:07","guid":{"rendered":"https:\/\/deliciaspersas.com\/?post_type=product&#038;p=7528"},"modified":"2024-07-18T14:16:44","modified_gmt":"2024-07-18T12:16:44","slug":"berenjena-frita-bademjan-sorkh-shode-460g-sarashpaz","status":"publish","type":"product","link":"https:\/\/deliciaspersas.com\/fa\/tienda\/ready\/berenjena-frita-bademjan-sorkh-shode-460g-sarashpaz\/","title":{"rendered":"Berenjena Frita Bademjan sorkh shode 460g Sarashpaz"},"content":{"rendered":"<h1>Berenjena Frita Bademjan sorkh shode 460g Sarashpaz<\/h1>\n<h6>Informaci\u00f3n del producto:<\/h6>\n<p>Berenjenas Fritas.<\/p>\n<h6>Usos:<\/h6>\n<p>Acompa\u00f1ante, aperitivo o incluso como comida o cena.<\/p>\n<h6>Beneficios:<\/h6>\n<p>La berenjena est\u00e1 compuesta principalmente por agua (92,6%) e hidratos de carbono (3,5%). Esto, sumado a sus escasas grasas (0,2%) y prote\u00ednas (1,2%), la hacemuy ligera (21 cal\/100 g). Tambi\u00e9n aporta fibra (1,5%)<\/p>\n<p>En cuanto a sus micronutrientes, destaca principalmente su aporte en potasio (240 mg\/100 g) y \u00e1cido f\u00f3lico (13 mcg). As\u00ed mismo contiene\u00a0antocianinas, de acci\u00f3n antioxidante.<\/p>\n<p>La berenjena, adem\u00e1s de proteger el h\u00edgado y aportar antioxidantes, es rica en fibras que ayudan a eliminar el colesterol de otros alimentos.<\/p>\n<ul>\n<li><strong>Digestiva<\/strong>. La fibra es, aparte del agua, el principal componente de la berenjena. De tipo soluble, favorece el buen estado de la flora bacteriana y disminuye la consistencia de las heces, lo que ayuda a su eliminaci\u00f3n.<\/li>\n<li><strong>Baja el colesterol<\/strong>. Tanto la fibra como las sustancias qu\u00edmicas que se encuentran especialmente en la piel y las semillas contribuyen a mantener el colesterol en niveles \u00f3ptimos. Algunos compuestos de la berenjena inhiben la s\u00edntesis de colesterol en el h\u00edgado, mientras que otros evitan que se oxide y se adhiera a las paredes arteriales.<\/li>\n<li><strong>Ayuda a controlar el az\u00facar.<\/strong>\u00a0Es apropiada para diab\u00e9ticos porque contiene muy pocos hidratos de carbono, mucha fibra, que reduce la velocidad de absorci\u00f3n de los az\u00facares de otros alimentos, y sustancias que ayudan a mantenerlo bajo control, como la trigonelina.<\/li>\n<li><strong>Diur\u00e9tica.\u00a0<\/strong>El mineral m\u00e1s abundante es el potasio y casi no contiene sodio, lo que favorece la eliminaci\u00f3n de l\u00edquidos y reduce la presi\u00f3n arterial. Esto facilita el trabajo del coraz\u00f3n y apoya la funci\u00f3n eliminadora de los ri\u00f1ones.<\/li>\n<li><strong>Buena para el sistema nervioso<\/strong>.\u00a0La presencia de vitamina B6, B1 y magnesio en cantidades significativas la indican para reforzar el sistema nervioso y mejorar el estado de \u00e1nimo. La vitamina B6 es especialmente recomendable durante el embarazo, pues previene la diabetes gestacional y alivia las n\u00e1useas.<\/li>\n<\/ul>\n<h6>Ingredientes y al\u00e9rgenos:<\/h6>\n<p>Contiene Berenjena,<\/p>\n<h6>Condiciones de conservaci\u00f3n:<\/h6>\n<p>Conservar en un lugar fresco, seco y protegido de la luz.<\/p>\n<h6>Informaci\u00f3n adicional:<\/h6>\n<p>Fabricado por: Sarashpaz<\/p>\n","protected":false},"excerpt":{"rendered":"<p>Berenjena Frita Bademjan sorkh shode 460g Sarashpaz Informaci\u00f3n del producto: Berenjenas Fritas. Usos: Acompa\u00f1ante, aperitivo o incluso como comida o cena. Beneficios: La berenjena est\u00e1 compuesta principalmente por agua (92,6%) e hidratos de carbono (3,5%). Esto, sumado a sus escasas grasas (0,2%) y prote\u00ednas (1,2%), la hacemuy ligera (21 cal\/100 g). Tambi\u00e9n aporta fibra (1,5%) [&hellip;]<\/p>\n","protected":false},"featured_media":7452,"template":"","meta":{"_surecart_dashboard_logo_width":"180px","_surecart_dashboard_show_logo":true,"_surecart_dashboard_navigation_orders":true,"_surecart_dashboard_navigation_invoices":true,"_surecart_dashboard_navigation_subscriptions":true,"_surecart_dashboard_navigation_downloads":true,"_surecart_dashboard_navigation_billing":true,"_surecart_dashboard_navigation_account":true,"_uag_custom_page_level_css":"","site-sidebar-layout":"default","site-content-layout":"default","ast-site-content-layout":"default","site-content-style":"default","site-sidebar-style":"default","ast-global-header-display":"","ast-banner-title-visibility":"","ast-main-header-display":"","ast-hfb-above-header-display":"","ast-hfb-below-header-display":"","ast-hfb-mobile-header-display":"","site-post-title":"","ast-breadcrumbs-content":"","ast-featured-img":"","footer-sml-layout":"","theme-transparent-header-meta":"default","adv-header-id-meta":"","stick-header-meta":"","header-above-stick-meta":"","header-main-stick-meta":"","header-below-stick-meta":"","astra-migrate-meta-layouts":"set","ast-page-background-enabled":"default","ast-page-background-meta":{"desktop":{"background-color":"","background-image":"","background-repeat":"repeat","background-position":"center center","background-size":"auto","background-attachment":"scroll","background-type":"","background-media":"","overlay-type":"","overlay-color":"","overlay-opacity":"","overlay-gradient":""},"tablet":{"background-color":"","background-image":"","background-repeat":"repeat","background-position":"center center","background-size":"auto","background-attachment":"scroll","background-type":"","background-media":"","overlay-type":"","overlay-color":"","overlay-opacity":"","overlay-gradient":""},"mobile":{"background-color":"","background-image":"","background-repeat":"repeat","background-position":"center center","background-size":"auto","background-attachment":"scroll","background-type":"","background-media":"","overlay-type":"","overlay-color":"","overlay-opacity":"","overlay-gradient":""}},"ast-content-background-meta":{"desktop":{"background-color":"var(--ast-global-color-5)","background-image":"","background-repeat":"repeat","background-position":"center center","background-size":"auto","background-attachment":"scroll","background-type":"","background-media":"","overlay-type":"","overlay-color":"","overlay-opacity":"","overlay-gradient":""},"tablet":{"background-color":"var(--ast-global-color-5)","background-image":"","background-repeat":"repeat","background-position":"center center","background-size":"auto","background-attachment":"scroll","background-type":"","background-media":"","overlay-type":"","overlay-color":"","overlay-opacity":"","overlay-gradient":""},"mobile":{"background-color":"var(--ast-global-color-5)","background-image":"","background-repeat":"repeat","background-position":"center center","background-size":"auto","background-attachment":"scroll","background-type":"","background-media":"","overlay-type":"","overlay-color":"","overlay-opacity":"","overlay-gradient":""}}},"pwb-brand":[199],"product_cat":[35,34],"product_tag":[723,986,590,987,565,248],"class_list":{"0":"post-7528","1":"product","2":"type-product","3":"status-publish","4":"has-post-thumbnail","6":"pwb-brand-sarashpaz","7":"product_cat-conservas","8":"product_cat-ready","9":"product_tag-berenjena","10":"product_tag-cena","11":"product_tag-comida","12":"product_tag-frita","13":"product_tag-listo","14":"product_tag----2","15":"desktop-align-center","16":"tablet-align-center","17":"mobile-align-center","19":"first","20":"outofstock","21":"taxable","22":"shipping-taxable","23":"purchasable","24":"product-type-simple"},"yoast_head":"<!-- This site is optimized with the Yoast SEO plugin v23.6 - https:\/\/yoast.com\/wordpress\/plugins\/seo\/ -->\n<title>Berenjena Frita Bademjan sorkh shode 460g Sarashpaz - Delicias Persas<\/title>\n<meta name=\"description\" content=\"Berenjena frita. Es uno de los platos m\u00e1s representativos de la gastronom\u00eda persa. Arroz persa y berenjenas ser\u00e1n tus aliados.\" \/>\n<meta name=\"robots\" content=\"index, follow, max-snippet:-1, max-image-preview:large, max-video-preview:-1\" \/>\n<link rel=\"canonical\" href=\"https:\/\/deliciaspersas.com\/fa\/tienda\/ready\/berenjena-frita-bademjan-sorkh-shode-460g-sarashpaz\/\" \/>\n<meta property=\"og:locale\" content=\"fa_IR\" \/>\n<meta property=\"og:type\" content=\"article\" \/>\n<meta property=\"og:title\" content=\"Berenjena Frita Bademjan sorkh shode 460g Sarashpaz - Delicias Persas\" \/>\n<meta property=\"og:description\" content=\"Berenjena frita. Es uno de los platos m\u00e1s representativos de la gastronom\u00eda persa. Arroz persa y berenjenas ser\u00e1n tus aliados.\" \/>\n<meta property=\"og:url\" content=\"https:\/\/deliciaspersas.com\/fa\/tienda\/ready\/berenjena-frita-bademjan-sorkh-shode-460g-sarashpaz\/\" \/>\n<meta property=\"og:site_name\" content=\"Delicias Persas\" \/>\n<meta property=\"article:publisher\" content=\"https:\/\/www.facebook.com\/Deliciaspersas\" \/>\n<meta property=\"article:modified_time\" content=\"2024-07-18T12:16:44+00:00\" \/>\n<meta property=\"og:image\" content=\"https:\/\/deliciaspersas.com\/wp-content\/uploads\/2.jpg\" \/>\n\t<meta property=\"og:image:width\" content=\"410\" \/>\n\t<meta property=\"og:image:height\" content=\"510\" \/>\n\t<meta property=\"og:image:type\" content=\"image\/jpeg\" \/>\n<meta name=\"twitter:card\" content=\"summary_large_image\" \/>\n<meta name=\"twitter:label1\" content=\"\u0632\u0645\u0627\u0646 \u062a\u0642\u0631\u06cc\u0628\u06cc \u0628\u0631\u0627\u06cc \u062e\u0648\u0627\u0646\u062f\u0646\" \/>\n\t<meta name=\"twitter:data1\" content=\"2 \u062f\u0642\u06cc\u0642\u0647\" \/>\n<script type=\"application\/ld+json\" class=\"yoast-schema-graph\">{\"@context\":\"https:\/\/schema.org\",\"@graph\":[{\"@type\":\"WebPage\",\"@id\":\"https:\/\/deliciaspersas.com\/fa\/tienda\/ready\/berenjena-frita-bademjan-sorkh-shode-460g-sarashpaz\/\",\"url\":\"https:\/\/deliciaspersas.com\/fa\/tienda\/ready\/berenjena-frita-bademjan-sorkh-shode-460g-sarashpaz\/\",\"name\":\"Berenjena Frita Bademjan sorkh shode 460g Sarashpaz - Delicias Persas\",\"isPartOf\":{\"@id\":\"https:\/\/deliciaspersas.com\/fa\/#website\"},\"primaryImageOfPage\":{\"@id\":\"https:\/\/deliciaspersas.com\/fa\/tienda\/ready\/berenjena-frita-bademjan-sorkh-shode-460g-sarashpaz\/#primaryimage\"},\"image\":{\"@id\":\"https:\/\/deliciaspersas.com\/fa\/tienda\/ready\/berenjena-frita-bademjan-sorkh-shode-460g-sarashpaz\/#primaryimage\"},\"thumbnailUrl\":\"https:\/\/deliciaspersas.com\/wp-content\/uploads\/2.jpg\",\"datePublished\":\"2021-04-07T09:19:07+00:00\",\"dateModified\":\"2024-07-18T12:16:44+00:00\",\"description\":\"Berenjena frita. Es uno de los platos m\u00e1s representativos de la gastronom\u00eda persa. Arroz persa y berenjenas ser\u00e1n tus aliados.\",\"breadcrumb\":{\"@id\":\"https:\/\/deliciaspersas.com\/fa\/tienda\/ready\/berenjena-frita-bademjan-sorkh-shode-460g-sarashpaz\/#breadcrumb\"},\"inLanguage\":\"fa-IR\",\"potentialAction\":[{\"@type\":\"ReadAction\",\"target\":[\"https:\/\/deliciaspersas.com\/fa\/tienda\/ready\/berenjena-frita-bademjan-sorkh-shode-460g-sarashpaz\/\"]}]},{\"@type\":\"ImageObject\",\"inLanguage\":\"fa-IR\",\"@id\":\"https:\/\/deliciaspersas.com\/fa\/tienda\/ready\/berenjena-frita-bademjan-sorkh-shode-460g-sarashpaz\/#primaryimage\",\"url\":\"https:\/\/deliciaspersas.com\/wp-content\/uploads\/2.jpg\",\"contentUrl\":\"https:\/\/deliciaspersas.com\/wp-content\/uploads\/2.jpg\",\"width\":410,\"height\":510,\"caption\":\"Berenjena Frita Bademjan sorkh shode 460g Sarashpaz\"},{\"@type\":\"BreadcrumbList\",\"@id\":\"https:\/\/deliciaspersas.com\/fa\/tienda\/ready\/berenjena-frita-bademjan-sorkh-shode-460g-sarashpaz\/#breadcrumb\",\"itemListElement\":[{\"@type\":\"ListItem\",\"position\":1,\"name\":\"Portada\",\"item\":\"https:\/\/deliciaspersas.com\/fa\/\"},{\"@type\":\"ListItem\",\"position\":2,\"name\":\"Tienda\",\"item\":\"https:\/\/deliciaspersas.com\/\"},{\"@type\":\"ListItem\",\"position\":3,\"name\":\"Berenjena Frita Bademjan sorkh shode 460g Sarashpaz\"}]},{\"@type\":\"WebSite\",\"@id\":\"https:\/\/deliciaspersas.com\/fa\/#website\",\"url\":\"https:\/\/deliciaspersas.com\/fa\/\",\"name\":\"Delicias Persas\",\"description\":\"Gastronom&iacute;a persa al alcance de tus manos\",\"publisher\":{\"@id\":\"https:\/\/deliciaspersas.com\/fa\/#organization\"},\"potentialAction\":[{\"@type\":\"SearchAction\",\"target\":{\"@type\":\"EntryPoint\",\"urlTemplate\":\"https:\/\/deliciaspersas.com\/fa\/?s={search_term_string}\"},\"query-input\":{\"@type\":\"PropertyValueSpecification\",\"valueRequired\":true,\"valueName\":\"search_term_string\"}}],\"inLanguage\":\"fa-IR\"},{\"@type\":\"Organization\",\"@id\":\"https:\/\/deliciaspersas.com\/fa\/#organization\",\"name\":\"Delicias Persas\",\"url\":\"https:\/\/deliciaspersas.com\/fa\/\",\"logo\":{\"@type\":\"ImageObject\",\"inLanguage\":\"fa-IR\",\"@id\":\"https:\/\/deliciaspersas.com\/fa\/#\/schema\/logo\/image\/\",\"url\":\"https:\/\/deliciaspersas.com\/wp-content\/uploads\/2020\/07\/logo-2020.png\",\"contentUrl\":\"https:\/\/deliciaspersas.com\/wp-content\/uploads\/2020\/07\/logo-2020.png\",\"width\":520,\"height\":490,\"caption\":\"Delicias Persas\"},\"image\":{\"@id\":\"https:\/\/deliciaspersas.com\/fa\/#\/schema\/logo\/image\/\"},\"sameAs\":[\"https:\/\/www.facebook.com\/Deliciaspersas\",\"https:\/\/www.instagram.com\/delicias_persas\/\",\"https:\/\/www.linkedin.com\/delicias-persas\"]}]}<\/script>\n<!-- \/ Yoast SEO plugin. -->","yoast_head_json":{"title":"Berenjena Frita Bademjan sorkh shode 460g Sarashpaz - Delicias Persas","description":"Berenjena frita. Es uno de los platos m\u00e1s representativos de la gastronom\u00eda persa. Arroz persa y berenjenas ser\u00e1n tus aliados.","robots":{"index":"index","follow":"follow","max-snippet":"max-snippet:-1","max-image-preview":"max-image-preview:large","max-video-preview":"max-video-preview:-1"},"canonical":"https:\/\/deliciaspersas.com\/fa\/tienda\/ready\/berenjena-frita-bademjan-sorkh-shode-460g-sarashpaz\/","og_locale":"fa_IR","og_type":"article","og_title":"Berenjena Frita Bademjan sorkh shode 460g Sarashpaz - Delicias Persas","og_description":"Berenjena frita. Es uno de los platos m\u00e1s representativos de la gastronom\u00eda persa. Arroz persa y berenjenas ser\u00e1n tus aliados.","og_url":"https:\/\/deliciaspersas.com\/fa\/tienda\/ready\/berenjena-frita-bademjan-sorkh-shode-460g-sarashpaz\/","og_site_name":"Delicias Persas","article_publisher":"https:\/\/www.facebook.com\/Deliciaspersas","article_modified_time":"2024-07-18T12:16:44+00:00","og_image":[{"width":410,"height":510,"url":"https:\/\/deliciaspersas.com\/wp-content\/uploads\/2.jpg","type":"image\/jpeg"}],"twitter_card":"summary_large_image","twitter_misc":{"\u0632\u0645\u0627\u0646 \u062a\u0642\u0631\u06cc\u0628\u06cc \u0628\u0631\u0627\u06cc \u062e\u0648\u0627\u0646\u062f\u0646":"2 \u062f\u0642\u06cc\u0642\u0647"},"schema":{"@context":"https:\/\/schema.org","@graph":[{"@type":"WebPage","@id":"https:\/\/deliciaspersas.com\/fa\/tienda\/ready\/berenjena-frita-bademjan-sorkh-shode-460g-sarashpaz\/","url":"https:\/\/deliciaspersas.com\/fa\/tienda\/ready\/berenjena-frita-bademjan-sorkh-shode-460g-sarashpaz\/","name":"Berenjena Frita Bademjan sorkh shode 460g Sarashpaz - Delicias Persas","isPartOf":{"@id":"https:\/\/deliciaspersas.com\/fa\/#website"},"primaryImageOfPage":{"@id":"https:\/\/deliciaspersas.com\/fa\/tienda\/ready\/berenjena-frita-bademjan-sorkh-shode-460g-sarashpaz\/#primaryimage"},"image":{"@id":"https:\/\/deliciaspersas.com\/fa\/tienda\/ready\/berenjena-frita-bademjan-sorkh-shode-460g-sarashpaz\/#primaryimage"},"thumbnailUrl":"https:\/\/deliciaspersas.com\/wp-content\/uploads\/2.jpg","datePublished":"2021-04-07T09:19:07+00:00","dateModified":"2024-07-18T12:16:44+00:00","description":"Berenjena frita. Es uno de los platos m\u00e1s representativos de la gastronom\u00eda persa. Arroz persa y berenjenas ser\u00e1n tus aliados.","breadcrumb":{"@id":"https:\/\/deliciaspersas.com\/fa\/tienda\/ready\/berenjena-frita-bademjan-sorkh-shode-460g-sarashpaz\/#breadcrumb"},"inLanguage":"fa-IR","potentialAction":[{"@type":"ReadAction","target":["https:\/\/deliciaspersas.com\/fa\/tienda\/ready\/berenjena-frita-bademjan-sorkh-shode-460g-sarashpaz\/"]}]},{"@type":"ImageObject","inLanguage":"fa-IR","@id":"https:\/\/deliciaspersas.com\/fa\/tienda\/ready\/berenjena-frita-bademjan-sorkh-shode-460g-sarashpaz\/#primaryimage","url":"https:\/\/deliciaspersas.com\/wp-content\/uploads\/2.jpg","contentUrl":"https:\/\/deliciaspersas.com\/wp-content\/uploads\/2.jpg","width":410,"height":510,"caption":"Berenjena Frita Bademjan sorkh shode 460g Sarashpaz"},{"@type":"BreadcrumbList","@id":"https:\/\/deliciaspersas.com\/fa\/tienda\/ready\/berenjena-frita-bademjan-sorkh-shode-460g-sarashpaz\/#breadcrumb","itemListElement":[{"@type":"ListItem","position":1,"name":"Portada","item":"https:\/\/deliciaspersas.com\/fa\/"},{"@type":"ListItem","position":2,"name":"Tienda","item":"https:\/\/deliciaspersas.com\/"},{"@type":"ListItem","position":3,"name":"Berenjena Frita Bademjan sorkh shode 460g Sarashpaz"}]},{"@type":"WebSite","@id":"https:\/\/deliciaspersas.com\/fa\/#website","url":"https:\/\/deliciaspersas.com\/fa\/","name":"Delicias Persas","description":"Gastronom&iacute;a persa al alcance de tus manos","publisher":{"@id":"https:\/\/deliciaspersas.com\/fa\/#organization"},"potentialAction":[{"@type":"SearchAction","target":{"@type":"EntryPoint","urlTemplate":"https:\/\/deliciaspersas.com\/fa\/?s={search_term_string}"},"query-input":{"@type":"PropertyValueSpecification","valueRequired":true,"valueName":"search_term_string"}}],"inLanguage":"fa-IR"},{"@type":"Organization","@id":"https:\/\/deliciaspersas.com\/fa\/#organization","name":"Delicias Persas","url":"https:\/\/deliciaspersas.com\/fa\/","logo":{"@type":"ImageObject","inLanguage":"fa-IR","@id":"https:\/\/deliciaspersas.com\/fa\/#\/schema\/logo\/image\/","url":"https:\/\/deliciaspersas.com\/wp-content\/uploads\/2020\/07\/logo-2020.png","contentUrl":"https:\/\/deliciaspersas.com\/wp-content\/uploads\/2020\/07\/logo-2020.png","width":520,"height":490,"caption":"Delicias Persas"},"image":{"@id":"https:\/\/deliciaspersas.com\/fa\/#\/schema\/logo\/image\/"},"sameAs":["https:\/\/www.facebook.com\/Deliciaspersas","https:\/\/www.instagram.com\/delicias_persas\/","https:\/\/www.linkedin.com\/delicias-persas"]}]}},"uagb_featured_image_src":{"full":["https:\/\/deliciaspersas.com\/wp-content\/uploads\/2.jpg",410,510,false],"thumbnail":["https:\/\/deliciaspersas.com\/wp-content\/uploads\/2-150x150.jpg",150,150,true],"medium":["https:\/\/deliciaspersas.com\/wp-content\/uploads\/2-241x300.jpg",241,300,true],"medium_large":["https:\/\/deliciaspersas.com\/wp-content\/uploads\/2.jpg",410,510,false],"large":["https:\/\/deliciaspersas.com\/wp-content\/uploads\/2.jpg",410,510,false],"1536x1536":["https:\/\/deliciaspersas.com\/wp-content\/uploads\/2.jpg",410,510,false],"2048x2048":["https:\/\/deliciaspersas.com\/wp-content\/uploads\/2.jpg",410,510,false],"woocommerce_thumbnail":["https:\/\/deliciaspersas.com\/wp-content\/uploads\/2-300x300.jpg",300,300,true],"woocommerce_single":["https:\/\/deliciaspersas.com\/wp-content\/uploads\/2.jpg",410,510,false],"woocommerce_gallery_thumbnail":["https:\/\/deliciaspersas.com\/wp-content\/uploads\/2-100x100.jpg",100,100,true]},"uagb_author_info":{"display_name":"admin","author_link":"https:\/\/deliciaspersas.com\/fa\/author\/"},"uagb_comment_info":0,"uagb_excerpt":"Berenjena Frita Bademjan sorkh shode 460g Sarashpaz Informaci\u00f3n del producto: Berenjenas Fritas. Usos: Acompa\u00f1ante, aperitivo o incluso como comida o cena. Beneficios: La berenjena est\u00e1 compuesta principalmente por agua (92,6%) e hidratos de carbono (3,5%). Esto, sumado a sus escasas grasas (0,2%) y prote\u00ednas (1,2%), la hacemuy ligera (21 cal\/100 g). Tambi\u00e9n aporta fibra (1,5%)&hellip;","brands":[{"id":199,"name":"Sarashpaz","slug":"sarashpaz"}],"_links":{"self":[{"href":"https:\/\/deliciaspersas.com\/fa\/wp-json\/wp\/v2\/product\/7528"}],"collection":[{"href":"https:\/\/deliciaspersas.com\/fa\/wp-json\/wp\/v2\/product"}],"about":[{"href":"https:\/\/deliciaspersas.com\/fa\/wp-json\/wp\/v2\/types\/product"}],"wp:featuredmedia":[{"embeddable":true,"href":"https:\/\/deliciaspersas.com\/fa\/wp-json\/wp\/v2\/media\/7452"}],"wp:attachment":[{"href":"https:\/\/deliciaspersas.com\/fa\/wp-json\/wp\/v2\/media?parent=7528"}],"wp:term":[{"taxonomy":"pwb-brand","embeddable":true,"href":"https:\/\/deliciaspersas.com\/fa\/wp-json\/wp\/v2\/pwb-brand?post=7528"},{"taxonomy":"product_cat","embeddable":true,"href":"https:\/\/deliciaspersas.com\/fa\/wp-json\/wp\/v2\/product_cat?post=7528"},{"taxonomy":"product_tag","embeddable":true,"href":"https:\/\/deliciaspersas.com\/fa\/wp-json\/wp\/v2\/product_tag?post=7528"}],"curies":[{"name":"wp","href":"https:\/\/api.w.org\/{rel}","templated":true}]}}