{"id":7533,"date":"2021-04-07T11:30:46","date_gmt":"2021-04-07T09:30:46","guid":{"rendered":"https:\/\/deliciaspersas.com\/?post_type=product&#038;p=7533"},"modified":"2024-08-15T10:33:03","modified_gmt":"2024-08-15T08:33:03","slug":"khoresh-bamieh-460g-sarashpaz","status":"publish","type":"product","link":"https:\/\/deliciaspersas.com\/fa\/tienda\/ready\/khoresh-bamieh-460g-sarashpaz\/","title":{"rendered":"Guiso de okra 460g Sarashpaz"},"content":{"rendered":"<h1>Guiso de okra 460g Sarashpaz<\/h1>\n<h6>Informaci\u00f3n del producto:<\/h6>\n<p>La okra es una planta verde comestible que contiene muchos nutrientes. La okra, Bamieh, se usa com\u00fanmente en el sur de Asia, Am\u00e9rica y \u00c1frica. Esta planta es una de las hortalizas m\u00e1s importantes utilizadas por la gente en la India para cocinar muchos platos. Este es un buen condimento que se usa para hacer guisos o cualquier otro alimento.\u00a0 Todas las partes de la okra son comestibles y sus hojas se pueden utilizar en ensaladas.<\/p>\n<h6>Usos:<\/h6>\n<p>Se puede usar este guiso (Khoresh Bamieh) como comida o cena.<\/p>\n<h6>Beneficios:<\/h6>\n<p>Esta planta en particular es rica en fuentes de fibra y puede ayudar a estabilizar su digesti\u00f3n.<\/p>\n<p>Esta verdura tiene una sustancia viscosa que ayuda a eliminar los productos de desecho y las toxinas en el sistema digestivo. As\u00ed mismo cuando toma esta planta con regularidad, repara el da\u00f1o causado al cerebro.<br \/>\nOtro uso sorprendente de los polisac\u00e1ridos en esta planta es ayudar a regular los trastornos metab\u00f3licos y tratar la obesidad causada por una dieta alta en grasas. Estos ingredientes de la okra pueden hacer esto al ayudar a regular la glucosa en sangre, el peso corporal y aumentar la tolerancia a la glucosa y, en general, al reducir la cantidad de colesterol malo.<br \/>\nKhoresh Bamieh contiene muchos polisac\u00e1ridos que se consideran az\u00facares saludables. Los polisac\u00e1ridos tambi\u00e9n aumentan la cantidad de gluc\u00f3geno en el h\u00edgado, lo que ayuda a almacenar energ\u00eda.<br \/>\nCada media taza de okra cocida contiene aproximadamente 37 microgramos de \u00e1cido f\u00f3lico, que ayuda a metabolizar los carbohidratos, las prote\u00ednas y las grasas. El \u00e1cido f\u00f3lico, o vitamina B9, es esencial en todas las comidas; Porque esta vitamina permite al cuerpo producir nuevas c\u00e9lulas y prevenir da\u00f1os en el ADN celular.<br \/>\nKhoresh Bamieh contiene muc\u00edlago, que combina colesterol y bilis, agregando toxinas al compuesto y envi\u00e1ndolo al h\u00edgado para eliminarlo.<\/p>\n<p>La fibra de este alimento facilita la eliminaci\u00f3n de productos de desecho del cuerpo. Esta planta es completamente at\u00f3xica, no adictiva y sin efectos secundarios.<br \/>\nAl reducir el contenido de colesterol de una fibra, tiene un buen efecto sobre los vasos sangu\u00edneos. La fibra elimina el colesterol del cuerpo y evita que las paredes de los capilares se peguen, lo que puede provocar aterosclerosis.<\/p>\n<h6>Condiciones de conservaci\u00f3n:<\/h6>\n<p>Conservar en un lugar fresco, seco y protegido de la luz.<\/p>\n<h6>Informaci\u00f3n adicional:<\/h6>\n<p>Fabricado por: Sarashpaz<\/p>\n","protected":false},"excerpt":{"rendered":"<p>Guiso de okra 460g Sarashpaz Informaci\u00f3n del producto: La okra es una planta verde comestible que contiene muchos nutrientes. La okra, Bamieh, se usa com\u00fanmente en el sur de Asia, Am\u00e9rica y \u00c1frica. Esta planta es una de las hortalizas m\u00e1s importantes utilizadas por la gente en la India para cocinar muchos platos. Este es [&hellip;]<\/p>\n","protected":false},"featured_media":7443,"template":"","meta":{"_surecart_dashboard_logo_width":"180px","_surecart_dashboard_show_logo":true,"_surecart_dashboard_navigation_orders":true,"_surecart_dashboard_navigation_invoices":true,"_surecart_dashboard_navigation_subscriptions":true,"_surecart_dashboard_navigation_downloads":true,"_surecart_dashboard_navigation_billing":true,"_surecart_dashboard_navigation_account":true,"_uag_custom_page_level_css":"","site-sidebar-layout":"default","site-content-layout":"default","ast-site-content-layout":"default","site-content-style":"default","site-sidebar-style":"default","ast-global-header-display":"","ast-banner-title-visibility":"","ast-main-header-display":"","ast-hfb-above-header-display":"","ast-hfb-below-header-display":"","ast-hfb-mobile-header-display":"","site-post-title":"","ast-breadcrumbs-content":"","ast-featured-img":"","footer-sml-layout":"","theme-transparent-header-meta":"default","adv-header-id-meta":"","stick-header-meta":"","header-above-stick-meta":"","header-main-stick-meta":"","header-below-stick-meta":"","astra-migrate-meta-layouts":"set","ast-page-background-enabled":"default","ast-page-background-meta":{"desktop":{"background-color":"","background-image":"","background-repeat":"repeat","background-position":"center center","background-size":"auto","background-attachment":"scroll","background-type":"","background-media":"","overlay-type":"","overlay-color":"","overlay-opacity":"","overlay-gradient":""},"tablet":{"background-color":"","background-image":"","background-repeat":"repeat","background-position":"center center","background-size":"auto","background-attachment":"scroll","background-type":"","background-media":"","overlay-type":"","overlay-color":"","overlay-opacity":"","overlay-gradient":""},"mobile":{"background-color":"","background-image":"","background-repeat":"repeat","background-position":"center center","background-size":"auto","background-attachment":"scroll","background-type":"","background-media":"","overlay-type":"","overlay-color":"","overlay-opacity":"","overlay-gradient":""}},"ast-content-background-meta":{"desktop":{"background-color":"var(--ast-global-color-5)","background-image":"","background-repeat":"repeat","background-position":"center center","background-size":"auto","background-attachment":"scroll","background-type":"","background-media":"","overlay-type":"","overlay-color":"","overlay-opacity":"","overlay-gradient":""},"tablet":{"background-color":"var(--ast-global-color-5)","background-image":"","background-repeat":"repeat","background-position":"center center","background-size":"auto","background-attachment":"scroll","background-type":"","background-media":"","overlay-type":"","overlay-color":"","overlay-opacity":"","overlay-gradient":""},"mobile":{"background-color":"var(--ast-global-color-5)","background-image":"","background-repeat":"repeat","background-position":"center center","background-size":"auto","background-attachment":"scroll","background-type":"","background-media":"","overlay-type":"","overlay-color":"","overlay-opacity":"","overlay-gradient":""}}},"pwb-brand":[199],"product_cat":[35,34],"product_tag":[590,573,993,565,994],"class_list":{"0":"post-7533","1":"product","2":"type-product","3":"status-publish","4":"has-post-thumbnail","6":"pwb-brand-sarashpaz","7":"product_cat-conservas","8":"product_cat-ready","9":"product_tag-comida","10":"product_tag-guiso","11":"product_tag-guiso-de-okra","12":"product_tag-listo","13":"product_tag-994","14":"desktop-align-center","15":"tablet-align-center","16":"mobile-align-center","18":"first","19":"outofstock","20":"taxable","21":"shipping-taxable","22":"purchasable","23":"product-type-simple"},"yoast_head":"<!-- This site is optimized with the Yoast SEO plugin v23.6 - https:\/\/yoast.com\/wordpress\/plugins\/seo\/ -->\n<title>Guiso de okra 460g Sarashpaz - Delicias Persas<\/title>\n<meta name=\"robots\" content=\"index, follow, max-snippet:-1, max-image-preview:large, max-video-preview:-1\" \/>\n<link rel=\"canonical\" href=\"https:\/\/deliciaspersas.com\/fa\/tienda\/ready\/khoresh-bamieh-460g-sarashpaz\/\" \/>\n<meta property=\"og:locale\" content=\"fa_IR\" \/>\n<meta property=\"og:type\" content=\"article\" \/>\n<meta property=\"og:title\" content=\"Guiso de okra 460g Sarashpaz - Delicias Persas\" \/>\n<meta property=\"og:description\" content=\"Guiso de okra 460g Sarashpaz Informaci\u00f3n del producto: La okra es una planta verde comestible que contiene muchos nutrientes. La okra, Bamieh, se usa com\u00fanmente en el sur de Asia, Am\u00e9rica y \u00c1frica. Esta planta es una de las hortalizas m\u00e1s importantes utilizadas por la gente en la India para cocinar muchos platos. Este es [&hellip;]\" \/>\n<meta property=\"og:url\" content=\"https:\/\/deliciaspersas.com\/fa\/tienda\/ready\/khoresh-bamieh-460g-sarashpaz\/\" \/>\n<meta property=\"og:site_name\" content=\"Delicias Persas\" \/>\n<meta property=\"article:publisher\" content=\"https:\/\/www.facebook.com\/Deliciaspersas\" \/>\n<meta property=\"article:modified_time\" content=\"2024-08-15T08:33:03+00:00\" \/>\n<meta property=\"og:image\" content=\"https:\/\/deliciaspersas.com\/wp-content\/uploads\/1-1.jpg\" \/>\n\t<meta property=\"og:image:width\" content=\"422\" \/>\n\t<meta property=\"og:image:height\" content=\"474\" \/>\n\t<meta property=\"og:image:type\" content=\"image\/jpeg\" \/>\n<meta name=\"twitter:card\" content=\"summary_large_image\" \/>\n<meta name=\"twitter:label1\" content=\"\u0632\u0645\u0627\u0646 \u062a\u0642\u0631\u06cc\u0628\u06cc \u0628\u0631\u0627\u06cc \u062e\u0648\u0627\u0646\u062f\u0646\" \/>\n\t<meta name=\"twitter:data1\" content=\"3 \u062f\u0642\u06cc\u0642\u0647\" \/>\n<script type=\"application\/ld+json\" class=\"yoast-schema-graph\">{\"@context\":\"https:\/\/schema.org\",\"@graph\":[{\"@type\":\"WebPage\",\"@id\":\"https:\/\/deliciaspersas.com\/fa\/tienda\/ready\/khoresh-bamieh-460g-sarashpaz\/\",\"url\":\"https:\/\/deliciaspersas.com\/fa\/tienda\/ready\/khoresh-bamieh-460g-sarashpaz\/\",\"name\":\"Guiso de okra 460g Sarashpaz - Delicias Persas\",\"isPartOf\":{\"@id\":\"https:\/\/deliciaspersas.com\/fa\/#website\"},\"primaryImageOfPage\":{\"@id\":\"https:\/\/deliciaspersas.com\/fa\/tienda\/ready\/khoresh-bamieh-460g-sarashpaz\/#primaryimage\"},\"image\":{\"@id\":\"https:\/\/deliciaspersas.com\/fa\/tienda\/ready\/khoresh-bamieh-460g-sarashpaz\/#primaryimage\"},\"thumbnailUrl\":\"https:\/\/deliciaspersas.com\/wp-content\/uploads\/1-1.jpg\",\"datePublished\":\"2021-04-07T09:30:46+00:00\",\"dateModified\":\"2024-08-15T08:33:03+00:00\",\"breadcrumb\":{\"@id\":\"https:\/\/deliciaspersas.com\/fa\/tienda\/ready\/khoresh-bamieh-460g-sarashpaz\/#breadcrumb\"},\"inLanguage\":\"fa-IR\",\"potentialAction\":[{\"@type\":\"ReadAction\",\"target\":[\"https:\/\/deliciaspersas.com\/fa\/tienda\/ready\/khoresh-bamieh-460g-sarashpaz\/\"]}]},{\"@type\":\"ImageObject\",\"inLanguage\":\"fa-IR\",\"@id\":\"https:\/\/deliciaspersas.com\/fa\/tienda\/ready\/khoresh-bamieh-460g-sarashpaz\/#primaryimage\",\"url\":\"https:\/\/deliciaspersas.com\/wp-content\/uploads\/1-1.jpg\",\"contentUrl\":\"https:\/\/deliciaspersas.com\/wp-content\/uploads\/1-1.jpg\",\"width\":422,\"height\":474,\"caption\":\"Khoresh bamieh 460g Sarashpaz\"},{\"@type\":\"BreadcrumbList\",\"@id\":\"https:\/\/deliciaspersas.com\/fa\/tienda\/ready\/khoresh-bamieh-460g-sarashpaz\/#breadcrumb\",\"itemListElement\":[{\"@type\":\"ListItem\",\"position\":1,\"name\":\"Portada\",\"item\":\"https:\/\/deliciaspersas.com\/fa\/\"},{\"@type\":\"ListItem\",\"position\":2,\"name\":\"Tienda\",\"item\":\"https:\/\/deliciaspersas.com\/\"},{\"@type\":\"ListItem\",\"position\":3,\"name\":\"Guiso de okra 460g Sarashpaz\"}]},{\"@type\":\"WebSite\",\"@id\":\"https:\/\/deliciaspersas.com\/fa\/#website\",\"url\":\"https:\/\/deliciaspersas.com\/fa\/\",\"name\":\"Delicias Persas\",\"description\":\"Gastronom&iacute;a persa al alcance de tus manos\",\"publisher\":{\"@id\":\"https:\/\/deliciaspersas.com\/fa\/#organization\"},\"potentialAction\":[{\"@type\":\"SearchAction\",\"target\":{\"@type\":\"EntryPoint\",\"urlTemplate\":\"https:\/\/deliciaspersas.com\/fa\/?s={search_term_string}\"},\"query-input\":{\"@type\":\"PropertyValueSpecification\",\"valueRequired\":true,\"valueName\":\"search_term_string\"}}],\"inLanguage\":\"fa-IR\"},{\"@type\":\"Organization\",\"@id\":\"https:\/\/deliciaspersas.com\/fa\/#organization\",\"name\":\"Delicias Persas\",\"url\":\"https:\/\/deliciaspersas.com\/fa\/\",\"logo\":{\"@type\":\"ImageObject\",\"inLanguage\":\"fa-IR\",\"@id\":\"https:\/\/deliciaspersas.com\/fa\/#\/schema\/logo\/image\/\",\"url\":\"https:\/\/deliciaspersas.com\/wp-content\/uploads\/2020\/07\/logo-2020.png\",\"contentUrl\":\"https:\/\/deliciaspersas.com\/wp-content\/uploads\/2020\/07\/logo-2020.png\",\"width\":520,\"height\":490,\"caption\":\"Delicias Persas\"},\"image\":{\"@id\":\"https:\/\/deliciaspersas.com\/fa\/#\/schema\/logo\/image\/\"},\"sameAs\":[\"https:\/\/www.facebook.com\/Deliciaspersas\",\"https:\/\/www.instagram.com\/delicias_persas\/\",\"https:\/\/www.linkedin.com\/delicias-persas\"]}]}<\/script>\n<!-- \/ Yoast SEO plugin. -->","yoast_head_json":{"title":"Guiso de okra 460g Sarashpaz - Delicias Persas","robots":{"index":"index","follow":"follow","max-snippet":"max-snippet:-1","max-image-preview":"max-image-preview:large","max-video-preview":"max-video-preview:-1"},"canonical":"https:\/\/deliciaspersas.com\/fa\/tienda\/ready\/khoresh-bamieh-460g-sarashpaz\/","og_locale":"fa_IR","og_type":"article","og_title":"Guiso de okra 460g Sarashpaz - Delicias Persas","og_description":"Guiso de okra 460g Sarashpaz Informaci\u00f3n del producto: La okra es una planta verde comestible que contiene muchos nutrientes. La okra, Bamieh, se usa com\u00fanmente en el sur de Asia, Am\u00e9rica y \u00c1frica. Esta planta es una de las hortalizas m\u00e1s importantes utilizadas por la gente en la India para cocinar muchos platos. Este es [&hellip;]","og_url":"https:\/\/deliciaspersas.com\/fa\/tienda\/ready\/khoresh-bamieh-460g-sarashpaz\/","og_site_name":"Delicias Persas","article_publisher":"https:\/\/www.facebook.com\/Deliciaspersas","article_modified_time":"2024-08-15T08:33:03+00:00","og_image":[{"width":422,"height":474,"url":"https:\/\/deliciaspersas.com\/wp-content\/uploads\/1-1.jpg","type":"image\/jpeg"}],"twitter_card":"summary_large_image","twitter_misc":{"\u0632\u0645\u0627\u0646 \u062a\u0642\u0631\u06cc\u0628\u06cc \u0628\u0631\u0627\u06cc \u062e\u0648\u0627\u0646\u062f\u0646":"3 \u062f\u0642\u06cc\u0642\u0647"},"schema":{"@context":"https:\/\/schema.org","@graph":[{"@type":"WebPage","@id":"https:\/\/deliciaspersas.com\/fa\/tienda\/ready\/khoresh-bamieh-460g-sarashpaz\/","url":"https:\/\/deliciaspersas.com\/fa\/tienda\/ready\/khoresh-bamieh-460g-sarashpaz\/","name":"Guiso de okra 460g Sarashpaz - Delicias Persas","isPartOf":{"@id":"https:\/\/deliciaspersas.com\/fa\/#website"},"primaryImageOfPage":{"@id":"https:\/\/deliciaspersas.com\/fa\/tienda\/ready\/khoresh-bamieh-460g-sarashpaz\/#primaryimage"},"image":{"@id":"https:\/\/deliciaspersas.com\/fa\/tienda\/ready\/khoresh-bamieh-460g-sarashpaz\/#primaryimage"},"thumbnailUrl":"https:\/\/deliciaspersas.com\/wp-content\/uploads\/1-1.jpg","datePublished":"2021-04-07T09:30:46+00:00","dateModified":"2024-08-15T08:33:03+00:00","breadcrumb":{"@id":"https:\/\/deliciaspersas.com\/fa\/tienda\/ready\/khoresh-bamieh-460g-sarashpaz\/#breadcrumb"},"inLanguage":"fa-IR","potentialAction":[{"@type":"ReadAction","target":["https:\/\/deliciaspersas.com\/fa\/tienda\/ready\/khoresh-bamieh-460g-sarashpaz\/"]}]},{"@type":"ImageObject","inLanguage":"fa-IR","@id":"https:\/\/deliciaspersas.com\/fa\/tienda\/ready\/khoresh-bamieh-460g-sarashpaz\/#primaryimage","url":"https:\/\/deliciaspersas.com\/wp-content\/uploads\/1-1.jpg","contentUrl":"https:\/\/deliciaspersas.com\/wp-content\/uploads\/1-1.jpg","width":422,"height":474,"caption":"Khoresh bamieh 460g Sarashpaz"},{"@type":"BreadcrumbList","@id":"https:\/\/deliciaspersas.com\/fa\/tienda\/ready\/khoresh-bamieh-460g-sarashpaz\/#breadcrumb","itemListElement":[{"@type":"ListItem","position":1,"name":"Portada","item":"https:\/\/deliciaspersas.com\/fa\/"},{"@type":"ListItem","position":2,"name":"Tienda","item":"https:\/\/deliciaspersas.com\/"},{"@type":"ListItem","position":3,"name":"Guiso de okra 460g Sarashpaz"}]},{"@type":"WebSite","@id":"https:\/\/deliciaspersas.com\/fa\/#website","url":"https:\/\/deliciaspersas.com\/fa\/","name":"Delicias Persas","description":"Gastronom&iacute;a persa al alcance de tus manos","publisher":{"@id":"https:\/\/deliciaspersas.com\/fa\/#organization"},"potentialAction":[{"@type":"SearchAction","target":{"@type":"EntryPoint","urlTemplate":"https:\/\/deliciaspersas.com\/fa\/?s={search_term_string}"},"query-input":{"@type":"PropertyValueSpecification","valueRequired":true,"valueName":"search_term_string"}}],"inLanguage":"fa-IR"},{"@type":"Organization","@id":"https:\/\/deliciaspersas.com\/fa\/#organization","name":"Delicias Persas","url":"https:\/\/deliciaspersas.com\/fa\/","logo":{"@type":"ImageObject","inLanguage":"fa-IR","@id":"https:\/\/deliciaspersas.com\/fa\/#\/schema\/logo\/image\/","url":"https:\/\/deliciaspersas.com\/wp-content\/uploads\/2020\/07\/logo-2020.png","contentUrl":"https:\/\/deliciaspersas.com\/wp-content\/uploads\/2020\/07\/logo-2020.png","width":520,"height":490,"caption":"Delicias Persas"},"image":{"@id":"https:\/\/deliciaspersas.com\/fa\/#\/schema\/logo\/image\/"},"sameAs":["https:\/\/www.facebook.com\/Deliciaspersas","https:\/\/www.instagram.com\/delicias_persas\/","https:\/\/www.linkedin.com\/delicias-persas"]}]}},"uagb_featured_image_src":{"full":["https:\/\/deliciaspersas.com\/wp-content\/uploads\/1-1.jpg",422,474,false],"thumbnail":["https:\/\/deliciaspersas.com\/wp-content\/uploads\/1-1-150x150.jpg",150,150,true],"medium":["https:\/\/deliciaspersas.com\/wp-content\/uploads\/1-1-267x300.jpg",267,300,true],"medium_large":["https:\/\/deliciaspersas.com\/wp-content\/uploads\/1-1.jpg",422,474,false],"large":["https:\/\/deliciaspersas.com\/wp-content\/uploads\/1-1.jpg",422,474,false],"1536x1536":["https:\/\/deliciaspersas.com\/wp-content\/uploads\/1-1.jpg",422,474,false],"2048x2048":["https:\/\/deliciaspersas.com\/wp-content\/uploads\/1-1.jpg",422,474,false],"woocommerce_thumbnail":["https:\/\/deliciaspersas.com\/wp-content\/uploads\/1-1-300x300.jpg",300,300,true],"woocommerce_single":["https:\/\/deliciaspersas.com\/wp-content\/uploads\/1-1.jpg",422,474,false],"woocommerce_gallery_thumbnail":["https:\/\/deliciaspersas.com\/wp-content\/uploads\/1-1-100x100.jpg",100,100,true]},"uagb_author_info":{"display_name":"admin","author_link":"https:\/\/deliciaspersas.com\/fa\/author\/"},"uagb_comment_info":0,"uagb_excerpt":"Guiso de okra 460g Sarashpaz Informaci\u00f3n del producto: La okra es una planta verde comestible que contiene muchos nutrientes. La okra, Bamieh, se usa com\u00fanmente en el sur de Asia, Am\u00e9rica y \u00c1frica. Esta planta es una de las hortalizas m\u00e1s importantes utilizadas por la gente en la India para cocinar muchos platos. Este es&hellip;","brands":[{"id":199,"name":"Sarashpaz","slug":"sarashpaz"}],"_links":{"self":[{"href":"https:\/\/deliciaspersas.com\/fa\/wp-json\/wp\/v2\/product\/7533"}],"collection":[{"href":"https:\/\/deliciaspersas.com\/fa\/wp-json\/wp\/v2\/product"}],"about":[{"href":"https:\/\/deliciaspersas.com\/fa\/wp-json\/wp\/v2\/types\/product"}],"wp:featuredmedia":[{"embeddable":true,"href":"https:\/\/deliciaspersas.com\/fa\/wp-json\/wp\/v2\/media\/7443"}],"wp:attachment":[{"href":"https:\/\/deliciaspersas.com\/fa\/wp-json\/wp\/v2\/media?parent=7533"}],"wp:term":[{"taxonomy":"pwb-brand","embeddable":true,"href":"https:\/\/deliciaspersas.com\/fa\/wp-json\/wp\/v2\/pwb-brand?post=7533"},{"taxonomy":"product_cat","embeddable":true,"href":"https:\/\/deliciaspersas.com\/fa\/wp-json\/wp\/v2\/product_cat?post=7533"},{"taxonomy":"product_tag","embeddable":true,"href":"https:\/\/deliciaspersas.com\/fa\/wp-json\/wp\/v2\/product_tag?post=7533"}],"curies":[{"name":"wp","href":"https:\/\/api.w.org\/{rel}","templated":true}]}}