{"id":7730,"date":"2021-04-23T12:12:07","date_gmt":"2021-04-23T10:12:07","guid":{"rendered":"https:\/\/deliciaspersas.com\/?post_type=product&#038;p=7730"},"modified":"2024-02-05T22:47:07","modified_gmt":"2024-02-05T21:47:07","slug":"galletas-rellenas-de-crema-192g-minu","status":"publish","type":"product","link":"https:\/\/deliciaspersas.com\/fa\/tienda\/delicias-dulces\/galletas-rellenas-de-crema-192g-minu\/","title":{"rendered":"Galletas rellenas de crema 192g Minu"},"content":{"rendered":"<h1>Galletas rellenas de crema 192g Minu<\/h1>\n<p>&nbsp;<\/p>\n<h6>Informaci\u00f3n del producto:<\/h6>\n<p>Minu es uno de los aperitivos m\u00e1s populares para las personas que est\u00e1n en una dieta de adelgazamiento tambi\u00e9n tiene una alta calidad y valor nutricional. Este producto se llama Digestive en los pa\u00edses europeos y siempre ha sido bien recibido por muchos consumidores debido a su extracto de malta.<\/p>\n<p>Estas galletas est\u00e1n hechas de harina de trigo integral y tienen m\u00e1s fibra que las galletas normales. Los alimentos ricos en fibra pueden mantenerle satisfecho durante mucho tiempo, por lo que tienen un lugar especial en las dietas para adelgazar.<\/p>\n<p>Este producto es uno de los pocos productos de la industria harinera que en su proceso de fabricaci\u00f3n no se utiliza sabores artificiales.<\/p>\n<h6>Usos:<\/h6>\n<p>Se sirve como acompa\u00f1ante de t\u00e9 o alguna bebida caliente o solo como aperitivo.<\/p>\n<h6>Recetas con este producto:<\/h6>\n<p>Ingredientes para hacer tarta de queso con esta galleta:<\/p>\n<p>Galletas Minu: 200 g<br \/>\nQueso crema: 200 g<br \/>\nCrema: 200 g<br \/>\nMantequilla: 100 g<br \/>\nVainilla: 1 cucharadita<br \/>\nAz\u00facar: Medio vaso<br \/>\nPolvo de gelatina de pi\u00f1a: 1 paquete<br \/>\nAgua hervida: 4 cucharadas.<br \/>\nHielo: 4 bayas<br \/>\nGelatina de cereza: 1 paquete<br \/>\nCerveza: 1 vaso<br \/>\nHielo: 8 cubitos<br \/>\npi\u00f1a enlatada: para decoraci\u00f3n<\/p>\n<p>Preparaci\u00f3n:<\/p>\n<p>Eliga un recipiente con un di\u00e1metro de unos 20 cm y esparce dos capas de celof\u00e1n en su interior, deben ser dos capas, porque si una se rompe puedes abrir la segunda.<\/p>\n<p>Triture un poco las galletas a mano y luego mezclalas con la mantequilla (la mantequilla debe estar completamente &#8220;blanda&#8221;).<\/p>\n<p>Ahora tiene una mezcla de masa, viertela en el molde y luego pongala en el congelador y empieza a preparar la mezcla de queso.<\/p>\n<p>Bate bien el queso crema, el az\u00facar y la vainilla, luego agrega la nata. Mezcla gelatina de pi\u00f1a con 4 cucharadas de agua hervida. Pongalo en la microondas durante 30 segundos (potencia 100) y revuelve de nuevo hasta que la gelatina en polvo est\u00e9 completamente disuelta, luego agrega 4 cubitos de hielo.<\/p>\n<p>Agrega la gelatina al queso y mezcla bien.<\/p>\n<p>Saque el molde del congelador y vierte la mezcla en el molde y metalo en el frigor\u00edfico.<\/p>\n<p>Luego agregue 8 cubitos de hielo. Despu\u00e9s de que la torta est\u00e9 completamente cubierta, vierta la gelatina de cereza \u00e1cida y vuelva a coloquela en el refrigerador hasta que est\u00e9 completamente cubierta.<\/p>\n<p>Luego decora la apetitosa tarta con pi\u00f1a.<\/p>\n<h6>Ingredientes y al\u00e9rgenos:<\/h6>\n<p>Az\u00facar, harina, chocolate, levadura y derivados.<\/p>\n<h6>Condiciones de conservaci\u00f3n:<\/h6>\n<p>Conservar en un lugar fresco, seco y protegido de la luz.<\/p>\n<h6>Informaci\u00f3n adicional:<\/h6>\n<p>Fabricado por: Minu<\/p>\n","protected":false},"excerpt":{"rendered":"<p>Galletas rellenas de crema 192g Minu &nbsp; Informaci\u00f3n del producto: Minu es uno de los aperitivos m\u00e1s populares para las personas que est\u00e1n en una dieta de adelgazamiento tambi\u00e9n tiene una alta calidad y valor nutricional. Este producto se llama Digestive en los pa\u00edses europeos y siempre ha sido bien recibido por muchos consumidores debido [&hellip;]<\/p>\n","protected":false},"featured_media":7732,"template":"","meta":{"_surecart_dashboard_logo_width":"180px","_surecart_dashboard_show_logo":true,"_surecart_dashboard_navigation_orders":true,"_surecart_dashboard_navigation_invoices":true,"_surecart_dashboard_navigation_subscriptions":true,"_surecart_dashboard_navigation_downloads":true,"_surecart_dashboard_navigation_billing":true,"_surecart_dashboard_navigation_account":true,"_uag_custom_page_level_css":"","site-sidebar-layout":"default","site-content-layout":"default","ast-site-content-layout":"","site-content-style":"default","site-sidebar-style":"default","ast-global-header-display":"","ast-banner-title-visibility":"","ast-main-header-display":"","ast-hfb-above-header-display":"","ast-hfb-below-header-display":"","ast-hfb-mobile-header-display":"","site-post-title":"","ast-breadcrumbs-content":"","ast-featured-img":"","footer-sml-layout":"","theme-transparent-header-meta":"default","adv-header-id-meta":"","stick-header-meta":"","header-above-stick-meta":"","header-main-stick-meta":"","header-below-stick-meta":"","astra-migrate-meta-layouts":"default","ast-page-background-enabled":"default","ast-page-background-meta":{"desktop":{"background-color":"","background-image":"","background-repeat":"repeat","background-position":"center center","background-size":"auto","background-attachment":"scroll","background-type":"","background-media":"","overlay-type":"","overlay-color":"","overlay-opacity":"","overlay-gradient":""},"tablet":{"background-color":"","background-image":"","background-repeat":"repeat","background-position":"center center","background-size":"auto","background-attachment":"scroll","background-type":"","background-media":"","overlay-type":"","overlay-color":"","overlay-opacity":"","overlay-gradient":""},"mobile":{"background-color":"","background-image":"","background-repeat":"repeat","background-position":"center center","background-size":"auto","background-attachment":"scroll","background-type":"","background-media":"","overlay-type":"","overlay-color":"","overlay-opacity":"","overlay-gradient":""}},"ast-content-background-meta":{"desktop":{"background-color":"var(--ast-global-color-5)","background-image":"","background-repeat":"repeat","background-position":"center center","background-size":"auto","background-attachment":"scroll","background-type":"","background-media":"","overlay-type":"","overlay-color":"","overlay-opacity":"","overlay-gradient":""},"tablet":{"background-color":"var(--ast-global-color-5)","background-image":"","background-repeat":"repeat","background-position":"center center","background-size":"auto","background-attachment":"scroll","background-type":"","background-media":"","overlay-type":"","overlay-color":"","overlay-opacity":"","overlay-gradient":""},"mobile":{"background-color":"var(--ast-global-color-5)","background-image":"","background-repeat":"repeat","background-position":"center center","background-size":"auto","background-attachment":"scroll","background-type":"","background-media":"","overlay-type":"","overlay-color":"","overlay-opacity":"","overlay-gradient":""}}},"pwb-brand":[1087],"product_cat":[31,36],"product_tag":[618,657,654,1079,1086],"class_list":{"0":"post-7730","1":"product","2":"type-product","3":"status-publish","4":"has-post-thumbnail","6":"pwb-brand-minu","7":"product_cat-delicias-dulces","8":"product_cat-desayuno","9":"product_tag-dulces","10":"product_tag-galletas","11":"product_tag-merienda","12":"product_tag-tradicional","13":"product_tag-1086","14":"desktop-align-center","15":"tablet-align-center","16":"mobile-align-center","18":"first","19":"instock","20":"taxable","21":"shipping-taxable","22":"purchasable","23":"product-type-simple"},"yoast_head":"<!-- This site is optimized with the Yoast SEO plugin v23.6 - https:\/\/yoast.com\/wordpress\/plugins\/seo\/ -->\n<title>Galletas rellenas de crema 192g Minu - Delicias Persas<\/title>\n<meta name=\"description\" content=\"Galletas. Esenciales a la hora de tomar t\u00e9. Sirven para endulzarlo. Tienen un sabor caracter\u00edstico e inigualable! Pruebalas!\" \/>\n<meta name=\"robots\" content=\"index, follow, max-snippet:-1, max-image-preview:large, max-video-preview:-1\" \/>\n<link rel=\"canonical\" href=\"https:\/\/deliciaspersas.com\/fa\/tienda\/delicias-dulces\/galletas-rellenas-de-crema-192g-minu\/\" \/>\n<meta property=\"og:locale\" content=\"fa_IR\" \/>\n<meta property=\"og:type\" content=\"article\" \/>\n<meta property=\"og:title\" content=\"Galletas rellenas de crema 192g Minu - Delicias Persas\" \/>\n<meta property=\"og:description\" content=\"Galletas. Esenciales a la hora de tomar t\u00e9. Sirven para endulzarlo. Tienen un sabor caracter\u00edstico e inigualable! Pruebalas!\" \/>\n<meta property=\"og:url\" content=\"https:\/\/deliciaspersas.com\/fa\/tienda\/delicias-dulces\/galletas-rellenas-de-crema-192g-minu\/\" \/>\n<meta property=\"og:site_name\" content=\"Delicias Persas\" \/>\n<meta property=\"article:publisher\" content=\"https:\/\/www.facebook.com\/Deliciaspersas\" \/>\n<meta property=\"article:modified_time\" content=\"2024-02-05T21:47:07+00:00\" \/>\n<meta property=\"og:image\" content=\"https:\/\/deliciaspersas.com\/wp-content\/uploads\/Galletas-rellenas-de-crema-192g-Minu.jpg\" \/>\n\t<meta property=\"og:image:width\" content=\"760\" \/>\n\t<meta property=\"og:image:height\" content=\"760\" \/>\n\t<meta property=\"og:image:type\" content=\"image\/jpeg\" \/>\n<meta name=\"twitter:card\" content=\"summary_large_image\" \/>\n<meta name=\"twitter:label1\" content=\"\u0632\u0645\u0627\u0646 \u062a\u0642\u0631\u06cc\u0628\u06cc \u0628\u0631\u0627\u06cc \u062e\u0648\u0627\u0646\u062f\u0646\" \/>\n\t<meta name=\"twitter:data1\" content=\"2 \u062f\u0642\u06cc\u0642\u0647\" \/>\n<script type=\"application\/ld+json\" class=\"yoast-schema-graph\">{\"@context\":\"https:\/\/schema.org\",\"@graph\":[{\"@type\":\"WebPage\",\"@id\":\"https:\/\/deliciaspersas.com\/fa\/tienda\/delicias-dulces\/galletas-rellenas-de-crema-192g-minu\/\",\"url\":\"https:\/\/deliciaspersas.com\/fa\/tienda\/delicias-dulces\/galletas-rellenas-de-crema-192g-minu\/\",\"name\":\"Galletas rellenas de crema 192g Minu - Delicias Persas\",\"isPartOf\":{\"@id\":\"https:\/\/deliciaspersas.com\/fa\/#website\"},\"primaryImageOfPage\":{\"@id\":\"https:\/\/deliciaspersas.com\/fa\/tienda\/delicias-dulces\/galletas-rellenas-de-crema-192g-minu\/#primaryimage\"},\"image\":{\"@id\":\"https:\/\/deliciaspersas.com\/fa\/tienda\/delicias-dulces\/galletas-rellenas-de-crema-192g-minu\/#primaryimage\"},\"thumbnailUrl\":\"https:\/\/deliciaspersas.com\/wp-content\/uploads\/Galletas-rellenas-de-crema-192g-Minu.jpg\",\"datePublished\":\"2021-04-23T10:12:07+00:00\",\"dateModified\":\"2024-02-05T21:47:07+00:00\",\"description\":\"Galletas. Esenciales a la hora de tomar t\u00e9. Sirven para endulzarlo. Tienen un sabor caracter\u00edstico e inigualable! Pruebalas!\",\"breadcrumb\":{\"@id\":\"https:\/\/deliciaspersas.com\/fa\/tienda\/delicias-dulces\/galletas-rellenas-de-crema-192g-minu\/#breadcrumb\"},\"inLanguage\":\"fa-IR\",\"potentialAction\":[{\"@type\":\"ReadAction\",\"target\":[\"https:\/\/deliciaspersas.com\/fa\/tienda\/delicias-dulces\/galletas-rellenas-de-crema-192g-minu\/\"]}]},{\"@type\":\"ImageObject\",\"inLanguage\":\"fa-IR\",\"@id\":\"https:\/\/deliciaspersas.com\/fa\/tienda\/delicias-dulces\/galletas-rellenas-de-crema-192g-minu\/#primaryimage\",\"url\":\"https:\/\/deliciaspersas.com\/wp-content\/uploads\/Galletas-rellenas-de-crema-192g-Minu.jpg\",\"contentUrl\":\"https:\/\/deliciaspersas.com\/wp-content\/uploads\/Galletas-rellenas-de-crema-192g-Minu.jpg\",\"width\":760,\"height\":760,\"caption\":\"Galletas rellenas de crema 192g Minu\"},{\"@type\":\"BreadcrumbList\",\"@id\":\"https:\/\/deliciaspersas.com\/fa\/tienda\/delicias-dulces\/galletas-rellenas-de-crema-192g-minu\/#breadcrumb\",\"itemListElement\":[{\"@type\":\"ListItem\",\"position\":1,\"name\":\"Portada\",\"item\":\"https:\/\/deliciaspersas.com\/fa\/\"},{\"@type\":\"ListItem\",\"position\":2,\"name\":\"Tienda\",\"item\":\"https:\/\/deliciaspersas.com\/\"},{\"@type\":\"ListItem\",\"position\":3,\"name\":\"Galletas rellenas de crema 192g Minu\"}]},{\"@type\":\"WebSite\",\"@id\":\"https:\/\/deliciaspersas.com\/fa\/#website\",\"url\":\"https:\/\/deliciaspersas.com\/fa\/\",\"name\":\"Delicias Persas\",\"description\":\"Gastronom&iacute;a persa al alcance de tus manos\",\"publisher\":{\"@id\":\"https:\/\/deliciaspersas.com\/fa\/#organization\"},\"potentialAction\":[{\"@type\":\"SearchAction\",\"target\":{\"@type\":\"EntryPoint\",\"urlTemplate\":\"https:\/\/deliciaspersas.com\/fa\/?s={search_term_string}\"},\"query-input\":{\"@type\":\"PropertyValueSpecification\",\"valueRequired\":true,\"valueName\":\"search_term_string\"}}],\"inLanguage\":\"fa-IR\"},{\"@type\":\"Organization\",\"@id\":\"https:\/\/deliciaspersas.com\/fa\/#organization\",\"name\":\"Delicias Persas\",\"url\":\"https:\/\/deliciaspersas.com\/fa\/\",\"logo\":{\"@type\":\"ImageObject\",\"inLanguage\":\"fa-IR\",\"@id\":\"https:\/\/deliciaspersas.com\/fa\/#\/schema\/logo\/image\/\",\"url\":\"https:\/\/deliciaspersas.com\/wp-content\/uploads\/2020\/07\/logo-2020.png\",\"contentUrl\":\"https:\/\/deliciaspersas.com\/wp-content\/uploads\/2020\/07\/logo-2020.png\",\"width\":520,\"height\":490,\"caption\":\"Delicias Persas\"},\"image\":{\"@id\":\"https:\/\/deliciaspersas.com\/fa\/#\/schema\/logo\/image\/\"},\"sameAs\":[\"https:\/\/www.facebook.com\/Deliciaspersas\",\"https:\/\/www.instagram.com\/delicias_persas\/\",\"https:\/\/www.linkedin.com\/delicias-persas\"]}]}<\/script>\n<!-- \/ Yoast SEO plugin. -->","yoast_head_json":{"title":"Galletas rellenas de crema 192g Minu - Delicias Persas","description":"Galletas. Esenciales a la hora de tomar t\u00e9. Sirven para endulzarlo. Tienen un sabor caracter\u00edstico e inigualable! Pruebalas!","robots":{"index":"index","follow":"follow","max-snippet":"max-snippet:-1","max-image-preview":"max-image-preview:large","max-video-preview":"max-video-preview:-1"},"canonical":"https:\/\/deliciaspersas.com\/fa\/tienda\/delicias-dulces\/galletas-rellenas-de-crema-192g-minu\/","og_locale":"fa_IR","og_type":"article","og_title":"Galletas rellenas de crema 192g Minu - Delicias Persas","og_description":"Galletas. Esenciales a la hora de tomar t\u00e9. Sirven para endulzarlo. Tienen un sabor caracter\u00edstico e inigualable! Pruebalas!","og_url":"https:\/\/deliciaspersas.com\/fa\/tienda\/delicias-dulces\/galletas-rellenas-de-crema-192g-minu\/","og_site_name":"Delicias Persas","article_publisher":"https:\/\/www.facebook.com\/Deliciaspersas","article_modified_time":"2024-02-05T21:47:07+00:00","og_image":[{"width":760,"height":760,"url":"https:\/\/deliciaspersas.com\/wp-content\/uploads\/Galletas-rellenas-de-crema-192g-Minu.jpg","type":"image\/jpeg"}],"twitter_card":"summary_large_image","twitter_misc":{"\u0632\u0645\u0627\u0646 \u062a\u0642\u0631\u06cc\u0628\u06cc \u0628\u0631\u0627\u06cc \u062e\u0648\u0627\u0646\u062f\u0646":"2 \u062f\u0642\u06cc\u0642\u0647"},"schema":{"@context":"https:\/\/schema.org","@graph":[{"@type":"WebPage","@id":"https:\/\/deliciaspersas.com\/fa\/tienda\/delicias-dulces\/galletas-rellenas-de-crema-192g-minu\/","url":"https:\/\/deliciaspersas.com\/fa\/tienda\/delicias-dulces\/galletas-rellenas-de-crema-192g-minu\/","name":"Galletas rellenas de crema 192g Minu - Delicias Persas","isPartOf":{"@id":"https:\/\/deliciaspersas.com\/fa\/#website"},"primaryImageOfPage":{"@id":"https:\/\/deliciaspersas.com\/fa\/tienda\/delicias-dulces\/galletas-rellenas-de-crema-192g-minu\/#primaryimage"},"image":{"@id":"https:\/\/deliciaspersas.com\/fa\/tienda\/delicias-dulces\/galletas-rellenas-de-crema-192g-minu\/#primaryimage"},"thumbnailUrl":"https:\/\/deliciaspersas.com\/wp-content\/uploads\/Galletas-rellenas-de-crema-192g-Minu.jpg","datePublished":"2021-04-23T10:12:07+00:00","dateModified":"2024-02-05T21:47:07+00:00","description":"Galletas. Esenciales a la hora de tomar t\u00e9. Sirven para endulzarlo. Tienen un sabor caracter\u00edstico e inigualable! Pruebalas!","breadcrumb":{"@id":"https:\/\/deliciaspersas.com\/fa\/tienda\/delicias-dulces\/galletas-rellenas-de-crema-192g-minu\/#breadcrumb"},"inLanguage":"fa-IR","potentialAction":[{"@type":"ReadAction","target":["https:\/\/deliciaspersas.com\/fa\/tienda\/delicias-dulces\/galletas-rellenas-de-crema-192g-minu\/"]}]},{"@type":"ImageObject","inLanguage":"fa-IR","@id":"https:\/\/deliciaspersas.com\/fa\/tienda\/delicias-dulces\/galletas-rellenas-de-crema-192g-minu\/#primaryimage","url":"https:\/\/deliciaspersas.com\/wp-content\/uploads\/Galletas-rellenas-de-crema-192g-Minu.jpg","contentUrl":"https:\/\/deliciaspersas.com\/wp-content\/uploads\/Galletas-rellenas-de-crema-192g-Minu.jpg","width":760,"height":760,"caption":"Galletas rellenas de crema 192g Minu"},{"@type":"BreadcrumbList","@id":"https:\/\/deliciaspersas.com\/fa\/tienda\/delicias-dulces\/galletas-rellenas-de-crema-192g-minu\/#breadcrumb","itemListElement":[{"@type":"ListItem","position":1,"name":"Portada","item":"https:\/\/deliciaspersas.com\/fa\/"},{"@type":"ListItem","position":2,"name":"Tienda","item":"https:\/\/deliciaspersas.com\/"},{"@type":"ListItem","position":3,"name":"Galletas rellenas de crema 192g Minu"}]},{"@type":"WebSite","@id":"https:\/\/deliciaspersas.com\/fa\/#website","url":"https:\/\/deliciaspersas.com\/fa\/","name":"Delicias Persas","description":"Gastronom&iacute;a persa al alcance de tus manos","publisher":{"@id":"https:\/\/deliciaspersas.com\/fa\/#organization"},"potentialAction":[{"@type":"SearchAction","target":{"@type":"EntryPoint","urlTemplate":"https:\/\/deliciaspersas.com\/fa\/?s={search_term_string}"},"query-input":{"@type":"PropertyValueSpecification","valueRequired":true,"valueName":"search_term_string"}}],"inLanguage":"fa-IR"},{"@type":"Organization","@id":"https:\/\/deliciaspersas.com\/fa\/#organization","name":"Delicias Persas","url":"https:\/\/deliciaspersas.com\/fa\/","logo":{"@type":"ImageObject","inLanguage":"fa-IR","@id":"https:\/\/deliciaspersas.com\/fa\/#\/schema\/logo\/image\/","url":"https:\/\/deliciaspersas.com\/wp-content\/uploads\/2020\/07\/logo-2020.png","contentUrl":"https:\/\/deliciaspersas.com\/wp-content\/uploads\/2020\/07\/logo-2020.png","width":520,"height":490,"caption":"Delicias Persas"},"image":{"@id":"https:\/\/deliciaspersas.com\/fa\/#\/schema\/logo\/image\/"},"sameAs":["https:\/\/www.facebook.com\/Deliciaspersas","https:\/\/www.instagram.com\/delicias_persas\/","https:\/\/www.linkedin.com\/delicias-persas"]}]}},"uagb_featured_image_src":{"full":["https:\/\/deliciaspersas.com\/wp-content\/uploads\/Galletas-rellenas-de-crema-192g-Minu.jpg",760,760,false],"thumbnail":["https:\/\/deliciaspersas.com\/wp-content\/uploads\/Galletas-rellenas-de-crema-192g-Minu-150x150.jpg",150,150,true],"medium":["https:\/\/deliciaspersas.com\/wp-content\/uploads\/Galletas-rellenas-de-crema-192g-Minu-300x300.jpg",300,300,true],"medium_large":["https:\/\/deliciaspersas.com\/wp-content\/uploads\/Galletas-rellenas-de-crema-192g-Minu.jpg",760,760,false],"large":["https:\/\/deliciaspersas.com\/wp-content\/uploads\/Galletas-rellenas-de-crema-192g-Minu.jpg",760,760,false],"1536x1536":["https:\/\/deliciaspersas.com\/wp-content\/uploads\/Galletas-rellenas-de-crema-192g-Minu.jpg",760,760,false],"2048x2048":["https:\/\/deliciaspersas.com\/wp-content\/uploads\/Galletas-rellenas-de-crema-192g-Minu.jpg",760,760,false],"woocommerce_thumbnail":["https:\/\/deliciaspersas.com\/wp-content\/uploads\/Galletas-rellenas-de-crema-192g-Minu-300x300.jpg",300,300,true],"woocommerce_single":["https:\/\/deliciaspersas.com\/wp-content\/uploads\/Galletas-rellenas-de-crema-192g-Minu-600x600.jpg",600,600,true],"woocommerce_gallery_thumbnail":["https:\/\/deliciaspersas.com\/wp-content\/uploads\/Galletas-rellenas-de-crema-192g-Minu-100x100.jpg",100,100,true]},"uagb_author_info":{"display_name":"admin","author_link":"https:\/\/deliciaspersas.com\/fa\/author\/"},"uagb_comment_info":0,"uagb_excerpt":"Galletas rellenas de crema 192g Minu &nbsp; Informaci\u00f3n del producto: Minu es uno de los aperitivos m\u00e1s populares para las personas que est\u00e1n en una dieta de adelgazamiento tambi\u00e9n tiene una alta calidad y valor nutricional. Este producto se llama Digestive en los pa\u00edses europeos y siempre ha sido bien recibido por muchos consumidores debido&hellip;","brands":[{"id":1087,"name":"minu","slug":"minu"}],"_links":{"self":[{"href":"https:\/\/deliciaspersas.com\/fa\/wp-json\/wp\/v2\/product\/7730"}],"collection":[{"href":"https:\/\/deliciaspersas.com\/fa\/wp-json\/wp\/v2\/product"}],"about":[{"href":"https:\/\/deliciaspersas.com\/fa\/wp-json\/wp\/v2\/types\/product"}],"wp:featuredmedia":[{"embeddable":true,"href":"https:\/\/deliciaspersas.com\/fa\/wp-json\/wp\/v2\/media\/7732"}],"wp:attachment":[{"href":"https:\/\/deliciaspersas.com\/fa\/wp-json\/wp\/v2\/media?parent=7730"}],"wp:term":[{"taxonomy":"pwb-brand","embeddable":true,"href":"https:\/\/deliciaspersas.com\/fa\/wp-json\/wp\/v2\/pwb-brand?post=7730"},{"taxonomy":"product_cat","embeddable":true,"href":"https:\/\/deliciaspersas.com\/fa\/wp-json\/wp\/v2\/product_cat?post=7730"},{"taxonomy":"product_tag","embeddable":true,"href":"https:\/\/deliciaspersas.com\/fa\/wp-json\/wp\/v2\/product_tag?post=7730"}],"curies":[{"name":"wp","href":"https:\/\/api.w.org\/{rel}","templated":true}]}}