{"id":7745,"date":"2021-04-23T12:21:44","date_gmt":"2021-04-23T10:21:44","guid":{"rendered":"https:\/\/deliciaspersas.com\/?post_type=product&#038;p=7745"},"modified":"2023-11-14T22:39:59","modified_gmt":"2023-11-14T21:39:59","slug":"ciruela-deshidratada-300g-sarashpaz","status":"publish","type":"product","link":"https:\/\/deliciaspersas.com\/fa\/tienda\/frutas\/ciruela-deshidratada-300g-sarashpaz\/","title":{"rendered":"Ciruela deshidratada 300g Sarashpaz"},"content":{"rendered":"<h1>Ciruela deshidratada 300g Sarashpaz<\/h1>\n<h6>Informaci\u00f3n del producto:<\/h6>\n<p>Ciruela negra deshidratada.<\/p>\n<p>puede convertirse en el mejor alimento para las personas con\u00a0osteoporosis\u00a0e incluso prevenir el\u00a0c\u00e1ncer de colon, adem\u00e1s de nutrirnos gracias a su gran aporte de\u00a0minerales\u00a0y vitaminas.<\/p>\n<h6>Usos:<\/h6>\n<p>Principalmente se usa en guisos por su sabor caracter\u00edstico y fuerte. Otro uso puede ser como merienda o en el tentempi\u00e9, tambi\u00e9n puede ser usado en las ensaladas de fruta.<\/p>\n<h6>Beneficios:<\/h6>\n<p>Las ciruelas deshidratadas son una excelente fuente de fibra. De hecho en 100 grs. de la fruta hay 6.1 grs. de fibra. \u00c9stas, junto con el jugo de ciruelas, contienen sorbitol, un suave estimulante del colon que ayuda a reducir el tiempo en el tr\u00e1nsito intestinal, el c\u00e1ncer colorectal y las hemorroides.<\/p>\n<p>Adem\u00e1s, este alimento nos aporta potasio, magnesio, boro, manganeso, cobre y hierro, as\u00ed comovitaminas A y K, todos ellos de una importancia capital para nuestra salud \u00f3sea. Estas ciruelas negras deshidratadas alivia la constipaci\u00f3n, previene el envejecimiento prematuro, promueve la salud cardiovascular, a lo que se suma un gran poder antioxidante. Tambi\u00e9n contienen boro, mineral que puede ayudar a construir huesos y m\u00fasculos fuertes.\u00a0<span lang=\"ES\">Otro de los beneficios de estos ciruelas negras deshidratadas es que ayuda a reducir los niveles de colesterol, pues son una fuente importante de antioxidantes. Un estudio\u00a0<\/span><span lang=\"ES\">hecho por la Revista Brit\u00e1nica de Nutrici\u00f3n menciona que los antioxidantes junto con la fibra soluble que contiene la ciruela negra puede ayudar a reducir los niveles de colesterol, adem\u00e1s\u00a0 retrasa el desarrollo de la arterosclerosis.<\/span>\u00a0Finalmente, este fruto es ideal cuando necesitamos un aporte extra de energ\u00eda r\u00e1pida, gracias a su alt\u00edsimo contenido en az\u00facares (hidratos de carbono simples).<\/p>\n<h6>Ingredientes y al\u00e9rgenos:<\/h6>\n<p>Ciruela deshidratada.<\/p>\n<h6>Condiciones de conservaci\u00f3n:<\/h6>\n<p>Conservar en un lugar fresco, seco y protegido de la luz.<\/p>\n<h6>Informaci\u00f3n adicional:<\/h6>\n<p>Fabricado por: Sarashpaz<\/p>\n","protected":false},"excerpt":{"rendered":"<p>Ciruela deshidratada 300g Sarashpaz Informaci\u00f3n del producto: Ciruela negra deshidratada. puede convertirse en el mejor alimento para las personas con\u00a0osteoporosis\u00a0e incluso prevenir el\u00a0c\u00e1ncer de colon, adem\u00e1s de nutrirnos gracias a su gran aporte de\u00a0minerales\u00a0y vitaminas. Usos: Principalmente se usa en guisos por su sabor caracter\u00edstico y fuerte. Otro uso puede ser como merienda o en [&hellip;]<\/p>\n","protected":false},"featured_media":7747,"template":"","meta":{"_surecart_dashboard_logo_width":"180px","_surecart_dashboard_show_logo":true,"_surecart_dashboard_navigation_orders":true,"_surecart_dashboard_navigation_invoices":true,"_surecart_dashboard_navigation_subscriptions":true,"_surecart_dashboard_navigation_downloads":true,"_surecart_dashboard_navigation_billing":true,"_surecart_dashboard_navigation_account":true,"_uag_custom_page_level_css":"","site-sidebar-layout":"default","site-content-layout":"default","ast-site-content-layout":"","site-content-style":"default","site-sidebar-style":"default","ast-global-header-display":"","ast-banner-title-visibility":"","ast-main-header-display":"","ast-hfb-above-header-display":"","ast-hfb-below-header-display":"","ast-hfb-mobile-header-display":"","site-post-title":"","ast-breadcrumbs-content":"","ast-featured-img":"","footer-sml-layout":"","theme-transparent-header-meta":"default","adv-header-id-meta":"","stick-header-meta":"","header-above-stick-meta":"","header-main-stick-meta":"","header-below-stick-meta":"","astra-migrate-meta-layouts":"default","ast-page-background-enabled":"default","ast-page-background-meta":{"desktop":{"background-color":"","background-image":"","background-repeat":"repeat","background-position":"center center","background-size":"auto","background-attachment":"scroll","background-type":"","background-media":"","overlay-type":"","overlay-color":"","overlay-opacity":"","overlay-gradient":""},"tablet":{"background-color":"","background-image":"","background-repeat":"repeat","background-position":"center center","background-size":"auto","background-attachment":"scroll","background-type":"","background-media":"","overlay-type":"","overlay-color":"","overlay-opacity":"","overlay-gradient":""},"mobile":{"background-color":"","background-image":"","background-repeat":"repeat","background-position":"center center","background-size":"auto","background-attachment":"scroll","background-type":"","background-media":"","overlay-type":"","overlay-color":"","overlay-opacity":"","overlay-gradient":""}},"ast-content-background-meta":{"desktop":{"background-color":"var(--ast-global-color-5)","background-image":"","background-repeat":"repeat","background-position":"center center","background-size":"auto","background-attachment":"scroll","background-type":"","background-media":"","overlay-type":"","overlay-color":"","overlay-opacity":"","overlay-gradient":""},"tablet":{"background-color":"var(--ast-global-color-5)","background-image":"","background-repeat":"repeat","background-position":"center center","background-size":"auto","background-attachment":"scroll","background-type":"","background-media":"","overlay-type":"","overlay-color":"","overlay-opacity":"","overlay-gradient":""},"mobile":{"background-color":"var(--ast-global-color-5)","background-image":"","background-repeat":"repeat","background-position":"center center","background-size":"auto","background-attachment":"scroll","background-type":"","background-media":"","overlay-type":"","overlay-color":"","overlay-opacity":"","overlay-gradient":""}}},"pwb-brand":[199],"product_cat":[33],"product_tag":[571,555,653,910],"class_list":{"0":"post-7745","1":"product","2":"type-product","3":"status-publish","4":"has-post-thumbnail","6":"pwb-brand-sarashpaz","7":"product_cat-frutas","8":"product_tag-ciruela","9":"product_tag-deshidratada","10":"product_tag-fruta-deshidratada","11":"product_tag-910","12":"desktop-align-center","13":"tablet-align-center","14":"mobile-align-center","16":"first","17":"outofstock","18":"taxable","19":"shipping-taxable","20":"purchasable","21":"product-type-simple"},"yoast_head":"<!-- This site is optimized with the Yoast SEO plugin v23.6 - https:\/\/yoast.com\/wordpress\/plugins\/seo\/ -->\n<title>Ciruela deshidratada 300g Sarashpaz - Delicias Persas<\/title>\n<meta name=\"description\" content=\"Ciruela deshidratada. En guisos o para acompa\u00f1ar cualquier momento del d\u00eda. Sabor esquisito, frescos y tiernos...\" \/>\n<meta name=\"robots\" content=\"index, follow, max-snippet:-1, max-image-preview:large, max-video-preview:-1\" \/>\n<link rel=\"canonical\" href=\"https:\/\/deliciaspersas.com\/fa\/tienda\/frutas\/ciruela-deshidratada-300g-sarashpaz\/\" \/>\n<meta property=\"og:locale\" content=\"fa_IR\" \/>\n<meta property=\"og:type\" content=\"article\" \/>\n<meta property=\"og:title\" content=\"Ciruela deshidratada 300g Sarashpaz - Delicias Persas\" \/>\n<meta property=\"og:description\" content=\"Ciruela deshidratada. En guisos o para acompa\u00f1ar cualquier momento del d\u00eda. Sabor esquisito, frescos y tiernos...\" \/>\n<meta property=\"og:url\" content=\"https:\/\/deliciaspersas.com\/fa\/tienda\/frutas\/ciruela-deshidratada-300g-sarashpaz\/\" \/>\n<meta property=\"og:site_name\" content=\"Delicias Persas\" \/>\n<meta property=\"article:publisher\" content=\"https:\/\/www.facebook.com\/Deliciaspersas\" \/>\n<meta property=\"article:modified_time\" content=\"2023-11-14T21:39:59+00:00\" \/>\n<meta property=\"og:image\" content=\"https:\/\/deliciaspersas.com\/wp-content\/uploads\/Ciruela-deshidratada-200g-Sarashpaz.jpg\" \/>\n\t<meta property=\"og:image:width\" content=\"760\" \/>\n\t<meta property=\"og:image:height\" content=\"760\" \/>\n\t<meta property=\"og:image:type\" content=\"image\/jpeg\" \/>\n<meta name=\"twitter:card\" content=\"summary_large_image\" \/>\n<meta name=\"twitter:label1\" content=\"\u0632\u0645\u0627\u0646 \u062a\u0642\u0631\u06cc\u0628\u06cc \u0628\u0631\u0627\u06cc \u062e\u0648\u0627\u0646\u062f\u0646\" \/>\n\t<meta name=\"twitter:data1\" content=\"2 \u062f\u0642\u06cc\u0642\u0647\" \/>\n<script type=\"application\/ld+json\" class=\"yoast-schema-graph\">{\"@context\":\"https:\/\/schema.org\",\"@graph\":[{\"@type\":\"WebPage\",\"@id\":\"https:\/\/deliciaspersas.com\/fa\/tienda\/frutas\/ciruela-deshidratada-300g-sarashpaz\/\",\"url\":\"https:\/\/deliciaspersas.com\/fa\/tienda\/frutas\/ciruela-deshidratada-300g-sarashpaz\/\",\"name\":\"Ciruela deshidratada 300g Sarashpaz - Delicias Persas\",\"isPartOf\":{\"@id\":\"https:\/\/deliciaspersas.com\/fa\/#website\"},\"primaryImageOfPage\":{\"@id\":\"https:\/\/deliciaspersas.com\/fa\/tienda\/frutas\/ciruela-deshidratada-300g-sarashpaz\/#primaryimage\"},\"image\":{\"@id\":\"https:\/\/deliciaspersas.com\/fa\/tienda\/frutas\/ciruela-deshidratada-300g-sarashpaz\/#primaryimage\"},\"thumbnailUrl\":\"https:\/\/deliciaspersas.com\/wp-content\/uploads\/Ciruela-deshidratada-200g-Sarashpaz.jpg\",\"datePublished\":\"2021-04-23T10:21:44+00:00\",\"dateModified\":\"2023-11-14T21:39:59+00:00\",\"description\":\"Ciruela deshidratada. En guisos o para acompa\u00f1ar cualquier momento del d\u00eda. Sabor esquisito, frescos y tiernos...\",\"breadcrumb\":{\"@id\":\"https:\/\/deliciaspersas.com\/fa\/tienda\/frutas\/ciruela-deshidratada-300g-sarashpaz\/#breadcrumb\"},\"inLanguage\":\"fa-IR\",\"potentialAction\":[{\"@type\":\"ReadAction\",\"target\":[\"https:\/\/deliciaspersas.com\/fa\/tienda\/frutas\/ciruela-deshidratada-300g-sarashpaz\/\"]}]},{\"@type\":\"ImageObject\",\"inLanguage\":\"fa-IR\",\"@id\":\"https:\/\/deliciaspersas.com\/fa\/tienda\/frutas\/ciruela-deshidratada-300g-sarashpaz\/#primaryimage\",\"url\":\"https:\/\/deliciaspersas.com\/wp-content\/uploads\/Ciruela-deshidratada-200g-Sarashpaz.jpg\",\"contentUrl\":\"https:\/\/deliciaspersas.com\/wp-content\/uploads\/Ciruela-deshidratada-200g-Sarashpaz.jpg\",\"width\":760,\"height\":760,\"caption\":\"Ciruela deshidratada 200g Sarashpaz\"},{\"@type\":\"BreadcrumbList\",\"@id\":\"https:\/\/deliciaspersas.com\/fa\/tienda\/frutas\/ciruela-deshidratada-300g-sarashpaz\/#breadcrumb\",\"itemListElement\":[{\"@type\":\"ListItem\",\"position\":1,\"name\":\"Portada\",\"item\":\"https:\/\/deliciaspersas.com\/fa\/\"},{\"@type\":\"ListItem\",\"position\":2,\"name\":\"Tienda\",\"item\":\"https:\/\/deliciaspersas.com\/\"},{\"@type\":\"ListItem\",\"position\":3,\"name\":\"Ciruela deshidratada 300g Sarashpaz\"}]},{\"@type\":\"WebSite\",\"@id\":\"https:\/\/deliciaspersas.com\/fa\/#website\",\"url\":\"https:\/\/deliciaspersas.com\/fa\/\",\"name\":\"Delicias Persas\",\"description\":\"Gastronom&iacute;a persa al alcance de tus manos\",\"publisher\":{\"@id\":\"https:\/\/deliciaspersas.com\/fa\/#organization\"},\"potentialAction\":[{\"@type\":\"SearchAction\",\"target\":{\"@type\":\"EntryPoint\",\"urlTemplate\":\"https:\/\/deliciaspersas.com\/fa\/?s={search_term_string}\"},\"query-input\":{\"@type\":\"PropertyValueSpecification\",\"valueRequired\":true,\"valueName\":\"search_term_string\"}}],\"inLanguage\":\"fa-IR\"},{\"@type\":\"Organization\",\"@id\":\"https:\/\/deliciaspersas.com\/fa\/#organization\",\"name\":\"Delicias Persas\",\"url\":\"https:\/\/deliciaspersas.com\/fa\/\",\"logo\":{\"@type\":\"ImageObject\",\"inLanguage\":\"fa-IR\",\"@id\":\"https:\/\/deliciaspersas.com\/fa\/#\/schema\/logo\/image\/\",\"url\":\"https:\/\/deliciaspersas.com\/wp-content\/uploads\/2020\/07\/logo-2020.png\",\"contentUrl\":\"https:\/\/deliciaspersas.com\/wp-content\/uploads\/2020\/07\/logo-2020.png\",\"width\":520,\"height\":490,\"caption\":\"Delicias Persas\"},\"image\":{\"@id\":\"https:\/\/deliciaspersas.com\/fa\/#\/schema\/logo\/image\/\"},\"sameAs\":[\"https:\/\/www.facebook.com\/Deliciaspersas\",\"https:\/\/www.instagram.com\/delicias_persas\/\",\"https:\/\/www.linkedin.com\/delicias-persas\"]}]}<\/script>\n<!-- \/ Yoast SEO plugin. -->","yoast_head_json":{"title":"Ciruela deshidratada 300g Sarashpaz - Delicias Persas","description":"Ciruela deshidratada. En guisos o para acompa\u00f1ar cualquier momento del d\u00eda. Sabor esquisito, frescos y tiernos...","robots":{"index":"index","follow":"follow","max-snippet":"max-snippet:-1","max-image-preview":"max-image-preview:large","max-video-preview":"max-video-preview:-1"},"canonical":"https:\/\/deliciaspersas.com\/fa\/tienda\/frutas\/ciruela-deshidratada-300g-sarashpaz\/","og_locale":"fa_IR","og_type":"article","og_title":"Ciruela deshidratada 300g Sarashpaz - Delicias Persas","og_description":"Ciruela deshidratada. En guisos o para acompa\u00f1ar cualquier momento del d\u00eda. Sabor esquisito, frescos y tiernos...","og_url":"https:\/\/deliciaspersas.com\/fa\/tienda\/frutas\/ciruela-deshidratada-300g-sarashpaz\/","og_site_name":"Delicias Persas","article_publisher":"https:\/\/www.facebook.com\/Deliciaspersas","article_modified_time":"2023-11-14T21:39:59+00:00","og_image":[{"width":760,"height":760,"url":"https:\/\/deliciaspersas.com\/wp-content\/uploads\/Ciruela-deshidratada-200g-Sarashpaz.jpg","type":"image\/jpeg"}],"twitter_card":"summary_large_image","twitter_misc":{"\u0632\u0645\u0627\u0646 \u062a\u0642\u0631\u06cc\u0628\u06cc \u0628\u0631\u0627\u06cc \u062e\u0648\u0627\u0646\u062f\u0646":"2 \u062f\u0642\u06cc\u0642\u0647"},"schema":{"@context":"https:\/\/schema.org","@graph":[{"@type":"WebPage","@id":"https:\/\/deliciaspersas.com\/fa\/tienda\/frutas\/ciruela-deshidratada-300g-sarashpaz\/","url":"https:\/\/deliciaspersas.com\/fa\/tienda\/frutas\/ciruela-deshidratada-300g-sarashpaz\/","name":"Ciruela deshidratada 300g Sarashpaz - Delicias Persas","isPartOf":{"@id":"https:\/\/deliciaspersas.com\/fa\/#website"},"primaryImageOfPage":{"@id":"https:\/\/deliciaspersas.com\/fa\/tienda\/frutas\/ciruela-deshidratada-300g-sarashpaz\/#primaryimage"},"image":{"@id":"https:\/\/deliciaspersas.com\/fa\/tienda\/frutas\/ciruela-deshidratada-300g-sarashpaz\/#primaryimage"},"thumbnailUrl":"https:\/\/deliciaspersas.com\/wp-content\/uploads\/Ciruela-deshidratada-200g-Sarashpaz.jpg","datePublished":"2021-04-23T10:21:44+00:00","dateModified":"2023-11-14T21:39:59+00:00","description":"Ciruela deshidratada. En guisos o para acompa\u00f1ar cualquier momento del d\u00eda. Sabor esquisito, frescos y tiernos...","breadcrumb":{"@id":"https:\/\/deliciaspersas.com\/fa\/tienda\/frutas\/ciruela-deshidratada-300g-sarashpaz\/#breadcrumb"},"inLanguage":"fa-IR","potentialAction":[{"@type":"ReadAction","target":["https:\/\/deliciaspersas.com\/fa\/tienda\/frutas\/ciruela-deshidratada-300g-sarashpaz\/"]}]},{"@type":"ImageObject","inLanguage":"fa-IR","@id":"https:\/\/deliciaspersas.com\/fa\/tienda\/frutas\/ciruela-deshidratada-300g-sarashpaz\/#primaryimage","url":"https:\/\/deliciaspersas.com\/wp-content\/uploads\/Ciruela-deshidratada-200g-Sarashpaz.jpg","contentUrl":"https:\/\/deliciaspersas.com\/wp-content\/uploads\/Ciruela-deshidratada-200g-Sarashpaz.jpg","width":760,"height":760,"caption":"Ciruela deshidratada 200g Sarashpaz"},{"@type":"BreadcrumbList","@id":"https:\/\/deliciaspersas.com\/fa\/tienda\/frutas\/ciruela-deshidratada-300g-sarashpaz\/#breadcrumb","itemListElement":[{"@type":"ListItem","position":1,"name":"Portada","item":"https:\/\/deliciaspersas.com\/fa\/"},{"@type":"ListItem","position":2,"name":"Tienda","item":"https:\/\/deliciaspersas.com\/"},{"@type":"ListItem","position":3,"name":"Ciruela deshidratada 300g Sarashpaz"}]},{"@type":"WebSite","@id":"https:\/\/deliciaspersas.com\/fa\/#website","url":"https:\/\/deliciaspersas.com\/fa\/","name":"Delicias Persas","description":"Gastronom&iacute;a persa al alcance de tus manos","publisher":{"@id":"https:\/\/deliciaspersas.com\/fa\/#organization"},"potentialAction":[{"@type":"SearchAction","target":{"@type":"EntryPoint","urlTemplate":"https:\/\/deliciaspersas.com\/fa\/?s={search_term_string}"},"query-input":{"@type":"PropertyValueSpecification","valueRequired":true,"valueName":"search_term_string"}}],"inLanguage":"fa-IR"},{"@type":"Organization","@id":"https:\/\/deliciaspersas.com\/fa\/#organization","name":"Delicias Persas","url":"https:\/\/deliciaspersas.com\/fa\/","logo":{"@type":"ImageObject","inLanguage":"fa-IR","@id":"https:\/\/deliciaspersas.com\/fa\/#\/schema\/logo\/image\/","url":"https:\/\/deliciaspersas.com\/wp-content\/uploads\/2020\/07\/logo-2020.png","contentUrl":"https:\/\/deliciaspersas.com\/wp-content\/uploads\/2020\/07\/logo-2020.png","width":520,"height":490,"caption":"Delicias Persas"},"image":{"@id":"https:\/\/deliciaspersas.com\/fa\/#\/schema\/logo\/image\/"},"sameAs":["https:\/\/www.facebook.com\/Deliciaspersas","https:\/\/www.instagram.com\/delicias_persas\/","https:\/\/www.linkedin.com\/delicias-persas"]}]}},"uagb_featured_image_src":{"full":["https:\/\/deliciaspersas.com\/wp-content\/uploads\/Ciruela-deshidratada-200g-Sarashpaz.jpg",760,760,false],"thumbnail":["https:\/\/deliciaspersas.com\/wp-content\/uploads\/Ciruela-deshidratada-200g-Sarashpaz-150x150.jpg",150,150,true],"medium":["https:\/\/deliciaspersas.com\/wp-content\/uploads\/Ciruela-deshidratada-200g-Sarashpaz-300x300.jpg",300,300,true],"medium_large":["https:\/\/deliciaspersas.com\/wp-content\/uploads\/Ciruela-deshidratada-200g-Sarashpaz.jpg",760,760,false],"large":["https:\/\/deliciaspersas.com\/wp-content\/uploads\/Ciruela-deshidratada-200g-Sarashpaz.jpg",760,760,false],"1536x1536":["https:\/\/deliciaspersas.com\/wp-content\/uploads\/Ciruela-deshidratada-200g-Sarashpaz.jpg",760,760,false],"2048x2048":["https:\/\/deliciaspersas.com\/wp-content\/uploads\/Ciruela-deshidratada-200g-Sarashpaz.jpg",760,760,false],"woocommerce_thumbnail":["https:\/\/deliciaspersas.com\/wp-content\/uploads\/Ciruela-deshidratada-200g-Sarashpaz-300x300.jpg",300,300,true],"woocommerce_single":["https:\/\/deliciaspersas.com\/wp-content\/uploads\/Ciruela-deshidratada-200g-Sarashpaz-600x600.jpg",600,600,true],"woocommerce_gallery_thumbnail":["https:\/\/deliciaspersas.com\/wp-content\/uploads\/Ciruela-deshidratada-200g-Sarashpaz-100x100.jpg",100,100,true]},"uagb_author_info":{"display_name":"admin","author_link":"https:\/\/deliciaspersas.com\/fa\/author\/"},"uagb_comment_info":0,"uagb_excerpt":"Ciruela deshidratada 300g Sarashpaz Informaci\u00f3n del producto: Ciruela negra deshidratada. puede convertirse en el mejor alimento para las personas con\u00a0osteoporosis\u00a0e incluso prevenir el\u00a0c\u00e1ncer de colon, adem\u00e1s de nutrirnos gracias a su gran aporte de\u00a0minerales\u00a0y vitaminas. Usos: Principalmente se usa en guisos por su sabor caracter\u00edstico y fuerte. Otro uso puede ser como merienda o en&hellip;","brands":[{"id":199,"name":"Sarashpaz","slug":"sarashpaz"}],"_links":{"self":[{"href":"https:\/\/deliciaspersas.com\/fa\/wp-json\/wp\/v2\/product\/7745"}],"collection":[{"href":"https:\/\/deliciaspersas.com\/fa\/wp-json\/wp\/v2\/product"}],"about":[{"href":"https:\/\/deliciaspersas.com\/fa\/wp-json\/wp\/v2\/types\/product"}],"wp:featuredmedia":[{"embeddable":true,"href":"https:\/\/deliciaspersas.com\/fa\/wp-json\/wp\/v2\/media\/7747"}],"wp:attachment":[{"href":"https:\/\/deliciaspersas.com\/fa\/wp-json\/wp\/v2\/media?parent=7745"}],"wp:term":[{"taxonomy":"pwb-brand","embeddable":true,"href":"https:\/\/deliciaspersas.com\/fa\/wp-json\/wp\/v2\/pwb-brand?post=7745"},{"taxonomy":"product_cat","embeddable":true,"href":"https:\/\/deliciaspersas.com\/fa\/wp-json\/wp\/v2\/product_cat?post=7745"},{"taxonomy":"product_tag","embeddable":true,"href":"https:\/\/deliciaspersas.com\/fa\/wp-json\/wp\/v2\/product_tag?post=7745"}],"curies":[{"name":"wp","href":"https:\/\/api.w.org\/{rel}","templated":true}]}}