{"id":7807,"date":"2021-04-29T13:15:45","date_gmt":"2021-04-29T11:15:45","guid":{"rendered":"https:\/\/deliciaspersas.com\/?post_type=product&#038;p=7807"},"modified":"2024-10-21T15:51:25","modified_gmt":"2024-10-21T13:51:25","slug":"azafran-espanol-5g-eupefran","status":"publish","type":"product","link":"https:\/\/deliciaspersas.com\/fa\/tienda\/azafran\/azafran-espanol-5g-eupefran\/","title":{"rendered":"Azafr\u00e1n espa\u00f1ol 5g Eupefran"},"content":{"rendered":"<h1>Azafr\u00e1n espa\u00f1ol 5g Eupefran<\/h1>\n<h6>Informaci\u00f3n del producto:<\/h6>\n<p>El azafr\u00e1n es una de las especias m\u00e1s cara del mundo cosechada a mano en Espa\u00f1a, y venerada por sus propiedades medicinales al aumentar el libido, aumentar el estado de \u00e1nimo y mejorar la memoria.<\/p>\n<h6>Usos:<\/h6>\n<p>El azafr\u00e1n es una especia que se usa para el asma, la tos, el dolor de garganta, la tos ferina (pertussis) y para aflojar la flema (como expectorante). Tambi\u00e9n se utiliza para problemas de sue\u00f1o (como el insomnio), el c\u00e1ncer, el \u00abendurecimiento de las arterias\u00bb (aterosclerosis), los v\u00f3mitos, los gases intestinales (flatulencia), depresi\u00f3n, ansiedad, mejora de la memoria, enfermedad de Alzheimer, escupir sangre (hemoptisis), el dolor asociado con el parto, acidez estomacal, rendimiento y recuperaci\u00f3n del ejercicio, una enfermedad de la piel llamada psoriasis, y piel seca. Por supuesto tambi\u00e9n se usa para dar sabor a los alimentos, existen diferentes trucos para sacarle mayor rendimiento, como por ejemplo tostarlo a fuego lento con los ingredientes o machacar las hebras en un mortero y ponerlas en remojo unos minutos antes de incorporarlo a los platos, de esta forma se reparte mejor por todos los alimentos. Por otra parte, combina perfecto con el jengibre, lim\u00f3n, ajo, tomillo y los tomates.<\/p>\n<p><span style=\"font-size: 1.1em; font-weight: bold;\">Beneficios:<\/span><\/p>\n<p>Posee propiedades antiinflamatorias, antioxidantes, expectorantes, sedantes y afrodis\u00edacas. Adem\u00e1s combate la depresi\u00f3n, la obesidad, el Alzheimer. Mejora los trastornos oculares y el envejecimiento celular. Ayuda a reducir la presi\u00f3n arterial y es beneficioso para combatir los problemas de impotencia masculina.<\/p>\n<div class=\"code-block code-block-7\">\n<div id=\"div-gpt-ad-1407836106851-0\" data-google-query-id=\"CKey0NiB8uoCFQzMGwod5g8FVg\"><span style=\"font-size: 1.1em; font-weight: bold;\">Ingredientes y al\u00e9rgenos:<\/span><\/div>\n<\/div>\n<p>Se necesitan 75.000 flores de azafr\u00e1n para producir poco menos de medio kilo de especia de azafr\u00e1n.<\/p>\n<h6>Condiciones de conservaci\u00f3n:<\/h6>\n<p>Conservar en un lugar fresco, seco y protegido de la luz.<\/p>\n<h6>Curiosidades:<\/h6>\n<ul>\n<li>Es un hilito rojo que sale de la Rosa del Azafr\u00e1n.<\/li>\n<li>Se le conoce como \u00aboro rojo\u00bb no s\u00f3lo por su precio, tambi\u00e9n por todas sus bondades.<\/li>\n<li>La flor del azafr\u00e1n florece en oto\u00f1o.<\/li>\n<li>Es una de las especias m\u00e1s caras del mundo.<\/li>\n<li>El m\u00e1s valioso y valorado es el que se extrae a mano.<\/li>\n<li>Ir\u00e1n es el principal productor de azafr\u00e1n del mundo.<\/li>\n<\/ul>\n<h6>Informaci\u00f3n adicional:<\/h6>\n<p>Fabricado por: Eupefran.<\/p>\n","protected":false},"excerpt":{"rendered":"<p>Azafr\u00e1n espa\u00f1ol 5g Eupefran Informaci\u00f3n del producto: El azafr\u00e1n es una de las especias m\u00e1s cara del mundo cosechada a mano en Espa\u00f1a, y venerada por sus propiedades medicinales al aumentar el libido, aumentar el estado de \u00e1nimo y mejorar la memoria. Usos: El azafr\u00e1n es una especia que se usa para el asma, la [&hellip;]<\/p>\n","protected":false},"featured_media":7812,"template":"","meta":{"_surecart_dashboard_logo_width":"180px","_surecart_dashboard_show_logo":true,"_surecart_dashboard_navigation_orders":true,"_surecart_dashboard_navigation_invoices":true,"_surecart_dashboard_navigation_subscriptions":true,"_surecart_dashboard_navigation_downloads":true,"_surecart_dashboard_navigation_billing":true,"_surecart_dashboard_navigation_account":true,"_uag_custom_page_level_css":"","site-sidebar-layout":"default","site-content-layout":"default","ast-site-content-layout":"default","site-content-style":"default","site-sidebar-style":"default","ast-global-header-display":"","ast-banner-title-visibility":"","ast-main-header-display":"","ast-hfb-above-header-display":"","ast-hfb-below-header-display":"","ast-hfb-mobile-header-display":"","site-post-title":"","ast-breadcrumbs-content":"","ast-featured-img":"","footer-sml-layout":"","theme-transparent-header-meta":"default","adv-header-id-meta":"","stick-header-meta":"","header-above-stick-meta":"","header-main-stick-meta":"","header-below-stick-meta":"","astra-migrate-meta-layouts":"set","ast-page-background-enabled":"default","ast-page-background-meta":{"desktop":{"background-color":"","background-image":"","background-repeat":"repeat","background-position":"center center","background-size":"auto","background-attachment":"scroll","background-type":"","background-media":"","overlay-type":"","overlay-color":"","overlay-opacity":"","overlay-gradient":""},"tablet":{"background-color":"","background-image":"","background-repeat":"repeat","background-position":"center center","background-size":"auto","background-attachment":"scroll","background-type":"","background-media":"","overlay-type":"","overlay-color":"","overlay-opacity":"","overlay-gradient":""},"mobile":{"background-color":"","background-image":"","background-repeat":"repeat","background-position":"center center","background-size":"auto","background-attachment":"scroll","background-type":"","background-media":"","overlay-type":"","overlay-color":"","overlay-opacity":"","overlay-gradient":""}},"ast-content-background-meta":{"desktop":{"background-color":"var(--ast-global-color-5)","background-image":"","background-repeat":"repeat","background-position":"center center","background-size":"auto","background-attachment":"scroll","background-type":"","background-media":"","overlay-type":"","overlay-color":"","overlay-opacity":"","overlay-gradient":""},"tablet":{"background-color":"var(--ast-global-color-5)","background-image":"","background-repeat":"repeat","background-position":"center center","background-size":"auto","background-attachment":"scroll","background-type":"","background-media":"","overlay-type":"","overlay-color":"","overlay-opacity":"","overlay-gradient":""},"mobile":{"background-color":"var(--ast-global-color-5)","background-image":"","background-repeat":"repeat","background-position":"center center","background-size":"auto","background-attachment":"scroll","background-type":"","background-media":"","overlay-type":"","overlay-color":"","overlay-opacity":"","overlay-gradient":""}}},"pwb-brand":[274],"product_cat":[49],"product_tag":[866,717,877,428],"class_list":{"0":"post-7807","1":"product","2":"type-product","3":"status-publish","4":"has-post-thumbnail","6":"pwb-brand-euperan","7":"product_cat-azafran","8":"product_tag-aroma","9":"product_tag-azafran","10":"product_tag-puro","11":"product_tag-428","12":"desktop-align-center","13":"tablet-align-center","14":"mobile-align-center","16":"first","17":"instock","18":"taxable","19":"shipping-taxable","20":"purchasable","21":"product-type-simple"},"yoast_head":"<!-- This site is optimized with the Yoast SEO plugin v23.6 - https:\/\/yoast.com\/wordpress\/plugins\/seo\/ -->\n<title>Azafr\u00e1n espa\u00f1ol 5g Eupefran - Delicias Persas<\/title>\n<meta name=\"description\" content=\"El\u00a0azafr\u00e1n puro espa\u00f1ol es una de las especias m\u00e1s cara del mundo cosechada a mano en Ir\u00e1n, y venerada por sus propiedades medicinales.\" \/>\n<meta name=\"robots\" content=\"index, follow, max-snippet:-1, max-image-preview:large, max-video-preview:-1\" \/>\n<link rel=\"canonical\" href=\"https:\/\/deliciaspersas.com\/fa\/tienda\/azafran\/azafran-espanol-5g-eupefran\/\" \/>\n<meta property=\"og:locale\" content=\"fa_IR\" \/>\n<meta property=\"og:type\" content=\"article\" \/>\n<meta property=\"og:title\" content=\"Azafr\u00e1n espa\u00f1ol 5g Eupefran - Delicias Persas\" \/>\n<meta property=\"og:description\" content=\"El\u00a0azafr\u00e1n puro espa\u00f1ol es una de las especias m\u00e1s cara del mundo cosechada a mano en Ir\u00e1n, y venerada por sus propiedades medicinales.\" \/>\n<meta property=\"og:url\" content=\"https:\/\/deliciaspersas.com\/fa\/tienda\/azafran\/azafran-espanol-5g-eupefran\/\" \/>\n<meta property=\"og:site_name\" content=\"Delicias Persas\" \/>\n<meta property=\"article:publisher\" content=\"https:\/\/www.facebook.com\/Deliciaspersas\" \/>\n<meta property=\"article:modified_time\" content=\"2024-10-21T13:51:25+00:00\" \/>\n<meta property=\"og:image\" content=\"https:\/\/deliciaspersas.com\/wp-content\/uploads\/Azafra\u0301n-espan\u0303ol-5g-Eupefran.jpeg\" \/>\n\t<meta property=\"og:image:width\" content=\"760\" \/>\n\t<meta property=\"og:image:height\" content=\"760\" \/>\n\t<meta property=\"og:image:type\" content=\"image\/jpeg\" \/>\n<meta name=\"twitter:card\" content=\"summary_large_image\" \/>\n<meta name=\"twitter:label1\" content=\"\u0632\u0645\u0627\u0646 \u062a\u0642\u0631\u06cc\u0628\u06cc \u0628\u0631\u0627\u06cc \u062e\u0648\u0627\u0646\u062f\u0646\" \/>\n\t<meta name=\"twitter:data1\" content=\"2 \u062f\u0642\u06cc\u0642\u0647\" \/>\n<script type=\"application\/ld+json\" class=\"yoast-schema-graph\">{\"@context\":\"https:\/\/schema.org\",\"@graph\":[{\"@type\":\"WebPage\",\"@id\":\"https:\/\/deliciaspersas.com\/fa\/tienda\/azafran\/azafran-espanol-5g-eupefran\/\",\"url\":\"https:\/\/deliciaspersas.com\/fa\/tienda\/azafran\/azafran-espanol-5g-eupefran\/\",\"name\":\"Azafr\u00e1n espa\u00f1ol 5g Eupefran - Delicias Persas\",\"isPartOf\":{\"@id\":\"https:\/\/deliciaspersas.com\/fa\/#website\"},\"primaryImageOfPage\":{\"@id\":\"https:\/\/deliciaspersas.com\/fa\/tienda\/azafran\/azafran-espanol-5g-eupefran\/#primaryimage\"},\"image\":{\"@id\":\"https:\/\/deliciaspersas.com\/fa\/tienda\/azafran\/azafran-espanol-5g-eupefran\/#primaryimage\"},\"thumbnailUrl\":\"https:\/\/deliciaspersas.com\/wp-content\/uploads\/Azafra\u0301n-espan\u0303ol-5g-Eupefran.jpeg\",\"datePublished\":\"2021-04-29T11:15:45+00:00\",\"dateModified\":\"2024-10-21T13:51:25+00:00\",\"description\":\"El\u00a0azafr\u00e1n puro espa\u00f1ol es una de las especias m\u00e1s cara del mundo cosechada a mano en Ir\u00e1n, y venerada por sus propiedades medicinales.\",\"breadcrumb\":{\"@id\":\"https:\/\/deliciaspersas.com\/fa\/tienda\/azafran\/azafran-espanol-5g-eupefran\/#breadcrumb\"},\"inLanguage\":\"fa-IR\",\"potentialAction\":[{\"@type\":\"ReadAction\",\"target\":[\"https:\/\/deliciaspersas.com\/fa\/tienda\/azafran\/azafran-espanol-5g-eupefran\/\"]}]},{\"@type\":\"ImageObject\",\"inLanguage\":\"fa-IR\",\"@id\":\"https:\/\/deliciaspersas.com\/fa\/tienda\/azafran\/azafran-espanol-5g-eupefran\/#primaryimage\",\"url\":\"https:\/\/deliciaspersas.com\/wp-content\/uploads\/Azafra\u0301n-espan\u0303ol-5g-Eupefran.jpeg\",\"contentUrl\":\"https:\/\/deliciaspersas.com\/wp-content\/uploads\/Azafra\u0301n-espan\u0303ol-5g-Eupefran.jpeg\",\"width\":760,\"height\":760,\"caption\":\"Azafra\u0301n espan\u0303ol 5g Eupefran\"},{\"@type\":\"BreadcrumbList\",\"@id\":\"https:\/\/deliciaspersas.com\/fa\/tienda\/azafran\/azafran-espanol-5g-eupefran\/#breadcrumb\",\"itemListElement\":[{\"@type\":\"ListItem\",\"position\":1,\"name\":\"Portada\",\"item\":\"https:\/\/deliciaspersas.com\/fa\/\"},{\"@type\":\"ListItem\",\"position\":2,\"name\":\"Tienda\",\"item\":\"https:\/\/deliciaspersas.com\/\"},{\"@type\":\"ListItem\",\"position\":3,\"name\":\"Azafr\u00e1n espa\u00f1ol 5g Eupefran\"}]},{\"@type\":\"WebSite\",\"@id\":\"https:\/\/deliciaspersas.com\/fa\/#website\",\"url\":\"https:\/\/deliciaspersas.com\/fa\/\",\"name\":\"Delicias Persas\",\"description\":\"Gastronom&iacute;a persa al alcance de tus manos\",\"publisher\":{\"@id\":\"https:\/\/deliciaspersas.com\/fa\/#organization\"},\"potentialAction\":[{\"@type\":\"SearchAction\",\"target\":{\"@type\":\"EntryPoint\",\"urlTemplate\":\"https:\/\/deliciaspersas.com\/fa\/?s={search_term_string}\"},\"query-input\":{\"@type\":\"PropertyValueSpecification\",\"valueRequired\":true,\"valueName\":\"search_term_string\"}}],\"inLanguage\":\"fa-IR\"},{\"@type\":\"Organization\",\"@id\":\"https:\/\/deliciaspersas.com\/fa\/#organization\",\"name\":\"Delicias Persas\",\"url\":\"https:\/\/deliciaspersas.com\/fa\/\",\"logo\":{\"@type\":\"ImageObject\",\"inLanguage\":\"fa-IR\",\"@id\":\"https:\/\/deliciaspersas.com\/fa\/#\/schema\/logo\/image\/\",\"url\":\"https:\/\/deliciaspersas.com\/wp-content\/uploads\/2020\/07\/logo-2020.png\",\"contentUrl\":\"https:\/\/deliciaspersas.com\/wp-content\/uploads\/2020\/07\/logo-2020.png\",\"width\":520,\"height\":490,\"caption\":\"Delicias Persas\"},\"image\":{\"@id\":\"https:\/\/deliciaspersas.com\/fa\/#\/schema\/logo\/image\/\"},\"sameAs\":[\"https:\/\/www.facebook.com\/Deliciaspersas\",\"https:\/\/www.instagram.com\/delicias_persas\/\",\"https:\/\/www.linkedin.com\/delicias-persas\"]}]}<\/script>\n<!-- \/ Yoast SEO plugin. -->","yoast_head_json":{"title":"Azafr\u00e1n espa\u00f1ol 5g Eupefran - Delicias Persas","description":"El\u00a0azafr\u00e1n puro espa\u00f1ol es una de las especias m\u00e1s cara del mundo cosechada a mano en Ir\u00e1n, y venerada por sus propiedades medicinales.","robots":{"index":"index","follow":"follow","max-snippet":"max-snippet:-1","max-image-preview":"max-image-preview:large","max-video-preview":"max-video-preview:-1"},"canonical":"https:\/\/deliciaspersas.com\/fa\/tienda\/azafran\/azafran-espanol-5g-eupefran\/","og_locale":"fa_IR","og_type":"article","og_title":"Azafr\u00e1n espa\u00f1ol 5g Eupefran - Delicias Persas","og_description":"El\u00a0azafr\u00e1n puro espa\u00f1ol es una de las especias m\u00e1s cara del mundo cosechada a mano en Ir\u00e1n, y venerada por sus propiedades medicinales.","og_url":"https:\/\/deliciaspersas.com\/fa\/tienda\/azafran\/azafran-espanol-5g-eupefran\/","og_site_name":"Delicias Persas","article_publisher":"https:\/\/www.facebook.com\/Deliciaspersas","article_modified_time":"2024-10-21T13:51:25+00:00","og_image":[{"width":760,"height":760,"url":"https:\/\/deliciaspersas.com\/wp-content\/uploads\/Azafra\u0301n-espan\u0303ol-5g-Eupefran.jpeg","type":"image\/jpeg"}],"twitter_card":"summary_large_image","twitter_misc":{"\u0632\u0645\u0627\u0646 \u062a\u0642\u0631\u06cc\u0628\u06cc \u0628\u0631\u0627\u06cc \u062e\u0648\u0627\u0646\u062f\u0646":"2 \u062f\u0642\u06cc\u0642\u0647"},"schema":{"@context":"https:\/\/schema.org","@graph":[{"@type":"WebPage","@id":"https:\/\/deliciaspersas.com\/fa\/tienda\/azafran\/azafran-espanol-5g-eupefran\/","url":"https:\/\/deliciaspersas.com\/fa\/tienda\/azafran\/azafran-espanol-5g-eupefran\/","name":"Azafr\u00e1n espa\u00f1ol 5g Eupefran - Delicias Persas","isPartOf":{"@id":"https:\/\/deliciaspersas.com\/fa\/#website"},"primaryImageOfPage":{"@id":"https:\/\/deliciaspersas.com\/fa\/tienda\/azafran\/azafran-espanol-5g-eupefran\/#primaryimage"},"image":{"@id":"https:\/\/deliciaspersas.com\/fa\/tienda\/azafran\/azafran-espanol-5g-eupefran\/#primaryimage"},"thumbnailUrl":"https:\/\/deliciaspersas.com\/wp-content\/uploads\/Azafra\u0301n-espan\u0303ol-5g-Eupefran.jpeg","datePublished":"2021-04-29T11:15:45+00:00","dateModified":"2024-10-21T13:51:25+00:00","description":"El\u00a0azafr\u00e1n puro espa\u00f1ol es una de las especias m\u00e1s cara del mundo cosechada a mano en Ir\u00e1n, y venerada por sus propiedades medicinales.","breadcrumb":{"@id":"https:\/\/deliciaspersas.com\/fa\/tienda\/azafran\/azafran-espanol-5g-eupefran\/#breadcrumb"},"inLanguage":"fa-IR","potentialAction":[{"@type":"ReadAction","target":["https:\/\/deliciaspersas.com\/fa\/tienda\/azafran\/azafran-espanol-5g-eupefran\/"]}]},{"@type":"ImageObject","inLanguage":"fa-IR","@id":"https:\/\/deliciaspersas.com\/fa\/tienda\/azafran\/azafran-espanol-5g-eupefran\/#primaryimage","url":"https:\/\/deliciaspersas.com\/wp-content\/uploads\/Azafra\u0301n-espan\u0303ol-5g-Eupefran.jpeg","contentUrl":"https:\/\/deliciaspersas.com\/wp-content\/uploads\/Azafra\u0301n-espan\u0303ol-5g-Eupefran.jpeg","width":760,"height":760,"caption":"Azafra\u0301n espan\u0303ol 5g Eupefran"},{"@type":"BreadcrumbList","@id":"https:\/\/deliciaspersas.com\/fa\/tienda\/azafran\/azafran-espanol-5g-eupefran\/#breadcrumb","itemListElement":[{"@type":"ListItem","position":1,"name":"Portada","item":"https:\/\/deliciaspersas.com\/fa\/"},{"@type":"ListItem","position":2,"name":"Tienda","item":"https:\/\/deliciaspersas.com\/"},{"@type":"ListItem","position":3,"name":"Azafr\u00e1n espa\u00f1ol 5g Eupefran"}]},{"@type":"WebSite","@id":"https:\/\/deliciaspersas.com\/fa\/#website","url":"https:\/\/deliciaspersas.com\/fa\/","name":"Delicias Persas","description":"Gastronom&iacute;a persa al alcance de tus manos","publisher":{"@id":"https:\/\/deliciaspersas.com\/fa\/#organization"},"potentialAction":[{"@type":"SearchAction","target":{"@type":"EntryPoint","urlTemplate":"https:\/\/deliciaspersas.com\/fa\/?s={search_term_string}"},"query-input":{"@type":"PropertyValueSpecification","valueRequired":true,"valueName":"search_term_string"}}],"inLanguage":"fa-IR"},{"@type":"Organization","@id":"https:\/\/deliciaspersas.com\/fa\/#organization","name":"Delicias Persas","url":"https:\/\/deliciaspersas.com\/fa\/","logo":{"@type":"ImageObject","inLanguage":"fa-IR","@id":"https:\/\/deliciaspersas.com\/fa\/#\/schema\/logo\/image\/","url":"https:\/\/deliciaspersas.com\/wp-content\/uploads\/2020\/07\/logo-2020.png","contentUrl":"https:\/\/deliciaspersas.com\/wp-content\/uploads\/2020\/07\/logo-2020.png","width":520,"height":490,"caption":"Delicias Persas"},"image":{"@id":"https:\/\/deliciaspersas.com\/fa\/#\/schema\/logo\/image\/"},"sameAs":["https:\/\/www.facebook.com\/Deliciaspersas","https:\/\/www.instagram.com\/delicias_persas\/","https:\/\/www.linkedin.com\/delicias-persas"]}]}},"uagb_featured_image_src":{"full":["https:\/\/deliciaspersas.com\/wp-content\/uploads\/Azafra\u0301n-espan\u0303ol-5g-Eupefran.jpeg",760,760,false],"thumbnail":["https:\/\/deliciaspersas.com\/wp-content\/uploads\/Azafra\u0301n-espan\u0303ol-5g-Eupefran-150x150.jpeg",150,150,true],"medium":["https:\/\/deliciaspersas.com\/wp-content\/uploads\/Azafra\u0301n-espan\u0303ol-5g-Eupefran-300x300.jpeg",300,300,true],"medium_large":["https:\/\/deliciaspersas.com\/wp-content\/uploads\/Azafra\u0301n-espan\u0303ol-5g-Eupefran.jpeg",760,760,false],"large":["https:\/\/deliciaspersas.com\/wp-content\/uploads\/Azafra\u0301n-espan\u0303ol-5g-Eupefran.jpeg",760,760,false],"1536x1536":["https:\/\/deliciaspersas.com\/wp-content\/uploads\/Azafra\u0301n-espan\u0303ol-5g-Eupefran.jpeg",760,760,false],"2048x2048":["https:\/\/deliciaspersas.com\/wp-content\/uploads\/Azafra\u0301n-espan\u0303ol-5g-Eupefran.jpeg",760,760,false],"woocommerce_thumbnail":["https:\/\/deliciaspersas.com\/wp-content\/uploads\/Azafra\u0301n-espan\u0303ol-5g-Eupefran-300x300.jpeg",300,300,true],"woocommerce_single":["https:\/\/deliciaspersas.com\/wp-content\/uploads\/Azafra\u0301n-espan\u0303ol-5g-Eupefran-600x600.jpeg",600,600,true],"woocommerce_gallery_thumbnail":["https:\/\/deliciaspersas.com\/wp-content\/uploads\/Azafra\u0301n-espan\u0303ol-5g-Eupefran-100x100.jpeg",100,100,true]},"uagb_author_info":{"display_name":"admin","author_link":"https:\/\/deliciaspersas.com\/fa\/author\/"},"uagb_comment_info":0,"uagb_excerpt":"Azafr\u00e1n espa\u00f1ol 5g Eupefran Informaci\u00f3n del producto: El azafr\u00e1n es una de las especias m\u00e1s cara del mundo cosechada a mano en Espa\u00f1a, y venerada por sus propiedades medicinales al aumentar el libido, aumentar el estado de \u00e1nimo y mejorar la memoria. Usos: El azafr\u00e1n es una especia que se usa para el asma, la&hellip;","brands":[{"id":274,"name":"Euperan","slug":"euperan"}],"_links":{"self":[{"href":"https:\/\/deliciaspersas.com\/fa\/wp-json\/wp\/v2\/product\/7807"}],"collection":[{"href":"https:\/\/deliciaspersas.com\/fa\/wp-json\/wp\/v2\/product"}],"about":[{"href":"https:\/\/deliciaspersas.com\/fa\/wp-json\/wp\/v2\/types\/product"}],"wp:featuredmedia":[{"embeddable":true,"href":"https:\/\/deliciaspersas.com\/fa\/wp-json\/wp\/v2\/media\/7812"}],"wp:attachment":[{"href":"https:\/\/deliciaspersas.com\/fa\/wp-json\/wp\/v2\/media?parent=7807"}],"wp:term":[{"taxonomy":"pwb-brand","embeddable":true,"href":"https:\/\/deliciaspersas.com\/fa\/wp-json\/wp\/v2\/pwb-brand?post=7807"},{"taxonomy":"product_cat","embeddable":true,"href":"https:\/\/deliciaspersas.com\/fa\/wp-json\/wp\/v2\/product_cat?post=7807"},{"taxonomy":"product_tag","embeddable":true,"href":"https:\/\/deliciaspersas.com\/fa\/wp-json\/wp\/v2\/product_tag?post=7807"}],"curies":[{"name":"wp","href":"https:\/\/api.w.org\/{rel}","templated":true}]}}