{"id":7855,"date":"2021-04-29T14:04:37","date_gmt":"2021-04-29T12:04:37","guid":{"rendered":"https:\/\/deliciaspersas.com\/?post_type=product&#038;p=7855"},"modified":"2026-04-13T17:05:45","modified_gmt":"2026-04-13T15:05:45","slug":"sabzi-dolmeh-100g-sarashpaz","status":"publish","type":"product","link":"https:\/\/deliciaspersas.com\/fa\/tienda\/especias\/sabzi-dolmeh-100g-sarashpaz\/","title":{"rendered":"Hierba Sabzi Dolmeh 100g Sarashpaz"},"content":{"rendered":"<h1>hierba Sabzi Dolmeh 100g Sarashpaz<\/h1>\n<h6>Informaci\u00f3n del producto:<\/h6>\n<p>Hierbas secas para preparaci\u00f3n de un plato t\u00edpico persa llamado Dolme.<\/p>\n<h6>Usos:<\/h6>\n<p>Estas hierbas se usan en en plato Dolme o otros platos similares. Son una buena fuente de nutrientes, ya que incluyen vitaminas C, E, A, K y B6, adem\u00e1s de niacina, hierro, fibra, riboflavina, \u00e1cido f\u00f3lico, calcio, magnesio, cobre y manganeso. Una sola porci\u00f3n es muy saludable para el coraz\u00f3n, no tiene grasa ni colesterol y es baja en sodio y az\u00facar.<\/p>\n<h6>Beneficios:<\/h6>\n<p>Si tiene un problema inflamatorio como artritis, amigdalitis o inflamaci\u00f3n cr\u00f3nica, puedes usar estas hierbas para aliviarlos. este producto contiene \u00e1cidos grasos omega-3 y antioxidantes que son responsables del proceso inflamatorio. Esto ayudar\u00e1 a reducir la inflamaci\u00f3n y tratar\u00e1 enfermedades cr\u00f3nicas.<br \/>\nAs\u00ed mismo tiene una carga gluc\u00e9mica baja. Esta es una buena dieta, especialmente para pacientes con diabetes. Adem\u00e1s, el alto contenido de fibra en las hojas de parra puede reducir los niveles de glucosa en sangre.<\/p>\n<p>Son excelentes en fibra diet\u00e9tica y ayudan a mejorar la funci\u00f3n gastrointestinal y absorben los nutrientes.<\/p>\n<p>La fibra diet\u00e9tica de estas hierbas ayuda a prevenir el estre\u00f1imiento. Esta fibra digiere bien los alimentos, por lo que se puede eliminar f\u00e1cilmente del cuerpo.<br \/>\nContienen minerales de zinc que pueden proteger la mucosa intestinal. Este mecanismo ayuda a que el intestino sane r\u00e1pidamente cuando hay moco, como un problema de diarrea.<\/p>\n<p>Analogamente son ricas en hierro mineral, que ayuda a prevenir la anemia. Este mineral juega un papel importante en la formaci\u00f3n de hemoglobina en los gl\u00f3bulos rojos. Estos beneficios para la salud tambi\u00e9n est\u00e1n respaldados por la vitamina C, que ayuda a absorber bien el hierro. Son ricas en vitamina C, que es la mejor vitamina para estimular el sistema inmunol\u00f3gico, lo que mantendr\u00e1 sus anticuerpos alerta para combatir las bacterias o virus que puedan ingresar al cuerpo.<\/p>\n<div class=\"step\">\n<div class=\"paragraph\">\n<p><span style=\"font-size: 1.1em; font-weight: bold;\">Ingredientes y al\u00e9rgenos:<\/span><\/p>\n<\/div>\n<\/div>\n<p>Hierbas.<\/p>\n<h6>Condiciones de conservaci\u00f3n:<\/h6>\n<p>Conservar en un lugar fresco, seco y protegido de la luz.<\/p>\n<h6>Informaci\u00f3n adicional:<\/h6>\n<p>Fabricado por: Sarashpaz<\/p>\n","protected":false},"excerpt":{"rendered":"<p>hierba Sabzi Dolmeh 100g Sarashpaz Informaci\u00f3n del producto: Hierbas secas para preparaci\u00f3n de un plato t\u00edpico persa llamado Dolme. Usos: Estas hierbas se usan en en plato Dolme o otros platos similares. Son una buena fuente de nutrientes, ya que incluyen vitaminas C, E, A, K y B6, adem\u00e1s de niacina, hierro, fibra, riboflavina, \u00e1cido [&hellip;]<\/p>\n","protected":false},"featured_media":7856,"template":"","meta":{"_surecart_dashboard_logo_width":"180px","_surecart_dashboard_show_logo":true,"_surecart_dashboard_navigation_orders":true,"_surecart_dashboard_navigation_invoices":true,"_surecart_dashboard_navigation_subscriptions":true,"_surecart_dashboard_navigation_downloads":true,"_surecart_dashboard_navigation_billing":true,"_surecart_dashboard_navigation_account":true,"_uag_custom_page_level_css":"","site-sidebar-layout":"default","site-content-layout":"default","ast-site-content-layout":"","site-content-style":"default","site-sidebar-style":"default","ast-global-header-display":"","ast-banner-title-visibility":"","ast-main-header-display":"","ast-hfb-above-header-display":"","ast-hfb-below-header-display":"","ast-hfb-mobile-header-display":"","site-post-title":"","ast-breadcrumbs-content":"","ast-featured-img":"","footer-sml-layout":"","theme-transparent-header-meta":"default","adv-header-id-meta":"","stick-header-meta":"","header-above-stick-meta":"","header-main-stick-meta":"","header-below-stick-meta":"","astra-migrate-meta-layouts":"default","ast-page-background-enabled":"default","ast-page-background-meta":{"desktop":{"background-color":"","background-image":"","background-repeat":"repeat","background-position":"center center","background-size":"auto","background-attachment":"scroll","background-type":"","background-media":"","overlay-type":"","overlay-color":"","overlay-opacity":"","overlay-gradient":""},"tablet":{"background-color":"","background-image":"","background-repeat":"repeat","background-position":"center center","background-size":"auto","background-attachment":"scroll","background-type":"","background-media":"","overlay-type":"","overlay-color":"","overlay-opacity":"","overlay-gradient":""},"mobile":{"background-color":"","background-image":"","background-repeat":"repeat","background-position":"center center","background-size":"auto","background-attachment":"scroll","background-type":"","background-media":"","overlay-type":"","overlay-color":"","overlay-opacity":"","overlay-gradient":""}},"ast-content-background-meta":{"desktop":{"background-color":"var(--ast-global-color-5)","background-image":"","background-repeat":"repeat","background-position":"center center","background-size":"auto","background-attachment":"scroll","background-type":"","background-media":"","overlay-type":"","overlay-color":"","overlay-opacity":"","overlay-gradient":""},"tablet":{"background-color":"var(--ast-global-color-5)","background-image":"","background-repeat":"repeat","background-position":"center center","background-size":"auto","background-attachment":"scroll","background-type":"","background-media":"","overlay-type":"","overlay-color":"","overlay-opacity":"","overlay-gradient":""},"mobile":{"background-color":"var(--ast-global-color-5)","background-image":"","background-repeat":"repeat","background-position":"center center","background-size":"auto","background-attachment":"scroll","background-type":"","background-media":"","overlay-type":"","overlay-color":"","overlay-opacity":"","overlay-gradient":""}}},"pwb-brand":[199],"product_cat":[32,41,44],"product_tag":[1062,607,235],"class_list":{"0":"post-7855","1":"product","2":"type-product","3":"status-publish","4":"has-post-thumbnail","6":"pwb-brand-sarashpaz","7":"product_cat-especias","8":"product_cat-hierbas","9":"product_cat-ofertas","10":"product_tag-especia","11":"product_tag-hierbas","12":"product_tag-235","13":"desktop-align-center","14":"tablet-align-center","15":"mobile-align-center","17":"first","18":"instock","19":"taxable","20":"shipping-taxable","21":"purchasable","22":"product-type-simple"},"yoast_head":"<!-- This site is optimized with the Yoast SEO plugin v23.6 - https:\/\/yoast.com\/wordpress\/plugins\/seo\/ -->\n<title>Hierba Sabzi Dolmeh 100g Sarashpaz - Delicias Persas<\/title>\n<meta name=\"description\" content=\"Esta hierba es empleada para la preparaci\u00f3n del kookoo, un plato similar a la frittata de verduras frescas en suficiente huevo.\" \/>\n<meta name=\"robots\" content=\"index, follow, max-snippet:-1, max-image-preview:large, max-video-preview:-1\" \/>\n<link rel=\"canonical\" href=\"https:\/\/deliciaspersas.com\/fa\/tienda\/especias\/sabzi-dolmeh-100g-sarashpaz\/\" \/>\n<meta property=\"og:locale\" content=\"fa_IR\" \/>\n<meta property=\"og:type\" content=\"article\" \/>\n<meta property=\"og:title\" content=\"Hierba Sabzi Dolmeh 100g Sarashpaz - Delicias Persas\" \/>\n<meta property=\"og:description\" content=\"Esta hierba es empleada para la preparaci\u00f3n del kookoo, un plato similar a la frittata de verduras frescas en suficiente huevo.\" \/>\n<meta property=\"og:url\" content=\"https:\/\/deliciaspersas.com\/fa\/tienda\/especias\/sabzi-dolmeh-100g-sarashpaz\/\" \/>\n<meta property=\"og:site_name\" content=\"Delicias Persas\" \/>\n<meta property=\"article:publisher\" content=\"https:\/\/www.facebook.com\/Deliciaspersas\" \/>\n<meta property=\"article:modified_time\" content=\"2026-04-13T15:05:45+00:00\" \/>\n<meta property=\"og:image\" content=\"https:\/\/deliciaspersas.com\/wp-content\/uploads\/Sabzi-Dolmeh-100g-Sarashpaz.jpg\" \/>\n\t<meta property=\"og:image:width\" content=\"760\" \/>\n\t<meta property=\"og:image:height\" content=\"760\" \/>\n\t<meta property=\"og:image:type\" content=\"image\/jpeg\" \/>\n<meta name=\"twitter:card\" content=\"summary_large_image\" \/>\n<meta name=\"twitter:label1\" content=\"\u0632\u0645\u0627\u0646 \u062a\u0642\u0631\u06cc\u0628\u06cc \u0628\u0631\u0627\u06cc \u062e\u0648\u0627\u0646\u062f\u0646\" \/>\n\t<meta name=\"twitter:data1\" content=\"2 \u062f\u0642\u06cc\u0642\u0647\" \/>\n<script type=\"application\/ld+json\" class=\"yoast-schema-graph\">{\"@context\":\"https:\/\/schema.org\",\"@graph\":[{\"@type\":\"WebPage\",\"@id\":\"https:\/\/deliciaspersas.com\/fa\/tienda\/especias\/sabzi-dolmeh-100g-sarashpaz\/\",\"url\":\"https:\/\/deliciaspersas.com\/fa\/tienda\/especias\/sabzi-dolmeh-100g-sarashpaz\/\",\"name\":\"Hierba Sabzi Dolmeh 100g Sarashpaz - Delicias Persas\",\"isPartOf\":{\"@id\":\"https:\/\/deliciaspersas.com\/fa\/#website\"},\"primaryImageOfPage\":{\"@id\":\"https:\/\/deliciaspersas.com\/fa\/tienda\/especias\/sabzi-dolmeh-100g-sarashpaz\/#primaryimage\"},\"image\":{\"@id\":\"https:\/\/deliciaspersas.com\/fa\/tienda\/especias\/sabzi-dolmeh-100g-sarashpaz\/#primaryimage\"},\"thumbnailUrl\":\"https:\/\/deliciaspersas.com\/wp-content\/uploads\/Sabzi-Dolmeh-100g-Sarashpaz.jpg\",\"datePublished\":\"2021-04-29T12:04:37+00:00\",\"dateModified\":\"2026-04-13T15:05:45+00:00\",\"description\":\"Esta hierba es empleada para la preparaci\u00f3n del kookoo, un plato similar a la frittata de verduras frescas en suficiente huevo.\",\"breadcrumb\":{\"@id\":\"https:\/\/deliciaspersas.com\/fa\/tienda\/especias\/sabzi-dolmeh-100g-sarashpaz\/#breadcrumb\"},\"inLanguage\":\"fa-IR\",\"potentialAction\":[{\"@type\":\"ReadAction\",\"target\":[\"https:\/\/deliciaspersas.com\/fa\/tienda\/especias\/sabzi-dolmeh-100g-sarashpaz\/\"]}]},{\"@type\":\"ImageObject\",\"inLanguage\":\"fa-IR\",\"@id\":\"https:\/\/deliciaspersas.com\/fa\/tienda\/especias\/sabzi-dolmeh-100g-sarashpaz\/#primaryimage\",\"url\":\"https:\/\/deliciaspersas.com\/wp-content\/uploads\/Sabzi-Dolmeh-100g-Sarashpaz.jpg\",\"contentUrl\":\"https:\/\/deliciaspersas.com\/wp-content\/uploads\/Sabzi-Dolmeh-100g-Sarashpaz.jpg\",\"width\":760,\"height\":760,\"caption\":\"Sabzi Dolmeh 100g Sarashpaz\"},{\"@type\":\"BreadcrumbList\",\"@id\":\"https:\/\/deliciaspersas.com\/fa\/tienda\/especias\/sabzi-dolmeh-100g-sarashpaz\/#breadcrumb\",\"itemListElement\":[{\"@type\":\"ListItem\",\"position\":1,\"name\":\"Portada\",\"item\":\"https:\/\/deliciaspersas.com\/fa\/\"},{\"@type\":\"ListItem\",\"position\":2,\"name\":\"Tienda\",\"item\":\"https:\/\/deliciaspersas.com\/\"},{\"@type\":\"ListItem\",\"position\":3,\"name\":\"Hierba Sabzi Dolmeh 100g Sarashpaz\"}]},{\"@type\":\"WebSite\",\"@id\":\"https:\/\/deliciaspersas.com\/fa\/#website\",\"url\":\"https:\/\/deliciaspersas.com\/fa\/\",\"name\":\"Delicias Persas\",\"description\":\"Gastronom&iacute;a persa al alcance de tus manos\",\"publisher\":{\"@id\":\"https:\/\/deliciaspersas.com\/fa\/#organization\"},\"potentialAction\":[{\"@type\":\"SearchAction\",\"target\":{\"@type\":\"EntryPoint\",\"urlTemplate\":\"https:\/\/deliciaspersas.com\/fa\/?s={search_term_string}\"},\"query-input\":{\"@type\":\"PropertyValueSpecification\",\"valueRequired\":true,\"valueName\":\"search_term_string\"}}],\"inLanguage\":\"fa-IR\"},{\"@type\":\"Organization\",\"@id\":\"https:\/\/deliciaspersas.com\/fa\/#organization\",\"name\":\"Delicias Persas\",\"url\":\"https:\/\/deliciaspersas.com\/fa\/\",\"logo\":{\"@type\":\"ImageObject\",\"inLanguage\":\"fa-IR\",\"@id\":\"https:\/\/deliciaspersas.com\/fa\/#\/schema\/logo\/image\/\",\"url\":\"https:\/\/deliciaspersas.com\/wp-content\/uploads\/2020\/07\/logo-2020.png\",\"contentUrl\":\"https:\/\/deliciaspersas.com\/wp-content\/uploads\/2020\/07\/logo-2020.png\",\"width\":520,\"height\":490,\"caption\":\"Delicias Persas\"},\"image\":{\"@id\":\"https:\/\/deliciaspersas.com\/fa\/#\/schema\/logo\/image\/\"},\"sameAs\":[\"https:\/\/www.facebook.com\/Deliciaspersas\",\"https:\/\/www.instagram.com\/delicias_persas\/\",\"https:\/\/www.linkedin.com\/delicias-persas\"]}]}<\/script>\n<!-- \/ Yoast SEO plugin. -->","yoast_head_json":{"title":"Hierba Sabzi Dolmeh 100g Sarashpaz - Delicias Persas","description":"Esta hierba es empleada para la preparaci\u00f3n del kookoo, un plato similar a la frittata de verduras frescas en suficiente huevo.","robots":{"index":"index","follow":"follow","max-snippet":"max-snippet:-1","max-image-preview":"max-image-preview:large","max-video-preview":"max-video-preview:-1"},"canonical":"https:\/\/deliciaspersas.com\/fa\/tienda\/especias\/sabzi-dolmeh-100g-sarashpaz\/","og_locale":"fa_IR","og_type":"article","og_title":"Hierba Sabzi Dolmeh 100g Sarashpaz - Delicias Persas","og_description":"Esta hierba es empleada para la preparaci\u00f3n del kookoo, un plato similar a la frittata de verduras frescas en suficiente huevo.","og_url":"https:\/\/deliciaspersas.com\/fa\/tienda\/especias\/sabzi-dolmeh-100g-sarashpaz\/","og_site_name":"Delicias Persas","article_publisher":"https:\/\/www.facebook.com\/Deliciaspersas","article_modified_time":"2026-04-13T15:05:45+00:00","og_image":[{"width":760,"height":760,"url":"https:\/\/deliciaspersas.com\/wp-content\/uploads\/Sabzi-Dolmeh-100g-Sarashpaz.jpg","type":"image\/jpeg"}],"twitter_card":"summary_large_image","twitter_misc":{"\u0632\u0645\u0627\u0646 \u062a\u0642\u0631\u06cc\u0628\u06cc \u0628\u0631\u0627\u06cc \u062e\u0648\u0627\u0646\u062f\u0646":"2 \u062f\u0642\u06cc\u0642\u0647"},"schema":{"@context":"https:\/\/schema.org","@graph":[{"@type":"WebPage","@id":"https:\/\/deliciaspersas.com\/fa\/tienda\/especias\/sabzi-dolmeh-100g-sarashpaz\/","url":"https:\/\/deliciaspersas.com\/fa\/tienda\/especias\/sabzi-dolmeh-100g-sarashpaz\/","name":"Hierba Sabzi Dolmeh 100g Sarashpaz - Delicias Persas","isPartOf":{"@id":"https:\/\/deliciaspersas.com\/fa\/#website"},"primaryImageOfPage":{"@id":"https:\/\/deliciaspersas.com\/fa\/tienda\/especias\/sabzi-dolmeh-100g-sarashpaz\/#primaryimage"},"image":{"@id":"https:\/\/deliciaspersas.com\/fa\/tienda\/especias\/sabzi-dolmeh-100g-sarashpaz\/#primaryimage"},"thumbnailUrl":"https:\/\/deliciaspersas.com\/wp-content\/uploads\/Sabzi-Dolmeh-100g-Sarashpaz.jpg","datePublished":"2021-04-29T12:04:37+00:00","dateModified":"2026-04-13T15:05:45+00:00","description":"Esta hierba es empleada para la preparaci\u00f3n del kookoo, un plato similar a la frittata de verduras frescas en suficiente huevo.","breadcrumb":{"@id":"https:\/\/deliciaspersas.com\/fa\/tienda\/especias\/sabzi-dolmeh-100g-sarashpaz\/#breadcrumb"},"inLanguage":"fa-IR","potentialAction":[{"@type":"ReadAction","target":["https:\/\/deliciaspersas.com\/fa\/tienda\/especias\/sabzi-dolmeh-100g-sarashpaz\/"]}]},{"@type":"ImageObject","inLanguage":"fa-IR","@id":"https:\/\/deliciaspersas.com\/fa\/tienda\/especias\/sabzi-dolmeh-100g-sarashpaz\/#primaryimage","url":"https:\/\/deliciaspersas.com\/wp-content\/uploads\/Sabzi-Dolmeh-100g-Sarashpaz.jpg","contentUrl":"https:\/\/deliciaspersas.com\/wp-content\/uploads\/Sabzi-Dolmeh-100g-Sarashpaz.jpg","width":760,"height":760,"caption":"Sabzi Dolmeh 100g Sarashpaz"},{"@type":"BreadcrumbList","@id":"https:\/\/deliciaspersas.com\/fa\/tienda\/especias\/sabzi-dolmeh-100g-sarashpaz\/#breadcrumb","itemListElement":[{"@type":"ListItem","position":1,"name":"Portada","item":"https:\/\/deliciaspersas.com\/fa\/"},{"@type":"ListItem","position":2,"name":"Tienda","item":"https:\/\/deliciaspersas.com\/"},{"@type":"ListItem","position":3,"name":"Hierba Sabzi Dolmeh 100g Sarashpaz"}]},{"@type":"WebSite","@id":"https:\/\/deliciaspersas.com\/fa\/#website","url":"https:\/\/deliciaspersas.com\/fa\/","name":"Delicias Persas","description":"Gastronom&iacute;a persa al alcance de tus manos","publisher":{"@id":"https:\/\/deliciaspersas.com\/fa\/#organization"},"potentialAction":[{"@type":"SearchAction","target":{"@type":"EntryPoint","urlTemplate":"https:\/\/deliciaspersas.com\/fa\/?s={search_term_string}"},"query-input":{"@type":"PropertyValueSpecification","valueRequired":true,"valueName":"search_term_string"}}],"inLanguage":"fa-IR"},{"@type":"Organization","@id":"https:\/\/deliciaspersas.com\/fa\/#organization","name":"Delicias Persas","url":"https:\/\/deliciaspersas.com\/fa\/","logo":{"@type":"ImageObject","inLanguage":"fa-IR","@id":"https:\/\/deliciaspersas.com\/fa\/#\/schema\/logo\/image\/","url":"https:\/\/deliciaspersas.com\/wp-content\/uploads\/2020\/07\/logo-2020.png","contentUrl":"https:\/\/deliciaspersas.com\/wp-content\/uploads\/2020\/07\/logo-2020.png","width":520,"height":490,"caption":"Delicias Persas"},"image":{"@id":"https:\/\/deliciaspersas.com\/fa\/#\/schema\/logo\/image\/"},"sameAs":["https:\/\/www.facebook.com\/Deliciaspersas","https:\/\/www.instagram.com\/delicias_persas\/","https:\/\/www.linkedin.com\/delicias-persas"]}]}},"uagb_featured_image_src":{"full":["https:\/\/deliciaspersas.com\/wp-content\/uploads\/Sabzi-Dolmeh-100g-Sarashpaz.jpg",760,760,false],"thumbnail":["https:\/\/deliciaspersas.com\/wp-content\/uploads\/Sabzi-Dolmeh-100g-Sarashpaz-150x150.jpg",150,150,true],"medium":["https:\/\/deliciaspersas.com\/wp-content\/uploads\/Sabzi-Dolmeh-100g-Sarashpaz-300x300.jpg",300,300,true],"medium_large":["https:\/\/deliciaspersas.com\/wp-content\/uploads\/Sabzi-Dolmeh-100g-Sarashpaz.jpg",760,760,false],"large":["https:\/\/deliciaspersas.com\/wp-content\/uploads\/Sabzi-Dolmeh-100g-Sarashpaz.jpg",760,760,false],"1536x1536":["https:\/\/deliciaspersas.com\/wp-content\/uploads\/Sabzi-Dolmeh-100g-Sarashpaz.jpg",760,760,false],"2048x2048":["https:\/\/deliciaspersas.com\/wp-content\/uploads\/Sabzi-Dolmeh-100g-Sarashpaz.jpg",760,760,false],"woocommerce_thumbnail":["https:\/\/deliciaspersas.com\/wp-content\/uploads\/Sabzi-Dolmeh-100g-Sarashpaz-300x300.jpg",300,300,true],"woocommerce_single":["https:\/\/deliciaspersas.com\/wp-content\/uploads\/Sabzi-Dolmeh-100g-Sarashpaz-600x600.jpg",600,600,true],"woocommerce_gallery_thumbnail":["https:\/\/deliciaspersas.com\/wp-content\/uploads\/Sabzi-Dolmeh-100g-Sarashpaz-100x100.jpg",100,100,true]},"uagb_author_info":{"display_name":"admin","author_link":"https:\/\/deliciaspersas.com\/fa\/author\/"},"uagb_comment_info":0,"uagb_excerpt":"hierba Sabzi Dolmeh 100g Sarashpaz Informaci\u00f3n del producto: Hierbas secas para preparaci\u00f3n de un plato t\u00edpico persa llamado Dolme. Usos: Estas hierbas se usan en en plato Dolme o otros platos similares. Son una buena fuente de nutrientes, ya que incluyen vitaminas C, E, A, K y B6, adem\u00e1s de niacina, hierro, fibra, riboflavina, \u00e1cido&hellip;","brands":[{"id":199,"name":"Sarashpaz","slug":"sarashpaz"}],"_links":{"self":[{"href":"https:\/\/deliciaspersas.com\/fa\/wp-json\/wp\/v2\/product\/7855"}],"collection":[{"href":"https:\/\/deliciaspersas.com\/fa\/wp-json\/wp\/v2\/product"}],"about":[{"href":"https:\/\/deliciaspersas.com\/fa\/wp-json\/wp\/v2\/types\/product"}],"wp:featuredmedia":[{"embeddable":true,"href":"https:\/\/deliciaspersas.com\/fa\/wp-json\/wp\/v2\/media\/7856"}],"wp:attachment":[{"href":"https:\/\/deliciaspersas.com\/fa\/wp-json\/wp\/v2\/media?parent=7855"}],"wp:term":[{"taxonomy":"pwb-brand","embeddable":true,"href":"https:\/\/deliciaspersas.com\/fa\/wp-json\/wp\/v2\/pwb-brand?post=7855"},{"taxonomy":"product_cat","embeddable":true,"href":"https:\/\/deliciaspersas.com\/fa\/wp-json\/wp\/v2\/product_cat?post=7855"},{"taxonomy":"product_tag","embeddable":true,"href":"https:\/\/deliciaspersas.com\/fa\/wp-json\/wp\/v2\/product_tag?post=7855"}],"curies":[{"name":"wp","href":"https:\/\/api.w.org\/{rel}","templated":true}]}}