{"id":7887,"date":"2021-05-07T18:46:32","date_gmt":"2021-05-07T16:46:32","guid":{"rendered":"https:\/\/deliciaspersas.com\/?post_type=product&#038;p=7887"},"modified":"2021-11-18T03:56:33","modified_gmt":"2021-11-18T02:56:33","slug":"%d8%aa%d8%ae%d9%85%d9%87-%da%a9%d8%af%d9%88-%d8%b1%db%8c%d8%b2-300-%da%af%d8%b1%d9%85%db%8c-%d8%b3%d8%b1%d8%a2%d8%b4%d9%be%d8%b2","status":"publish","type":"product","link":"https:\/\/deliciaspersas.com\/fa\/tienda\/secos\/%d8%aa%d8%ae%d9%85%d9%87-%da%a9%d8%af%d9%88-%d8%b1%db%8c%d8%b2-300-%da%af%d8%b1%d9%85%db%8c-%d8%b3%d8%b1%d8%a2%d8%b4%d9%be%d8%b2\/","title":{"rendered":"semillas de calabaza 240 g dayan"},"content":{"rendered":"<h1>similas de calabaza 300 g sarashpaz<\/h1>\n<h6>Informaci\u00f3n del producto:<\/h6>\n<h6>Usos:<\/h6>\n<p class=\"p1\">El similas de calabaza es un a\u00f1adido de nuestros platos, comunmente a\u00f1adido al arroz, y es empleado en diferentes platos como el &#8220;Zereshk polo&#8221;. Adem\u00e1s, posee diversos beneficios como: promueve la secreci\u00f3n de bilis por la ves\u00edcula y ayuda a prevenir los c\u00e1lculos biliares. Act\u00faa como un excelente agente antibacteriano en infecciones del tracto digestivo que pueden manifestarse con c\u00f3licos o diarreas.<\/p>\n<h6>Beneficios:<\/h6>\n<p>Zereshk es una rica fuente de vitamina C. Tambi\u00e9n contiene vitaminas B, como tiamina y minerales como el zinc.<\/p>\n<p>Este producto contiene elementos de gran valor medicinal, este qu\u00edmico se utiliza como antibi\u00f3tico para matar bacterias, hongos y protozoos.<\/p>\n<p>Los frutos, los tallos y la corteza de la ra\u00edz de Zereshk contienen sustancias qu\u00edmicas como alcaloides e isoquinolina que son suficientemente eficaces en el tratamiento de diversas enfermedades.<\/p>\n<p>Ayuda a reducir la inflamaci\u00f3n. De hecho, la inflamaci\u00f3n es la causa principal de algunas enfermedades infecciosas, y el tratamiento de estas inflamaciones puede ser tolerable al causar pocos s\u00edntomas. Contiene algunos agentes antibacterianos y antif\u00fangicos, lo que lo convierte en una excelente soluci\u00f3n para combatir la infecci\u00f3n.<\/p>\n<p>Otro beneficio para la salud de este producto es el tratamiento de las infecciones del tracto urinario.<br \/>\nUno de los beneficios m\u00e1s importantes de Zereshk es que, debido a la presencia de algunos agentes antibacterianos y antif\u00fangicos, puede ayudar a tratar las infecciones gastrointestinales.<br \/>\nAdem\u00e1s ayuda a tratar el dolor de garganta y algunas afecciones leves, como los resfriados. Esto se debe a la presencia de vitamina C en \u00e9l.<\/p>\n<p>Todas las frutas contienen mucha fibra, lo que es bueno para la digesti\u00f3n. Zereshk tambi\u00e9n es \u00fatil para mejorar la digesti\u00f3n debido a su rico contenido en fibra. Adem\u00e1s, los efectos antibacterianos y antif\u00fangicos de este producto pueden ayudar a mantener un cuerpo sano y libre de infecciones.<\/p>\n<div class=\"step\">\n<div class=\"paragraph\">\n<p><span style=\"font-size: 1.1em;font-weight: bold\">Ingredientes y al\u00e9rgenos:<\/span><\/p>\n<\/div>\n<\/div>\n<p>Zereshk.<\/p>\n<h6>Condiciones de conservaci\u00f3n:<\/h6>\n<p>Conservar en un lugar fresco, seco y protegido de la luz.<\/p>\n<h6>Informaci\u00f3n adicional:<\/h6>\n<p>Fabricado por: Donya<\/p>\n<p><span class=\"LrzXr\">UNIT 1B, 6 Greycaine Rd<\/span><\/p>\n<p><span class=\"LrzXr\">Watford WD24 7GP, <\/span><\/p>\n<p><span class=\"LrzXr\">Reino Unido<\/span><\/p>\n","protected":false},"excerpt":{"rendered":"<p>similas de calabaza 300 g sarashpaz Informaci\u00f3n del producto: Usos: El similas de calabaza es un a\u00f1adido de nuestros platos, comunmente a\u00f1adido al arroz, y es empleado en diferentes platos como el &#8220;Zereshk polo&#8221;. Adem\u00e1s, posee diversos beneficios como: promueve la secreci\u00f3n de bilis por la ves\u00edcula y ayuda a prevenir los c\u00e1lculos biliares. Act\u00faa [&hellip;]<\/p>\n","protected":false},"featured_media":8432,"template":"","meta":{"_surecart_dashboard_logo_width":"180px","_surecart_dashboard_show_logo":true,"_surecart_dashboard_navigation_orders":true,"_surecart_dashboard_navigation_invoices":true,"_surecart_dashboard_navigation_subscriptions":true,"_surecart_dashboard_navigation_downloads":true,"_surecart_dashboard_navigation_billing":true,"_surecart_dashboard_navigation_account":true,"_uag_custom_page_level_css":"","site-sidebar-layout":"default","site-content-layout":"default","ast-site-content-layout":"","site-content-style":"default","site-sidebar-style":"default","ast-global-header-display":"","ast-banner-title-visibility":"","ast-main-header-display":"","ast-hfb-above-header-display":"","ast-hfb-below-header-display":"","ast-hfb-mobile-header-display":"","site-post-title":"","ast-breadcrumbs-content":"","ast-featured-img":"","footer-sml-layout":"","theme-transparent-header-meta":"default","adv-header-id-meta":"","stick-header-meta":"","header-above-stick-meta":"","header-main-stick-meta":"","header-below-stick-meta":"","astra-migrate-meta-layouts":"default","ast-page-background-enabled":"default","ast-page-background-meta":{"desktop":{"background-color":"","background-image":"","background-repeat":"repeat","background-position":"center center","background-size":"auto","background-attachment":"scroll","background-type":"","background-media":"","overlay-type":"","overlay-color":"","overlay-opacity":"","overlay-gradient":""},"tablet":{"background-color":"","background-image":"","background-repeat":"repeat","background-position":"center center","background-size":"auto","background-attachment":"scroll","background-type":"","background-media":"","overlay-type":"","overlay-color":"","overlay-opacity":"","overlay-gradient":""},"mobile":{"background-color":"","background-image":"","background-repeat":"repeat","background-position":"center center","background-size":"auto","background-attachment":"scroll","background-type":"","background-media":"","overlay-type":"","overlay-color":"","overlay-opacity":"","overlay-gradient":""}},"ast-content-background-meta":{"desktop":{"background-color":"var(--ast-global-color-5)","background-image":"","background-repeat":"repeat","background-position":"center center","background-size":"auto","background-attachment":"scroll","background-type":"","background-media":"","overlay-type":"","overlay-color":"","overlay-opacity":"","overlay-gradient":""},"tablet":{"background-color":"var(--ast-global-color-5)","background-image":"","background-repeat":"repeat","background-position":"center center","background-size":"auto","background-attachment":"scroll","background-type":"","background-media":"","overlay-type":"","overlay-color":"","overlay-opacity":"","overlay-gradient":""},"mobile":{"background-color":"var(--ast-global-color-5)","background-image":"","background-repeat":"repeat","background-position":"center center","background-size":"auto","background-attachment":"scroll","background-type":"","background-media":"","overlay-type":"","overlay-color":"","overlay-opacity":"","overlay-gradient":""}}},"pwb-brand":[199],"product_cat":[40],"product_tag":[282,280,281,283,279],"class_list":{"0":"post-7887","1":"product","2":"type-product","3":"status-publish","4":"has-post-thumbnail","6":"pwb-brand-sarashpaz","7":"product_cat-secos","8":"product_tag-282","9":"product_tag-280","10":"product_tag-281","11":"product_tag-283","12":"product_tag-279","13":"desktop-align-center","14":"tablet-align-center","15":"mobile-align-center","17":"first","18":"instock","19":"taxable","20":"shipping-taxable","21":"purchasable","22":"product-type-simple"},"yoast_head":"<!-- This site is optimized with the Yoast SEO plugin v23.6 - https:\/\/yoast.com\/wordpress\/plugins\/seo\/ -->\n<title>semillas de calabaza 240 g dayan - Delicias Persas<\/title>\n<meta name=\"description\" content=\"El similas de calabaza 300 g sarashpaz es un a\u00f1adido de nuestros platos, comunmente a\u00f1adido al arroz, y es empleado en diferentes\" \/>\n<meta name=\"robots\" content=\"index, follow, max-snippet:-1, max-image-preview:large, max-video-preview:-1\" \/>\n<link rel=\"canonical\" href=\"https:\/\/deliciaspersas.com\/fa\/tienda\/secos\/%d8%aa%d8%ae%d9%85%d9%87-%da%a9%d8%af%d9%88-%d8%b1%db%8c%d8%b2-300-%da%af%d8%b1%d9%85%db%8c-%d8%b3%d8%b1%d8%a2%d8%b4%d9%be%d8%b2\/\" \/>\n<meta property=\"og:locale\" content=\"fa_IR\" \/>\n<meta property=\"og:type\" content=\"article\" \/>\n<meta property=\"og:title\" content=\"semillas de calabaza 240 g dayan - Delicias Persas\" \/>\n<meta property=\"og:description\" content=\"El similas de calabaza 300 g sarashpaz es un a\u00f1adido de nuestros platos, comunmente a\u00f1adido al arroz, y es empleado en diferentes\" \/>\n<meta property=\"og:url\" content=\"https:\/\/deliciaspersas.com\/fa\/tienda\/secos\/%d8%aa%d8%ae%d9%85%d9%87-%da%a9%d8%af%d9%88-%d8%b1%db%8c%d8%b2-300-%da%af%d8%b1%d9%85%db%8c-%d8%b3%d8%b1%d8%a2%d8%b4%d9%be%d8%b2\/\" \/>\n<meta property=\"og:site_name\" content=\"Delicias Persas\" \/>\n<meta property=\"article:publisher\" content=\"https:\/\/www.facebook.com\/Deliciaspersas\" \/>\n<meta property=\"article:modified_time\" content=\"2021-11-18T02:56:33+00:00\" \/>\n<meta property=\"og:image\" content=\"https:\/\/deliciaspersas.com\/wp-content\/uploads\/download-removebg-preview-2.png\" \/>\n\t<meta property=\"og:image:width\" content=\"225\" \/>\n\t<meta property=\"og:image:height\" content=\"225\" \/>\n\t<meta property=\"og:image:type\" content=\"image\/png\" \/>\n<meta name=\"twitter:card\" content=\"summary_large_image\" \/>\n<meta name=\"twitter:label1\" content=\"\u0632\u0645\u0627\u0646 \u062a\u0642\u0631\u06cc\u0628\u06cc \u0628\u0631\u0627\u06cc \u062e\u0648\u0627\u0646\u062f\u0646\" \/>\n\t<meta name=\"twitter:data1\" content=\"2 \u062f\u0642\u06cc\u0642\u0647\" \/>\n<script type=\"application\/ld+json\" class=\"yoast-schema-graph\">{\"@context\":\"https:\/\/schema.org\",\"@graph\":[{\"@type\":\"WebPage\",\"@id\":\"https:\/\/deliciaspersas.com\/fa\/tienda\/secos\/%d8%aa%d8%ae%d9%85%d9%87-%da%a9%d8%af%d9%88-%d8%b1%db%8c%d8%b2-300-%da%af%d8%b1%d9%85%db%8c-%d8%b3%d8%b1%d8%a2%d8%b4%d9%be%d8%b2\/\",\"url\":\"https:\/\/deliciaspersas.com\/fa\/tienda\/secos\/%d8%aa%d8%ae%d9%85%d9%87-%da%a9%d8%af%d9%88-%d8%b1%db%8c%d8%b2-300-%da%af%d8%b1%d9%85%db%8c-%d8%b3%d8%b1%d8%a2%d8%b4%d9%be%d8%b2\/\",\"name\":\"semillas de calabaza 240 g dayan - Delicias Persas\",\"isPartOf\":{\"@id\":\"https:\/\/deliciaspersas.com\/fa\/#website\"},\"primaryImageOfPage\":{\"@id\":\"https:\/\/deliciaspersas.com\/fa\/tienda\/secos\/%d8%aa%d8%ae%d9%85%d9%87-%da%a9%d8%af%d9%88-%d8%b1%db%8c%d8%b2-300-%da%af%d8%b1%d9%85%db%8c-%d8%b3%d8%b1%d8%a2%d8%b4%d9%be%d8%b2\/#primaryimage\"},\"image\":{\"@id\":\"https:\/\/deliciaspersas.com\/fa\/tienda\/secos\/%d8%aa%d8%ae%d9%85%d9%87-%da%a9%d8%af%d9%88-%d8%b1%db%8c%d8%b2-300-%da%af%d8%b1%d9%85%db%8c-%d8%b3%d8%b1%d8%a2%d8%b4%d9%be%d8%b2\/#primaryimage\"},\"thumbnailUrl\":\"https:\/\/deliciaspersas.com\/wp-content\/uploads\/download-removebg-preview-2.png\",\"datePublished\":\"2021-05-07T16:46:32+00:00\",\"dateModified\":\"2021-11-18T02:56:33+00:00\",\"description\":\"El similas de calabaza 300 g sarashpaz es un a\u00f1adido de nuestros platos, comunmente a\u00f1adido al arroz, y es empleado en diferentes\",\"breadcrumb\":{\"@id\":\"https:\/\/deliciaspersas.com\/fa\/tienda\/secos\/%d8%aa%d8%ae%d9%85%d9%87-%da%a9%d8%af%d9%88-%d8%b1%db%8c%d8%b2-300-%da%af%d8%b1%d9%85%db%8c-%d8%b3%d8%b1%d8%a2%d8%b4%d9%be%d8%b2\/#breadcrumb\"},\"inLanguage\":\"fa-IR\",\"potentialAction\":[{\"@type\":\"ReadAction\",\"target\":[\"https:\/\/deliciaspersas.com\/fa\/tienda\/secos\/%d8%aa%d8%ae%d9%85%d9%87-%da%a9%d8%af%d9%88-%d8%b1%db%8c%d8%b2-300-%da%af%d8%b1%d9%85%db%8c-%d8%b3%d8%b1%d8%a2%d8%b4%d9%be%d8%b2\/\"]}]},{\"@type\":\"ImageObject\",\"inLanguage\":\"fa-IR\",\"@id\":\"https:\/\/deliciaspersas.com\/fa\/tienda\/secos\/%d8%aa%d8%ae%d9%85%d9%87-%da%a9%d8%af%d9%88-%d8%b1%db%8c%d8%b2-300-%da%af%d8%b1%d9%85%db%8c-%d8%b3%d8%b1%d8%a2%d8%b4%d9%be%d8%b2\/#primaryimage\",\"url\":\"https:\/\/deliciaspersas.com\/wp-content\/uploads\/download-removebg-preview-2.png\",\"contentUrl\":\"https:\/\/deliciaspersas.com\/wp-content\/uploads\/download-removebg-preview-2.png\",\"width\":225,\"height\":225},{\"@type\":\"BreadcrumbList\",\"@id\":\"https:\/\/deliciaspersas.com\/fa\/tienda\/secos\/%d8%aa%d8%ae%d9%85%d9%87-%da%a9%d8%af%d9%88-%d8%b1%db%8c%d8%b2-300-%da%af%d8%b1%d9%85%db%8c-%d8%b3%d8%b1%d8%a2%d8%b4%d9%be%d8%b2\/#breadcrumb\",\"itemListElement\":[{\"@type\":\"ListItem\",\"position\":1,\"name\":\"Portada\",\"item\":\"https:\/\/deliciaspersas.com\/fa\/\"},{\"@type\":\"ListItem\",\"position\":2,\"name\":\"Tienda\",\"item\":\"https:\/\/deliciaspersas.com\/\"},{\"@type\":\"ListItem\",\"position\":3,\"name\":\"semillas de calabaza 240 g dayan\"}]},{\"@type\":\"WebSite\",\"@id\":\"https:\/\/deliciaspersas.com\/fa\/#website\",\"url\":\"https:\/\/deliciaspersas.com\/fa\/\",\"name\":\"Delicias Persas\",\"description\":\"Gastronom&iacute;a persa al alcance de tus manos\",\"publisher\":{\"@id\":\"https:\/\/deliciaspersas.com\/fa\/#organization\"},\"potentialAction\":[{\"@type\":\"SearchAction\",\"target\":{\"@type\":\"EntryPoint\",\"urlTemplate\":\"https:\/\/deliciaspersas.com\/fa\/?s={search_term_string}\"},\"query-input\":{\"@type\":\"PropertyValueSpecification\",\"valueRequired\":true,\"valueName\":\"search_term_string\"}}],\"inLanguage\":\"fa-IR\"},{\"@type\":\"Organization\",\"@id\":\"https:\/\/deliciaspersas.com\/fa\/#organization\",\"name\":\"Delicias Persas\",\"url\":\"https:\/\/deliciaspersas.com\/fa\/\",\"logo\":{\"@type\":\"ImageObject\",\"inLanguage\":\"fa-IR\",\"@id\":\"https:\/\/deliciaspersas.com\/fa\/#\/schema\/logo\/image\/\",\"url\":\"https:\/\/deliciaspersas.com\/wp-content\/uploads\/2020\/07\/logo-2020.png\",\"contentUrl\":\"https:\/\/deliciaspersas.com\/wp-content\/uploads\/2020\/07\/logo-2020.png\",\"width\":520,\"height\":490,\"caption\":\"Delicias Persas\"},\"image\":{\"@id\":\"https:\/\/deliciaspersas.com\/fa\/#\/schema\/logo\/image\/\"},\"sameAs\":[\"https:\/\/www.facebook.com\/Deliciaspersas\",\"https:\/\/www.instagram.com\/delicias_persas\/\",\"https:\/\/www.linkedin.com\/delicias-persas\"]}]}<\/script>\n<!-- \/ Yoast SEO plugin. -->","yoast_head_json":{"title":"semillas de calabaza 240 g dayan - Delicias Persas","description":"El similas de calabaza 300 g sarashpaz es un a\u00f1adido de nuestros platos, comunmente a\u00f1adido al arroz, y es empleado en diferentes","robots":{"index":"index","follow":"follow","max-snippet":"max-snippet:-1","max-image-preview":"max-image-preview:large","max-video-preview":"max-video-preview:-1"},"canonical":"https:\/\/deliciaspersas.com\/fa\/tienda\/secos\/%d8%aa%d8%ae%d9%85%d9%87-%da%a9%d8%af%d9%88-%d8%b1%db%8c%d8%b2-300-%da%af%d8%b1%d9%85%db%8c-%d8%b3%d8%b1%d8%a2%d8%b4%d9%be%d8%b2\/","og_locale":"fa_IR","og_type":"article","og_title":"semillas de calabaza 240 g dayan - Delicias Persas","og_description":"El similas de calabaza 300 g sarashpaz es un a\u00f1adido de nuestros platos, comunmente a\u00f1adido al arroz, y es empleado en diferentes","og_url":"https:\/\/deliciaspersas.com\/fa\/tienda\/secos\/%d8%aa%d8%ae%d9%85%d9%87-%da%a9%d8%af%d9%88-%d8%b1%db%8c%d8%b2-300-%da%af%d8%b1%d9%85%db%8c-%d8%b3%d8%b1%d8%a2%d8%b4%d9%be%d8%b2\/","og_site_name":"Delicias Persas","article_publisher":"https:\/\/www.facebook.com\/Deliciaspersas","article_modified_time":"2021-11-18T02:56:33+00:00","og_image":[{"width":225,"height":225,"url":"https:\/\/deliciaspersas.com\/wp-content\/uploads\/download-removebg-preview-2.png","type":"image\/png"}],"twitter_card":"summary_large_image","twitter_misc":{"\u0632\u0645\u0627\u0646 \u062a\u0642\u0631\u06cc\u0628\u06cc \u0628\u0631\u0627\u06cc \u062e\u0648\u0627\u0646\u062f\u0646":"2 \u062f\u0642\u06cc\u0642\u0647"},"schema":{"@context":"https:\/\/schema.org","@graph":[{"@type":"WebPage","@id":"https:\/\/deliciaspersas.com\/fa\/tienda\/secos\/%d8%aa%d8%ae%d9%85%d9%87-%da%a9%d8%af%d9%88-%d8%b1%db%8c%d8%b2-300-%da%af%d8%b1%d9%85%db%8c-%d8%b3%d8%b1%d8%a2%d8%b4%d9%be%d8%b2\/","url":"https:\/\/deliciaspersas.com\/fa\/tienda\/secos\/%d8%aa%d8%ae%d9%85%d9%87-%da%a9%d8%af%d9%88-%d8%b1%db%8c%d8%b2-300-%da%af%d8%b1%d9%85%db%8c-%d8%b3%d8%b1%d8%a2%d8%b4%d9%be%d8%b2\/","name":"semillas de calabaza 240 g dayan - Delicias Persas","isPartOf":{"@id":"https:\/\/deliciaspersas.com\/fa\/#website"},"primaryImageOfPage":{"@id":"https:\/\/deliciaspersas.com\/fa\/tienda\/secos\/%d8%aa%d8%ae%d9%85%d9%87-%da%a9%d8%af%d9%88-%d8%b1%db%8c%d8%b2-300-%da%af%d8%b1%d9%85%db%8c-%d8%b3%d8%b1%d8%a2%d8%b4%d9%be%d8%b2\/#primaryimage"},"image":{"@id":"https:\/\/deliciaspersas.com\/fa\/tienda\/secos\/%d8%aa%d8%ae%d9%85%d9%87-%da%a9%d8%af%d9%88-%d8%b1%db%8c%d8%b2-300-%da%af%d8%b1%d9%85%db%8c-%d8%b3%d8%b1%d8%a2%d8%b4%d9%be%d8%b2\/#primaryimage"},"thumbnailUrl":"https:\/\/deliciaspersas.com\/wp-content\/uploads\/download-removebg-preview-2.png","datePublished":"2021-05-07T16:46:32+00:00","dateModified":"2021-11-18T02:56:33+00:00","description":"El similas de calabaza 300 g sarashpaz es un a\u00f1adido de nuestros platos, comunmente a\u00f1adido al arroz, y es empleado en diferentes","breadcrumb":{"@id":"https:\/\/deliciaspersas.com\/fa\/tienda\/secos\/%d8%aa%d8%ae%d9%85%d9%87-%da%a9%d8%af%d9%88-%d8%b1%db%8c%d8%b2-300-%da%af%d8%b1%d9%85%db%8c-%d8%b3%d8%b1%d8%a2%d8%b4%d9%be%d8%b2\/#breadcrumb"},"inLanguage":"fa-IR","potentialAction":[{"@type":"ReadAction","target":["https:\/\/deliciaspersas.com\/fa\/tienda\/secos\/%d8%aa%d8%ae%d9%85%d9%87-%da%a9%d8%af%d9%88-%d8%b1%db%8c%d8%b2-300-%da%af%d8%b1%d9%85%db%8c-%d8%b3%d8%b1%d8%a2%d8%b4%d9%be%d8%b2\/"]}]},{"@type":"ImageObject","inLanguage":"fa-IR","@id":"https:\/\/deliciaspersas.com\/fa\/tienda\/secos\/%d8%aa%d8%ae%d9%85%d9%87-%da%a9%d8%af%d9%88-%d8%b1%db%8c%d8%b2-300-%da%af%d8%b1%d9%85%db%8c-%d8%b3%d8%b1%d8%a2%d8%b4%d9%be%d8%b2\/#primaryimage","url":"https:\/\/deliciaspersas.com\/wp-content\/uploads\/download-removebg-preview-2.png","contentUrl":"https:\/\/deliciaspersas.com\/wp-content\/uploads\/download-removebg-preview-2.png","width":225,"height":225},{"@type":"BreadcrumbList","@id":"https:\/\/deliciaspersas.com\/fa\/tienda\/secos\/%d8%aa%d8%ae%d9%85%d9%87-%da%a9%d8%af%d9%88-%d8%b1%db%8c%d8%b2-300-%da%af%d8%b1%d9%85%db%8c-%d8%b3%d8%b1%d8%a2%d8%b4%d9%be%d8%b2\/#breadcrumb","itemListElement":[{"@type":"ListItem","position":1,"name":"Portada","item":"https:\/\/deliciaspersas.com\/fa\/"},{"@type":"ListItem","position":2,"name":"Tienda","item":"https:\/\/deliciaspersas.com\/"},{"@type":"ListItem","position":3,"name":"semillas de calabaza 240 g dayan"}]},{"@type":"WebSite","@id":"https:\/\/deliciaspersas.com\/fa\/#website","url":"https:\/\/deliciaspersas.com\/fa\/","name":"Delicias Persas","description":"Gastronom&iacute;a persa al alcance de tus manos","publisher":{"@id":"https:\/\/deliciaspersas.com\/fa\/#organization"},"potentialAction":[{"@type":"SearchAction","target":{"@type":"EntryPoint","urlTemplate":"https:\/\/deliciaspersas.com\/fa\/?s={search_term_string}"},"query-input":{"@type":"PropertyValueSpecification","valueRequired":true,"valueName":"search_term_string"}}],"inLanguage":"fa-IR"},{"@type":"Organization","@id":"https:\/\/deliciaspersas.com\/fa\/#organization","name":"Delicias Persas","url":"https:\/\/deliciaspersas.com\/fa\/","logo":{"@type":"ImageObject","inLanguage":"fa-IR","@id":"https:\/\/deliciaspersas.com\/fa\/#\/schema\/logo\/image\/","url":"https:\/\/deliciaspersas.com\/wp-content\/uploads\/2020\/07\/logo-2020.png","contentUrl":"https:\/\/deliciaspersas.com\/wp-content\/uploads\/2020\/07\/logo-2020.png","width":520,"height":490,"caption":"Delicias Persas"},"image":{"@id":"https:\/\/deliciaspersas.com\/fa\/#\/schema\/logo\/image\/"},"sameAs":["https:\/\/www.facebook.com\/Deliciaspersas","https:\/\/www.instagram.com\/delicias_persas\/","https:\/\/www.linkedin.com\/delicias-persas"]}]}},"uagb_featured_image_src":{"full":["https:\/\/deliciaspersas.com\/wp-content\/uploads\/download-removebg-preview-2.png",225,225,false],"thumbnail":["https:\/\/deliciaspersas.com\/wp-content\/uploads\/download-removebg-preview-2-150x150.png",150,150,true],"medium":["https:\/\/deliciaspersas.com\/wp-content\/uploads\/download-removebg-preview-2.png",225,225,false],"medium_large":["https:\/\/deliciaspersas.com\/wp-content\/uploads\/download-removebg-preview-2.png",225,225,false],"large":["https:\/\/deliciaspersas.com\/wp-content\/uploads\/download-removebg-preview-2.png",225,225,false],"1536x1536":["https:\/\/deliciaspersas.com\/wp-content\/uploads\/download-removebg-preview-2.png",225,225,false],"2048x2048":["https:\/\/deliciaspersas.com\/wp-content\/uploads\/download-removebg-preview-2.png",225,225,false],"woocommerce_thumbnail":["https:\/\/deliciaspersas.com\/wp-content\/uploads\/download-removebg-preview-2.png",225,225,false],"woocommerce_single":["https:\/\/deliciaspersas.com\/wp-content\/uploads\/download-removebg-preview-2.png",225,225,false],"woocommerce_gallery_thumbnail":["https:\/\/deliciaspersas.com\/wp-content\/uploads\/download-removebg-preview-2-100x100.png",100,100,true]},"uagb_author_info":{"display_name":"Maral Azizi","author_link":"https:\/\/deliciaspersas.com\/fa\/author\/"},"uagb_comment_info":0,"uagb_excerpt":"similas de calabaza 300 g sarashpaz Informaci\u00f3n del producto: Usos: El similas de calabaza es un a\u00f1adido de nuestros platos, comunmente a\u00f1adido al arroz, y es empleado en diferentes platos como el &#8220;Zereshk polo&#8221;. Adem\u00e1s, posee diversos beneficios como: promueve la secreci\u00f3n de bilis por la ves\u00edcula y ayuda a prevenir los c\u00e1lculos biliares. Act\u00faa&hellip;","brands":[{"id":199,"name":"Sarashpaz","slug":"sarashpaz"}],"_links":{"self":[{"href":"https:\/\/deliciaspersas.com\/fa\/wp-json\/wp\/v2\/product\/7887"}],"collection":[{"href":"https:\/\/deliciaspersas.com\/fa\/wp-json\/wp\/v2\/product"}],"about":[{"href":"https:\/\/deliciaspersas.com\/fa\/wp-json\/wp\/v2\/types\/product"}],"wp:featuredmedia":[{"embeddable":true,"href":"https:\/\/deliciaspersas.com\/fa\/wp-json\/wp\/v2\/media\/8432"}],"wp:attachment":[{"href":"https:\/\/deliciaspersas.com\/fa\/wp-json\/wp\/v2\/media?parent=7887"}],"wp:term":[{"taxonomy":"pwb-brand","embeddable":true,"href":"https:\/\/deliciaspersas.com\/fa\/wp-json\/wp\/v2\/pwb-brand?post=7887"},{"taxonomy":"product_cat","embeddable":true,"href":"https:\/\/deliciaspersas.com\/fa\/wp-json\/wp\/v2\/product_cat?post=7887"},{"taxonomy":"product_tag","embeddable":true,"href":"https:\/\/deliciaspersas.com\/fa\/wp-json\/wp\/v2\/product_tag?post=7887"}],"curies":[{"name":"wp","href":"https:\/\/api.w.org\/{rel}","templated":true}]}}