{"id":7911,"date":"2021-05-10T08:09:39","date_gmt":"2021-05-10T06:09:39","guid":{"rendered":"https:\/\/deliciaspersas.com\/?post_type=product&#038;p=7911"},"modified":"2022-01-10T13:35:02","modified_gmt":"2022-01-10T12:35:02","slug":"%d8%b1%d8%a8-%d8%a7%d9%86%d8%a7%d8%b1-280-%da%af%d8%b1%d9%85%db%8c-%d9%85%d8%ac%db%8c%d8%af","status":"publish","type":"product","link":"https:\/\/deliciaspersas.com\/fa\/tienda\/sin-categorizar\/%d8%b1%d8%a8-%d8%a7%d9%86%d8%a7%d8%b1-280-%da%af%d8%b1%d9%85%db%8c-%d9%85%d8%ac%db%8c%d8%af\/","title":{"rendered":"Pasta de granada 280 gr Majid"},"content":{"rendered":"<h1>Pasta de granada 280 gr Majid<\/h1>\n<h6>Pasta de granada 280 gr Majid:<\/h6>\n<p>Su consumo habitual puede ayudar a hacer mejor la digesti\u00f3n, a absorber mejor los nutrientes de los alimentos, y tambi\u00e9n optimiza las funciones del p\u00e1ncreas y del h\u00edgado.<\/p>\n<p>El ajo en polvo posee un alto valor nutritivo y contiene muy pocas calor\u00edas. 28 gramos contienen 42 calor\u00edas, y mucha vitamina C, vitamina B6 y manganeso.<\/p>\n<h6>Beneficios:<\/h6>\n<p class=\"paragraph \" data-gtm-element-container=\"modulo-texto-link\">El ajo en polvo es rico en vitamina B, un compuesto esencial que reduce los niveles de homociste\u00edna. Esta sustancia es la responsable de endurecer los vasos sangu\u00edneos y de traernos m\u00faltiples problemas como trombosis o enfermedades de las arterias coronarias.<\/p>\n<p class=\"paragraph \" data-gtm-element-container=\"modulo-texto-link\">Es sobre todo un excelente desintoxicante para nuestro organismo. Nos ayuda a depurar toxinas, a eliminar par\u00e1sitos y a liberar del cuerpo metales pesados como el mercurio o restos de medicamentos que el h\u00edgado no puede procesar. El ajo es rico en vitaminas A, B y C, muy adecuadas para estimular las funciones hep\u00e1ticas. Otra de sus virtudes es la de desinflamar.<\/p>\n<p class=\"paragraph \" data-gtm-element-container=\"modulo-texto-link\">Si cada vez que coja un resfriado acaba con mucha mucosas el ajo le viene muy bien porque descongestiona y es un buen antibi\u00f3tico natural para tratar problemas pulmonares. Si sufre de sinusitis o est\u00e1 pasando una \u00e9poca con mucha tos, puede hacer vahos o prepararse alg\u00fan jarabe a base de este alimento.<\/p>\n<p class=\"paragraph \" data-gtm-element-container=\"modulo-texto-link\">El ajo contiene alicina, una sustancia que cuida de nuestro sistema cardiovascular. Tanto es as\u00ed que consumir cada d\u00eda un diente ajo natural puede reducir el colesterol malo en un 9%, as\u00ed lo asegura la Fundaci\u00f3n Espa\u00f1ola del Coraz\u00f3n.La clave est\u00e1 en el equilibrio. Si nos acostumbramos a tomar el ajo como un medicamento cada ma\u00f1ana, en pocos d\u00edas notaremos sus beneficios. Las digestiones se realizan mucho mejor porque el ajo estimula los \u00e1cidos g\u00e1stricos y los alimentos se digieren y absorben adecuadamente.<\/p>\n<h6>Ingredientes y al\u00e9rgenos:<\/h6>\n<p>Dientes de ajo en polvo.<\/p>\n<h6>Usos:<\/h6>\n<p>Recetas, ensaladas, todo tipo de platos fr\u00edos y calientes.<\/p>\n<h6>Condiciones de conservaci\u00f3n:<\/h6>\n<p>Conservar en un lugar fresco, seco y protegido de la luz.<\/p>\n<h6>Informaci\u00f3n adicional:<\/h6>\n<p>Fabricado por: majid<\/p>\n","protected":false},"excerpt":{"rendered":"<p>Pasta de granada 280 gr Majid Pasta de granada 280 gr Majid: Su consumo habitual puede ayudar a hacer mejor la digesti\u00f3n, a absorber mejor los nutrientes de los alimentos, y tambi\u00e9n optimiza las funciones del p\u00e1ncreas y del h\u00edgado. El ajo en polvo posee un alto valor nutritivo y contiene muy pocas calor\u00edas. 28 [&hellip;]<\/p>\n","protected":false},"featured_media":7912,"template":"","meta":{"_surecart_dashboard_logo_width":"180px","_surecart_dashboard_show_logo":true,"_surecart_dashboard_navigation_orders":true,"_surecart_dashboard_navigation_invoices":true,"_surecart_dashboard_navigation_subscriptions":true,"_surecart_dashboard_navigation_downloads":true,"_surecart_dashboard_navigation_billing":true,"_surecart_dashboard_navigation_account":true,"_uag_custom_page_level_css":"","site-sidebar-layout":"default","site-content-layout":"default","ast-site-content-layout":"","site-content-style":"default","site-sidebar-style":"default","ast-global-header-display":"","ast-banner-title-visibility":"","ast-main-header-display":"","ast-hfb-above-header-display":"","ast-hfb-below-header-display":"","ast-hfb-mobile-header-display":"","site-post-title":"","ast-breadcrumbs-content":"","ast-featured-img":"","footer-sml-layout":"","theme-transparent-header-meta":"default","adv-header-id-meta":"","stick-header-meta":"","header-above-stick-meta":"","header-main-stick-meta":"","header-below-stick-meta":"","astra-migrate-meta-layouts":"default","ast-page-background-enabled":"default","ast-page-background-meta":{"desktop":{"background-color":"","background-image":"","background-repeat":"repeat","background-position":"center center","background-size":"auto","background-attachment":"scroll","background-type":"","background-media":"","overlay-type":"","overlay-color":"","overlay-opacity":"","overlay-gradient":""},"tablet":{"background-color":"","background-image":"","background-repeat":"repeat","background-position":"center center","background-size":"auto","background-attachment":"scroll","background-type":"","background-media":"","overlay-type":"","overlay-color":"","overlay-opacity":"","overlay-gradient":""},"mobile":{"background-color":"","background-image":"","background-repeat":"repeat","background-position":"center center","background-size":"auto","background-attachment":"scroll","background-type":"","background-media":"","overlay-type":"","overlay-color":"","overlay-opacity":"","overlay-gradient":""}},"ast-content-background-meta":{"desktop":{"background-color":"var(--ast-global-color-5)","background-image":"","background-repeat":"repeat","background-position":"center center","background-size":"auto","background-attachment":"scroll","background-type":"","background-media":"","overlay-type":"","overlay-color":"","overlay-opacity":"","overlay-gradient":""},"tablet":{"background-color":"var(--ast-global-color-5)","background-image":"","background-repeat":"repeat","background-position":"center center","background-size":"auto","background-attachment":"scroll","background-type":"","background-media":"","overlay-type":"","overlay-color":"","overlay-opacity":"","overlay-gradient":""},"mobile":{"background-color":"var(--ast-global-color-5)","background-image":"","background-repeat":"repeat","background-position":"center center","background-size":"auto","background-attachment":"scroll","background-type":"","background-media":"","overlay-type":"","overlay-color":"","overlay-opacity":"","overlay-gradient":""}}},"pwb-brand":[182],"product_cat":[15],"product_tag":[298,284,297,214],"class_list":{"0":"post-7911","1":"product","2":"type-product","3":"status-publish","4":"has-post-thumbnail","6":"pwb-brand-majid","7":"product_cat-sin-categorizar","8":"product_tag-298","9":"product_tag--fa","10":"product_tag-297","11":"product_tag-214","12":"desktop-align-center","13":"tablet-align-center","14":"mobile-align-center","16":"first","17":"outofstock","18":"taxable","19":"shipping-taxable","20":"purchasable","21":"product-type-simple"},"yoast_head":"<!-- This site is optimized with the Yoast SEO plugin v23.6 - https:\/\/yoast.com\/wordpress\/plugins\/seo\/ -->\n<title>Pasta de granada 280 gr Majid - Delicias Persas<\/title>\n<meta name=\"description\" content=\"Su consumo habitual puede ayudar a hacer mejor la digesti\u00f3n, a absorber mejor los nutrientes de los alimentos, y tambi\u00e9n optimiza las funciones del p\u00e1nc...\" \/>\n<meta name=\"robots\" content=\"index, follow, max-snippet:-1, max-image-preview:large, max-video-preview:-1\" \/>\n<link rel=\"canonical\" href=\"https:\/\/deliciaspersas.com\/fa\/tienda\/sin-categorizar\/%d8%b1%d8%a8-%d8%a7%d9%86%d8%a7%d8%b1-280-%da%af%d8%b1%d9%85%db%8c-%d9%85%d8%ac%db%8c%d8%af\/\" \/>\n<meta property=\"og:locale\" content=\"fa_IR\" \/>\n<meta property=\"og:type\" content=\"article\" \/>\n<meta property=\"og:title\" content=\"Pasta de granada 280 gr Majid - Delicias Persas\" \/>\n<meta property=\"og:description\" content=\"Su consumo habitual puede ayudar a hacer mejor la digesti\u00f3n, a absorber mejor los nutrientes de los alimentos, y tambi\u00e9n optimiza las funciones del p\u00e1nc...\" \/>\n<meta property=\"og:url\" content=\"https:\/\/deliciaspersas.com\/fa\/tienda\/sin-categorizar\/%d8%b1%d8%a8-%d8%a7%d9%86%d8%a7%d8%b1-280-%da%af%d8%b1%d9%85%db%8c-%d9%85%d8%ac%db%8c%d8%af\/\" \/>\n<meta property=\"og:site_name\" content=\"Delicias Persas\" \/>\n<meta property=\"article:publisher\" content=\"https:\/\/www.facebook.com\/Deliciaspersas\" \/>\n<meta property=\"article:modified_time\" content=\"2022-01-10T12:35:02+00:00\" \/>\n<meta property=\"og:image\" content=\"https:\/\/deliciaspersas.com\/wp-content\/uploads\/7.jpg\" \/>\n\t<meta property=\"og:image:width\" content=\"760\" \/>\n\t<meta property=\"og:image:height\" content=\"760\" \/>\n\t<meta property=\"og:image:type\" content=\"image\/jpeg\" \/>\n<meta name=\"twitter:card\" content=\"summary_large_image\" \/>\n<meta name=\"twitter:label1\" content=\"\u0632\u0645\u0627\u0646 \u062a\u0642\u0631\u06cc\u0628\u06cc \u0628\u0631\u0627\u06cc \u062e\u0648\u0627\u0646\u062f\u0646\" \/>\n\t<meta name=\"twitter:data1\" content=\"2 \u062f\u0642\u06cc\u0642\u0647\" \/>\n<script type=\"application\/ld+json\" class=\"yoast-schema-graph\">{\"@context\":\"https:\/\/schema.org\",\"@graph\":[{\"@type\":\"WebPage\",\"@id\":\"https:\/\/deliciaspersas.com\/fa\/tienda\/sin-categorizar\/%d8%b1%d8%a8-%d8%a7%d9%86%d8%a7%d8%b1-280-%da%af%d8%b1%d9%85%db%8c-%d9%85%d8%ac%db%8c%d8%af\/\",\"url\":\"https:\/\/deliciaspersas.com\/fa\/tienda\/sin-categorizar\/%d8%b1%d8%a8-%d8%a7%d9%86%d8%a7%d8%b1-280-%da%af%d8%b1%d9%85%db%8c-%d9%85%d8%ac%db%8c%d8%af\/\",\"name\":\"Pasta de granada 280 gr Majid - Delicias Persas\",\"isPartOf\":{\"@id\":\"https:\/\/deliciaspersas.com\/fa\/#website\"},\"primaryImageOfPage\":{\"@id\":\"https:\/\/deliciaspersas.com\/fa\/tienda\/sin-categorizar\/%d8%b1%d8%a8-%d8%a7%d9%86%d8%a7%d8%b1-280-%da%af%d8%b1%d9%85%db%8c-%d9%85%d8%ac%db%8c%d8%af\/#primaryimage\"},\"image\":{\"@id\":\"https:\/\/deliciaspersas.com\/fa\/tienda\/sin-categorizar\/%d8%b1%d8%a8-%d8%a7%d9%86%d8%a7%d8%b1-280-%da%af%d8%b1%d9%85%db%8c-%d9%85%d8%ac%db%8c%d8%af\/#primaryimage\"},\"thumbnailUrl\":\"https:\/\/deliciaspersas.com\/wp-content\/uploads\/7.jpg\",\"datePublished\":\"2021-05-10T06:09:39+00:00\",\"dateModified\":\"2022-01-10T12:35:02+00:00\",\"description\":\"Su consumo habitual puede ayudar a hacer mejor la digesti\u00f3n, a absorber mejor los nutrientes de los alimentos, y tambi\u00e9n optimiza las funciones del p\u00e1nc...\",\"breadcrumb\":{\"@id\":\"https:\/\/deliciaspersas.com\/fa\/tienda\/sin-categorizar\/%d8%b1%d8%a8-%d8%a7%d9%86%d8%a7%d8%b1-280-%da%af%d8%b1%d9%85%db%8c-%d9%85%d8%ac%db%8c%d8%af\/#breadcrumb\"},\"inLanguage\":\"fa-IR\",\"potentialAction\":[{\"@type\":\"ReadAction\",\"target\":[\"https:\/\/deliciaspersas.com\/fa\/tienda\/sin-categorizar\/%d8%b1%d8%a8-%d8%a7%d9%86%d8%a7%d8%b1-280-%da%af%d8%b1%d9%85%db%8c-%d9%85%d8%ac%db%8c%d8%af\/\"]}]},{\"@type\":\"ImageObject\",\"inLanguage\":\"fa-IR\",\"@id\":\"https:\/\/deliciaspersas.com\/fa\/tienda\/sin-categorizar\/%d8%b1%d8%a8-%d8%a7%d9%86%d8%a7%d8%b1-280-%da%af%d8%b1%d9%85%db%8c-%d9%85%d8%ac%db%8c%d8%af\/#primaryimage\",\"url\":\"https:\/\/deliciaspersas.com\/wp-content\/uploads\/7.jpg\",\"contentUrl\":\"https:\/\/deliciaspersas.com\/wp-content\/uploads\/7.jpg\",\"width\":760,\"height\":760,\"caption\":\"\u0631\u0628 \u0627\u0646\u0627\u0631 280 \u06af\u0631\u0645\u06cc \u0645\u062c\u06cc\u062f\"},{\"@type\":\"BreadcrumbList\",\"@id\":\"https:\/\/deliciaspersas.com\/fa\/tienda\/sin-categorizar\/%d8%b1%d8%a8-%d8%a7%d9%86%d8%a7%d8%b1-280-%da%af%d8%b1%d9%85%db%8c-%d9%85%d8%ac%db%8c%d8%af\/#breadcrumb\",\"itemListElement\":[{\"@type\":\"ListItem\",\"position\":1,\"name\":\"Portada\",\"item\":\"https:\/\/deliciaspersas.com\/fa\/\"},{\"@type\":\"ListItem\",\"position\":2,\"name\":\"Tienda\",\"item\":\"https:\/\/deliciaspersas.com\/\"},{\"@type\":\"ListItem\",\"position\":3,\"name\":\"Pasta de granada 280 gr Majid\"}]},{\"@type\":\"WebSite\",\"@id\":\"https:\/\/deliciaspersas.com\/fa\/#website\",\"url\":\"https:\/\/deliciaspersas.com\/fa\/\",\"name\":\"Delicias Persas\",\"description\":\"Gastronom&iacute;a persa al alcance de tus manos\",\"publisher\":{\"@id\":\"https:\/\/deliciaspersas.com\/fa\/#organization\"},\"potentialAction\":[{\"@type\":\"SearchAction\",\"target\":{\"@type\":\"EntryPoint\",\"urlTemplate\":\"https:\/\/deliciaspersas.com\/fa\/?s={search_term_string}\"},\"query-input\":{\"@type\":\"PropertyValueSpecification\",\"valueRequired\":true,\"valueName\":\"search_term_string\"}}],\"inLanguage\":\"fa-IR\"},{\"@type\":\"Organization\",\"@id\":\"https:\/\/deliciaspersas.com\/fa\/#organization\",\"name\":\"Delicias Persas\",\"url\":\"https:\/\/deliciaspersas.com\/fa\/\",\"logo\":{\"@type\":\"ImageObject\",\"inLanguage\":\"fa-IR\",\"@id\":\"https:\/\/deliciaspersas.com\/fa\/#\/schema\/logo\/image\/\",\"url\":\"https:\/\/deliciaspersas.com\/wp-content\/uploads\/2020\/07\/logo-2020.png\",\"contentUrl\":\"https:\/\/deliciaspersas.com\/wp-content\/uploads\/2020\/07\/logo-2020.png\",\"width\":520,\"height\":490,\"caption\":\"Delicias Persas\"},\"image\":{\"@id\":\"https:\/\/deliciaspersas.com\/fa\/#\/schema\/logo\/image\/\"},\"sameAs\":[\"https:\/\/www.facebook.com\/Deliciaspersas\",\"https:\/\/www.instagram.com\/delicias_persas\/\",\"https:\/\/www.linkedin.com\/delicias-persas\"]}]}<\/script>\n<!-- \/ Yoast SEO plugin. -->","yoast_head_json":{"title":"Pasta de granada 280 gr Majid - Delicias Persas","description":"Su consumo habitual puede ayudar a hacer mejor la digesti\u00f3n, a absorber mejor los nutrientes de los alimentos, y tambi\u00e9n optimiza las funciones del p\u00e1nc...","robots":{"index":"index","follow":"follow","max-snippet":"max-snippet:-1","max-image-preview":"max-image-preview:large","max-video-preview":"max-video-preview:-1"},"canonical":"https:\/\/deliciaspersas.com\/fa\/tienda\/sin-categorizar\/%d8%b1%d8%a8-%d8%a7%d9%86%d8%a7%d8%b1-280-%da%af%d8%b1%d9%85%db%8c-%d9%85%d8%ac%db%8c%d8%af\/","og_locale":"fa_IR","og_type":"article","og_title":"Pasta de granada 280 gr Majid - Delicias Persas","og_description":"Su consumo habitual puede ayudar a hacer mejor la digesti\u00f3n, a absorber mejor los nutrientes de los alimentos, y tambi\u00e9n optimiza las funciones del p\u00e1nc...","og_url":"https:\/\/deliciaspersas.com\/fa\/tienda\/sin-categorizar\/%d8%b1%d8%a8-%d8%a7%d9%86%d8%a7%d8%b1-280-%da%af%d8%b1%d9%85%db%8c-%d9%85%d8%ac%db%8c%d8%af\/","og_site_name":"Delicias Persas","article_publisher":"https:\/\/www.facebook.com\/Deliciaspersas","article_modified_time":"2022-01-10T12:35:02+00:00","og_image":[{"width":760,"height":760,"url":"https:\/\/deliciaspersas.com\/wp-content\/uploads\/7.jpg","type":"image\/jpeg"}],"twitter_card":"summary_large_image","twitter_misc":{"\u0632\u0645\u0627\u0646 \u062a\u0642\u0631\u06cc\u0628\u06cc \u0628\u0631\u0627\u06cc \u062e\u0648\u0627\u0646\u062f\u0646":"2 \u062f\u0642\u06cc\u0642\u0647"},"schema":{"@context":"https:\/\/schema.org","@graph":[{"@type":"WebPage","@id":"https:\/\/deliciaspersas.com\/fa\/tienda\/sin-categorizar\/%d8%b1%d8%a8-%d8%a7%d9%86%d8%a7%d8%b1-280-%da%af%d8%b1%d9%85%db%8c-%d9%85%d8%ac%db%8c%d8%af\/","url":"https:\/\/deliciaspersas.com\/fa\/tienda\/sin-categorizar\/%d8%b1%d8%a8-%d8%a7%d9%86%d8%a7%d8%b1-280-%da%af%d8%b1%d9%85%db%8c-%d9%85%d8%ac%db%8c%d8%af\/","name":"Pasta de granada 280 gr Majid - Delicias Persas","isPartOf":{"@id":"https:\/\/deliciaspersas.com\/fa\/#website"},"primaryImageOfPage":{"@id":"https:\/\/deliciaspersas.com\/fa\/tienda\/sin-categorizar\/%d8%b1%d8%a8-%d8%a7%d9%86%d8%a7%d8%b1-280-%da%af%d8%b1%d9%85%db%8c-%d9%85%d8%ac%db%8c%d8%af\/#primaryimage"},"image":{"@id":"https:\/\/deliciaspersas.com\/fa\/tienda\/sin-categorizar\/%d8%b1%d8%a8-%d8%a7%d9%86%d8%a7%d8%b1-280-%da%af%d8%b1%d9%85%db%8c-%d9%85%d8%ac%db%8c%d8%af\/#primaryimage"},"thumbnailUrl":"https:\/\/deliciaspersas.com\/wp-content\/uploads\/7.jpg","datePublished":"2021-05-10T06:09:39+00:00","dateModified":"2022-01-10T12:35:02+00:00","description":"Su consumo habitual puede ayudar a hacer mejor la digesti\u00f3n, a absorber mejor los nutrientes de los alimentos, y tambi\u00e9n optimiza las funciones del p\u00e1nc...","breadcrumb":{"@id":"https:\/\/deliciaspersas.com\/fa\/tienda\/sin-categorizar\/%d8%b1%d8%a8-%d8%a7%d9%86%d8%a7%d8%b1-280-%da%af%d8%b1%d9%85%db%8c-%d9%85%d8%ac%db%8c%d8%af\/#breadcrumb"},"inLanguage":"fa-IR","potentialAction":[{"@type":"ReadAction","target":["https:\/\/deliciaspersas.com\/fa\/tienda\/sin-categorizar\/%d8%b1%d8%a8-%d8%a7%d9%86%d8%a7%d8%b1-280-%da%af%d8%b1%d9%85%db%8c-%d9%85%d8%ac%db%8c%d8%af\/"]}]},{"@type":"ImageObject","inLanguage":"fa-IR","@id":"https:\/\/deliciaspersas.com\/fa\/tienda\/sin-categorizar\/%d8%b1%d8%a8-%d8%a7%d9%86%d8%a7%d8%b1-280-%da%af%d8%b1%d9%85%db%8c-%d9%85%d8%ac%db%8c%d8%af\/#primaryimage","url":"https:\/\/deliciaspersas.com\/wp-content\/uploads\/7.jpg","contentUrl":"https:\/\/deliciaspersas.com\/wp-content\/uploads\/7.jpg","width":760,"height":760,"caption":"\u0631\u0628 \u0627\u0646\u0627\u0631 280 \u06af\u0631\u0645\u06cc \u0645\u062c\u06cc\u062f"},{"@type":"BreadcrumbList","@id":"https:\/\/deliciaspersas.com\/fa\/tienda\/sin-categorizar\/%d8%b1%d8%a8-%d8%a7%d9%86%d8%a7%d8%b1-280-%da%af%d8%b1%d9%85%db%8c-%d9%85%d8%ac%db%8c%d8%af\/#breadcrumb","itemListElement":[{"@type":"ListItem","position":1,"name":"Portada","item":"https:\/\/deliciaspersas.com\/fa\/"},{"@type":"ListItem","position":2,"name":"Tienda","item":"https:\/\/deliciaspersas.com\/"},{"@type":"ListItem","position":3,"name":"Pasta de granada 280 gr Majid"}]},{"@type":"WebSite","@id":"https:\/\/deliciaspersas.com\/fa\/#website","url":"https:\/\/deliciaspersas.com\/fa\/","name":"Delicias Persas","description":"Gastronom&iacute;a persa al alcance de tus manos","publisher":{"@id":"https:\/\/deliciaspersas.com\/fa\/#organization"},"potentialAction":[{"@type":"SearchAction","target":{"@type":"EntryPoint","urlTemplate":"https:\/\/deliciaspersas.com\/fa\/?s={search_term_string}"},"query-input":{"@type":"PropertyValueSpecification","valueRequired":true,"valueName":"search_term_string"}}],"inLanguage":"fa-IR"},{"@type":"Organization","@id":"https:\/\/deliciaspersas.com\/fa\/#organization","name":"Delicias Persas","url":"https:\/\/deliciaspersas.com\/fa\/","logo":{"@type":"ImageObject","inLanguage":"fa-IR","@id":"https:\/\/deliciaspersas.com\/fa\/#\/schema\/logo\/image\/","url":"https:\/\/deliciaspersas.com\/wp-content\/uploads\/2020\/07\/logo-2020.png","contentUrl":"https:\/\/deliciaspersas.com\/wp-content\/uploads\/2020\/07\/logo-2020.png","width":520,"height":490,"caption":"Delicias Persas"},"image":{"@id":"https:\/\/deliciaspersas.com\/fa\/#\/schema\/logo\/image\/"},"sameAs":["https:\/\/www.facebook.com\/Deliciaspersas","https:\/\/www.instagram.com\/delicias_persas\/","https:\/\/www.linkedin.com\/delicias-persas"]}]}},"uagb_featured_image_src":{"full":["https:\/\/deliciaspersas.com\/wp-content\/uploads\/7.jpg",760,760,false],"thumbnail":["https:\/\/deliciaspersas.com\/wp-content\/uploads\/7-150x150.jpg",150,150,true],"medium":["https:\/\/deliciaspersas.com\/wp-content\/uploads\/7-300x300.jpg",300,300,true],"medium_large":["https:\/\/deliciaspersas.com\/wp-content\/uploads\/7.jpg",760,760,false],"large":["https:\/\/deliciaspersas.com\/wp-content\/uploads\/7.jpg",760,760,false],"1536x1536":["https:\/\/deliciaspersas.com\/wp-content\/uploads\/7.jpg",760,760,false],"2048x2048":["https:\/\/deliciaspersas.com\/wp-content\/uploads\/7.jpg",760,760,false],"woocommerce_thumbnail":["https:\/\/deliciaspersas.com\/wp-content\/uploads\/7-300x300.jpg",300,300,true],"woocommerce_single":["https:\/\/deliciaspersas.com\/wp-content\/uploads\/7-600x600.jpg",600,600,true],"woocommerce_gallery_thumbnail":["https:\/\/deliciaspersas.com\/wp-content\/uploads\/7-100x100.jpg",100,100,true]},"uagb_author_info":{"display_name":"Maral Azizi","author_link":"https:\/\/deliciaspersas.com\/fa\/author\/"},"uagb_comment_info":0,"uagb_excerpt":"Pasta de granada 280 gr Majid Pasta de granada 280 gr Majid: Su consumo habitual puede ayudar a hacer mejor la digesti\u00f3n, a absorber mejor los nutrientes de los alimentos, y tambi\u00e9n optimiza las funciones del p\u00e1ncreas y del h\u00edgado. El ajo en polvo posee un alto valor nutritivo y contiene muy pocas calor\u00edas. 28&hellip;","brands":[{"id":182,"name":"Majid","slug":"majid"}],"_links":{"self":[{"href":"https:\/\/deliciaspersas.com\/fa\/wp-json\/wp\/v2\/product\/7911"}],"collection":[{"href":"https:\/\/deliciaspersas.com\/fa\/wp-json\/wp\/v2\/product"}],"about":[{"href":"https:\/\/deliciaspersas.com\/fa\/wp-json\/wp\/v2\/types\/product"}],"wp:featuredmedia":[{"embeddable":true,"href":"https:\/\/deliciaspersas.com\/fa\/wp-json\/wp\/v2\/media\/7912"}],"wp:attachment":[{"href":"https:\/\/deliciaspersas.com\/fa\/wp-json\/wp\/v2\/media?parent=7911"}],"wp:term":[{"taxonomy":"pwb-brand","embeddable":true,"href":"https:\/\/deliciaspersas.com\/fa\/wp-json\/wp\/v2\/pwb-brand?post=7911"},{"taxonomy":"product_cat","embeddable":true,"href":"https:\/\/deliciaspersas.com\/fa\/wp-json\/wp\/v2\/product_cat?post=7911"},{"taxonomy":"product_tag","embeddable":true,"href":"https:\/\/deliciaspersas.com\/fa\/wp-json\/wp\/v2\/product_tag?post=7911"}],"curies":[{"name":"wp","href":"https:\/\/api.w.org\/{rel}","templated":true}]}}