{"id":7929,"date":"2021-05-10T11:33:26","date_gmt":"2021-05-10T09:33:26","guid":{"rendered":"https:\/\/deliciaspersas.com\/?post_type=product&#038;p=7929"},"modified":"2021-11-05T17:17:34","modified_gmt":"2021-11-05T16:17:34","slug":"%d8%b3%d8%b1%da%a9%d9%87-%d8%b3%db%8c%d8%a8-1-%d9%84%db%8c%d8%aa%d8%b1%db%8c-%d8%b1%d8%a7%db%8c%d9%86%d8%a7","status":"publish","type":"product","link":"https:\/\/deliciaspersas.com\/fa\/tienda\/destilados\/%d8%b3%d8%b1%da%a9%d9%87-%d8%b3%db%8c%d8%a8-1-%d9%84%db%8c%d8%aa%d8%b1%db%8c-%d8%b1%d8%a7%db%8c%d9%86%d8%a7\/","title":{"rendered":"Vinagre de manzana 1L Rayna"},"content":{"rendered":"<h1>Vinagre de manzana 1L Rayna<\/h1>\n<h6>Informaci\u00f3n del producto:<\/h6>\n<p>El vinagre de manzana es uno de los productos naturales para la salud m\u00e1s populares, y se afirma que puede hacer casi cualquier cosa, incluyendo desinfectar los cepillos de dientes, curar la diabetes y reducir cent\u00edmetros en la cintura.<\/p>\n<h6>Beneficios:<\/h6>\n<div class=\"css-0\">\n<p>El vinagre se hace a trav\u00e9s de un proceso de dos pasos que se relacionan con la manera como se hace el alcohol.<\/p>\n<p>En el primer paso se exponen las manzanas trituradas a la levadura. Estos hacen que los az\u00facares se fermenten y se conviertan en alcohol.<\/p>\n<p>En el segundo paso, se a\u00f1aden bacterias a la soluci\u00f3n alcoh\u00f3lica.<\/p>\n<p>En franc\u00e9s, la palabra \u201cvinagre\u201d de hecho significa \u201cvino amargo\u201d.<\/p>\n<p>El vinagre de manzana org\u00e1nico no filtrado (como el de Bragg) tambi\u00e9n contiene la \u201cmadre\u201d del vinagre, que son hebras de prote\u00ednas, enzimas y bacterias amigables que aportan al producto un aspecto turbio.<\/p>\n<p>Algunas personas creen que la \u201cmadre\u201d es la responsable de la mayor\u00eda de los beneficios para la salud, aunque en este momento no hay estudios que lo avalen.<\/p>\n<p>El vinagre de manzana \u00fanicamente contiene alrededor de 3 calor\u00edas por cucharada, lo que es muy bajo.<\/p>\n<p>No contiene muchas vitaminas o minerales, pero s\u00ed una peque\u00f1a cantidad de potasio. El vinagre de manzana de calidad tambi\u00e9n contiene algunos amino\u00e1cidos y antioxidantes.<\/p>\n<\/div>\n<div class=\"css-0\">\n<p>El vinagre puede ayudar a matar agentes pat\u00f3genos, incluyendo a las bacterias.<\/p>\n<p>Se ha utilizado tradicionalmente para la limpieza y la desinfecci\u00f3n, el tratamiento del hongo de las u\u00f1as, los piojos, las verrugas y las infecciones del o\u00eddo.<\/p>\n<p>Hip\u00f3crates, el padre de la medicina moderna, us\u00f3 vinagre para la limpieza de heridas hace m\u00e1s de dos mil a\u00f1os.<\/p>\n<\/div>\n<h6>Ingredientes y al\u00e9rgenos:<\/h6>\n<p>Vinagre de manzana<\/p>\n<h6>Usos:<\/h6>\n<p>Recetas, ensaladas, todo tipo de platos fr\u00edos y calientes.<\/p>\n<h6>Condiciones de conservaci\u00f3n:<\/h6>\n<p>Conservar en un lugar fresco, seco y protegido de la luz.<\/p>\n<h6>Informaci\u00f3n adicional:<\/h6>\n<p>Fabricado por: Rayna<\/p>\n","protected":false},"excerpt":{"rendered":"<p>Vinagre de manzana 1L Rayna Informaci\u00f3n del producto: El vinagre de manzana es uno de los productos naturales para la salud m\u00e1s populares, y se afirma que puede hacer casi cualquier cosa, incluyendo desinfectar los cepillos de dientes, curar la diabetes y reducir cent\u00edmetros en la cintura. Beneficios: El vinagre se hace a trav\u00e9s de [&hellip;]<\/p>\n","protected":false},"featured_media":7930,"template":"","meta":{"_surecart_dashboard_logo_width":"180px","_surecart_dashboard_show_logo":true,"_surecart_dashboard_navigation_orders":true,"_surecart_dashboard_navigation_invoices":true,"_surecart_dashboard_navigation_subscriptions":true,"_surecart_dashboard_navigation_downloads":true,"_surecart_dashboard_navigation_billing":true,"_surecart_dashboard_navigation_account":true,"_uag_custom_page_level_css":"","site-sidebar-layout":"default","site-content-layout":"default","ast-site-content-layout":"","site-content-style":"default","site-sidebar-style":"default","ast-global-header-display":"","ast-banner-title-visibility":"","ast-main-header-display":"","ast-hfb-above-header-display":"","ast-hfb-below-header-display":"","ast-hfb-mobile-header-display":"","site-post-title":"","ast-breadcrumbs-content":"","ast-featured-img":"","footer-sml-layout":"","theme-transparent-header-meta":"default","adv-header-id-meta":"","stick-header-meta":"","header-above-stick-meta":"","header-main-stick-meta":"","header-below-stick-meta":"","astra-migrate-meta-layouts":"default","ast-page-background-enabled":"default","ast-page-background-meta":{"desktop":{"background-color":"","background-image":"","background-repeat":"repeat","background-position":"center center","background-size":"auto","background-attachment":"scroll","background-type":"","background-media":"","overlay-type":"","overlay-color":"","overlay-opacity":"","overlay-gradient":""},"tablet":{"background-color":"","background-image":"","background-repeat":"repeat","background-position":"center center","background-size":"auto","background-attachment":"scroll","background-type":"","background-media":"","overlay-type":"","overlay-color":"","overlay-opacity":"","overlay-gradient":""},"mobile":{"background-color":"","background-image":"","background-repeat":"repeat","background-position":"center center","background-size":"auto","background-attachment":"scroll","background-type":"","background-media":"","overlay-type":"","overlay-color":"","overlay-opacity":"","overlay-gradient":""}},"ast-content-background-meta":{"desktop":{"background-color":"var(--ast-global-color-5)","background-image":"","background-repeat":"repeat","background-position":"center center","background-size":"auto","background-attachment":"scroll","background-type":"","background-media":"","overlay-type":"","overlay-color":"","overlay-opacity":"","overlay-gradient":""},"tablet":{"background-color":"var(--ast-global-color-5)","background-image":"","background-repeat":"repeat","background-position":"center center","background-size":"auto","background-attachment":"scroll","background-type":"","background-media":"","overlay-type":"","overlay-color":"","overlay-opacity":"","overlay-gradient":""},"mobile":{"background-color":"var(--ast-global-color-5)","background-image":"","background-repeat":"repeat","background-position":"center center","background-size":"auto","background-attachment":"scroll","background-type":"","background-media":"","overlay-type":"","overlay-color":"","overlay-opacity":"","overlay-gradient":""}}},"pwb-brand":[194],"product_cat":[39],"product_tag":[603,604,601,602,279,295,303,294,302],"class_list":{"0":"post-7929","1":"product","2":"type-product","3":"status-publish","4":"has-post-thumbnail","6":"pwb-brand-rayna","7":"product_cat-destilados","8":"product_tag-desinfectar","9":"product_tag-destilados","10":"product_tag-vinagre","11":"product_tag-vinagre-de-manzana","12":"product_tag-279","13":"product_tag-295","14":"product_tag-303","15":"product_tag-294","16":"product_tag-302","17":"desktop-align-center","18":"tablet-align-center","19":"mobile-align-center","21":"first","22":"instock","23":"taxable","24":"shipping-taxable","25":"purchasable","26":"product-type-simple"},"yoast_head":"<!-- This site is optimized with the Yoast SEO plugin v23.6 - https:\/\/yoast.com\/wordpress\/plugins\/seo\/ -->\n<title>Vinagre de manzana 1L Rayna - Delicias Persas<\/title>\n<meta name=\"description\" content=\"Su consumo habitual puede ayudar a hacer mejor la digesti\u00f3n, a absorber mejor los nutrientes de los alimentos, y tambi\u00e9n optimiza las funciones del p\u00e1nc...\" \/>\n<meta name=\"robots\" content=\"index, follow, max-snippet:-1, max-image-preview:large, max-video-preview:-1\" \/>\n<link rel=\"canonical\" href=\"https:\/\/deliciaspersas.com\/fa\/tienda\/destilados\/%d8%b3%d8%b1%da%a9%d9%87-%d8%b3%db%8c%d8%a8-1-%d9%84%db%8c%d8%aa%d8%b1%db%8c-%d8%b1%d8%a7%db%8c%d9%86%d8%a7\/\" \/>\n<meta property=\"og:locale\" content=\"fa_IR\" \/>\n<meta property=\"og:type\" content=\"article\" \/>\n<meta property=\"og:title\" content=\"Vinagre de manzana 1L Rayna - Delicias Persas\" \/>\n<meta property=\"og:description\" content=\"Su consumo habitual puede ayudar a hacer mejor la digesti\u00f3n, a absorber mejor los nutrientes de los alimentos, y tambi\u00e9n optimiza las funciones del p\u00e1nc...\" \/>\n<meta property=\"og:url\" content=\"https:\/\/deliciaspersas.com\/fa\/tienda\/destilados\/%d8%b3%d8%b1%da%a9%d9%87-%d8%b3%db%8c%d8%a8-1-%d9%84%db%8c%d8%aa%d8%b1%db%8c-%d8%b1%d8%a7%db%8c%d9%86%d8%a7\/\" \/>\n<meta property=\"og:site_name\" content=\"Delicias Persas\" \/>\n<meta property=\"article:publisher\" content=\"https:\/\/www.facebook.com\/Deliciaspersas\" \/>\n<meta property=\"article:modified_time\" content=\"2021-11-05T16:17:34+00:00\" \/>\n<meta property=\"og:image\" content=\"https:\/\/deliciaspersas.com\/wp-content\/uploads\/12.jpg\" \/>\n\t<meta property=\"og:image:width\" content=\"760\" \/>\n\t<meta property=\"og:image:height\" content=\"760\" \/>\n\t<meta property=\"og:image:type\" content=\"image\/jpeg\" \/>\n<meta name=\"twitter:card\" content=\"summary_large_image\" \/>\n<meta name=\"twitter:label1\" content=\"\u0632\u0645\u0627\u0646 \u062a\u0642\u0631\u06cc\u0628\u06cc \u0628\u0631\u0627\u06cc \u062e\u0648\u0627\u0646\u062f\u0646\" \/>\n\t<meta name=\"twitter:data1\" content=\"2 \u062f\u0642\u06cc\u0642\u0647\" \/>\n<script type=\"application\/ld+json\" class=\"yoast-schema-graph\">{\"@context\":\"https:\/\/schema.org\",\"@graph\":[{\"@type\":\"WebPage\",\"@id\":\"https:\/\/deliciaspersas.com\/fa\/tienda\/destilados\/%d8%b3%d8%b1%da%a9%d9%87-%d8%b3%db%8c%d8%a8-1-%d9%84%db%8c%d8%aa%d8%b1%db%8c-%d8%b1%d8%a7%db%8c%d9%86%d8%a7\/\",\"url\":\"https:\/\/deliciaspersas.com\/fa\/tienda\/destilados\/%d8%b3%d8%b1%da%a9%d9%87-%d8%b3%db%8c%d8%a8-1-%d9%84%db%8c%d8%aa%d8%b1%db%8c-%d8%b1%d8%a7%db%8c%d9%86%d8%a7\/\",\"name\":\"Vinagre de manzana 1L Rayna - Delicias Persas\",\"isPartOf\":{\"@id\":\"https:\/\/deliciaspersas.com\/fa\/#website\"},\"primaryImageOfPage\":{\"@id\":\"https:\/\/deliciaspersas.com\/fa\/tienda\/destilados\/%d8%b3%d8%b1%da%a9%d9%87-%d8%b3%db%8c%d8%a8-1-%d9%84%db%8c%d8%aa%d8%b1%db%8c-%d8%b1%d8%a7%db%8c%d9%86%d8%a7\/#primaryimage\"},\"image\":{\"@id\":\"https:\/\/deliciaspersas.com\/fa\/tienda\/destilados\/%d8%b3%d8%b1%da%a9%d9%87-%d8%b3%db%8c%d8%a8-1-%d9%84%db%8c%d8%aa%d8%b1%db%8c-%d8%b1%d8%a7%db%8c%d9%86%d8%a7\/#primaryimage\"},\"thumbnailUrl\":\"https:\/\/deliciaspersas.com\/wp-content\/uploads\/12.jpg\",\"datePublished\":\"2021-05-10T09:33:26+00:00\",\"dateModified\":\"2021-11-05T16:17:34+00:00\",\"description\":\"Su consumo habitual puede ayudar a hacer mejor la digesti\u00f3n, a absorber mejor los nutrientes de los alimentos, y tambi\u00e9n optimiza las funciones del p\u00e1nc...\",\"breadcrumb\":{\"@id\":\"https:\/\/deliciaspersas.com\/fa\/tienda\/destilados\/%d8%b3%d8%b1%da%a9%d9%87-%d8%b3%db%8c%d8%a8-1-%d9%84%db%8c%d8%aa%d8%b1%db%8c-%d8%b1%d8%a7%db%8c%d9%86%d8%a7\/#breadcrumb\"},\"inLanguage\":\"fa-IR\",\"potentialAction\":[{\"@type\":\"ReadAction\",\"target\":[\"https:\/\/deliciaspersas.com\/fa\/tienda\/destilados\/%d8%b3%d8%b1%da%a9%d9%87-%d8%b3%db%8c%d8%a8-1-%d9%84%db%8c%d8%aa%d8%b1%db%8c-%d8%b1%d8%a7%db%8c%d9%86%d8%a7\/\"]}]},{\"@type\":\"ImageObject\",\"inLanguage\":\"fa-IR\",\"@id\":\"https:\/\/deliciaspersas.com\/fa\/tienda\/destilados\/%d8%b3%d8%b1%da%a9%d9%87-%d8%b3%db%8c%d8%a8-1-%d9%84%db%8c%d8%aa%d8%b1%db%8c-%d8%b1%d8%a7%db%8c%d9%86%d8%a7\/#primaryimage\",\"url\":\"https:\/\/deliciaspersas.com\/wp-content\/uploads\/12.jpg\",\"contentUrl\":\"https:\/\/deliciaspersas.com\/wp-content\/uploads\/12.jpg\",\"width\":760,\"height\":760,\"caption\":\"\u0633\u0631\u06a9\u0647 \u0633\u06cc\u0628 1 \u0644\u06cc\u062a\u0631\u06cc \u0631\u0627\u06cc\u0646\u0627\"},{\"@type\":\"BreadcrumbList\",\"@id\":\"https:\/\/deliciaspersas.com\/fa\/tienda\/destilados\/%d8%b3%d8%b1%da%a9%d9%87-%d8%b3%db%8c%d8%a8-1-%d9%84%db%8c%d8%aa%d8%b1%db%8c-%d8%b1%d8%a7%db%8c%d9%86%d8%a7\/#breadcrumb\",\"itemListElement\":[{\"@type\":\"ListItem\",\"position\":1,\"name\":\"Portada\",\"item\":\"https:\/\/deliciaspersas.com\/fa\/\"},{\"@type\":\"ListItem\",\"position\":2,\"name\":\"Tienda\",\"item\":\"https:\/\/deliciaspersas.com\/\"},{\"@type\":\"ListItem\",\"position\":3,\"name\":\"Vinagre de manzana 1L Rayna\"}]},{\"@type\":\"WebSite\",\"@id\":\"https:\/\/deliciaspersas.com\/fa\/#website\",\"url\":\"https:\/\/deliciaspersas.com\/fa\/\",\"name\":\"Delicias Persas\",\"description\":\"Gastronom&iacute;a persa al alcance de tus manos\",\"publisher\":{\"@id\":\"https:\/\/deliciaspersas.com\/fa\/#organization\"},\"potentialAction\":[{\"@type\":\"SearchAction\",\"target\":{\"@type\":\"EntryPoint\",\"urlTemplate\":\"https:\/\/deliciaspersas.com\/fa\/?s={search_term_string}\"},\"query-input\":{\"@type\":\"PropertyValueSpecification\",\"valueRequired\":true,\"valueName\":\"search_term_string\"}}],\"inLanguage\":\"fa-IR\"},{\"@type\":\"Organization\",\"@id\":\"https:\/\/deliciaspersas.com\/fa\/#organization\",\"name\":\"Delicias Persas\",\"url\":\"https:\/\/deliciaspersas.com\/fa\/\",\"logo\":{\"@type\":\"ImageObject\",\"inLanguage\":\"fa-IR\",\"@id\":\"https:\/\/deliciaspersas.com\/fa\/#\/schema\/logo\/image\/\",\"url\":\"https:\/\/deliciaspersas.com\/wp-content\/uploads\/2020\/07\/logo-2020.png\",\"contentUrl\":\"https:\/\/deliciaspersas.com\/wp-content\/uploads\/2020\/07\/logo-2020.png\",\"width\":520,\"height\":490,\"caption\":\"Delicias Persas\"},\"image\":{\"@id\":\"https:\/\/deliciaspersas.com\/fa\/#\/schema\/logo\/image\/\"},\"sameAs\":[\"https:\/\/www.facebook.com\/Deliciaspersas\",\"https:\/\/www.instagram.com\/delicias_persas\/\",\"https:\/\/www.linkedin.com\/delicias-persas\"]}]}<\/script>\n<!-- \/ Yoast SEO plugin. -->","yoast_head_json":{"title":"Vinagre de manzana 1L Rayna - Delicias Persas","description":"Su consumo habitual puede ayudar a hacer mejor la digesti\u00f3n, a absorber mejor los nutrientes de los alimentos, y tambi\u00e9n optimiza las funciones del p\u00e1nc...","robots":{"index":"index","follow":"follow","max-snippet":"max-snippet:-1","max-image-preview":"max-image-preview:large","max-video-preview":"max-video-preview:-1"},"canonical":"https:\/\/deliciaspersas.com\/fa\/tienda\/destilados\/%d8%b3%d8%b1%da%a9%d9%87-%d8%b3%db%8c%d8%a8-1-%d9%84%db%8c%d8%aa%d8%b1%db%8c-%d8%b1%d8%a7%db%8c%d9%86%d8%a7\/","og_locale":"fa_IR","og_type":"article","og_title":"Vinagre de manzana 1L Rayna - Delicias Persas","og_description":"Su consumo habitual puede ayudar a hacer mejor la digesti\u00f3n, a absorber mejor los nutrientes de los alimentos, y tambi\u00e9n optimiza las funciones del p\u00e1nc...","og_url":"https:\/\/deliciaspersas.com\/fa\/tienda\/destilados\/%d8%b3%d8%b1%da%a9%d9%87-%d8%b3%db%8c%d8%a8-1-%d9%84%db%8c%d8%aa%d8%b1%db%8c-%d8%b1%d8%a7%db%8c%d9%86%d8%a7\/","og_site_name":"Delicias Persas","article_publisher":"https:\/\/www.facebook.com\/Deliciaspersas","article_modified_time":"2021-11-05T16:17:34+00:00","og_image":[{"width":760,"height":760,"url":"https:\/\/deliciaspersas.com\/wp-content\/uploads\/12.jpg","type":"image\/jpeg"}],"twitter_card":"summary_large_image","twitter_misc":{"\u0632\u0645\u0627\u0646 \u062a\u0642\u0631\u06cc\u0628\u06cc \u0628\u0631\u0627\u06cc \u062e\u0648\u0627\u0646\u062f\u0646":"2 \u062f\u0642\u06cc\u0642\u0647"},"schema":{"@context":"https:\/\/schema.org","@graph":[{"@type":"WebPage","@id":"https:\/\/deliciaspersas.com\/fa\/tienda\/destilados\/%d8%b3%d8%b1%da%a9%d9%87-%d8%b3%db%8c%d8%a8-1-%d9%84%db%8c%d8%aa%d8%b1%db%8c-%d8%b1%d8%a7%db%8c%d9%86%d8%a7\/","url":"https:\/\/deliciaspersas.com\/fa\/tienda\/destilados\/%d8%b3%d8%b1%da%a9%d9%87-%d8%b3%db%8c%d8%a8-1-%d9%84%db%8c%d8%aa%d8%b1%db%8c-%d8%b1%d8%a7%db%8c%d9%86%d8%a7\/","name":"Vinagre de manzana 1L Rayna - Delicias Persas","isPartOf":{"@id":"https:\/\/deliciaspersas.com\/fa\/#website"},"primaryImageOfPage":{"@id":"https:\/\/deliciaspersas.com\/fa\/tienda\/destilados\/%d8%b3%d8%b1%da%a9%d9%87-%d8%b3%db%8c%d8%a8-1-%d9%84%db%8c%d8%aa%d8%b1%db%8c-%d8%b1%d8%a7%db%8c%d9%86%d8%a7\/#primaryimage"},"image":{"@id":"https:\/\/deliciaspersas.com\/fa\/tienda\/destilados\/%d8%b3%d8%b1%da%a9%d9%87-%d8%b3%db%8c%d8%a8-1-%d9%84%db%8c%d8%aa%d8%b1%db%8c-%d8%b1%d8%a7%db%8c%d9%86%d8%a7\/#primaryimage"},"thumbnailUrl":"https:\/\/deliciaspersas.com\/wp-content\/uploads\/12.jpg","datePublished":"2021-05-10T09:33:26+00:00","dateModified":"2021-11-05T16:17:34+00:00","description":"Su consumo habitual puede ayudar a hacer mejor la digesti\u00f3n, a absorber mejor los nutrientes de los alimentos, y tambi\u00e9n optimiza las funciones del p\u00e1nc...","breadcrumb":{"@id":"https:\/\/deliciaspersas.com\/fa\/tienda\/destilados\/%d8%b3%d8%b1%da%a9%d9%87-%d8%b3%db%8c%d8%a8-1-%d9%84%db%8c%d8%aa%d8%b1%db%8c-%d8%b1%d8%a7%db%8c%d9%86%d8%a7\/#breadcrumb"},"inLanguage":"fa-IR","potentialAction":[{"@type":"ReadAction","target":["https:\/\/deliciaspersas.com\/fa\/tienda\/destilados\/%d8%b3%d8%b1%da%a9%d9%87-%d8%b3%db%8c%d8%a8-1-%d9%84%db%8c%d8%aa%d8%b1%db%8c-%d8%b1%d8%a7%db%8c%d9%86%d8%a7\/"]}]},{"@type":"ImageObject","inLanguage":"fa-IR","@id":"https:\/\/deliciaspersas.com\/fa\/tienda\/destilados\/%d8%b3%d8%b1%da%a9%d9%87-%d8%b3%db%8c%d8%a8-1-%d9%84%db%8c%d8%aa%d8%b1%db%8c-%d8%b1%d8%a7%db%8c%d9%86%d8%a7\/#primaryimage","url":"https:\/\/deliciaspersas.com\/wp-content\/uploads\/12.jpg","contentUrl":"https:\/\/deliciaspersas.com\/wp-content\/uploads\/12.jpg","width":760,"height":760,"caption":"\u0633\u0631\u06a9\u0647 \u0633\u06cc\u0628 1 \u0644\u06cc\u062a\u0631\u06cc \u0631\u0627\u06cc\u0646\u0627"},{"@type":"BreadcrumbList","@id":"https:\/\/deliciaspersas.com\/fa\/tienda\/destilados\/%d8%b3%d8%b1%da%a9%d9%87-%d8%b3%db%8c%d8%a8-1-%d9%84%db%8c%d8%aa%d8%b1%db%8c-%d8%b1%d8%a7%db%8c%d9%86%d8%a7\/#breadcrumb","itemListElement":[{"@type":"ListItem","position":1,"name":"Portada","item":"https:\/\/deliciaspersas.com\/fa\/"},{"@type":"ListItem","position":2,"name":"Tienda","item":"https:\/\/deliciaspersas.com\/"},{"@type":"ListItem","position":3,"name":"Vinagre de manzana 1L Rayna"}]},{"@type":"WebSite","@id":"https:\/\/deliciaspersas.com\/fa\/#website","url":"https:\/\/deliciaspersas.com\/fa\/","name":"Delicias Persas","description":"Gastronom&iacute;a persa al alcance de tus manos","publisher":{"@id":"https:\/\/deliciaspersas.com\/fa\/#organization"},"potentialAction":[{"@type":"SearchAction","target":{"@type":"EntryPoint","urlTemplate":"https:\/\/deliciaspersas.com\/fa\/?s={search_term_string}"},"query-input":{"@type":"PropertyValueSpecification","valueRequired":true,"valueName":"search_term_string"}}],"inLanguage":"fa-IR"},{"@type":"Organization","@id":"https:\/\/deliciaspersas.com\/fa\/#organization","name":"Delicias Persas","url":"https:\/\/deliciaspersas.com\/fa\/","logo":{"@type":"ImageObject","inLanguage":"fa-IR","@id":"https:\/\/deliciaspersas.com\/fa\/#\/schema\/logo\/image\/","url":"https:\/\/deliciaspersas.com\/wp-content\/uploads\/2020\/07\/logo-2020.png","contentUrl":"https:\/\/deliciaspersas.com\/wp-content\/uploads\/2020\/07\/logo-2020.png","width":520,"height":490,"caption":"Delicias Persas"},"image":{"@id":"https:\/\/deliciaspersas.com\/fa\/#\/schema\/logo\/image\/"},"sameAs":["https:\/\/www.facebook.com\/Deliciaspersas","https:\/\/www.instagram.com\/delicias_persas\/","https:\/\/www.linkedin.com\/delicias-persas"]}]}},"uagb_featured_image_src":{"full":["https:\/\/deliciaspersas.com\/wp-content\/uploads\/12.jpg",760,760,false],"thumbnail":["https:\/\/deliciaspersas.com\/wp-content\/uploads\/12-150x150.jpg",150,150,true],"medium":["https:\/\/deliciaspersas.com\/wp-content\/uploads\/12-300x300.jpg",300,300,true],"medium_large":["https:\/\/deliciaspersas.com\/wp-content\/uploads\/12.jpg",760,760,false],"large":["https:\/\/deliciaspersas.com\/wp-content\/uploads\/12.jpg",760,760,false],"1536x1536":["https:\/\/deliciaspersas.com\/wp-content\/uploads\/12.jpg",760,760,false],"2048x2048":["https:\/\/deliciaspersas.com\/wp-content\/uploads\/12.jpg",760,760,false],"woocommerce_thumbnail":["https:\/\/deliciaspersas.com\/wp-content\/uploads\/12-300x300.jpg",300,300,true],"woocommerce_single":["https:\/\/deliciaspersas.com\/wp-content\/uploads\/12-600x600.jpg",600,600,true],"woocommerce_gallery_thumbnail":["https:\/\/deliciaspersas.com\/wp-content\/uploads\/12-100x100.jpg",100,100,true]},"uagb_author_info":{"display_name":"Maral Azizi","author_link":"https:\/\/deliciaspersas.com\/fa\/author\/"},"uagb_comment_info":0,"uagb_excerpt":"Vinagre de manzana 1L Rayna Informaci\u00f3n del producto: El vinagre de manzana es uno de los productos naturales para la salud m\u00e1s populares, y se afirma que puede hacer casi cualquier cosa, incluyendo desinfectar los cepillos de dientes, curar la diabetes y reducir cent\u00edmetros en la cintura. Beneficios: El vinagre se hace a trav\u00e9s de&hellip;","brands":[{"id":194,"name":"Rayna","slug":"rayna"}],"_links":{"self":[{"href":"https:\/\/deliciaspersas.com\/fa\/wp-json\/wp\/v2\/product\/7929"}],"collection":[{"href":"https:\/\/deliciaspersas.com\/fa\/wp-json\/wp\/v2\/product"}],"about":[{"href":"https:\/\/deliciaspersas.com\/fa\/wp-json\/wp\/v2\/types\/product"}],"wp:featuredmedia":[{"embeddable":true,"href":"https:\/\/deliciaspersas.com\/fa\/wp-json\/wp\/v2\/media\/7930"}],"wp:attachment":[{"href":"https:\/\/deliciaspersas.com\/fa\/wp-json\/wp\/v2\/media?parent=7929"}],"wp:term":[{"taxonomy":"pwb-brand","embeddable":true,"href":"https:\/\/deliciaspersas.com\/fa\/wp-json\/wp\/v2\/pwb-brand?post=7929"},{"taxonomy":"product_cat","embeddable":true,"href":"https:\/\/deliciaspersas.com\/fa\/wp-json\/wp\/v2\/product_cat?post=7929"},{"taxonomy":"product_tag","embeddable":true,"href":"https:\/\/deliciaspersas.com\/fa\/wp-json\/wp\/v2\/product_tag?post=7929"}],"curies":[{"name":"wp","href":"https:\/\/api.w.org\/{rel}","templated":true}]}}