{"id":7934,"date":"2021-05-10T11:44:26","date_gmt":"2021-05-10T09:44:26","guid":{"rendered":"https:\/\/deliciaspersas.com\/?post_type=product&#038;p=7934"},"modified":"2021-11-07T12:30:38","modified_gmt":"2021-11-07T11:30:38","slug":"%d8%b9%d8%b1%d9%82-%d8%a2%d9%88%db%8c%d8%b4%d9%86-1-%d9%84%db%8c%d8%aa%d8%b1%db%8c-%d8%b1%d8%a7%db%8c%d9%86%d8%a7","status":"publish","type":"product","link":"https:\/\/deliciaspersas.com\/fa\/tienda\/destilados\/%d8%b9%d8%b1%d9%82-%d8%a2%d9%88%db%8c%d8%b4%d9%86-1-%d9%84%db%8c%d8%aa%d8%b1%db%8c-%d8%b1%d8%a7%db%8c%d9%86%d8%a7\/","title":{"rendered":"Destilado de tomillo 1L Rayna"},"content":{"rendered":"<h1>Destilado de tomillo 1L Rayna<\/h1>\n<h6>Informaci\u00f3n del producto:<\/h6>\n<p>El\u00a0<strong>tomillo<\/strong>, adem\u00e1s de ser una hierba arom\u00e1tica muy apreciada en la cocina, es usado como\u00a0<strong>planta medicinal\u00a0<\/strong>desde la antig\u00fcedad. Los griegos lo usaban para curar heridas, los egipcios lo utilizaban en los embalsamamientos; en la Edad Media se usaba el\u00a0<strong>tomillo\u00a0<\/strong>para curar muchas enfermedades<\/p>\n<h6>Beneficios:<\/h6>\n<p>Uno de los usos m\u00e1s reconocidos de esta planta es el relacionado con los problemas respiratorios comunes, como\u00a0<strong>resfriados, tos, catarro<\/strong>, etc. Nuestra hierba tiene propiedades\u00a0<strong>antitusivas\u00a0<\/strong>y\u00a0<strong>antiespasm\u00f3dicas<\/strong>\u00a0que alivian la irritaci\u00f3n de las v\u00edas a\u00e9reas. Tambi\u00e9n tiene propiedades\u00a0<strong>expectorantes<\/strong>, ya que ayuda a expulsar el moco y las flemas. Pero ya te lo contaremos mejor cuando hablaremos de la infusi\u00f3n.<\/p>\n<p>Esta hierba es rica en <strong>polifenoles<\/strong>, una sustancia antioxidante.\u00a0Los polifenoles, adem\u00e1s de combatir los radicales libres que producen el envejecimiento de las c\u00e9lulas, tambi\u00e9n tienen propiedades antiinflamatorias. Por eso el uso del aceite esencial en forma t\u00f3pica puede ayudar a desinflamar zonas con golpes o heridas.<\/p>\n<p>Por sus propiedades antiinflamatorias y carminativas, la infusi\u00f3n de esta hierba resulta \u00fatil para reducir malestares digestivos como la\u00a0<strong>hinchaz\u00f3n abdominal\u00a0<\/strong>o los\u00a0<strong>gases<\/strong>.<\/p>\n<p>Otro de los beneficios del efecto antiinflamatorio del tomillo, sumado a sus propiedades analg\u00e9sicas, es su acci\u00f3n\u00a0<strong>acci\u00f3n antidolor\u00edfica<\/strong>. Beber una taza de infusi\u00f3n ayuda a aliviar los cl\u00e1sicos dolores que muchas mujeres sufren durante el\u00a0<strong>ciclo mentrual.<\/strong><\/p>\n<p>Hemos citado ya a los polifenoles presentes en la planta. Los polifenoles tienen efecto\u00a0<strong>antioxidante<\/strong>, es decir que retardan y combaten la oxidaci\u00f3n de otras mol\u00e9culas. La oxidaci\u00f3n es una reacci\u00f3n qu\u00edmica que produce\u00a0<strong>radicales libres<\/strong>, responsables del envejecimiento celular que ocasiona muchas enfermedades, como las\u00a0<strong>cardiovasculares, las degenerativas y el c\u00e1ncer<\/strong>.<\/p>\n<p>En pocas palabras, el\u00a0<strong>tomillo combate los radicales libres que da\u00f1an nuestro organismo<\/strong>.<\/p>\n<h6>Ingredientes y al\u00e9rgenos:<\/h6>\n<p>Destilado de tomillo .<\/p>\n<h6>Usos:<\/h6>\n<p>Recetas, ensaladas, todo tipo de platos fr\u00edos.<\/p>\n<h6>Condiciones de conservaci\u00f3n:<\/h6>\n<p>Conservar en un lugar fresco, seco y protegido de la luz.<\/p>\n<h6>Informaci\u00f3n adicional:<\/h6>\n<p>Fabricado por: Rayna<\/p>\n","protected":false},"excerpt":{"rendered":"<p>Destilado de tomillo 1L Rayna Informaci\u00f3n del producto: El\u00a0tomillo, adem\u00e1s de ser una hierba arom\u00e1tica muy apreciada en la cocina, es usado como\u00a0planta medicinal\u00a0desde la antig\u00fcedad. Los griegos lo usaban para curar heridas, los egipcios lo utilizaban en los embalsamamientos; en la Edad Media se usaba el\u00a0tomillo\u00a0para curar muchas enfermedades Beneficios: Uno de los usos [&hellip;]<\/p>\n","protected":false},"featured_media":7935,"template":"","meta":{"_surecart_dashboard_logo_width":"180px","_surecart_dashboard_show_logo":true,"_surecart_dashboard_navigation_orders":true,"_surecart_dashboard_navigation_invoices":true,"_surecart_dashboard_navigation_subscriptions":true,"_surecart_dashboard_navigation_downloads":true,"_surecart_dashboard_navigation_billing":true,"_surecart_dashboard_navigation_account":true,"_uag_custom_page_level_css":"","site-sidebar-layout":"default","site-content-layout":"default","ast-site-content-layout":"","site-content-style":"default","site-sidebar-style":"default","ast-global-header-display":"","ast-banner-title-visibility":"","ast-main-header-display":"","ast-hfb-above-header-display":"","ast-hfb-below-header-display":"","ast-hfb-mobile-header-display":"","site-post-title":"","ast-breadcrumbs-content":"","ast-featured-img":"","footer-sml-layout":"","theme-transparent-header-meta":"default","adv-header-id-meta":"","stick-header-meta":"","header-above-stick-meta":"","header-main-stick-meta":"","header-below-stick-meta":"","astra-migrate-meta-layouts":"default","ast-page-background-enabled":"default","ast-page-background-meta":{"desktop":{"background-color":"","background-image":"","background-repeat":"repeat","background-position":"center center","background-size":"auto","background-attachment":"scroll","background-type":"","background-media":"","overlay-type":"","overlay-color":"","overlay-opacity":"","overlay-gradient":""},"tablet":{"background-color":"","background-image":"","background-repeat":"repeat","background-position":"center center","background-size":"auto","background-attachment":"scroll","background-type":"","background-media":"","overlay-type":"","overlay-color":"","overlay-opacity":"","overlay-gradient":""},"mobile":{"background-color":"","background-image":"","background-repeat":"repeat","background-position":"center center","background-size":"auto","background-attachment":"scroll","background-type":"","background-media":"","overlay-type":"","overlay-color":"","overlay-opacity":"","overlay-gradient":""}},"ast-content-background-meta":{"desktop":{"background-color":"var(--ast-global-color-5)","background-image":"","background-repeat":"repeat","background-position":"center center","background-size":"auto","background-attachment":"scroll","background-type":"","background-media":"","overlay-type":"","overlay-color":"","overlay-opacity":"","overlay-gradient":""},"tablet":{"background-color":"var(--ast-global-color-5)","background-image":"","background-repeat":"repeat","background-position":"center center","background-size":"auto","background-attachment":"scroll","background-type":"","background-media":"","overlay-type":"","overlay-color":"","overlay-opacity":"","overlay-gradient":""},"mobile":{"background-color":"var(--ast-global-color-5)","background-image":"","background-repeat":"repeat","background-position":"center center","background-size":"auto","background-attachment":"scroll","background-type":"","background-media":"","overlay-type":"","overlay-color":"","overlay-opacity":"","overlay-gradient":""}}},"pwb-brand":[194],"product_cat":[39],"product_tag":[597,600,598,599,596,279,295,305,304,299],"class_list":{"0":"post-7934","1":"product","2":"type-product","3":"status-publish","4":"has-post-thumbnail","6":"pwb-brand-rayna","7":"product_cat-destilados","8":"product_tag-destilado","9":"product_tag-destilado-de-tomillo","10":"product_tag-hierba","11":"product_tag-medicinal","12":"product_tag-tomillo","13":"product_tag-279","14":"product_tag-295","15":"product_tag-305","16":"product_tag-304","17":"product_tag-299","18":"desktop-align-center","19":"tablet-align-center","20":"mobile-align-center","22":"first","23":"instock","24":"taxable","25":"shipping-taxable","26":"purchasable","27":"product-type-simple"},"yoast_head":"<!-- This site is optimized with the Yoast SEO plugin v23.6 - https:\/\/yoast.com\/wordpress\/plugins\/seo\/ -->\n<title>Destilado de tomillo 1L Rayna - Delicias Persas<\/title>\n<meta name=\"description\" content=\"Su consumo habitual puede ayudar a hacer mejor la digesti\u00f3n, a absorber mejor los nutrientes de los alimentos, y tambi\u00e9n optimiza las funciones del p\u00e1nc...\" \/>\n<meta name=\"robots\" content=\"index, follow, max-snippet:-1, max-image-preview:large, max-video-preview:-1\" \/>\n<link rel=\"canonical\" href=\"https:\/\/deliciaspersas.com\/fa\/tienda\/destilados\/%d8%b9%d8%b1%d9%82-%d8%a2%d9%88%db%8c%d8%b4%d9%86-1-%d9%84%db%8c%d8%aa%d8%b1%db%8c-%d8%b1%d8%a7%db%8c%d9%86%d8%a7\/\" \/>\n<meta property=\"og:locale\" content=\"fa_IR\" \/>\n<meta property=\"og:type\" content=\"article\" \/>\n<meta property=\"og:title\" content=\"Destilado de tomillo 1L Rayna - Delicias Persas\" \/>\n<meta property=\"og:description\" content=\"Su consumo habitual puede ayudar a hacer mejor la digesti\u00f3n, a absorber mejor los nutrientes de los alimentos, y tambi\u00e9n optimiza las funciones del p\u00e1nc...\" \/>\n<meta property=\"og:url\" content=\"https:\/\/deliciaspersas.com\/fa\/tienda\/destilados\/%d8%b9%d8%b1%d9%82-%d8%a2%d9%88%db%8c%d8%b4%d9%86-1-%d9%84%db%8c%d8%aa%d8%b1%db%8c-%d8%b1%d8%a7%db%8c%d9%86%d8%a7\/\" \/>\n<meta property=\"og:site_name\" content=\"Delicias Persas\" \/>\n<meta property=\"article:publisher\" content=\"https:\/\/www.facebook.com\/Deliciaspersas\" \/>\n<meta property=\"article:modified_time\" content=\"2021-11-07T11:30:38+00:00\" \/>\n<meta property=\"og:image\" content=\"https:\/\/deliciaspersas.com\/wp-content\/uploads\/13.jpg\" \/>\n\t<meta property=\"og:image:width\" content=\"760\" \/>\n\t<meta property=\"og:image:height\" content=\"760\" \/>\n\t<meta property=\"og:image:type\" content=\"image\/jpeg\" \/>\n<meta name=\"twitter:card\" content=\"summary_large_image\" \/>\n<meta name=\"twitter:label1\" content=\"\u0632\u0645\u0627\u0646 \u062a\u0642\u0631\u06cc\u0628\u06cc \u0628\u0631\u0627\u06cc \u062e\u0648\u0627\u0646\u062f\u0646\" \/>\n\t<meta name=\"twitter:data1\" content=\"2 \u062f\u0642\u06cc\u0642\u0647\" \/>\n<script type=\"application\/ld+json\" class=\"yoast-schema-graph\">{\"@context\":\"https:\/\/schema.org\",\"@graph\":[{\"@type\":\"WebPage\",\"@id\":\"https:\/\/deliciaspersas.com\/fa\/tienda\/destilados\/%d8%b9%d8%b1%d9%82-%d8%a2%d9%88%db%8c%d8%b4%d9%86-1-%d9%84%db%8c%d8%aa%d8%b1%db%8c-%d8%b1%d8%a7%db%8c%d9%86%d8%a7\/\",\"url\":\"https:\/\/deliciaspersas.com\/fa\/tienda\/destilados\/%d8%b9%d8%b1%d9%82-%d8%a2%d9%88%db%8c%d8%b4%d9%86-1-%d9%84%db%8c%d8%aa%d8%b1%db%8c-%d8%b1%d8%a7%db%8c%d9%86%d8%a7\/\",\"name\":\"Destilado de tomillo 1L Rayna - Delicias Persas\",\"isPartOf\":{\"@id\":\"https:\/\/deliciaspersas.com\/fa\/#website\"},\"primaryImageOfPage\":{\"@id\":\"https:\/\/deliciaspersas.com\/fa\/tienda\/destilados\/%d8%b9%d8%b1%d9%82-%d8%a2%d9%88%db%8c%d8%b4%d9%86-1-%d9%84%db%8c%d8%aa%d8%b1%db%8c-%d8%b1%d8%a7%db%8c%d9%86%d8%a7\/#primaryimage\"},\"image\":{\"@id\":\"https:\/\/deliciaspersas.com\/fa\/tienda\/destilados\/%d8%b9%d8%b1%d9%82-%d8%a2%d9%88%db%8c%d8%b4%d9%86-1-%d9%84%db%8c%d8%aa%d8%b1%db%8c-%d8%b1%d8%a7%db%8c%d9%86%d8%a7\/#primaryimage\"},\"thumbnailUrl\":\"https:\/\/deliciaspersas.com\/wp-content\/uploads\/13.jpg\",\"datePublished\":\"2021-05-10T09:44:26+00:00\",\"dateModified\":\"2021-11-07T11:30:38+00:00\",\"description\":\"Su consumo habitual puede ayudar a hacer mejor la digesti\u00f3n, a absorber mejor los nutrientes de los alimentos, y tambi\u00e9n optimiza las funciones del p\u00e1nc...\",\"breadcrumb\":{\"@id\":\"https:\/\/deliciaspersas.com\/fa\/tienda\/destilados\/%d8%b9%d8%b1%d9%82-%d8%a2%d9%88%db%8c%d8%b4%d9%86-1-%d9%84%db%8c%d8%aa%d8%b1%db%8c-%d8%b1%d8%a7%db%8c%d9%86%d8%a7\/#breadcrumb\"},\"inLanguage\":\"fa-IR\",\"potentialAction\":[{\"@type\":\"ReadAction\",\"target\":[\"https:\/\/deliciaspersas.com\/fa\/tienda\/destilados\/%d8%b9%d8%b1%d9%82-%d8%a2%d9%88%db%8c%d8%b4%d9%86-1-%d9%84%db%8c%d8%aa%d8%b1%db%8c-%d8%b1%d8%a7%db%8c%d9%86%d8%a7\/\"]}]},{\"@type\":\"ImageObject\",\"inLanguage\":\"fa-IR\",\"@id\":\"https:\/\/deliciaspersas.com\/fa\/tienda\/destilados\/%d8%b9%d8%b1%d9%82-%d8%a2%d9%88%db%8c%d8%b4%d9%86-1-%d9%84%db%8c%d8%aa%d8%b1%db%8c-%d8%b1%d8%a7%db%8c%d9%86%d8%a7\/#primaryimage\",\"url\":\"https:\/\/deliciaspersas.com\/wp-content\/uploads\/13.jpg\",\"contentUrl\":\"https:\/\/deliciaspersas.com\/wp-content\/uploads\/13.jpg\",\"width\":760,\"height\":760,\"caption\":\"\u0639\u0631\u0642 \u0622\u0648\u06cc\u0634\u0646 1 \u0644\u06cc\u062a\u0631\u06cc \u0631\u0627\u06cc\u0646\u0627\"},{\"@type\":\"BreadcrumbList\",\"@id\":\"https:\/\/deliciaspersas.com\/fa\/tienda\/destilados\/%d8%b9%d8%b1%d9%82-%d8%a2%d9%88%db%8c%d8%b4%d9%86-1-%d9%84%db%8c%d8%aa%d8%b1%db%8c-%d8%b1%d8%a7%db%8c%d9%86%d8%a7\/#breadcrumb\",\"itemListElement\":[{\"@type\":\"ListItem\",\"position\":1,\"name\":\"Portada\",\"item\":\"https:\/\/deliciaspersas.com\/fa\/\"},{\"@type\":\"ListItem\",\"position\":2,\"name\":\"Tienda\",\"item\":\"https:\/\/deliciaspersas.com\/\"},{\"@type\":\"ListItem\",\"position\":3,\"name\":\"Destilado de tomillo 1L Rayna\"}]},{\"@type\":\"WebSite\",\"@id\":\"https:\/\/deliciaspersas.com\/fa\/#website\",\"url\":\"https:\/\/deliciaspersas.com\/fa\/\",\"name\":\"Delicias Persas\",\"description\":\"Gastronom&iacute;a persa al alcance de tus manos\",\"publisher\":{\"@id\":\"https:\/\/deliciaspersas.com\/fa\/#organization\"},\"potentialAction\":[{\"@type\":\"SearchAction\",\"target\":{\"@type\":\"EntryPoint\",\"urlTemplate\":\"https:\/\/deliciaspersas.com\/fa\/?s={search_term_string}\"},\"query-input\":{\"@type\":\"PropertyValueSpecification\",\"valueRequired\":true,\"valueName\":\"search_term_string\"}}],\"inLanguage\":\"fa-IR\"},{\"@type\":\"Organization\",\"@id\":\"https:\/\/deliciaspersas.com\/fa\/#organization\",\"name\":\"Delicias Persas\",\"url\":\"https:\/\/deliciaspersas.com\/fa\/\",\"logo\":{\"@type\":\"ImageObject\",\"inLanguage\":\"fa-IR\",\"@id\":\"https:\/\/deliciaspersas.com\/fa\/#\/schema\/logo\/image\/\",\"url\":\"https:\/\/deliciaspersas.com\/wp-content\/uploads\/2020\/07\/logo-2020.png\",\"contentUrl\":\"https:\/\/deliciaspersas.com\/wp-content\/uploads\/2020\/07\/logo-2020.png\",\"width\":520,\"height\":490,\"caption\":\"Delicias Persas\"},\"image\":{\"@id\":\"https:\/\/deliciaspersas.com\/fa\/#\/schema\/logo\/image\/\"},\"sameAs\":[\"https:\/\/www.facebook.com\/Deliciaspersas\",\"https:\/\/www.instagram.com\/delicias_persas\/\",\"https:\/\/www.linkedin.com\/delicias-persas\"]}]}<\/script>\n<!-- \/ Yoast SEO plugin. -->","yoast_head_json":{"title":"Destilado de tomillo 1L Rayna - Delicias Persas","description":"Su consumo habitual puede ayudar a hacer mejor la digesti\u00f3n, a absorber mejor los nutrientes de los alimentos, y tambi\u00e9n optimiza las funciones del p\u00e1nc...","robots":{"index":"index","follow":"follow","max-snippet":"max-snippet:-1","max-image-preview":"max-image-preview:large","max-video-preview":"max-video-preview:-1"},"canonical":"https:\/\/deliciaspersas.com\/fa\/tienda\/destilados\/%d8%b9%d8%b1%d9%82-%d8%a2%d9%88%db%8c%d8%b4%d9%86-1-%d9%84%db%8c%d8%aa%d8%b1%db%8c-%d8%b1%d8%a7%db%8c%d9%86%d8%a7\/","og_locale":"fa_IR","og_type":"article","og_title":"Destilado de tomillo 1L Rayna - Delicias Persas","og_description":"Su consumo habitual puede ayudar a hacer mejor la digesti\u00f3n, a absorber mejor los nutrientes de los alimentos, y tambi\u00e9n optimiza las funciones del p\u00e1nc...","og_url":"https:\/\/deliciaspersas.com\/fa\/tienda\/destilados\/%d8%b9%d8%b1%d9%82-%d8%a2%d9%88%db%8c%d8%b4%d9%86-1-%d9%84%db%8c%d8%aa%d8%b1%db%8c-%d8%b1%d8%a7%db%8c%d9%86%d8%a7\/","og_site_name":"Delicias Persas","article_publisher":"https:\/\/www.facebook.com\/Deliciaspersas","article_modified_time":"2021-11-07T11:30:38+00:00","og_image":[{"width":760,"height":760,"url":"https:\/\/deliciaspersas.com\/wp-content\/uploads\/13.jpg","type":"image\/jpeg"}],"twitter_card":"summary_large_image","twitter_misc":{"\u0632\u0645\u0627\u0646 \u062a\u0642\u0631\u06cc\u0628\u06cc \u0628\u0631\u0627\u06cc \u062e\u0648\u0627\u0646\u062f\u0646":"2 \u062f\u0642\u06cc\u0642\u0647"},"schema":{"@context":"https:\/\/schema.org","@graph":[{"@type":"WebPage","@id":"https:\/\/deliciaspersas.com\/fa\/tienda\/destilados\/%d8%b9%d8%b1%d9%82-%d8%a2%d9%88%db%8c%d8%b4%d9%86-1-%d9%84%db%8c%d8%aa%d8%b1%db%8c-%d8%b1%d8%a7%db%8c%d9%86%d8%a7\/","url":"https:\/\/deliciaspersas.com\/fa\/tienda\/destilados\/%d8%b9%d8%b1%d9%82-%d8%a2%d9%88%db%8c%d8%b4%d9%86-1-%d9%84%db%8c%d8%aa%d8%b1%db%8c-%d8%b1%d8%a7%db%8c%d9%86%d8%a7\/","name":"Destilado de tomillo 1L Rayna - Delicias Persas","isPartOf":{"@id":"https:\/\/deliciaspersas.com\/fa\/#website"},"primaryImageOfPage":{"@id":"https:\/\/deliciaspersas.com\/fa\/tienda\/destilados\/%d8%b9%d8%b1%d9%82-%d8%a2%d9%88%db%8c%d8%b4%d9%86-1-%d9%84%db%8c%d8%aa%d8%b1%db%8c-%d8%b1%d8%a7%db%8c%d9%86%d8%a7\/#primaryimage"},"image":{"@id":"https:\/\/deliciaspersas.com\/fa\/tienda\/destilados\/%d8%b9%d8%b1%d9%82-%d8%a2%d9%88%db%8c%d8%b4%d9%86-1-%d9%84%db%8c%d8%aa%d8%b1%db%8c-%d8%b1%d8%a7%db%8c%d9%86%d8%a7\/#primaryimage"},"thumbnailUrl":"https:\/\/deliciaspersas.com\/wp-content\/uploads\/13.jpg","datePublished":"2021-05-10T09:44:26+00:00","dateModified":"2021-11-07T11:30:38+00:00","description":"Su consumo habitual puede ayudar a hacer mejor la digesti\u00f3n, a absorber mejor los nutrientes de los alimentos, y tambi\u00e9n optimiza las funciones del p\u00e1nc...","breadcrumb":{"@id":"https:\/\/deliciaspersas.com\/fa\/tienda\/destilados\/%d8%b9%d8%b1%d9%82-%d8%a2%d9%88%db%8c%d8%b4%d9%86-1-%d9%84%db%8c%d8%aa%d8%b1%db%8c-%d8%b1%d8%a7%db%8c%d9%86%d8%a7\/#breadcrumb"},"inLanguage":"fa-IR","potentialAction":[{"@type":"ReadAction","target":["https:\/\/deliciaspersas.com\/fa\/tienda\/destilados\/%d8%b9%d8%b1%d9%82-%d8%a2%d9%88%db%8c%d8%b4%d9%86-1-%d9%84%db%8c%d8%aa%d8%b1%db%8c-%d8%b1%d8%a7%db%8c%d9%86%d8%a7\/"]}]},{"@type":"ImageObject","inLanguage":"fa-IR","@id":"https:\/\/deliciaspersas.com\/fa\/tienda\/destilados\/%d8%b9%d8%b1%d9%82-%d8%a2%d9%88%db%8c%d8%b4%d9%86-1-%d9%84%db%8c%d8%aa%d8%b1%db%8c-%d8%b1%d8%a7%db%8c%d9%86%d8%a7\/#primaryimage","url":"https:\/\/deliciaspersas.com\/wp-content\/uploads\/13.jpg","contentUrl":"https:\/\/deliciaspersas.com\/wp-content\/uploads\/13.jpg","width":760,"height":760,"caption":"\u0639\u0631\u0642 \u0622\u0648\u06cc\u0634\u0646 1 \u0644\u06cc\u062a\u0631\u06cc \u0631\u0627\u06cc\u0646\u0627"},{"@type":"BreadcrumbList","@id":"https:\/\/deliciaspersas.com\/fa\/tienda\/destilados\/%d8%b9%d8%b1%d9%82-%d8%a2%d9%88%db%8c%d8%b4%d9%86-1-%d9%84%db%8c%d8%aa%d8%b1%db%8c-%d8%b1%d8%a7%db%8c%d9%86%d8%a7\/#breadcrumb","itemListElement":[{"@type":"ListItem","position":1,"name":"Portada","item":"https:\/\/deliciaspersas.com\/fa\/"},{"@type":"ListItem","position":2,"name":"Tienda","item":"https:\/\/deliciaspersas.com\/"},{"@type":"ListItem","position":3,"name":"Destilado de tomillo 1L Rayna"}]},{"@type":"WebSite","@id":"https:\/\/deliciaspersas.com\/fa\/#website","url":"https:\/\/deliciaspersas.com\/fa\/","name":"Delicias Persas","description":"Gastronom&iacute;a persa al alcance de tus manos","publisher":{"@id":"https:\/\/deliciaspersas.com\/fa\/#organization"},"potentialAction":[{"@type":"SearchAction","target":{"@type":"EntryPoint","urlTemplate":"https:\/\/deliciaspersas.com\/fa\/?s={search_term_string}"},"query-input":{"@type":"PropertyValueSpecification","valueRequired":true,"valueName":"search_term_string"}}],"inLanguage":"fa-IR"},{"@type":"Organization","@id":"https:\/\/deliciaspersas.com\/fa\/#organization","name":"Delicias Persas","url":"https:\/\/deliciaspersas.com\/fa\/","logo":{"@type":"ImageObject","inLanguage":"fa-IR","@id":"https:\/\/deliciaspersas.com\/fa\/#\/schema\/logo\/image\/","url":"https:\/\/deliciaspersas.com\/wp-content\/uploads\/2020\/07\/logo-2020.png","contentUrl":"https:\/\/deliciaspersas.com\/wp-content\/uploads\/2020\/07\/logo-2020.png","width":520,"height":490,"caption":"Delicias Persas"},"image":{"@id":"https:\/\/deliciaspersas.com\/fa\/#\/schema\/logo\/image\/"},"sameAs":["https:\/\/www.facebook.com\/Deliciaspersas","https:\/\/www.instagram.com\/delicias_persas\/","https:\/\/www.linkedin.com\/delicias-persas"]}]}},"uagb_featured_image_src":{"full":["https:\/\/deliciaspersas.com\/wp-content\/uploads\/13.jpg",760,760,false],"thumbnail":["https:\/\/deliciaspersas.com\/wp-content\/uploads\/13-150x150.jpg",150,150,true],"medium":["https:\/\/deliciaspersas.com\/wp-content\/uploads\/13-300x300.jpg",300,300,true],"medium_large":["https:\/\/deliciaspersas.com\/wp-content\/uploads\/13.jpg",760,760,false],"large":["https:\/\/deliciaspersas.com\/wp-content\/uploads\/13.jpg",760,760,false],"1536x1536":["https:\/\/deliciaspersas.com\/wp-content\/uploads\/13.jpg",760,760,false],"2048x2048":["https:\/\/deliciaspersas.com\/wp-content\/uploads\/13.jpg",760,760,false],"woocommerce_thumbnail":["https:\/\/deliciaspersas.com\/wp-content\/uploads\/13-300x300.jpg",300,300,true],"woocommerce_single":["https:\/\/deliciaspersas.com\/wp-content\/uploads\/13-600x600.jpg",600,600,true],"woocommerce_gallery_thumbnail":["https:\/\/deliciaspersas.com\/wp-content\/uploads\/13-100x100.jpg",100,100,true]},"uagb_author_info":{"display_name":"Maral Azizi","author_link":"https:\/\/deliciaspersas.com\/fa\/author\/"},"uagb_comment_info":0,"uagb_excerpt":"Destilado de tomillo 1L Rayna Informaci\u00f3n del producto: El\u00a0tomillo, adem\u00e1s de ser una hierba arom\u00e1tica muy apreciada en la cocina, es usado como\u00a0planta medicinal\u00a0desde la antig\u00fcedad. Los griegos lo usaban para curar heridas, los egipcios lo utilizaban en los embalsamamientos; en la Edad Media se usaba el\u00a0tomillo\u00a0para curar muchas enfermedades Beneficios: Uno de los usos&hellip;","brands":[{"id":194,"name":"Rayna","slug":"rayna"}],"_links":{"self":[{"href":"https:\/\/deliciaspersas.com\/fa\/wp-json\/wp\/v2\/product\/7934"}],"collection":[{"href":"https:\/\/deliciaspersas.com\/fa\/wp-json\/wp\/v2\/product"}],"about":[{"href":"https:\/\/deliciaspersas.com\/fa\/wp-json\/wp\/v2\/types\/product"}],"wp:featuredmedia":[{"embeddable":true,"href":"https:\/\/deliciaspersas.com\/fa\/wp-json\/wp\/v2\/media\/7935"}],"wp:attachment":[{"href":"https:\/\/deliciaspersas.com\/fa\/wp-json\/wp\/v2\/media?parent=7934"}],"wp:term":[{"taxonomy":"pwb-brand","embeddable":true,"href":"https:\/\/deliciaspersas.com\/fa\/wp-json\/wp\/v2\/pwb-brand?post=7934"},{"taxonomy":"product_cat","embeddable":true,"href":"https:\/\/deliciaspersas.com\/fa\/wp-json\/wp\/v2\/product_cat?post=7934"},{"taxonomy":"product_tag","embeddable":true,"href":"https:\/\/deliciaspersas.com\/fa\/wp-json\/wp\/v2\/product_tag?post=7934"}],"curies":[{"name":"wp","href":"https:\/\/api.w.org\/{rel}","templated":true}]}}