{"id":7963,"date":"2021-05-12T14:43:22","date_gmt":"2021-05-12T12:43:22","guid":{"rendered":"https:\/\/deliciaspersas.com\/?post_type=product&#038;p=7963"},"modified":"2024-08-08T18:00:34","modified_gmt":"2024-08-08T16:00:34","slug":"%d8%b3%d9%85%d8%a7%d9%82-65-%da%af%d8%b1%d9%85%db%8c-%d8%a8%d8%a7%d9%84%d8%b3%db%8c","status":"publish","type":"product","link":"https:\/\/deliciaspersas.com\/fa\/tienda\/especias\/%d8%b3%d9%85%d8%a7%d9%82-65-%da%af%d8%b1%d9%85%db%8c-%d8%a8%d8%a7%d9%84%d8%b3%db%8c\/","title":{"rendered":"Sumac 65g Balsi"},"content":{"rendered":"<h1>Sumac 65g Balssi<\/h1>\n<h6>Informaci\u00f3n del producto:<\/h6>\n<p><span style=\"font-size: 16px;\">El sumac o zumaque es una especia que se obtiene de la planta <\/span><em style=\"font-size: 16px;\">Rhus coriaria<\/em><span style=\"font-size: 16px;\">. Un arbuesto de hojas verde-rojizas, muy habitual en la Pen\u00ednsula Ib\u00e9rica, ya que los \u00e1rabes lo trajeron para utilizarlo como alimento y como tinte. Los peque\u00f1os frutos o bayas rojas de la planta de zumaque se secan y se muelen, y as\u00ed se obtiene un polvo de intenso color rojo, fino y con sabor \u00e1cido. Los arbustos de sumac son actualmente cultivados en muchas zonas de Oriente Medio Oriente, Am\u00e9rica del Norte y \u00c1frica.<\/span><\/p>\n<h6>Usos:<\/h6>\n<p>Se utiliza en las recetas y como acompaniante para dar sabor a platos como Kebab o platos con carne.<\/p>\n<h6>Beneficios:<\/h6>\n<p>Sumac es un poderoso antioxidante. Ayuda a combatir los radicales libres y ralentizar el da\u00f1o que provocan en las c\u00e9lulas.<\/p>\n<p>Combate las infecciones por hongos, especialmente\u00a0<em>Aspergillus flavus<\/em>\u00a0, que puede causar infecci\u00f3n pulmonar y dificultad para respirar.<\/p>\n<p>Es una especia antis\u00e9ptica, que ayuda a combatir infecciones por bacterias y virus. Al a\u00f1adirla a los alimentos, se ha comprobado que puede prevenir la infecci\u00f3n alimentaria por <em>Salmonela typhimurium<\/em>.<\/p>\n<p>Ayuda a controlar la glucosa, muy \u00fatil en casos de diabetes, s\u00edndrome metab\u00f3lico y problemas de sobrepeso y obesidad.<\/p>\n<p>Especia cardiovascular\u00a0que previene el aumento de peso, equilbria el colesterol y protege las arterias.<\/p>\n<p>Es\u00a0diuretico, ayuda a controlar la presi\u00f3n arterial y a eliminar sustancias t\u00f3xicas en los ri\u00f1ones, reduce la inflamaci\u00f3n de la vejiga.<\/p>\n<p>Es\u00a0digestivo. En Oriente Medio se utiliza en infusiu\u00f3n para los dolores y molestias de est\u00f3mago.<\/p>\n<p>Tiene propiedades\u00a0anticancer\u00edgenas. Se est\u00e1 estudiando su composici\u00f3n para el tratamiento de algunos tipos de tumores como el de mama.<\/p>\n<p>En la tradici\u00f3n \u00e1rabe, las mujeres utilizan t\u00e9 de sumac para aliviar los\u00a0dolores menstruales\u00a0y aumentar la producci\u00f3n de leche.<\/p>\n<p>Es\u00a0antiinflamatorio, ayuda a aliviar el dolor y la inflamaci\u00f3n en problemas articulares.<\/p>\n<h6>Condiciones de conservaci\u00f3n:<\/h6>\n<p>Conservar en un lugar fresco, seco y protegido de la luz.<\/p>\n<h6>Informaci\u00f3n adicional:<\/h6>\n<p>Fabricado por: Balssi<\/p>\n","protected":false},"excerpt":{"rendered":"<p>Sumac 65g Balssi Informaci\u00f3n del producto: El sumac o zumaque es una especia que se obtiene de la planta Rhus coriaria. Un arbuesto de hojas verde-rojizas, muy habitual en la Pen\u00ednsula Ib\u00e9rica, ya que los \u00e1rabes lo trajeron para utilizarlo como alimento y como tinte. Los peque\u00f1os frutos o bayas rojas de la planta de [&hellip;]<\/p>\n","protected":false},"featured_media":7964,"template":"","meta":{"_surecart_dashboard_logo_width":"180px","_surecart_dashboard_show_logo":true,"_surecart_dashboard_navigation_orders":true,"_surecart_dashboard_navigation_invoices":true,"_surecart_dashboard_navigation_subscriptions":true,"_surecart_dashboard_navigation_downloads":true,"_surecart_dashboard_navigation_billing":true,"_surecart_dashboard_navigation_account":true,"_uag_custom_page_level_css":"","site-sidebar-layout":"default","site-content-layout":"default","ast-site-content-layout":"default","site-content-style":"default","site-sidebar-style":"default","ast-global-header-display":"","ast-banner-title-visibility":"","ast-main-header-display":"","ast-hfb-above-header-display":"","ast-hfb-below-header-display":"","ast-hfb-mobile-header-display":"","site-post-title":"","ast-breadcrumbs-content":"","ast-featured-img":"","footer-sml-layout":"","theme-transparent-header-meta":"default","adv-header-id-meta":"","stick-header-meta":"","header-above-stick-meta":"","header-main-stick-meta":"","header-below-stick-meta":"","astra-migrate-meta-layouts":"set","ast-page-background-enabled":"default","ast-page-background-meta":{"desktop":{"background-color":"","background-image":"","background-repeat":"repeat","background-position":"center center","background-size":"auto","background-attachment":"scroll","background-type":"","background-media":"","overlay-type":"","overlay-color":"","overlay-opacity":"","overlay-gradient":""},"tablet":{"background-color":"","background-image":"","background-repeat":"repeat","background-position":"center center","background-size":"auto","background-attachment":"scroll","background-type":"","background-media":"","overlay-type":"","overlay-color":"","overlay-opacity":"","overlay-gradient":""},"mobile":{"background-color":"","background-image":"","background-repeat":"repeat","background-position":"center center","background-size":"auto","background-attachment":"scroll","background-type":"","background-media":"","overlay-type":"","overlay-color":"","overlay-opacity":"","overlay-gradient":""}},"ast-content-background-meta":{"desktop":{"background-color":"var(--ast-global-color-5)","background-image":"","background-repeat":"repeat","background-position":"center center","background-size":"auto","background-attachment":"scroll","background-type":"","background-media":"","overlay-type":"","overlay-color":"","overlay-opacity":"","overlay-gradient":""},"tablet":{"background-color":"var(--ast-global-color-5)","background-image":"","background-repeat":"repeat","background-position":"center center","background-size":"auto","background-attachment":"scroll","background-type":"","background-media":"","overlay-type":"","overlay-color":"","overlay-opacity":"","overlay-gradient":""},"mobile":{"background-color":"var(--ast-global-color-5)","background-image":"","background-repeat":"repeat","background-position":"center center","background-size":"auto","background-attachment":"scroll","background-type":"","background-media":"","overlay-type":"","overlay-color":"","overlay-opacity":"","overlay-gradient":""}}},"pwb-brand":[178],"product_cat":[39,32],"product_tag":[802,569,801,803],"class_list":{"0":"post-7963","1":"product","2":"type-product","3":"status-publish","4":"has-post-thumbnail","6":"pwb-brand-balssi","7":"product_cat-destilados","8":"product_cat-especias","9":"product_tag-carne","10":"product_tag-polvo","11":"product_tag-somac","12":"product_tag-803","13":"desktop-align-center","14":"tablet-align-center","15":"mobile-align-center","17":"first","18":"outofstock","19":"taxable","20":"shipping-taxable","21":"purchasable","22":"product-type-simple"},"yoast_head":"<!-- This site is optimized with the Yoast SEO plugin v23.6 - https:\/\/yoast.com\/wordpress\/plugins\/seo\/ -->\n<title>Sumac 65g Balsi - Delicias Persas<\/title>\n<meta name=\"description\" content=\"El sumac o zumaque es una especia que se obtiene de la planta Rhus coriaria. Tiene propiedades\u00a0anticancer\u00edgenas.\" \/>\n<meta name=\"robots\" content=\"index, follow, max-snippet:-1, max-image-preview:large, max-video-preview:-1\" \/>\n<link rel=\"canonical\" href=\"https:\/\/deliciaspersas.com\/fa\/tienda\/especias\/%d8%b3%d9%85%d8%a7%d9%82-65-%da%af%d8%b1%d9%85%db%8c-%d8%a8%d8%a7%d9%84%d8%b3%db%8c\/\" \/>\n<meta property=\"og:locale\" content=\"fa_IR\" \/>\n<meta property=\"og:type\" content=\"article\" \/>\n<meta property=\"og:title\" content=\"Sumac 65g Balsi - Delicias Persas\" \/>\n<meta property=\"og:description\" content=\"El sumac o zumaque es una especia que se obtiene de la planta Rhus coriaria. Tiene propiedades\u00a0anticancer\u00edgenas.\" \/>\n<meta property=\"og:url\" content=\"https:\/\/deliciaspersas.com\/fa\/tienda\/especias\/%d8%b3%d9%85%d8%a7%d9%82-65-%da%af%d8%b1%d9%85%db%8c-%d8%a8%d8%a7%d9%84%d8%b3%db%8c\/\" \/>\n<meta property=\"og:site_name\" content=\"Delicias Persas\" \/>\n<meta property=\"article:publisher\" content=\"https:\/\/www.facebook.com\/Deliciaspersas\" \/>\n<meta property=\"article:modified_time\" content=\"2024-08-08T16:00:34+00:00\" \/>\n<meta property=\"og:image\" content=\"https:\/\/deliciaspersas.com\/wp-content\/uploads\/17.jpg\" \/>\n\t<meta property=\"og:image:width\" content=\"760\" \/>\n\t<meta property=\"og:image:height\" content=\"760\" \/>\n\t<meta property=\"og:image:type\" content=\"image\/jpeg\" \/>\n<meta name=\"twitter:card\" content=\"summary_large_image\" \/>\n<meta name=\"twitter:label1\" content=\"\u0632\u0645\u0627\u0646 \u062a\u0642\u0631\u06cc\u0628\u06cc \u0628\u0631\u0627\u06cc \u062e\u0648\u0627\u0646\u062f\u0646\" \/>\n\t<meta name=\"twitter:data1\" content=\"2 \u062f\u0642\u06cc\u0642\u0647\" \/>\n<script type=\"application\/ld+json\" class=\"yoast-schema-graph\">{\"@context\":\"https:\/\/schema.org\",\"@graph\":[{\"@type\":\"WebPage\",\"@id\":\"https:\/\/deliciaspersas.com\/fa\/tienda\/especias\/%d8%b3%d9%85%d8%a7%d9%82-65-%da%af%d8%b1%d9%85%db%8c-%d8%a8%d8%a7%d9%84%d8%b3%db%8c\/\",\"url\":\"https:\/\/deliciaspersas.com\/fa\/tienda\/especias\/%d8%b3%d9%85%d8%a7%d9%82-65-%da%af%d8%b1%d9%85%db%8c-%d8%a8%d8%a7%d9%84%d8%b3%db%8c\/\",\"name\":\"Sumac 65g Balsi - Delicias Persas\",\"isPartOf\":{\"@id\":\"https:\/\/deliciaspersas.com\/fa\/#website\"},\"primaryImageOfPage\":{\"@id\":\"https:\/\/deliciaspersas.com\/fa\/tienda\/especias\/%d8%b3%d9%85%d8%a7%d9%82-65-%da%af%d8%b1%d9%85%db%8c-%d8%a8%d8%a7%d9%84%d8%b3%db%8c\/#primaryimage\"},\"image\":{\"@id\":\"https:\/\/deliciaspersas.com\/fa\/tienda\/especias\/%d8%b3%d9%85%d8%a7%d9%82-65-%da%af%d8%b1%d9%85%db%8c-%d8%a8%d8%a7%d9%84%d8%b3%db%8c\/#primaryimage\"},\"thumbnailUrl\":\"https:\/\/deliciaspersas.com\/wp-content\/uploads\/17.jpg\",\"datePublished\":\"2021-05-12T12:43:22+00:00\",\"dateModified\":\"2024-08-08T16:00:34+00:00\",\"description\":\"El sumac o zumaque es una especia que se obtiene de la planta Rhus coriaria. Tiene propiedades\u00a0anticancer\u00edgenas.\",\"breadcrumb\":{\"@id\":\"https:\/\/deliciaspersas.com\/fa\/tienda\/especias\/%d8%b3%d9%85%d8%a7%d9%82-65-%da%af%d8%b1%d9%85%db%8c-%d8%a8%d8%a7%d9%84%d8%b3%db%8c\/#breadcrumb\"},\"inLanguage\":\"fa-IR\",\"potentialAction\":[{\"@type\":\"ReadAction\",\"target\":[\"https:\/\/deliciaspersas.com\/fa\/tienda\/especias\/%d8%b3%d9%85%d8%a7%d9%82-65-%da%af%d8%b1%d9%85%db%8c-%d8%a8%d8%a7%d9%84%d8%b3%db%8c\/\"]}]},{\"@type\":\"ImageObject\",\"inLanguage\":\"fa-IR\",\"@id\":\"https:\/\/deliciaspersas.com\/fa\/tienda\/especias\/%d8%b3%d9%85%d8%a7%d9%82-65-%da%af%d8%b1%d9%85%db%8c-%d8%a8%d8%a7%d9%84%d8%b3%db%8c\/#primaryimage\",\"url\":\"https:\/\/deliciaspersas.com\/wp-content\/uploads\/17.jpg\",\"contentUrl\":\"https:\/\/deliciaspersas.com\/wp-content\/uploads\/17.jpg\",\"width\":760,\"height\":760,\"caption\":\"\u0633\u0645\u0627\u0642 65 \u06af\u0631\u0645\u06cc \u0628\u0627\u0644\u0633\u06cc\"},{\"@type\":\"BreadcrumbList\",\"@id\":\"https:\/\/deliciaspersas.com\/fa\/tienda\/especias\/%d8%b3%d9%85%d8%a7%d9%82-65-%da%af%d8%b1%d9%85%db%8c-%d8%a8%d8%a7%d9%84%d8%b3%db%8c\/#breadcrumb\",\"itemListElement\":[{\"@type\":\"ListItem\",\"position\":1,\"name\":\"Portada\",\"item\":\"https:\/\/deliciaspersas.com\/fa\/\"},{\"@type\":\"ListItem\",\"position\":2,\"name\":\"Tienda\",\"item\":\"https:\/\/deliciaspersas.com\/\"},{\"@type\":\"ListItem\",\"position\":3,\"name\":\"Sumac 65g Balsi\"}]},{\"@type\":\"WebSite\",\"@id\":\"https:\/\/deliciaspersas.com\/fa\/#website\",\"url\":\"https:\/\/deliciaspersas.com\/fa\/\",\"name\":\"Delicias Persas\",\"description\":\"Gastronom&iacute;a persa al alcance de tus manos\",\"publisher\":{\"@id\":\"https:\/\/deliciaspersas.com\/fa\/#organization\"},\"potentialAction\":[{\"@type\":\"SearchAction\",\"target\":{\"@type\":\"EntryPoint\",\"urlTemplate\":\"https:\/\/deliciaspersas.com\/fa\/?s={search_term_string}\"},\"query-input\":{\"@type\":\"PropertyValueSpecification\",\"valueRequired\":true,\"valueName\":\"search_term_string\"}}],\"inLanguage\":\"fa-IR\"},{\"@type\":\"Organization\",\"@id\":\"https:\/\/deliciaspersas.com\/fa\/#organization\",\"name\":\"Delicias Persas\",\"url\":\"https:\/\/deliciaspersas.com\/fa\/\",\"logo\":{\"@type\":\"ImageObject\",\"inLanguage\":\"fa-IR\",\"@id\":\"https:\/\/deliciaspersas.com\/fa\/#\/schema\/logo\/image\/\",\"url\":\"https:\/\/deliciaspersas.com\/wp-content\/uploads\/2020\/07\/logo-2020.png\",\"contentUrl\":\"https:\/\/deliciaspersas.com\/wp-content\/uploads\/2020\/07\/logo-2020.png\",\"width\":520,\"height\":490,\"caption\":\"Delicias Persas\"},\"image\":{\"@id\":\"https:\/\/deliciaspersas.com\/fa\/#\/schema\/logo\/image\/\"},\"sameAs\":[\"https:\/\/www.facebook.com\/Deliciaspersas\",\"https:\/\/www.instagram.com\/delicias_persas\/\",\"https:\/\/www.linkedin.com\/delicias-persas\"]}]}<\/script>\n<!-- \/ Yoast SEO plugin. -->","yoast_head_json":{"title":"Sumac 65g Balsi - Delicias Persas","description":"El sumac o zumaque es una especia que se obtiene de la planta Rhus coriaria. Tiene propiedades\u00a0anticancer\u00edgenas.","robots":{"index":"index","follow":"follow","max-snippet":"max-snippet:-1","max-image-preview":"max-image-preview:large","max-video-preview":"max-video-preview:-1"},"canonical":"https:\/\/deliciaspersas.com\/fa\/tienda\/especias\/%d8%b3%d9%85%d8%a7%d9%82-65-%da%af%d8%b1%d9%85%db%8c-%d8%a8%d8%a7%d9%84%d8%b3%db%8c\/","og_locale":"fa_IR","og_type":"article","og_title":"Sumac 65g Balsi - Delicias Persas","og_description":"El sumac o zumaque es una especia que se obtiene de la planta Rhus coriaria. Tiene propiedades\u00a0anticancer\u00edgenas.","og_url":"https:\/\/deliciaspersas.com\/fa\/tienda\/especias\/%d8%b3%d9%85%d8%a7%d9%82-65-%da%af%d8%b1%d9%85%db%8c-%d8%a8%d8%a7%d9%84%d8%b3%db%8c\/","og_site_name":"Delicias Persas","article_publisher":"https:\/\/www.facebook.com\/Deliciaspersas","article_modified_time":"2024-08-08T16:00:34+00:00","og_image":[{"width":760,"height":760,"url":"https:\/\/deliciaspersas.com\/wp-content\/uploads\/17.jpg","type":"image\/jpeg"}],"twitter_card":"summary_large_image","twitter_misc":{"\u0632\u0645\u0627\u0646 \u062a\u0642\u0631\u06cc\u0628\u06cc \u0628\u0631\u0627\u06cc \u062e\u0648\u0627\u0646\u062f\u0646":"2 \u062f\u0642\u06cc\u0642\u0647"},"schema":{"@context":"https:\/\/schema.org","@graph":[{"@type":"WebPage","@id":"https:\/\/deliciaspersas.com\/fa\/tienda\/especias\/%d8%b3%d9%85%d8%a7%d9%82-65-%da%af%d8%b1%d9%85%db%8c-%d8%a8%d8%a7%d9%84%d8%b3%db%8c\/","url":"https:\/\/deliciaspersas.com\/fa\/tienda\/especias\/%d8%b3%d9%85%d8%a7%d9%82-65-%da%af%d8%b1%d9%85%db%8c-%d8%a8%d8%a7%d9%84%d8%b3%db%8c\/","name":"Sumac 65g Balsi - Delicias Persas","isPartOf":{"@id":"https:\/\/deliciaspersas.com\/fa\/#website"},"primaryImageOfPage":{"@id":"https:\/\/deliciaspersas.com\/fa\/tienda\/especias\/%d8%b3%d9%85%d8%a7%d9%82-65-%da%af%d8%b1%d9%85%db%8c-%d8%a8%d8%a7%d9%84%d8%b3%db%8c\/#primaryimage"},"image":{"@id":"https:\/\/deliciaspersas.com\/fa\/tienda\/especias\/%d8%b3%d9%85%d8%a7%d9%82-65-%da%af%d8%b1%d9%85%db%8c-%d8%a8%d8%a7%d9%84%d8%b3%db%8c\/#primaryimage"},"thumbnailUrl":"https:\/\/deliciaspersas.com\/wp-content\/uploads\/17.jpg","datePublished":"2021-05-12T12:43:22+00:00","dateModified":"2024-08-08T16:00:34+00:00","description":"El sumac o zumaque es una especia que se obtiene de la planta Rhus coriaria. Tiene propiedades\u00a0anticancer\u00edgenas.","breadcrumb":{"@id":"https:\/\/deliciaspersas.com\/fa\/tienda\/especias\/%d8%b3%d9%85%d8%a7%d9%82-65-%da%af%d8%b1%d9%85%db%8c-%d8%a8%d8%a7%d9%84%d8%b3%db%8c\/#breadcrumb"},"inLanguage":"fa-IR","potentialAction":[{"@type":"ReadAction","target":["https:\/\/deliciaspersas.com\/fa\/tienda\/especias\/%d8%b3%d9%85%d8%a7%d9%82-65-%da%af%d8%b1%d9%85%db%8c-%d8%a8%d8%a7%d9%84%d8%b3%db%8c\/"]}]},{"@type":"ImageObject","inLanguage":"fa-IR","@id":"https:\/\/deliciaspersas.com\/fa\/tienda\/especias\/%d8%b3%d9%85%d8%a7%d9%82-65-%da%af%d8%b1%d9%85%db%8c-%d8%a8%d8%a7%d9%84%d8%b3%db%8c\/#primaryimage","url":"https:\/\/deliciaspersas.com\/wp-content\/uploads\/17.jpg","contentUrl":"https:\/\/deliciaspersas.com\/wp-content\/uploads\/17.jpg","width":760,"height":760,"caption":"\u0633\u0645\u0627\u0642 65 \u06af\u0631\u0645\u06cc \u0628\u0627\u0644\u0633\u06cc"},{"@type":"BreadcrumbList","@id":"https:\/\/deliciaspersas.com\/fa\/tienda\/especias\/%d8%b3%d9%85%d8%a7%d9%82-65-%da%af%d8%b1%d9%85%db%8c-%d8%a8%d8%a7%d9%84%d8%b3%db%8c\/#breadcrumb","itemListElement":[{"@type":"ListItem","position":1,"name":"Portada","item":"https:\/\/deliciaspersas.com\/fa\/"},{"@type":"ListItem","position":2,"name":"Tienda","item":"https:\/\/deliciaspersas.com\/"},{"@type":"ListItem","position":3,"name":"Sumac 65g Balsi"}]},{"@type":"WebSite","@id":"https:\/\/deliciaspersas.com\/fa\/#website","url":"https:\/\/deliciaspersas.com\/fa\/","name":"Delicias Persas","description":"Gastronom&iacute;a persa al alcance de tus manos","publisher":{"@id":"https:\/\/deliciaspersas.com\/fa\/#organization"},"potentialAction":[{"@type":"SearchAction","target":{"@type":"EntryPoint","urlTemplate":"https:\/\/deliciaspersas.com\/fa\/?s={search_term_string}"},"query-input":{"@type":"PropertyValueSpecification","valueRequired":true,"valueName":"search_term_string"}}],"inLanguage":"fa-IR"},{"@type":"Organization","@id":"https:\/\/deliciaspersas.com\/fa\/#organization","name":"Delicias Persas","url":"https:\/\/deliciaspersas.com\/fa\/","logo":{"@type":"ImageObject","inLanguage":"fa-IR","@id":"https:\/\/deliciaspersas.com\/fa\/#\/schema\/logo\/image\/","url":"https:\/\/deliciaspersas.com\/wp-content\/uploads\/2020\/07\/logo-2020.png","contentUrl":"https:\/\/deliciaspersas.com\/wp-content\/uploads\/2020\/07\/logo-2020.png","width":520,"height":490,"caption":"Delicias Persas"},"image":{"@id":"https:\/\/deliciaspersas.com\/fa\/#\/schema\/logo\/image\/"},"sameAs":["https:\/\/www.facebook.com\/Deliciaspersas","https:\/\/www.instagram.com\/delicias_persas\/","https:\/\/www.linkedin.com\/delicias-persas"]}]}},"uagb_featured_image_src":{"full":["https:\/\/deliciaspersas.com\/wp-content\/uploads\/17.jpg",760,760,false],"thumbnail":["https:\/\/deliciaspersas.com\/wp-content\/uploads\/17-150x150.jpg",150,150,true],"medium":["https:\/\/deliciaspersas.com\/wp-content\/uploads\/17-300x300.jpg",300,300,true],"medium_large":["https:\/\/deliciaspersas.com\/wp-content\/uploads\/17.jpg",760,760,false],"large":["https:\/\/deliciaspersas.com\/wp-content\/uploads\/17.jpg",760,760,false],"1536x1536":["https:\/\/deliciaspersas.com\/wp-content\/uploads\/17.jpg",760,760,false],"2048x2048":["https:\/\/deliciaspersas.com\/wp-content\/uploads\/17.jpg",760,760,false],"woocommerce_thumbnail":["https:\/\/deliciaspersas.com\/wp-content\/uploads\/17-300x300.jpg",300,300,true],"woocommerce_single":["https:\/\/deliciaspersas.com\/wp-content\/uploads\/17-600x600.jpg",600,600,true],"woocommerce_gallery_thumbnail":["https:\/\/deliciaspersas.com\/wp-content\/uploads\/17-100x100.jpg",100,100,true]},"uagb_author_info":{"display_name":"Maral Azizi","author_link":"https:\/\/deliciaspersas.com\/fa\/author\/"},"uagb_comment_info":0,"uagb_excerpt":"Sumac 65g Balssi Informaci\u00f3n del producto: El sumac o zumaque es una especia que se obtiene de la planta Rhus coriaria. Un arbuesto de hojas verde-rojizas, muy habitual en la Pen\u00ednsula Ib\u00e9rica, ya que los \u00e1rabes lo trajeron para utilizarlo como alimento y como tinte. Los peque\u00f1os frutos o bayas rojas de la planta de&hellip;","brands":[{"id":178,"name":"Balssi","slug":"balssi"}],"_links":{"self":[{"href":"https:\/\/deliciaspersas.com\/fa\/wp-json\/wp\/v2\/product\/7963"}],"collection":[{"href":"https:\/\/deliciaspersas.com\/fa\/wp-json\/wp\/v2\/product"}],"about":[{"href":"https:\/\/deliciaspersas.com\/fa\/wp-json\/wp\/v2\/types\/product"}],"wp:featuredmedia":[{"embeddable":true,"href":"https:\/\/deliciaspersas.com\/fa\/wp-json\/wp\/v2\/media\/7964"}],"wp:attachment":[{"href":"https:\/\/deliciaspersas.com\/fa\/wp-json\/wp\/v2\/media?parent=7963"}],"wp:term":[{"taxonomy":"pwb-brand","embeddable":true,"href":"https:\/\/deliciaspersas.com\/fa\/wp-json\/wp\/v2\/pwb-brand?post=7963"},{"taxonomy":"product_cat","embeddable":true,"href":"https:\/\/deliciaspersas.com\/fa\/wp-json\/wp\/v2\/product_cat?post=7963"},{"taxonomy":"product_tag","embeddable":true,"href":"https:\/\/deliciaspersas.com\/fa\/wp-json\/wp\/v2\/product_tag?post=7963"}],"curies":[{"name":"wp","href":"https:\/\/api.w.org\/{rel}","templated":true}]}}