{"id":7971,"date":"2021-05-12T14:56:33","date_gmt":"2021-05-12T12:56:33","guid":{"rendered":"https:\/\/deliciaspersas.com\/?post_type=product&#038;p=7971"},"modified":"2023-05-04T18:38:04","modified_gmt":"2023-05-04T16:38:04","slug":"%d8%b9%d8%b1%d9%82-%d8%b4%d9%86%d8%a8%d9%84%db%8c%d9%84%d9%87-1-%d9%84%db%8c%d8%aa%d8%b1%db%8c-%d8%b1%d8%a7%db%8c%d9%86%d8%a7","status":"publish","type":"product","link":"https:\/\/deliciaspersas.com\/fa\/tienda\/destilados\/%d8%b9%d8%b1%d9%82-%d8%b4%d9%86%d8%a8%d9%84%db%8c%d9%84%d9%87-1-%d9%84%db%8c%d8%aa%d8%b1%db%8c-%d8%b1%d8%a7%db%8c%d9%86%d8%a7\/","title":{"rendered":"Destilado de fenogreco 1L de Rayna"},"content":{"rendered":"<h1>Destilado de fenogreco 1L de Rayna<\/h1>\n<h6>Informaci\u00f3n del producto:<\/h6>\n<p>Destilados t\u00edpicos iran\u00edes.<\/p>\n<h6>Usos:<\/h6>\n<p>Recetas, ensaladas, todo tipo de verduras, platos fr\u00edos y calientes, adem\u00e1s de bebidas.<\/p>\n<h6>Beneficios:<\/h6>\n<p>Fenogreco tiene una aroma muy intenso, se destinan, como otras muchas especias, a tonificar y estimular el aparato digestivo, y a recuperar el apetito perdido. Diferentes estudios han tendido a admitir algunos de los usos terap\u00e9uticos que se atribuyen a la alholva, mientas que otros han sido descartados, o cuanto menos dejados en suspenso, por carecer de base cient\u00edfica suficiente.<\/p>\n<p>Veamos los\u00a0beneficios del fenogreco para la salud:<\/p>\n<p>El fenogreco act\u00faa como un t\u00f3nico amargo, que favorece la recuperaci\u00f3n del apetito y ayuda a regular la digesti\u00f3n. Es el uso tradicional de esta planta desde la Antig\u00fcedad.<\/p>\n<p>Tambi\u00e9n como remedio tradicional de herbolario, la alholva se ha recomendado como un reconstituyente natural, que puede ayudar a fortalecer el organismo, y como acompa\u00f1amiento de terapias diet\u00e9ticas para aumentar de peso. Se ha indicado como un apoyo v\u00e1lido en casos de anorexia\u00a0moderada, delgadez excesiva y debilidad f\u00edsica. No debiera suplir, en ning\u00fan caso, las medidas ordenadas por el m\u00e9dico endocrino, si las hubiere.<\/p>\n<p>Por su efecto\u00a0antiinflamatorio a nivel digestivo, es un recurso eficaz para tratar la gastritis\u00a0y los c\u00f3licos. Alivia el dolor de los espasmos gastrointestinales y ayuda a recuperar el normal funcionamiento de los \u00f3rganos de la digesti\u00f3n.<\/p>\n<figure class=\"cgc-libre__imagen cgc-libre__imagen--l js-with-lazy-img js-wc-lazy--loaded\">\n<div class=\"js-wc-lazy--spinner\"><span style=\"font-size: 16px\">Se le atribuye un ligero <\/span>efecto antian\u00e9mico<span style=\"font-size: 16px\">, por su importante contenido en hierro<\/span><span style=\"font-size: 16px\"> y vitaminas<\/span><span style=\"font-size: 16px\">, y puede ser \u00fatil para dar mayor consistencia a posibles dietas antian\u00e9micas<\/span><span style=\"font-size: 16px\">, en tratamientos de largo alcance, pero mejor si se cuenta con seguimiento cl\u00ednico.<\/span><\/div>\n<\/figure>\n<div id=\"wc-AD-DAD1\" class=\"panel-pane pane-revive wc-pane-publi js-wc-ad-loc- js-wc-ad-processed\" data-group=\"tadCP\" data-loc=\"main\">\n<div id=\"wc_AD1_21687\" class=\"wc_ad wc_gadmanager_ad ad1\" data-id=\"AD1\">\n<div class=\"ad-wrapper zone_AD1\" data-id=\"AD1\" data-random=\"wc_AD1_21687\">\n<div class=\"ad-wrapper-inner\">\n<div id=\"div-gpt-ad-AD1-D4\"><span style=\"font-size: 16px\">Puede ser \u00fatil para tratar la diabetes tipo 2<\/span><span style=\"font-size: 16px\"> y, en menor medida, tambi\u00e9n del tipo 1. Se le atribuye un efecto hipoglucemiante suave.\u00a0<\/span><\/div>\n<\/div>\n<\/div>\n<\/div>\n<\/div>\n<p>Se considera altamente eficaz como remedio ginecol\u00f3gico para aliviar el dolor menstrual. Contienen fitosteroles, diosgenina y pueden ejercer un efecto antiinflamatorio y antiespasm\u00f3dico comparable al ibuprofeno para aliviar el dolor menstrual y la mastalgia.<\/p>\n<h6>Ingredientes y al\u00e9rgenos:<\/h6>\n<p>Destilado de fenogreco.<\/p>\n<h6>Condiciones de conservaci\u00f3n:<\/h6>\n<p>Conservar en un lugar fresco, seco y protegido de la luz.<\/p>\n<h6>Informaci\u00f3n adicional:<\/h6>\n<p>Fabricado por: Rayna<\/p>\n","protected":false},"excerpt":{"rendered":"<p>Destilado de fenogreco 1L de Rayna Informaci\u00f3n del producto: Destilados t\u00edpicos iran\u00edes. Usos: Recetas, ensaladas, todo tipo de verduras, platos fr\u00edos y calientes, adem\u00e1s de bebidas. Beneficios: Fenogreco tiene una aroma muy intenso, se destinan, como otras muchas especias, a tonificar y estimular el aparato digestivo, y a recuperar el apetito perdido. Diferentes estudios han [&hellip;]<\/p>\n","protected":false},"featured_media":7972,"template":"","meta":{"_surecart_dashboard_logo_width":"180px","_surecart_dashboard_show_logo":true,"_surecart_dashboard_navigation_orders":true,"_surecart_dashboard_navigation_invoices":true,"_surecart_dashboard_navigation_subscriptions":true,"_surecart_dashboard_navigation_downloads":true,"_surecart_dashboard_navigation_billing":true,"_surecart_dashboard_navigation_account":true,"_uag_custom_page_level_css":"","site-sidebar-layout":"default","site-content-layout":"default","ast-site-content-layout":"","site-content-style":"default","site-sidebar-style":"default","ast-global-header-display":"","ast-banner-title-visibility":"","ast-main-header-display":"","ast-hfb-above-header-display":"","ast-hfb-below-header-display":"","ast-hfb-mobile-header-display":"","site-post-title":"","ast-breadcrumbs-content":"","ast-featured-img":"","footer-sml-layout":"","theme-transparent-header-meta":"default","adv-header-id-meta":"","stick-header-meta":"","header-above-stick-meta":"","header-main-stick-meta":"","header-below-stick-meta":"","astra-migrate-meta-layouts":"default","ast-page-background-enabled":"default","ast-page-background-meta":{"desktop":{"background-color":"","background-image":"","background-repeat":"repeat","background-position":"center center","background-size":"auto","background-attachment":"scroll","background-type":"","background-media":"","overlay-type":"","overlay-color":"","overlay-opacity":"","overlay-gradient":""},"tablet":{"background-color":"","background-image":"","background-repeat":"repeat","background-position":"center center","background-size":"auto","background-attachment":"scroll","background-type":"","background-media":"","overlay-type":"","overlay-color":"","overlay-opacity":"","overlay-gradient":""},"mobile":{"background-color":"","background-image":"","background-repeat":"repeat","background-position":"center center","background-size":"auto","background-attachment":"scroll","background-type":"","background-media":"","overlay-type":"","overlay-color":"","overlay-opacity":"","overlay-gradient":""}},"ast-content-background-meta":{"desktop":{"background-color":"var(--ast-global-color-5)","background-image":"","background-repeat":"repeat","background-position":"center center","background-size":"auto","background-attachment":"scroll","background-type":"","background-media":"","overlay-type":"","overlay-color":"","overlay-opacity":"","overlay-gradient":""},"tablet":{"background-color":"var(--ast-global-color-5)","background-image":"","background-repeat":"repeat","background-position":"center center","background-size":"auto","background-attachment":"scroll","background-type":"","background-media":"","overlay-type":"","overlay-color":"","overlay-opacity":"","overlay-gradient":""},"mobile":{"background-color":"var(--ast-global-color-5)","background-image":"","background-repeat":"repeat","background-position":"center center","background-size":"auto","background-attachment":"scroll","background-type":"","background-media":"","overlay-type":"","overlay-color":"","overlay-opacity":"","overlay-gradient":""}}},"pwb-brand":[194],"product_cat":[39],"product_tag":[597,617,607,279,295,304,313,312],"class_list":{"0":"post-7971","1":"product","2":"type-product","3":"status-publish","4":"has-post-thumbnail","6":"pwb-brand-rayna","7":"product_cat-destilados","8":"product_tag-destilado","9":"product_tag-fenogreco","10":"product_tag-hierbas","11":"product_tag-279","12":"product_tag-295","13":"product_tag-304","14":"product_tag-313","15":"product_tag-312","16":"desktop-align-center","17":"tablet-align-center","18":"mobile-align-center","20":"first","21":"outofstock","22":"taxable","23":"shipping-taxable","24":"purchasable","25":"product-type-simple"},"yoast_head":"<!-- This site is optimized with the Yoast SEO plugin v23.6 - https:\/\/yoast.com\/wordpress\/plugins\/seo\/ -->\n<title>Destilado de fenogreco 1L de Rayna - Delicias Persas<\/title>\n<meta name=\"description\" content=\"Agua de Bahar Narenj 330ml Anjoman. Se usa en una gran diversidad de bebidas que referescan y ayudan a la digesti\u00f3n...\" \/>\n<meta name=\"robots\" content=\"index, follow, max-snippet:-1, max-image-preview:large, max-video-preview:-1\" \/>\n<link rel=\"canonical\" href=\"https:\/\/deliciaspersas.com\/fa\/tienda\/destilados\/%d8%b9%d8%b1%d9%82-%d8%b4%d9%86%d8%a8%d9%84%db%8c%d9%84%d9%87-1-%d9%84%db%8c%d8%aa%d8%b1%db%8c-%d8%b1%d8%a7%db%8c%d9%86%d8%a7\/\" \/>\n<meta property=\"og:locale\" content=\"fa_IR\" \/>\n<meta property=\"og:type\" content=\"article\" \/>\n<meta property=\"og:title\" content=\"Destilado de fenogreco 1L de Rayna - Delicias Persas\" \/>\n<meta property=\"og:description\" content=\"Agua de Bahar Narenj 330ml Anjoman. Se usa en una gran diversidad de bebidas que referescan y ayudan a la digesti\u00f3n...\" \/>\n<meta property=\"og:url\" content=\"https:\/\/deliciaspersas.com\/fa\/tienda\/destilados\/%d8%b9%d8%b1%d9%82-%d8%b4%d9%86%d8%a8%d9%84%db%8c%d9%84%d9%87-1-%d9%84%db%8c%d8%aa%d8%b1%db%8c-%d8%b1%d8%a7%db%8c%d9%86%d8%a7\/\" \/>\n<meta property=\"og:site_name\" content=\"Delicias Persas\" \/>\n<meta property=\"article:publisher\" content=\"https:\/\/www.facebook.com\/Deliciaspersas\" \/>\n<meta property=\"article:modified_time\" content=\"2023-05-04T16:38:04+00:00\" \/>\n<meta property=\"og:image\" content=\"https:\/\/deliciaspersas.com\/wp-content\/uploads\/19.jpg\" \/>\n\t<meta property=\"og:image:width\" content=\"760\" \/>\n\t<meta property=\"og:image:height\" content=\"760\" \/>\n\t<meta property=\"og:image:type\" content=\"image\/jpeg\" \/>\n<meta name=\"twitter:card\" content=\"summary_large_image\" \/>\n<meta name=\"twitter:label1\" content=\"\u0632\u0645\u0627\u0646 \u062a\u0642\u0631\u06cc\u0628\u06cc \u0628\u0631\u0627\u06cc \u062e\u0648\u0627\u0646\u062f\u0646\" \/>\n\t<meta name=\"twitter:data1\" content=\"2 \u062f\u0642\u06cc\u0642\u0647\" \/>\n<script type=\"application\/ld+json\" class=\"yoast-schema-graph\">{\"@context\":\"https:\/\/schema.org\",\"@graph\":[{\"@type\":\"WebPage\",\"@id\":\"https:\/\/deliciaspersas.com\/fa\/tienda\/destilados\/%d8%b9%d8%b1%d9%82-%d8%b4%d9%86%d8%a8%d9%84%db%8c%d9%84%d9%87-1-%d9%84%db%8c%d8%aa%d8%b1%db%8c-%d8%b1%d8%a7%db%8c%d9%86%d8%a7\/\",\"url\":\"https:\/\/deliciaspersas.com\/fa\/tienda\/destilados\/%d8%b9%d8%b1%d9%82-%d8%b4%d9%86%d8%a8%d9%84%db%8c%d9%84%d9%87-1-%d9%84%db%8c%d8%aa%d8%b1%db%8c-%d8%b1%d8%a7%db%8c%d9%86%d8%a7\/\",\"name\":\"Destilado de fenogreco 1L de Rayna - Delicias Persas\",\"isPartOf\":{\"@id\":\"https:\/\/deliciaspersas.com\/fa\/#website\"},\"primaryImageOfPage\":{\"@id\":\"https:\/\/deliciaspersas.com\/fa\/tienda\/destilados\/%d8%b9%d8%b1%d9%82-%d8%b4%d9%86%d8%a8%d9%84%db%8c%d9%84%d9%87-1-%d9%84%db%8c%d8%aa%d8%b1%db%8c-%d8%b1%d8%a7%db%8c%d9%86%d8%a7\/#primaryimage\"},\"image\":{\"@id\":\"https:\/\/deliciaspersas.com\/fa\/tienda\/destilados\/%d8%b9%d8%b1%d9%82-%d8%b4%d9%86%d8%a8%d9%84%db%8c%d9%84%d9%87-1-%d9%84%db%8c%d8%aa%d8%b1%db%8c-%d8%b1%d8%a7%db%8c%d9%86%d8%a7\/#primaryimage\"},\"thumbnailUrl\":\"https:\/\/deliciaspersas.com\/wp-content\/uploads\/19.jpg\",\"datePublished\":\"2021-05-12T12:56:33+00:00\",\"dateModified\":\"2023-05-04T16:38:04+00:00\",\"description\":\"Agua de Bahar Narenj 330ml Anjoman. Se usa en una gran diversidad de bebidas que referescan y ayudan a la digesti\u00f3n...\",\"breadcrumb\":{\"@id\":\"https:\/\/deliciaspersas.com\/fa\/tienda\/destilados\/%d8%b9%d8%b1%d9%82-%d8%b4%d9%86%d8%a8%d9%84%db%8c%d9%84%d9%87-1-%d9%84%db%8c%d8%aa%d8%b1%db%8c-%d8%b1%d8%a7%db%8c%d9%86%d8%a7\/#breadcrumb\"},\"inLanguage\":\"fa-IR\",\"potentialAction\":[{\"@type\":\"ReadAction\",\"target\":[\"https:\/\/deliciaspersas.com\/fa\/tienda\/destilados\/%d8%b9%d8%b1%d9%82-%d8%b4%d9%86%d8%a8%d9%84%db%8c%d9%84%d9%87-1-%d9%84%db%8c%d8%aa%d8%b1%db%8c-%d8%b1%d8%a7%db%8c%d9%86%d8%a7\/\"]}]},{\"@type\":\"ImageObject\",\"inLanguage\":\"fa-IR\",\"@id\":\"https:\/\/deliciaspersas.com\/fa\/tienda\/destilados\/%d8%b9%d8%b1%d9%82-%d8%b4%d9%86%d8%a8%d9%84%db%8c%d9%84%d9%87-1-%d9%84%db%8c%d8%aa%d8%b1%db%8c-%d8%b1%d8%a7%db%8c%d9%86%d8%a7\/#primaryimage\",\"url\":\"https:\/\/deliciaspersas.com\/wp-content\/uploads\/19.jpg\",\"contentUrl\":\"https:\/\/deliciaspersas.com\/wp-content\/uploads\/19.jpg\",\"width\":760,\"height\":760,\"caption\":\"\u0639\u0631\u0642 \u0634\u0646\u0628\u0644\u06cc\u0644\u0647 1 \u0644\u06cc\u062a\u0631\u06cc \u0631\u0627\u06cc\u0646\u0627\"},{\"@type\":\"BreadcrumbList\",\"@id\":\"https:\/\/deliciaspersas.com\/fa\/tienda\/destilados\/%d8%b9%d8%b1%d9%82-%d8%b4%d9%86%d8%a8%d9%84%db%8c%d9%84%d9%87-1-%d9%84%db%8c%d8%aa%d8%b1%db%8c-%d8%b1%d8%a7%db%8c%d9%86%d8%a7\/#breadcrumb\",\"itemListElement\":[{\"@type\":\"ListItem\",\"position\":1,\"name\":\"Portada\",\"item\":\"https:\/\/deliciaspersas.com\/fa\/\"},{\"@type\":\"ListItem\",\"position\":2,\"name\":\"Tienda\",\"item\":\"https:\/\/deliciaspersas.com\/\"},{\"@type\":\"ListItem\",\"position\":3,\"name\":\"Destilado de fenogreco 1L de Rayna\"}]},{\"@type\":\"WebSite\",\"@id\":\"https:\/\/deliciaspersas.com\/fa\/#website\",\"url\":\"https:\/\/deliciaspersas.com\/fa\/\",\"name\":\"Delicias Persas\",\"description\":\"Gastronom&iacute;a persa al alcance de tus manos\",\"publisher\":{\"@id\":\"https:\/\/deliciaspersas.com\/fa\/#organization\"},\"potentialAction\":[{\"@type\":\"SearchAction\",\"target\":{\"@type\":\"EntryPoint\",\"urlTemplate\":\"https:\/\/deliciaspersas.com\/fa\/?s={search_term_string}\"},\"query-input\":{\"@type\":\"PropertyValueSpecification\",\"valueRequired\":true,\"valueName\":\"search_term_string\"}}],\"inLanguage\":\"fa-IR\"},{\"@type\":\"Organization\",\"@id\":\"https:\/\/deliciaspersas.com\/fa\/#organization\",\"name\":\"Delicias Persas\",\"url\":\"https:\/\/deliciaspersas.com\/fa\/\",\"logo\":{\"@type\":\"ImageObject\",\"inLanguage\":\"fa-IR\",\"@id\":\"https:\/\/deliciaspersas.com\/fa\/#\/schema\/logo\/image\/\",\"url\":\"https:\/\/deliciaspersas.com\/wp-content\/uploads\/2020\/07\/logo-2020.png\",\"contentUrl\":\"https:\/\/deliciaspersas.com\/wp-content\/uploads\/2020\/07\/logo-2020.png\",\"width\":520,\"height\":490,\"caption\":\"Delicias Persas\"},\"image\":{\"@id\":\"https:\/\/deliciaspersas.com\/fa\/#\/schema\/logo\/image\/\"},\"sameAs\":[\"https:\/\/www.facebook.com\/Deliciaspersas\",\"https:\/\/www.instagram.com\/delicias_persas\/\",\"https:\/\/www.linkedin.com\/delicias-persas\"]}]}<\/script>\n<!-- \/ Yoast SEO plugin. -->","yoast_head_json":{"title":"Destilado de fenogreco 1L de Rayna - Delicias Persas","description":"Agua de Bahar Narenj 330ml Anjoman. Se usa en una gran diversidad de bebidas que referescan y ayudan a la digesti\u00f3n...","robots":{"index":"index","follow":"follow","max-snippet":"max-snippet:-1","max-image-preview":"max-image-preview:large","max-video-preview":"max-video-preview:-1"},"canonical":"https:\/\/deliciaspersas.com\/fa\/tienda\/destilados\/%d8%b9%d8%b1%d9%82-%d8%b4%d9%86%d8%a8%d9%84%db%8c%d9%84%d9%87-1-%d9%84%db%8c%d8%aa%d8%b1%db%8c-%d8%b1%d8%a7%db%8c%d9%86%d8%a7\/","og_locale":"fa_IR","og_type":"article","og_title":"Destilado de fenogreco 1L de Rayna - Delicias Persas","og_description":"Agua de Bahar Narenj 330ml Anjoman. Se usa en una gran diversidad de bebidas que referescan y ayudan a la digesti\u00f3n...","og_url":"https:\/\/deliciaspersas.com\/fa\/tienda\/destilados\/%d8%b9%d8%b1%d9%82-%d8%b4%d9%86%d8%a8%d9%84%db%8c%d9%84%d9%87-1-%d9%84%db%8c%d8%aa%d8%b1%db%8c-%d8%b1%d8%a7%db%8c%d9%86%d8%a7\/","og_site_name":"Delicias Persas","article_publisher":"https:\/\/www.facebook.com\/Deliciaspersas","article_modified_time":"2023-05-04T16:38:04+00:00","og_image":[{"width":760,"height":760,"url":"https:\/\/deliciaspersas.com\/wp-content\/uploads\/19.jpg","type":"image\/jpeg"}],"twitter_card":"summary_large_image","twitter_misc":{"\u0632\u0645\u0627\u0646 \u062a\u0642\u0631\u06cc\u0628\u06cc \u0628\u0631\u0627\u06cc \u062e\u0648\u0627\u0646\u062f\u0646":"2 \u062f\u0642\u06cc\u0642\u0647"},"schema":{"@context":"https:\/\/schema.org","@graph":[{"@type":"WebPage","@id":"https:\/\/deliciaspersas.com\/fa\/tienda\/destilados\/%d8%b9%d8%b1%d9%82-%d8%b4%d9%86%d8%a8%d9%84%db%8c%d9%84%d9%87-1-%d9%84%db%8c%d8%aa%d8%b1%db%8c-%d8%b1%d8%a7%db%8c%d9%86%d8%a7\/","url":"https:\/\/deliciaspersas.com\/fa\/tienda\/destilados\/%d8%b9%d8%b1%d9%82-%d8%b4%d9%86%d8%a8%d9%84%db%8c%d9%84%d9%87-1-%d9%84%db%8c%d8%aa%d8%b1%db%8c-%d8%b1%d8%a7%db%8c%d9%86%d8%a7\/","name":"Destilado de fenogreco 1L de Rayna - Delicias Persas","isPartOf":{"@id":"https:\/\/deliciaspersas.com\/fa\/#website"},"primaryImageOfPage":{"@id":"https:\/\/deliciaspersas.com\/fa\/tienda\/destilados\/%d8%b9%d8%b1%d9%82-%d8%b4%d9%86%d8%a8%d9%84%db%8c%d9%84%d9%87-1-%d9%84%db%8c%d8%aa%d8%b1%db%8c-%d8%b1%d8%a7%db%8c%d9%86%d8%a7\/#primaryimage"},"image":{"@id":"https:\/\/deliciaspersas.com\/fa\/tienda\/destilados\/%d8%b9%d8%b1%d9%82-%d8%b4%d9%86%d8%a8%d9%84%db%8c%d9%84%d9%87-1-%d9%84%db%8c%d8%aa%d8%b1%db%8c-%d8%b1%d8%a7%db%8c%d9%86%d8%a7\/#primaryimage"},"thumbnailUrl":"https:\/\/deliciaspersas.com\/wp-content\/uploads\/19.jpg","datePublished":"2021-05-12T12:56:33+00:00","dateModified":"2023-05-04T16:38:04+00:00","description":"Agua de Bahar Narenj 330ml Anjoman. Se usa en una gran diversidad de bebidas que referescan y ayudan a la digesti\u00f3n...","breadcrumb":{"@id":"https:\/\/deliciaspersas.com\/fa\/tienda\/destilados\/%d8%b9%d8%b1%d9%82-%d8%b4%d9%86%d8%a8%d9%84%db%8c%d9%84%d9%87-1-%d9%84%db%8c%d8%aa%d8%b1%db%8c-%d8%b1%d8%a7%db%8c%d9%86%d8%a7\/#breadcrumb"},"inLanguage":"fa-IR","potentialAction":[{"@type":"ReadAction","target":["https:\/\/deliciaspersas.com\/fa\/tienda\/destilados\/%d8%b9%d8%b1%d9%82-%d8%b4%d9%86%d8%a8%d9%84%db%8c%d9%84%d9%87-1-%d9%84%db%8c%d8%aa%d8%b1%db%8c-%d8%b1%d8%a7%db%8c%d9%86%d8%a7\/"]}]},{"@type":"ImageObject","inLanguage":"fa-IR","@id":"https:\/\/deliciaspersas.com\/fa\/tienda\/destilados\/%d8%b9%d8%b1%d9%82-%d8%b4%d9%86%d8%a8%d9%84%db%8c%d9%84%d9%87-1-%d9%84%db%8c%d8%aa%d8%b1%db%8c-%d8%b1%d8%a7%db%8c%d9%86%d8%a7\/#primaryimage","url":"https:\/\/deliciaspersas.com\/wp-content\/uploads\/19.jpg","contentUrl":"https:\/\/deliciaspersas.com\/wp-content\/uploads\/19.jpg","width":760,"height":760,"caption":"\u0639\u0631\u0642 \u0634\u0646\u0628\u0644\u06cc\u0644\u0647 1 \u0644\u06cc\u062a\u0631\u06cc \u0631\u0627\u06cc\u0646\u0627"},{"@type":"BreadcrumbList","@id":"https:\/\/deliciaspersas.com\/fa\/tienda\/destilados\/%d8%b9%d8%b1%d9%82-%d8%b4%d9%86%d8%a8%d9%84%db%8c%d9%84%d9%87-1-%d9%84%db%8c%d8%aa%d8%b1%db%8c-%d8%b1%d8%a7%db%8c%d9%86%d8%a7\/#breadcrumb","itemListElement":[{"@type":"ListItem","position":1,"name":"Portada","item":"https:\/\/deliciaspersas.com\/fa\/"},{"@type":"ListItem","position":2,"name":"Tienda","item":"https:\/\/deliciaspersas.com\/"},{"@type":"ListItem","position":3,"name":"Destilado de fenogreco 1L de Rayna"}]},{"@type":"WebSite","@id":"https:\/\/deliciaspersas.com\/fa\/#website","url":"https:\/\/deliciaspersas.com\/fa\/","name":"Delicias Persas","description":"Gastronom&iacute;a persa al alcance de tus manos","publisher":{"@id":"https:\/\/deliciaspersas.com\/fa\/#organization"},"potentialAction":[{"@type":"SearchAction","target":{"@type":"EntryPoint","urlTemplate":"https:\/\/deliciaspersas.com\/fa\/?s={search_term_string}"},"query-input":{"@type":"PropertyValueSpecification","valueRequired":true,"valueName":"search_term_string"}}],"inLanguage":"fa-IR"},{"@type":"Organization","@id":"https:\/\/deliciaspersas.com\/fa\/#organization","name":"Delicias Persas","url":"https:\/\/deliciaspersas.com\/fa\/","logo":{"@type":"ImageObject","inLanguage":"fa-IR","@id":"https:\/\/deliciaspersas.com\/fa\/#\/schema\/logo\/image\/","url":"https:\/\/deliciaspersas.com\/wp-content\/uploads\/2020\/07\/logo-2020.png","contentUrl":"https:\/\/deliciaspersas.com\/wp-content\/uploads\/2020\/07\/logo-2020.png","width":520,"height":490,"caption":"Delicias Persas"},"image":{"@id":"https:\/\/deliciaspersas.com\/fa\/#\/schema\/logo\/image\/"},"sameAs":["https:\/\/www.facebook.com\/Deliciaspersas","https:\/\/www.instagram.com\/delicias_persas\/","https:\/\/www.linkedin.com\/delicias-persas"]}]}},"uagb_featured_image_src":{"full":["https:\/\/deliciaspersas.com\/wp-content\/uploads\/19.jpg",760,760,false],"thumbnail":["https:\/\/deliciaspersas.com\/wp-content\/uploads\/19-150x150.jpg",150,150,true],"medium":["https:\/\/deliciaspersas.com\/wp-content\/uploads\/19-300x300.jpg",300,300,true],"medium_large":["https:\/\/deliciaspersas.com\/wp-content\/uploads\/19.jpg",760,760,false],"large":["https:\/\/deliciaspersas.com\/wp-content\/uploads\/19.jpg",760,760,false],"1536x1536":["https:\/\/deliciaspersas.com\/wp-content\/uploads\/19.jpg",760,760,false],"2048x2048":["https:\/\/deliciaspersas.com\/wp-content\/uploads\/19.jpg",760,760,false],"woocommerce_thumbnail":["https:\/\/deliciaspersas.com\/wp-content\/uploads\/19-300x300.jpg",300,300,true],"woocommerce_single":["https:\/\/deliciaspersas.com\/wp-content\/uploads\/19-600x600.jpg",600,600,true],"woocommerce_gallery_thumbnail":["https:\/\/deliciaspersas.com\/wp-content\/uploads\/19-100x100.jpg",100,100,true]},"uagb_author_info":{"display_name":"Maral Azizi","author_link":"https:\/\/deliciaspersas.com\/fa\/author\/"},"uagb_comment_info":0,"uagb_excerpt":"Destilado de fenogreco 1L de Rayna Informaci\u00f3n del producto: Destilados t\u00edpicos iran\u00edes. Usos: Recetas, ensaladas, todo tipo de verduras, platos fr\u00edos y calientes, adem\u00e1s de bebidas. Beneficios: Fenogreco tiene una aroma muy intenso, se destinan, como otras muchas especias, a tonificar y estimular el aparato digestivo, y a recuperar el apetito perdido. Diferentes estudios han&hellip;","brands":[{"id":194,"name":"Rayna","slug":"rayna"}],"_links":{"self":[{"href":"https:\/\/deliciaspersas.com\/fa\/wp-json\/wp\/v2\/product\/7971"}],"collection":[{"href":"https:\/\/deliciaspersas.com\/fa\/wp-json\/wp\/v2\/product"}],"about":[{"href":"https:\/\/deliciaspersas.com\/fa\/wp-json\/wp\/v2\/types\/product"}],"wp:featuredmedia":[{"embeddable":true,"href":"https:\/\/deliciaspersas.com\/fa\/wp-json\/wp\/v2\/media\/7972"}],"wp:attachment":[{"href":"https:\/\/deliciaspersas.com\/fa\/wp-json\/wp\/v2\/media?parent=7971"}],"wp:term":[{"taxonomy":"pwb-brand","embeddable":true,"href":"https:\/\/deliciaspersas.com\/fa\/wp-json\/wp\/v2\/pwb-brand?post=7971"},{"taxonomy":"product_cat","embeddable":true,"href":"https:\/\/deliciaspersas.com\/fa\/wp-json\/wp\/v2\/product_cat?post=7971"},{"taxonomy":"product_tag","embeddable":true,"href":"https:\/\/deliciaspersas.com\/fa\/wp-json\/wp\/v2\/product_tag?post=7971"}],"curies":[{"name":"wp","href":"https:\/\/api.w.org\/{rel}","templated":true}]}}