{"id":8097,"date":"2021-06-04T17:53:44","date_gmt":"2021-06-04T15:53:44","guid":{"rendered":"https:\/\/deliciaspersas.com\/?post_type=product&#038;p=8097"},"modified":"2022-10-25T13:06:43","modified_gmt":"2022-10-25T11:06:43","slug":"%d8%b3%d8%b3-%d9%87%d8%b2%d8%a7%d8%b1-%d8%ac%d8%b2%db%8c%d8%b1%d9%87-450-%da%af%d8%b1%d9%85%db%8c-%d9%85%d9%87%d8%b1%d8%a7%d9%85","status":"publish","type":"product","link":"https:\/\/deliciaspersas.com\/fa\/tienda\/destilados\/%d8%b3%d8%b3-%d9%87%d8%b2%d8%a7%d8%b1-%d8%ac%d8%b2%db%8c%d8%b1%d9%87-450-%da%af%d8%b1%d9%85%db%8c-%d9%85%d9%87%d8%b1%d8%a7%d9%85\/","title":{"rendered":"Salsa Hazram Jazireh 450g Mehram"},"content":{"rendered":"<h1>Salsa Hazram Jazireh 450g Mehram<\/h1>\n<h6>Informaci\u00f3n del producto:<\/h6>\n<div>Salsa picante.<\/div>\n<h6>Usos:<\/h6>\n<p>Esta salsa picante es perfecto para condimentar platos orientales, o diversos usos en la cocina.<\/p>\n<h6>Beneficios:<\/h6>\n<p>La salsa picante adem\u00e1s del placer que nos puede brindar tambi\u00e9n tiene propiedades que ayudan a nuestra salud.<\/p>\n<p class=\"ql-align-justify\">Ayuda al rejuvenecimiento: La salsa picante puede ayudarle a retardar los efectos del envejecimiento, debido a que su principal ingrediente es rico en vitamina C, que es el precursor principal de la producci\u00f3n de col\u00e1geno en nuestro cuerpo. Pero los beneficios no acaban aqu\u00ed. Adem\u00e1s, contiene vitamina A, flavonoides y muchos antioxidantes. Estos \u00faltimos brindan propiedades rejuvenecedoras, reducen y previenen la inflamaci\u00f3n celular, por lo que la salud en su piel se ver\u00e1 beneficiada, as\u00ed como dientes, huesos y, sobre todo, de su sistema inmunol\u00f3gico.<\/p>\n<p>Quema calor\u00edas: Si la salsa picante que est\u00e1 a punto de ingerir es muy picosa, lo m\u00e1s seguro es que sea alta en capsaicina, sustancia que hace que en el cuerpo se active la llamada grasa marr\u00f3n o tejido adiposo pardo. Esta grasa es almacenada y tiene como funci\u00f3n la producci\u00f3n de calor para mantener una temperatura saludable cuando el cuerpo est\u00e1 expuesto al fr\u00edo. Es por ello que, al estar enchilados, se produce calor, enrojecimiento y ardor en nuestro organismo. Pero una buena enchilada crea en tu organismo un efecto termog\u00e9nico provocando la quema de calor\u00edas.<\/p>\n<p>Otro beneficio de la salsa picante es que es una fuente generosa de vitamina A y fitonutrientes, tales como la lute\u00edna y la zeaxantina, que promueven la salud ocular y previenen la ceguera causada por el envejecimiento. As\u00ed que una buena dosis de salsa puede ayudar a mejorar su visi\u00f3n y prevenir su deterioro.<\/p>\n<h6>Ingredientes y al\u00e9rgenos:<\/h6>\n<p>Pimientos, cebolla, aditivos, conservantes, potenciador de sabor, contiene trazas.<\/p>\n<h6>Condiciones de conservaci\u00f3n:<\/h6>\n<p>Conservar en frigor\u00edfico o un lugar fresco, seco y protegido de la luz.<\/p>\n<h6>Informaci\u00f3n adicional:<\/h6>\n<p>Fabricado por: Mahram<\/p>\n","protected":false},"excerpt":{"rendered":"<p>Salsa Hazram Jazireh 450g Mehram Informaci\u00f3n del producto: Salsa picante. Usos: Esta salsa picante es perfecto para condimentar platos orientales, o diversos usos en la cocina. Beneficios: La salsa picante adem\u00e1s del placer que nos puede brindar tambi\u00e9n tiene propiedades que ayudan a nuestra salud. Ayuda al rejuvenecimiento: La salsa picante puede ayudarle a retardar [&hellip;]<\/p>\n","protected":false},"featured_media":8098,"template":"","meta":{"_surecart_dashboard_logo_width":"180px","_surecart_dashboard_show_logo":true,"_surecart_dashboard_navigation_orders":true,"_surecart_dashboard_navigation_invoices":true,"_surecart_dashboard_navigation_subscriptions":true,"_surecart_dashboard_navigation_downloads":true,"_surecart_dashboard_navigation_billing":true,"_surecart_dashboard_navigation_account":true,"_uag_custom_page_level_css":"","site-sidebar-layout":"default","site-content-layout":"default","ast-site-content-layout":"","site-content-style":"default","site-sidebar-style":"default","ast-global-header-display":"","ast-banner-title-visibility":"","ast-main-header-display":"","ast-hfb-above-header-display":"","ast-hfb-below-header-display":"","ast-hfb-mobile-header-display":"","site-post-title":"","ast-breadcrumbs-content":"","ast-featured-img":"","footer-sml-layout":"","theme-transparent-header-meta":"default","adv-header-id-meta":"","stick-header-meta":"","header-above-stick-meta":"","header-main-stick-meta":"","header-below-stick-meta":"","astra-migrate-meta-layouts":"default","ast-page-background-enabled":"default","ast-page-background-meta":{"desktop":{"background-color":"","background-image":"","background-repeat":"repeat","background-position":"center center","background-size":"auto","background-attachment":"scroll","background-type":"","background-media":"","overlay-type":"","overlay-color":"","overlay-opacity":"","overlay-gradient":""},"tablet":{"background-color":"","background-image":"","background-repeat":"repeat","background-position":"center center","background-size":"auto","background-attachment":"scroll","background-type":"","background-media":"","overlay-type":"","overlay-color":"","overlay-opacity":"","overlay-gradient":""},"mobile":{"background-color":"","background-image":"","background-repeat":"repeat","background-position":"center center","background-size":"auto","background-attachment":"scroll","background-type":"","background-media":"","overlay-type":"","overlay-color":"","overlay-opacity":"","overlay-gradient":""}},"ast-content-background-meta":{"desktop":{"background-color":"var(--ast-global-color-5)","background-image":"","background-repeat":"repeat","background-position":"center center","background-size":"auto","background-attachment":"scroll","background-type":"","background-media":"","overlay-type":"","overlay-color":"","overlay-opacity":"","overlay-gradient":""},"tablet":{"background-color":"var(--ast-global-color-5)","background-image":"","background-repeat":"repeat","background-position":"center center","background-size":"auto","background-attachment":"scroll","background-type":"","background-media":"","overlay-type":"","overlay-color":"","overlay-opacity":"","overlay-gradient":""},"mobile":{"background-color":"var(--ast-global-color-5)","background-image":"","background-repeat":"repeat","background-position":"center center","background-size":"auto","background-attachment":"scroll","background-type":"","background-media":"","overlay-type":"","overlay-color":"","overlay-opacity":"","overlay-gradient":""}}},"pwb-brand":[328],"product_cat":[39],"product_tag":[771,772,770,323,279,331,329,330],"class_list":{"0":"post-8097","1":"product","2":"type-product","3":"status-publish","4":"has-post-thumbnail","6":"pwb-brand-mahram","7":"product_cat-destilados","8":"product_tag-picante","9":"product_tag-pimiento","10":"product_tag-salsa","11":"product_tag-323","12":"product_tag-279","13":"product_tag-331","14":"product_tag-329","15":"product_tag-330","16":"desktop-align-center","17":"tablet-align-center","18":"mobile-align-center","20":"first","21":"outofstock","22":"taxable","23":"shipping-taxable","24":"purchasable","25":"product-type-simple"},"yoast_head":"<!-- This site is optimized with the Yoast SEO plugin v23.6 - https:\/\/yoast.com\/wordpress\/plugins\/seo\/ -->\n<title>Salsa Hazram Jazireh 450g Mehram - Delicias Persas<\/title>\n<meta name=\"description\" content=\"Salsa Perfecto para condimentar platos orientales, o diversos usos en la cocina. Dale un sabor \u00fanico a tus platos!\" \/>\n<meta name=\"robots\" content=\"index, follow, max-snippet:-1, max-image-preview:large, max-video-preview:-1\" \/>\n<link rel=\"canonical\" href=\"https:\/\/deliciaspersas.com\/fa\/tienda\/destilados\/%d8%b3%d8%b3-%d9%87%d8%b2%d8%a7%d8%b1-%d8%ac%d8%b2%db%8c%d8%b1%d9%87-450-%da%af%d8%b1%d9%85%db%8c-%d9%85%d9%87%d8%b1%d8%a7%d9%85\/\" \/>\n<meta property=\"og:locale\" content=\"fa_IR\" \/>\n<meta property=\"og:type\" content=\"article\" \/>\n<meta property=\"og:title\" content=\"Salsa Hazram Jazireh 450g Mehram - Delicias Persas\" \/>\n<meta property=\"og:description\" content=\"Salsa Perfecto para condimentar platos orientales, o diversos usos en la cocina. Dale un sabor \u00fanico a tus platos!\" \/>\n<meta property=\"og:url\" content=\"https:\/\/deliciaspersas.com\/fa\/tienda\/destilados\/%d8%b3%d8%b3-%d9%87%d8%b2%d8%a7%d8%b1-%d8%ac%d8%b2%db%8c%d8%b1%d9%87-450-%da%af%d8%b1%d9%85%db%8c-%d9%85%d9%87%d8%b1%d8%a7%d9%85\/\" \/>\n<meta property=\"og:site_name\" content=\"Delicias Persas\" \/>\n<meta property=\"article:publisher\" content=\"https:\/\/www.facebook.com\/Deliciaspersas\" \/>\n<meta property=\"article:modified_time\" content=\"2022-10-25T11:06:43+00:00\" \/>\n<meta property=\"og:image\" content=\"https:\/\/deliciaspersas.com\/wp-content\/uploads\/8-2.jpg\" \/>\n\t<meta property=\"og:image:width\" content=\"760\" \/>\n\t<meta property=\"og:image:height\" content=\"760\" \/>\n\t<meta property=\"og:image:type\" content=\"image\/jpeg\" \/>\n<meta name=\"twitter:card\" content=\"summary_large_image\" \/>\n<meta name=\"twitter:label1\" content=\"\u0632\u0645\u0627\u0646 \u062a\u0642\u0631\u06cc\u0628\u06cc \u0628\u0631\u0627\u06cc \u062e\u0648\u0627\u0646\u062f\u0646\" \/>\n\t<meta name=\"twitter:data1\" content=\"2 \u062f\u0642\u06cc\u0642\u0647\" \/>\n<script type=\"application\/ld+json\" class=\"yoast-schema-graph\">{\"@context\":\"https:\/\/schema.org\",\"@graph\":[{\"@type\":\"WebPage\",\"@id\":\"https:\/\/deliciaspersas.com\/fa\/tienda\/destilados\/%d8%b3%d8%b3-%d9%87%d8%b2%d8%a7%d8%b1-%d8%ac%d8%b2%db%8c%d8%b1%d9%87-450-%da%af%d8%b1%d9%85%db%8c-%d9%85%d9%87%d8%b1%d8%a7%d9%85\/\",\"url\":\"https:\/\/deliciaspersas.com\/fa\/tienda\/destilados\/%d8%b3%d8%b3-%d9%87%d8%b2%d8%a7%d8%b1-%d8%ac%d8%b2%db%8c%d8%b1%d9%87-450-%da%af%d8%b1%d9%85%db%8c-%d9%85%d9%87%d8%b1%d8%a7%d9%85\/\",\"name\":\"Salsa Hazram Jazireh 450g Mehram - Delicias Persas\",\"isPartOf\":{\"@id\":\"https:\/\/deliciaspersas.com\/fa\/#website\"},\"primaryImageOfPage\":{\"@id\":\"https:\/\/deliciaspersas.com\/fa\/tienda\/destilados\/%d8%b3%d8%b3-%d9%87%d8%b2%d8%a7%d8%b1-%d8%ac%d8%b2%db%8c%d8%b1%d9%87-450-%da%af%d8%b1%d9%85%db%8c-%d9%85%d9%87%d8%b1%d8%a7%d9%85\/#primaryimage\"},\"image\":{\"@id\":\"https:\/\/deliciaspersas.com\/fa\/tienda\/destilados\/%d8%b3%d8%b3-%d9%87%d8%b2%d8%a7%d8%b1-%d8%ac%d8%b2%db%8c%d8%b1%d9%87-450-%da%af%d8%b1%d9%85%db%8c-%d9%85%d9%87%d8%b1%d8%a7%d9%85\/#primaryimage\"},\"thumbnailUrl\":\"https:\/\/deliciaspersas.com\/wp-content\/uploads\/8-2.jpg\",\"datePublished\":\"2021-06-04T15:53:44+00:00\",\"dateModified\":\"2022-10-25T11:06:43+00:00\",\"description\":\"Salsa Perfecto para condimentar platos orientales, o diversos usos en la cocina. Dale un sabor \u00fanico a tus platos!\",\"breadcrumb\":{\"@id\":\"https:\/\/deliciaspersas.com\/fa\/tienda\/destilados\/%d8%b3%d8%b3-%d9%87%d8%b2%d8%a7%d8%b1-%d8%ac%d8%b2%db%8c%d8%b1%d9%87-450-%da%af%d8%b1%d9%85%db%8c-%d9%85%d9%87%d8%b1%d8%a7%d9%85\/#breadcrumb\"},\"inLanguage\":\"fa-IR\",\"potentialAction\":[{\"@type\":\"ReadAction\",\"target\":[\"https:\/\/deliciaspersas.com\/fa\/tienda\/destilados\/%d8%b3%d8%b3-%d9%87%d8%b2%d8%a7%d8%b1-%d8%ac%d8%b2%db%8c%d8%b1%d9%87-450-%da%af%d8%b1%d9%85%db%8c-%d9%85%d9%87%d8%b1%d8%a7%d9%85\/\"]}]},{\"@type\":\"ImageObject\",\"inLanguage\":\"fa-IR\",\"@id\":\"https:\/\/deliciaspersas.com\/fa\/tienda\/destilados\/%d8%b3%d8%b3-%d9%87%d8%b2%d8%a7%d8%b1-%d8%ac%d8%b2%db%8c%d8%b1%d9%87-450-%da%af%d8%b1%d9%85%db%8c-%d9%85%d9%87%d8%b1%d8%a7%d9%85\/#primaryimage\",\"url\":\"https:\/\/deliciaspersas.com\/wp-content\/uploads\/8-2.jpg\",\"contentUrl\":\"https:\/\/deliciaspersas.com\/wp-content\/uploads\/8-2.jpg\",\"width\":760,\"height\":760,\"caption\":\"\u0633\u0633 \u0647\u0632\u0627\u0631\u062c\u0632\u06cc\u0631\u0647 \u0645\u0647\u0631\u0627\u0645\"},{\"@type\":\"BreadcrumbList\",\"@id\":\"https:\/\/deliciaspersas.com\/fa\/tienda\/destilados\/%d8%b3%d8%b3-%d9%87%d8%b2%d8%a7%d8%b1-%d8%ac%d8%b2%db%8c%d8%b1%d9%87-450-%da%af%d8%b1%d9%85%db%8c-%d9%85%d9%87%d8%b1%d8%a7%d9%85\/#breadcrumb\",\"itemListElement\":[{\"@type\":\"ListItem\",\"position\":1,\"name\":\"Portada\",\"item\":\"https:\/\/deliciaspersas.com\/fa\/\"},{\"@type\":\"ListItem\",\"position\":2,\"name\":\"Tienda\",\"item\":\"https:\/\/deliciaspersas.com\/\"},{\"@type\":\"ListItem\",\"position\":3,\"name\":\"Salsa Hazram Jazireh 450g Mehram\"}]},{\"@type\":\"WebSite\",\"@id\":\"https:\/\/deliciaspersas.com\/fa\/#website\",\"url\":\"https:\/\/deliciaspersas.com\/fa\/\",\"name\":\"Delicias Persas\",\"description\":\"Gastronom&iacute;a persa al alcance de tus manos\",\"publisher\":{\"@id\":\"https:\/\/deliciaspersas.com\/fa\/#organization\"},\"potentialAction\":[{\"@type\":\"SearchAction\",\"target\":{\"@type\":\"EntryPoint\",\"urlTemplate\":\"https:\/\/deliciaspersas.com\/fa\/?s={search_term_string}\"},\"query-input\":{\"@type\":\"PropertyValueSpecification\",\"valueRequired\":true,\"valueName\":\"search_term_string\"}}],\"inLanguage\":\"fa-IR\"},{\"@type\":\"Organization\",\"@id\":\"https:\/\/deliciaspersas.com\/fa\/#organization\",\"name\":\"Delicias Persas\",\"url\":\"https:\/\/deliciaspersas.com\/fa\/\",\"logo\":{\"@type\":\"ImageObject\",\"inLanguage\":\"fa-IR\",\"@id\":\"https:\/\/deliciaspersas.com\/fa\/#\/schema\/logo\/image\/\",\"url\":\"https:\/\/deliciaspersas.com\/wp-content\/uploads\/2020\/07\/logo-2020.png\",\"contentUrl\":\"https:\/\/deliciaspersas.com\/wp-content\/uploads\/2020\/07\/logo-2020.png\",\"width\":520,\"height\":490,\"caption\":\"Delicias Persas\"},\"image\":{\"@id\":\"https:\/\/deliciaspersas.com\/fa\/#\/schema\/logo\/image\/\"},\"sameAs\":[\"https:\/\/www.facebook.com\/Deliciaspersas\",\"https:\/\/www.instagram.com\/delicias_persas\/\",\"https:\/\/www.linkedin.com\/delicias-persas\"]}]}<\/script>\n<!-- \/ Yoast SEO plugin. -->","yoast_head_json":{"title":"Salsa Hazram Jazireh 450g Mehram - Delicias Persas","description":"Salsa Perfecto para condimentar platos orientales, o diversos usos en la cocina. Dale un sabor \u00fanico a tus platos!","robots":{"index":"index","follow":"follow","max-snippet":"max-snippet:-1","max-image-preview":"max-image-preview:large","max-video-preview":"max-video-preview:-1"},"canonical":"https:\/\/deliciaspersas.com\/fa\/tienda\/destilados\/%d8%b3%d8%b3-%d9%87%d8%b2%d8%a7%d8%b1-%d8%ac%d8%b2%db%8c%d8%b1%d9%87-450-%da%af%d8%b1%d9%85%db%8c-%d9%85%d9%87%d8%b1%d8%a7%d9%85\/","og_locale":"fa_IR","og_type":"article","og_title":"Salsa Hazram Jazireh 450g Mehram - Delicias Persas","og_description":"Salsa Perfecto para condimentar platos orientales, o diversos usos en la cocina. Dale un sabor \u00fanico a tus platos!","og_url":"https:\/\/deliciaspersas.com\/fa\/tienda\/destilados\/%d8%b3%d8%b3-%d9%87%d8%b2%d8%a7%d8%b1-%d8%ac%d8%b2%db%8c%d8%b1%d9%87-450-%da%af%d8%b1%d9%85%db%8c-%d9%85%d9%87%d8%b1%d8%a7%d9%85\/","og_site_name":"Delicias Persas","article_publisher":"https:\/\/www.facebook.com\/Deliciaspersas","article_modified_time":"2022-10-25T11:06:43+00:00","og_image":[{"width":760,"height":760,"url":"https:\/\/deliciaspersas.com\/wp-content\/uploads\/8-2.jpg","type":"image\/jpeg"}],"twitter_card":"summary_large_image","twitter_misc":{"\u0632\u0645\u0627\u0646 \u062a\u0642\u0631\u06cc\u0628\u06cc \u0628\u0631\u0627\u06cc \u062e\u0648\u0627\u0646\u062f\u0646":"2 \u062f\u0642\u06cc\u0642\u0647"},"schema":{"@context":"https:\/\/schema.org","@graph":[{"@type":"WebPage","@id":"https:\/\/deliciaspersas.com\/fa\/tienda\/destilados\/%d8%b3%d8%b3-%d9%87%d8%b2%d8%a7%d8%b1-%d8%ac%d8%b2%db%8c%d8%b1%d9%87-450-%da%af%d8%b1%d9%85%db%8c-%d9%85%d9%87%d8%b1%d8%a7%d9%85\/","url":"https:\/\/deliciaspersas.com\/fa\/tienda\/destilados\/%d8%b3%d8%b3-%d9%87%d8%b2%d8%a7%d8%b1-%d8%ac%d8%b2%db%8c%d8%b1%d9%87-450-%da%af%d8%b1%d9%85%db%8c-%d9%85%d9%87%d8%b1%d8%a7%d9%85\/","name":"Salsa Hazram Jazireh 450g Mehram - Delicias Persas","isPartOf":{"@id":"https:\/\/deliciaspersas.com\/fa\/#website"},"primaryImageOfPage":{"@id":"https:\/\/deliciaspersas.com\/fa\/tienda\/destilados\/%d8%b3%d8%b3-%d9%87%d8%b2%d8%a7%d8%b1-%d8%ac%d8%b2%db%8c%d8%b1%d9%87-450-%da%af%d8%b1%d9%85%db%8c-%d9%85%d9%87%d8%b1%d8%a7%d9%85\/#primaryimage"},"image":{"@id":"https:\/\/deliciaspersas.com\/fa\/tienda\/destilados\/%d8%b3%d8%b3-%d9%87%d8%b2%d8%a7%d8%b1-%d8%ac%d8%b2%db%8c%d8%b1%d9%87-450-%da%af%d8%b1%d9%85%db%8c-%d9%85%d9%87%d8%b1%d8%a7%d9%85\/#primaryimage"},"thumbnailUrl":"https:\/\/deliciaspersas.com\/wp-content\/uploads\/8-2.jpg","datePublished":"2021-06-04T15:53:44+00:00","dateModified":"2022-10-25T11:06:43+00:00","description":"Salsa Perfecto para condimentar platos orientales, o diversos usos en la cocina. Dale un sabor \u00fanico a tus platos!","breadcrumb":{"@id":"https:\/\/deliciaspersas.com\/fa\/tienda\/destilados\/%d8%b3%d8%b3-%d9%87%d8%b2%d8%a7%d8%b1-%d8%ac%d8%b2%db%8c%d8%b1%d9%87-450-%da%af%d8%b1%d9%85%db%8c-%d9%85%d9%87%d8%b1%d8%a7%d9%85\/#breadcrumb"},"inLanguage":"fa-IR","potentialAction":[{"@type":"ReadAction","target":["https:\/\/deliciaspersas.com\/fa\/tienda\/destilados\/%d8%b3%d8%b3-%d9%87%d8%b2%d8%a7%d8%b1-%d8%ac%d8%b2%db%8c%d8%b1%d9%87-450-%da%af%d8%b1%d9%85%db%8c-%d9%85%d9%87%d8%b1%d8%a7%d9%85\/"]}]},{"@type":"ImageObject","inLanguage":"fa-IR","@id":"https:\/\/deliciaspersas.com\/fa\/tienda\/destilados\/%d8%b3%d8%b3-%d9%87%d8%b2%d8%a7%d8%b1-%d8%ac%d8%b2%db%8c%d8%b1%d9%87-450-%da%af%d8%b1%d9%85%db%8c-%d9%85%d9%87%d8%b1%d8%a7%d9%85\/#primaryimage","url":"https:\/\/deliciaspersas.com\/wp-content\/uploads\/8-2.jpg","contentUrl":"https:\/\/deliciaspersas.com\/wp-content\/uploads\/8-2.jpg","width":760,"height":760,"caption":"\u0633\u0633 \u0647\u0632\u0627\u0631\u062c\u0632\u06cc\u0631\u0647 \u0645\u0647\u0631\u0627\u0645"},{"@type":"BreadcrumbList","@id":"https:\/\/deliciaspersas.com\/fa\/tienda\/destilados\/%d8%b3%d8%b3-%d9%87%d8%b2%d8%a7%d8%b1-%d8%ac%d8%b2%db%8c%d8%b1%d9%87-450-%da%af%d8%b1%d9%85%db%8c-%d9%85%d9%87%d8%b1%d8%a7%d9%85\/#breadcrumb","itemListElement":[{"@type":"ListItem","position":1,"name":"Portada","item":"https:\/\/deliciaspersas.com\/fa\/"},{"@type":"ListItem","position":2,"name":"Tienda","item":"https:\/\/deliciaspersas.com\/"},{"@type":"ListItem","position":3,"name":"Salsa Hazram Jazireh 450g Mehram"}]},{"@type":"WebSite","@id":"https:\/\/deliciaspersas.com\/fa\/#website","url":"https:\/\/deliciaspersas.com\/fa\/","name":"Delicias Persas","description":"Gastronom&iacute;a persa al alcance de tus manos","publisher":{"@id":"https:\/\/deliciaspersas.com\/fa\/#organization"},"potentialAction":[{"@type":"SearchAction","target":{"@type":"EntryPoint","urlTemplate":"https:\/\/deliciaspersas.com\/fa\/?s={search_term_string}"},"query-input":{"@type":"PropertyValueSpecification","valueRequired":true,"valueName":"search_term_string"}}],"inLanguage":"fa-IR"},{"@type":"Organization","@id":"https:\/\/deliciaspersas.com\/fa\/#organization","name":"Delicias Persas","url":"https:\/\/deliciaspersas.com\/fa\/","logo":{"@type":"ImageObject","inLanguage":"fa-IR","@id":"https:\/\/deliciaspersas.com\/fa\/#\/schema\/logo\/image\/","url":"https:\/\/deliciaspersas.com\/wp-content\/uploads\/2020\/07\/logo-2020.png","contentUrl":"https:\/\/deliciaspersas.com\/wp-content\/uploads\/2020\/07\/logo-2020.png","width":520,"height":490,"caption":"Delicias Persas"},"image":{"@id":"https:\/\/deliciaspersas.com\/fa\/#\/schema\/logo\/image\/"},"sameAs":["https:\/\/www.facebook.com\/Deliciaspersas","https:\/\/www.instagram.com\/delicias_persas\/","https:\/\/www.linkedin.com\/delicias-persas"]}]}},"uagb_featured_image_src":{"full":["https:\/\/deliciaspersas.com\/wp-content\/uploads\/8-2.jpg",760,760,false],"thumbnail":["https:\/\/deliciaspersas.com\/wp-content\/uploads\/8-2-150x150.jpg",150,150,true],"medium":["https:\/\/deliciaspersas.com\/wp-content\/uploads\/8-2-300x300.jpg",300,300,true],"medium_large":["https:\/\/deliciaspersas.com\/wp-content\/uploads\/8-2.jpg",760,760,false],"large":["https:\/\/deliciaspersas.com\/wp-content\/uploads\/8-2.jpg",760,760,false],"1536x1536":["https:\/\/deliciaspersas.com\/wp-content\/uploads\/8-2.jpg",760,760,false],"2048x2048":["https:\/\/deliciaspersas.com\/wp-content\/uploads\/8-2.jpg",760,760,false],"woocommerce_thumbnail":["https:\/\/deliciaspersas.com\/wp-content\/uploads\/8-2-300x300.jpg",300,300,true],"woocommerce_single":["https:\/\/deliciaspersas.com\/wp-content\/uploads\/8-2-600x600.jpg",600,600,true],"woocommerce_gallery_thumbnail":["https:\/\/deliciaspersas.com\/wp-content\/uploads\/8-2-100x100.jpg",100,100,true]},"uagb_author_info":{"display_name":"Maral Azizi","author_link":"https:\/\/deliciaspersas.com\/fa\/author\/"},"uagb_comment_info":0,"uagb_excerpt":"Salsa Hazram Jazireh 450g Mehram Informaci\u00f3n del producto: Salsa picante. Usos: Esta salsa picante es perfecto para condimentar platos orientales, o diversos usos en la cocina. Beneficios: La salsa picante adem\u00e1s del placer que nos puede brindar tambi\u00e9n tiene propiedades que ayudan a nuestra salud. Ayuda al rejuvenecimiento: La salsa picante puede ayudarle a retardar&hellip;","brands":[{"id":328,"name":"Mahram","slug":"mahram"}],"_links":{"self":[{"href":"https:\/\/deliciaspersas.com\/fa\/wp-json\/wp\/v2\/product\/8097"}],"collection":[{"href":"https:\/\/deliciaspersas.com\/fa\/wp-json\/wp\/v2\/product"}],"about":[{"href":"https:\/\/deliciaspersas.com\/fa\/wp-json\/wp\/v2\/types\/product"}],"wp:featuredmedia":[{"embeddable":true,"href":"https:\/\/deliciaspersas.com\/fa\/wp-json\/wp\/v2\/media\/8098"}],"wp:attachment":[{"href":"https:\/\/deliciaspersas.com\/fa\/wp-json\/wp\/v2\/media?parent=8097"}],"wp:term":[{"taxonomy":"pwb-brand","embeddable":true,"href":"https:\/\/deliciaspersas.com\/fa\/wp-json\/wp\/v2\/pwb-brand?post=8097"},{"taxonomy":"product_cat","embeddable":true,"href":"https:\/\/deliciaspersas.com\/fa\/wp-json\/wp\/v2\/product_cat?post=8097"},{"taxonomy":"product_tag","embeddable":true,"href":"https:\/\/deliciaspersas.com\/fa\/wp-json\/wp\/v2\/product_tag?post=8097"}],"curies":[{"name":"wp","href":"https:\/\/api.w.org\/{rel}","templated":true}]}}