{"id":8246,"date":"2021-07-03T06:28:30","date_gmt":"2021-07-03T04:28:30","guid":{"rendered":"https:\/\/deliciaspersas.com\/?post_type=product&#038;p=8246"},"modified":"2025-01-21T11:38:38","modified_gmt":"2025-01-21T10:38:38","slug":"tambre-hendi-400g-natco","status":"publish","type":"product","link":"https:\/\/deliciaspersas.com\/fa\/tienda\/frutas\/tambre-hendi-400g-natco\/","title":{"rendered":"Tambre Hendi 400g Natco"},"content":{"rendered":"<h1>Tambre Hendi 400g Natco<\/h1>\n<h6>Informaci\u00f3n del producto:<\/h6>\n<div>El nombre tamarindo se deriva del nombre tamar que significa d\u00e1til seco. El fruto inmaduro de esta planta es verde y cuando est\u00e9 completamente maduro se volver\u00e1 marr\u00f3n o marr\u00f3n rojizo. El sabor de esta fruta es muy \u00e1cido cuando no est\u00e1 maduro y se vuelve m\u00e1s dulce a medida que madura. Adem\u00e1s de los m\u00faltiples usos de esta fruta en la cocina, tambi\u00e9n tiene muchos usos con fines terap\u00e9uticos.<\/div>\n<h6>Usos:<\/h6>\n<p>Tradicionalmente se utiliza en reposter\u00eda, tambi\u00e9n son muy empleadas en la realizaci\u00f3n de salsas, rellenos de carne o incluso como snack o tentempi\u00e9.<\/p>\n<h6>Beneficios:<\/h6>\n<p>Mejorar la diarrea<\/p>\n<p>El \u00e1cido citrino, el \u00e1cido de alquitr\u00e1n oscuro, el potasio y la pectina son los componentes principales del tamarindo. El fruto seco de este \u00e1rbol es apetecible y aumenta la altura y la obesidad.<\/p>\n<p>Reduce la glucosa en sangre al reducir la presi\u00f3n sobre el p\u00e1ncreas y, adem\u00e1s de tratar y mejorar la resistencia a la insulina en personas con diabetes, tambi\u00e9n reduce los l\u00edpidos en sangre.<\/p>\n<p>Debido a la presencia de grandes cantidades de vitamina C y antioxidantes puede mejorar los problemas digestivos leves como las n\u00e1useas.<\/p>\n<p>Seg\u00fan m\u00e9dicos y expertos, el jugo de tamarindo es rico en compuestos antiinflamatorios y antibacterianos, por lo que puede ser eficaz para tratar la tos y el dolor de garganta.<\/p>\n<p>Esta rica fruta debido a la presencia de minerales y nutrientes en ella reduce el dolor articular y la osteoartritis. Las personas que padecen dolores articulares y osteoartritis para utilizar esta fruta deben mezclar media cucharadita de tamarindo en polvo en un vaso de cerveza y consumirlo dos veces al d\u00eda. Esta soluci\u00f3n lubrica la articulaci\u00f3n, reduce el dolor articular y la osteoartritis.<\/p>\n<p>Ayuda a reducir los niveles de colesterol en sangre en el cuerpo, por lo que es bueno para la salud del coraz\u00f3n.<\/p>\n<p>\u2022 Ayuda a digerir los alimentos.<\/p>\n<p>\u2022 Es \u00fatil para saciar la sed.<\/p>\n<p>\u2022 Tiene fuertes antioxidantes, por lo que es \u00fatil para la prevenci\u00f3n y el tratamiento de varios tipos de c\u00e1ncer.<\/p>\n<p>Alivia la acidez y las n\u00e1useas.<\/p>\n<h6>Condiciones de conservaci\u00f3n:<\/h6>\n<p>Conservar en un lugar fresco, seco y protegido de la luz.<\/p>\n<h6>Informaci\u00f3n adicional:<\/h6>\n<p>Fabricado por: fakher<\/p>\n","protected":false},"excerpt":{"rendered":"<p>Tambre Hendi 400g Natco Informaci\u00f3n del producto: El nombre tamarindo se deriva del nombre tamar que significa d\u00e1til seco. El fruto inmaduro de esta planta es verde y cuando est\u00e9 completamente maduro se volver\u00e1 marr\u00f3n o marr\u00f3n rojizo. El sabor de esta fruta es muy \u00e1cido cuando no est\u00e1 maduro y se vuelve m\u00e1s dulce [&hellip;]<\/p>\n","protected":false},"featured_media":16489,"template":"","meta":{"_surecart_dashboard_logo_width":"180px","_surecart_dashboard_show_logo":true,"_surecart_dashboard_navigation_orders":true,"_surecart_dashboard_navigation_invoices":true,"_surecart_dashboard_navigation_subscriptions":true,"_surecart_dashboard_navigation_downloads":true,"_surecart_dashboard_navigation_billing":true,"_surecart_dashboard_navigation_account":true,"_uag_custom_page_level_css":"","site-sidebar-layout":"default","site-content-layout":"default","ast-site-content-layout":"default","site-content-style":"default","site-sidebar-style":"default","ast-global-header-display":"","ast-banner-title-visibility":"","ast-main-header-display":"","ast-hfb-above-header-display":"","ast-hfb-below-header-display":"","ast-hfb-mobile-header-display":"","site-post-title":"","ast-breadcrumbs-content":"","ast-featured-img":"","footer-sml-layout":"","theme-transparent-header-meta":"default","adv-header-id-meta":"","stick-header-meta":"","header-above-stick-meta":"","header-main-stick-meta":"","header-below-stick-meta":"","astra-migrate-meta-layouts":"set","ast-page-background-enabled":"default","ast-page-background-meta":{"desktop":{"background-color":"","background-image":"","background-repeat":"repeat","background-position":"center center","background-size":"auto","background-attachment":"scroll","background-type":"","background-media":"","overlay-type":"","overlay-color":"","overlay-opacity":"","overlay-gradient":""},"tablet":{"background-color":"","background-image":"","background-repeat":"repeat","background-position":"center center","background-size":"auto","background-attachment":"scroll","background-type":"","background-media":"","overlay-type":"","overlay-color":"","overlay-opacity":"","overlay-gradient":""},"mobile":{"background-color":"","background-image":"","background-repeat":"repeat","background-position":"center center","background-size":"auto","background-attachment":"scroll","background-type":"","background-media":"","overlay-type":"","overlay-color":"","overlay-opacity":"","overlay-gradient":""}},"ast-content-background-meta":{"desktop":{"background-color":"var(--ast-global-color-5)","background-image":"","background-repeat":"repeat","background-position":"center center","background-size":"auto","background-attachment":"scroll","background-type":"","background-media":"","overlay-type":"","overlay-color":"","overlay-opacity":"","overlay-gradient":""},"tablet":{"background-color":"var(--ast-global-color-5)","background-image":"","background-repeat":"repeat","background-position":"center center","background-size":"auto","background-attachment":"scroll","background-type":"","background-media":"","overlay-type":"","overlay-color":"","overlay-opacity":"","overlay-gradient":""},"mobile":{"background-color":"var(--ast-global-color-5)","background-image":"","background-repeat":"repeat","background-position":"center center","background-size":"auto","background-attachment":"scroll","background-type":"","background-media":"","overlay-type":"","overlay-color":"","overlay-opacity":"","overlay-gradient":""}}},"pwb-brand":[1672],"product_cat":[33],"product_tag":[806,366,323,279,232,369,368,367],"class_list":{"0":"post-8246","1":"product","2":"type-product","3":"status-publish","4":"has-post-thumbnail","6":"pwb-brand-natco","7":"product_cat-frutas","8":"product_tag-tambre-hendi","9":"product_tag-366","10":"product_tag-323","11":"product_tag-279","12":"product_tag---2","13":"product_tag-369","14":"product_tag-368","15":"product_tag-367","16":"desktop-align-center","17":"tablet-align-center","18":"mobile-align-center","20":"first","21":"instock","22":"taxable","23":"shipping-taxable","24":"purchasable","25":"product-type-simple"},"yoast_head":"<!-- This site is optimized with the Yoast SEO plugin v23.6 - https:\/\/yoast.com\/wordpress\/plugins\/seo\/ -->\n<title>Tambre Hendi 400g Natco - Delicias Persas<\/title>\n<meta name=\"description\" content=\". Disfruta de estas deliciosas y t\u00edpicas planchas de confitada con sabor a manzana y melocot\u00f3n...\" \/>\n<meta name=\"robots\" content=\"index, follow, max-snippet:-1, max-image-preview:large, max-video-preview:-1\" \/>\n<link rel=\"canonical\" href=\"https:\/\/deliciaspersas.com\/fa\/tienda\/frutas\/tambre-hendi-400g-natco\/\" \/>\n<meta property=\"og:locale\" content=\"fa_IR\" \/>\n<meta property=\"og:type\" content=\"article\" \/>\n<meta property=\"og:title\" content=\"Tambre Hendi 400g Natco - Delicias Persas\" \/>\n<meta property=\"og:description\" content=\". Disfruta de estas deliciosas y t\u00edpicas planchas de confitada con sabor a manzana y melocot\u00f3n...\" \/>\n<meta property=\"og:url\" content=\"https:\/\/deliciaspersas.com\/fa\/tienda\/frutas\/tambre-hendi-400g-natco\/\" \/>\n<meta property=\"og:site_name\" content=\"Delicias Persas\" \/>\n<meta property=\"article:publisher\" content=\"https:\/\/www.facebook.com\/Deliciaspersas\" \/>\n<meta property=\"article:modified_time\" content=\"2025-01-21T10:38:38+00:00\" \/>\n<meta property=\"og:image\" content=\"https:\/\/deliciaspersas.com\/wp-content\/uploads\/Tamarino-India-Dayan-scaled.jpeg\" \/>\n\t<meta property=\"og:image:width\" content=\"1920\" \/>\n\t<meta property=\"og:image:height\" content=\"2560\" \/>\n\t<meta property=\"og:image:type\" content=\"image\/jpeg\" \/>\n<meta name=\"twitter:card\" content=\"summary_large_image\" \/>\n<meta name=\"twitter:label1\" content=\"\u0632\u0645\u0627\u0646 \u062a\u0642\u0631\u06cc\u0628\u06cc \u0628\u0631\u0627\u06cc \u062e\u0648\u0627\u0646\u062f\u0646\" \/>\n\t<meta name=\"twitter:data1\" content=\"2 \u062f\u0642\u06cc\u0642\u0647\" \/>\n<script type=\"application\/ld+json\" class=\"yoast-schema-graph\">{\"@context\":\"https:\/\/schema.org\",\"@graph\":[{\"@type\":\"WebPage\",\"@id\":\"https:\/\/deliciaspersas.com\/fa\/tienda\/frutas\/tambre-hendi-400g-natco\/\",\"url\":\"https:\/\/deliciaspersas.com\/fa\/tienda\/frutas\/tambre-hendi-400g-natco\/\",\"name\":\"Tambre Hendi 400g Natco - Delicias Persas\",\"isPartOf\":{\"@id\":\"https:\/\/deliciaspersas.com\/fa\/#website\"},\"primaryImageOfPage\":{\"@id\":\"https:\/\/deliciaspersas.com\/fa\/tienda\/frutas\/tambre-hendi-400g-natco\/#primaryimage\"},\"image\":{\"@id\":\"https:\/\/deliciaspersas.com\/fa\/tienda\/frutas\/tambre-hendi-400g-natco\/#primaryimage\"},\"thumbnailUrl\":\"https:\/\/deliciaspersas.com\/wp-content\/uploads\/Tamarino-India-Dayan-scaled.jpeg\",\"datePublished\":\"2021-07-03T04:28:30+00:00\",\"dateModified\":\"2025-01-21T10:38:38+00:00\",\"description\":\". Disfruta de estas deliciosas y t\u00edpicas planchas de confitada con sabor a manzana y melocot\u00f3n...\",\"breadcrumb\":{\"@id\":\"https:\/\/deliciaspersas.com\/fa\/tienda\/frutas\/tambre-hendi-400g-natco\/#breadcrumb\"},\"inLanguage\":\"fa-IR\",\"potentialAction\":[{\"@type\":\"ReadAction\",\"target\":[\"https:\/\/deliciaspersas.com\/fa\/tienda\/frutas\/tambre-hendi-400g-natco\/\"]}]},{\"@type\":\"ImageObject\",\"inLanguage\":\"fa-IR\",\"@id\":\"https:\/\/deliciaspersas.com\/fa\/tienda\/frutas\/tambre-hendi-400g-natco\/#primaryimage\",\"url\":\"https:\/\/deliciaspersas.com\/wp-content\/uploads\/Tamarino-India-Dayan-scaled.jpeg\",\"contentUrl\":\"https:\/\/deliciaspersas.com\/wp-content\/uploads\/Tamarino-India-Dayan-scaled.jpeg\",\"width\":1920,\"height\":2560},{\"@type\":\"BreadcrumbList\",\"@id\":\"https:\/\/deliciaspersas.com\/fa\/tienda\/frutas\/tambre-hendi-400g-natco\/#breadcrumb\",\"itemListElement\":[{\"@type\":\"ListItem\",\"position\":1,\"name\":\"Portada\",\"item\":\"https:\/\/deliciaspersas.com\/fa\/\"},{\"@type\":\"ListItem\",\"position\":2,\"name\":\"Tienda\",\"item\":\"https:\/\/deliciaspersas.com\/\"},{\"@type\":\"ListItem\",\"position\":3,\"name\":\"Tambre Hendi 400g Natco\"}]},{\"@type\":\"WebSite\",\"@id\":\"https:\/\/deliciaspersas.com\/fa\/#website\",\"url\":\"https:\/\/deliciaspersas.com\/fa\/\",\"name\":\"Delicias Persas\",\"description\":\"Gastronom&iacute;a persa al alcance de tus manos\",\"publisher\":{\"@id\":\"https:\/\/deliciaspersas.com\/fa\/#organization\"},\"potentialAction\":[{\"@type\":\"SearchAction\",\"target\":{\"@type\":\"EntryPoint\",\"urlTemplate\":\"https:\/\/deliciaspersas.com\/fa\/?s={search_term_string}\"},\"query-input\":{\"@type\":\"PropertyValueSpecification\",\"valueRequired\":true,\"valueName\":\"search_term_string\"}}],\"inLanguage\":\"fa-IR\"},{\"@type\":\"Organization\",\"@id\":\"https:\/\/deliciaspersas.com\/fa\/#organization\",\"name\":\"Delicias Persas\",\"url\":\"https:\/\/deliciaspersas.com\/fa\/\",\"logo\":{\"@type\":\"ImageObject\",\"inLanguage\":\"fa-IR\",\"@id\":\"https:\/\/deliciaspersas.com\/fa\/#\/schema\/logo\/image\/\",\"url\":\"https:\/\/deliciaspersas.com\/wp-content\/uploads\/2020\/07\/logo-2020.png\",\"contentUrl\":\"https:\/\/deliciaspersas.com\/wp-content\/uploads\/2020\/07\/logo-2020.png\",\"width\":520,\"height\":490,\"caption\":\"Delicias Persas\"},\"image\":{\"@id\":\"https:\/\/deliciaspersas.com\/fa\/#\/schema\/logo\/image\/\"},\"sameAs\":[\"https:\/\/www.facebook.com\/Deliciaspersas\",\"https:\/\/www.instagram.com\/delicias_persas\/\",\"https:\/\/www.linkedin.com\/delicias-persas\"]}]}<\/script>\n<!-- \/ Yoast SEO plugin. -->","yoast_head_json":{"title":"Tambre Hendi 400g Natco - Delicias Persas","description":". Disfruta de estas deliciosas y t\u00edpicas planchas de confitada con sabor a manzana y melocot\u00f3n...","robots":{"index":"index","follow":"follow","max-snippet":"max-snippet:-1","max-image-preview":"max-image-preview:large","max-video-preview":"max-video-preview:-1"},"canonical":"https:\/\/deliciaspersas.com\/fa\/tienda\/frutas\/tambre-hendi-400g-natco\/","og_locale":"fa_IR","og_type":"article","og_title":"Tambre Hendi 400g Natco - Delicias Persas","og_description":". Disfruta de estas deliciosas y t\u00edpicas planchas de confitada con sabor a manzana y melocot\u00f3n...","og_url":"https:\/\/deliciaspersas.com\/fa\/tienda\/frutas\/tambre-hendi-400g-natco\/","og_site_name":"Delicias Persas","article_publisher":"https:\/\/www.facebook.com\/Deliciaspersas","article_modified_time":"2025-01-21T10:38:38+00:00","og_image":[{"width":1920,"height":2560,"url":"https:\/\/deliciaspersas.com\/wp-content\/uploads\/Tamarino-India-Dayan-scaled.jpeg","type":"image\/jpeg"}],"twitter_card":"summary_large_image","twitter_misc":{"\u0632\u0645\u0627\u0646 \u062a\u0642\u0631\u06cc\u0628\u06cc \u0628\u0631\u0627\u06cc \u062e\u0648\u0627\u0646\u062f\u0646":"2 \u062f\u0642\u06cc\u0642\u0647"},"schema":{"@context":"https:\/\/schema.org","@graph":[{"@type":"WebPage","@id":"https:\/\/deliciaspersas.com\/fa\/tienda\/frutas\/tambre-hendi-400g-natco\/","url":"https:\/\/deliciaspersas.com\/fa\/tienda\/frutas\/tambre-hendi-400g-natco\/","name":"Tambre Hendi 400g Natco - Delicias Persas","isPartOf":{"@id":"https:\/\/deliciaspersas.com\/fa\/#website"},"primaryImageOfPage":{"@id":"https:\/\/deliciaspersas.com\/fa\/tienda\/frutas\/tambre-hendi-400g-natco\/#primaryimage"},"image":{"@id":"https:\/\/deliciaspersas.com\/fa\/tienda\/frutas\/tambre-hendi-400g-natco\/#primaryimage"},"thumbnailUrl":"https:\/\/deliciaspersas.com\/wp-content\/uploads\/Tamarino-India-Dayan-scaled.jpeg","datePublished":"2021-07-03T04:28:30+00:00","dateModified":"2025-01-21T10:38:38+00:00","description":". Disfruta de estas deliciosas y t\u00edpicas planchas de confitada con sabor a manzana y melocot\u00f3n...","breadcrumb":{"@id":"https:\/\/deliciaspersas.com\/fa\/tienda\/frutas\/tambre-hendi-400g-natco\/#breadcrumb"},"inLanguage":"fa-IR","potentialAction":[{"@type":"ReadAction","target":["https:\/\/deliciaspersas.com\/fa\/tienda\/frutas\/tambre-hendi-400g-natco\/"]}]},{"@type":"ImageObject","inLanguage":"fa-IR","@id":"https:\/\/deliciaspersas.com\/fa\/tienda\/frutas\/tambre-hendi-400g-natco\/#primaryimage","url":"https:\/\/deliciaspersas.com\/wp-content\/uploads\/Tamarino-India-Dayan-scaled.jpeg","contentUrl":"https:\/\/deliciaspersas.com\/wp-content\/uploads\/Tamarino-India-Dayan-scaled.jpeg","width":1920,"height":2560},{"@type":"BreadcrumbList","@id":"https:\/\/deliciaspersas.com\/fa\/tienda\/frutas\/tambre-hendi-400g-natco\/#breadcrumb","itemListElement":[{"@type":"ListItem","position":1,"name":"Portada","item":"https:\/\/deliciaspersas.com\/fa\/"},{"@type":"ListItem","position":2,"name":"Tienda","item":"https:\/\/deliciaspersas.com\/"},{"@type":"ListItem","position":3,"name":"Tambre Hendi 400g Natco"}]},{"@type":"WebSite","@id":"https:\/\/deliciaspersas.com\/fa\/#website","url":"https:\/\/deliciaspersas.com\/fa\/","name":"Delicias Persas","description":"Gastronom&iacute;a persa al alcance de tus manos","publisher":{"@id":"https:\/\/deliciaspersas.com\/fa\/#organization"},"potentialAction":[{"@type":"SearchAction","target":{"@type":"EntryPoint","urlTemplate":"https:\/\/deliciaspersas.com\/fa\/?s={search_term_string}"},"query-input":{"@type":"PropertyValueSpecification","valueRequired":true,"valueName":"search_term_string"}}],"inLanguage":"fa-IR"},{"@type":"Organization","@id":"https:\/\/deliciaspersas.com\/fa\/#organization","name":"Delicias Persas","url":"https:\/\/deliciaspersas.com\/fa\/","logo":{"@type":"ImageObject","inLanguage":"fa-IR","@id":"https:\/\/deliciaspersas.com\/fa\/#\/schema\/logo\/image\/","url":"https:\/\/deliciaspersas.com\/wp-content\/uploads\/2020\/07\/logo-2020.png","contentUrl":"https:\/\/deliciaspersas.com\/wp-content\/uploads\/2020\/07\/logo-2020.png","width":520,"height":490,"caption":"Delicias Persas"},"image":{"@id":"https:\/\/deliciaspersas.com\/fa\/#\/schema\/logo\/image\/"},"sameAs":["https:\/\/www.facebook.com\/Deliciaspersas","https:\/\/www.instagram.com\/delicias_persas\/","https:\/\/www.linkedin.com\/delicias-persas"]}]}},"uagb_featured_image_src":{"full":["https:\/\/deliciaspersas.com\/wp-content\/uploads\/Tamarino-India-Dayan-scaled.jpeg",1920,2560,false],"thumbnail":["https:\/\/deliciaspersas.com\/wp-content\/uploads\/Tamarino-India-Dayan-150x150.jpeg",150,150,true],"medium":["https:\/\/deliciaspersas.com\/wp-content\/uploads\/Tamarino-India-Dayan-225x300.jpeg",225,300,true],"medium_large":["https:\/\/deliciaspersas.com\/wp-content\/uploads\/Tamarino-India-Dayan-768x1024.jpeg",768,1024,true],"large":["https:\/\/deliciaspersas.com\/wp-content\/uploads\/Tamarino-India-Dayan-768x1024.jpeg",768,1024,true],"1536x1536":["https:\/\/deliciaspersas.com\/wp-content\/uploads\/Tamarino-India-Dayan-1152x1536.jpeg",1152,1536,true],"2048x2048":["https:\/\/deliciaspersas.com\/wp-content\/uploads\/Tamarino-India-Dayan-1536x2048.jpeg",1536,2048,true],"woocommerce_thumbnail":["https:\/\/deliciaspersas.com\/wp-content\/uploads\/Tamarino-India-Dayan-300x300.jpeg",300,300,true],"woocommerce_single":["https:\/\/deliciaspersas.com\/wp-content\/uploads\/Tamarino-India-Dayan-600x800.jpeg",600,800,true],"woocommerce_gallery_thumbnail":["https:\/\/deliciaspersas.com\/wp-content\/uploads\/Tamarino-India-Dayan-100x100.jpeg",100,100,true]},"uagb_author_info":{"display_name":"Maral Azizi","author_link":"https:\/\/deliciaspersas.com\/fa\/author\/"},"uagb_comment_info":0,"uagb_excerpt":"Tambre Hendi 400g Natco Informaci\u00f3n del producto: El nombre tamarindo se deriva del nombre tamar que significa d\u00e1til seco. El fruto inmaduro de esta planta es verde y cuando est\u00e9 completamente maduro se volver\u00e1 marr\u00f3n o marr\u00f3n rojizo. El sabor de esta fruta es muy \u00e1cido cuando no est\u00e1 maduro y se vuelve m\u00e1s dulce&hellip;","brands":[{"id":1672,"name":"Natco","slug":"natco"}],"_links":{"self":[{"href":"https:\/\/deliciaspersas.com\/fa\/wp-json\/wp\/v2\/product\/8246"}],"collection":[{"href":"https:\/\/deliciaspersas.com\/fa\/wp-json\/wp\/v2\/product"}],"about":[{"href":"https:\/\/deliciaspersas.com\/fa\/wp-json\/wp\/v2\/types\/product"}],"wp:featuredmedia":[{"embeddable":true,"href":"https:\/\/deliciaspersas.com\/fa\/wp-json\/wp\/v2\/media\/16489"}],"wp:attachment":[{"href":"https:\/\/deliciaspersas.com\/fa\/wp-json\/wp\/v2\/media?parent=8246"}],"wp:term":[{"taxonomy":"pwb-brand","embeddable":true,"href":"https:\/\/deliciaspersas.com\/fa\/wp-json\/wp\/v2\/pwb-brand?post=8246"},{"taxonomy":"product_cat","embeddable":true,"href":"https:\/\/deliciaspersas.com\/fa\/wp-json\/wp\/v2\/product_cat?post=8246"},{"taxonomy":"product_tag","embeddable":true,"href":"https:\/\/deliciaspersas.com\/fa\/wp-json\/wp\/v2\/product_tag?post=8246"}],"curies":[{"name":"wp","href":"https:\/\/api.w.org\/{rel}","templated":true}]}}