{"id":8404,"date":"2021-07-31T05:34:10","date_gmt":"2021-07-31T03:34:10","guid":{"rendered":"https:\/\/deliciaspersas.com\/?post_type=product&#038;p=8404"},"modified":"2022-02-05T11:27:06","modified_gmt":"2022-02-05T10:27:06","slug":"kiwi-deshidratado-400g-dayan","status":"publish","type":"product","link":"https:\/\/deliciaspersas.com\/fa\/tienda\/frutas\/kiwi-deshidratado-400g-dayan\/","title":{"rendered":"Kiwi deshidratado 400g Dayan"},"content":{"rendered":"<h1>Kiwi deshidratado 400g Dayan<\/h1>\n<h6>Informaci\u00f3n del producto:<\/h6>\n<p>Es una fruta ex\u00f3tica y fuertemente arom\u00e1tica perteneciente a la familia de los c\u00edtricos. Es muy rica en nutrientes y una fuente importante en minerales, aceites esenciales y antioxidantes.<\/p>\n<h6>Ingredientes y al\u00e9rgenos:<\/h6>\n<p>Kiwi iran\u00ed dehidratado.<\/p>\n<h6>Beneficios:<\/h6>\n<p>A continuaci\u00f3n exponemos un listado de\u00a0<strong>beneficios<\/strong>\u00a0que trae consigo el kiwi, un alimento rico en antioxidantes y vitamina C.<\/p>\n<p class=\"ladillo\"><strong>Filtra los rayos solares<\/strong><\/p>\n<p>Para aquellos que son sensibles a los rayos UV \u2014los m\u00e1s propensos a quemarse cuando van a la playa el primer d\u00eda, aun ech\u00e1ndose protecci\u00f3n 50\u2014 no dud\u00e9is en comer kiwi. La lute\u00edna que contiene ejerce una funci\u00f3n de filtro de protecci\u00f3n natural para la piel.<\/p>\n<p class=\"ladillo\"><strong>Favorece el sistema inmunitario y combate la anemia<\/strong><\/p>\n<p>Es decir, evita los resfriados y sube las defensas, gracias a la gran cantidad de \u00e1cido f\u00f3lico y a la vitamina C. Ambos nutrientes producen m\u00e1s gl\u00f3bulos rojos y blancos, as\u00ed como anticuerpos, que funcionan como barrera de las enfermedades producidas por virus. Tambi\u00e9n aumenta la absorci\u00f3n del hierro de lo que se consume, lo que acelera la recuperaci\u00f3n de pacientes con anemia.<\/p>\n<p class=\"ladillo\"><strong>Ayuda a la digesti\u00f3n<\/strong><\/p>\n<p>Es una fruta llena de fibra soluble, por ello ayuda en la digesti\u00f3n y mejora el tr\u00e1nsito intestinal; es un gran aliado contra el estre\u00f1imiento. Si se consume en el desayuno, ayudar\u00e1 mucho m\u00e1s en este aspecto.<\/p>\n<p class=\"ladillo\"><strong>Sirve para adelgazar y no retiene l\u00edquidos<\/strong><\/p>\n<p>Contiene un gran porcentaje de agua y un nivel cal\u00f3rico intermedio, lo que permite bajar de peso y sentirse m\u00e1s saciado. Es perfecto para las dietas de adelgazamiento \u2014es diur\u00e9tico\u2014 y para perder agua, sobre todo en el caso de las embarazadas.<\/p>\n<p class=\"ladillo\"><strong>Mejora la circulaci\u00f3n de la sangre y los huesos<\/strong><\/p>\n<p>El kiwi fluidifica la sangre, mejorando el estado de las arterias y evitando la formaci\u00f3n de trombos o co\u00e1gulos en los vasos sangu\u00edneos. Tambi\u00e9n permite reducir los niveles de colesterol en sangre. Adem\u00e1s, esta fruta puede mejorar el desarrollo de los huesos y el funcionamiento de nervios, m\u00fasculos y \u00f3rganos.<\/p>\n<h6>Condiciones de conservaci\u00f3n:<\/h6>\n<p>Conservar en un lugar fresco, seco y protegido de la luz.<\/p>\n<h6>Informaci\u00f3n adicional:<\/h6>\n<p>Fabricado por: Dayan<\/p>\n","protected":false},"excerpt":{"rendered":"<p>Kiwi deshidratado 400g Dayan Informaci\u00f3n del producto: Es una fruta ex\u00f3tica y fuertemente arom\u00e1tica perteneciente a la familia de los c\u00edtricos. Es muy rica en nutrientes y una fuente importante en minerales, aceites esenciales y antioxidantes. Ingredientes y al\u00e9rgenos: Kiwi iran\u00ed dehidratado. Beneficios: A continuaci\u00f3n exponemos un listado de\u00a0beneficios\u00a0que trae consigo el kiwi, un alimento [&hellip;]<\/p>\n","protected":false},"featured_media":8405,"template":"","meta":{"_surecart_dashboard_logo_width":"180px","_surecart_dashboard_show_logo":true,"_surecart_dashboard_navigation_orders":true,"_surecart_dashboard_navigation_invoices":true,"_surecart_dashboard_navigation_subscriptions":true,"_surecart_dashboard_navigation_downloads":true,"_surecart_dashboard_navigation_billing":true,"_surecart_dashboard_navigation_account":true,"_uag_custom_page_level_css":"","site-sidebar-layout":"default","site-content-layout":"default","ast-site-content-layout":"","site-content-style":"default","site-sidebar-style":"default","ast-global-header-display":"","ast-banner-title-visibility":"","ast-main-header-display":"","ast-hfb-above-header-display":"","ast-hfb-below-header-display":"","ast-hfb-mobile-header-display":"","site-post-title":"","ast-breadcrumbs-content":"","ast-featured-img":"","footer-sml-layout":"","theme-transparent-header-meta":"default","adv-header-id-meta":"","stick-header-meta":"","header-above-stick-meta":"","header-main-stick-meta":"","header-below-stick-meta":"","astra-migrate-meta-layouts":"default","ast-page-background-enabled":"default","ast-page-background-meta":{"desktop":{"background-color":"","background-image":"","background-repeat":"repeat","background-position":"center center","background-size":"auto","background-attachment":"scroll","background-type":"","background-media":"","overlay-type":"","overlay-color":"","overlay-opacity":"","overlay-gradient":""},"tablet":{"background-color":"","background-image":"","background-repeat":"repeat","background-position":"center center","background-size":"auto","background-attachment":"scroll","background-type":"","background-media":"","overlay-type":"","overlay-color":"","overlay-opacity":"","overlay-gradient":""},"mobile":{"background-color":"","background-image":"","background-repeat":"repeat","background-position":"center center","background-size":"auto","background-attachment":"scroll","background-type":"","background-media":"","overlay-type":"","overlay-color":"","overlay-opacity":"","overlay-gradient":""}},"ast-content-background-meta":{"desktop":{"background-color":"var(--ast-global-color-5)","background-image":"","background-repeat":"repeat","background-position":"center center","background-size":"auto","background-attachment":"scroll","background-type":"","background-media":"","overlay-type":"","overlay-color":"","overlay-opacity":"","overlay-gradient":""},"tablet":{"background-color":"var(--ast-global-color-5)","background-image":"","background-repeat":"repeat","background-position":"center center","background-size":"auto","background-attachment":"scroll","background-type":"","background-media":"","overlay-type":"","overlay-color":"","overlay-opacity":"","overlay-gradient":""},"mobile":{"background-color":"var(--ast-global-color-5)","background-image":"","background-repeat":"repeat","background-position":"center center","background-size":"auto","background-attachment":"scroll","background-type":"","background-media":"","overlay-type":"","overlay-color":"","overlay-opacity":"","overlay-gradient":""}}},"pwb-brand":[113],"product_cat":[33],"product_tag":[628,572,641,640,373,408,343,279,407,388],"class_list":{"0":"post-8404","1":"product","2":"type-product","3":"status-publish","4":"has-post-thumbnail","6":"pwb-brand-dayan-2","7":"product_cat-frutas","8":"product_tag-acido","9":"product_tag-dehidratado","10":"product_tag-fruta","11":"product_tag-kiwi","12":"product_tag-373","13":"product_tag-408","14":"product_tag-343","15":"product_tag-279","16":"product_tag-407","17":"product_tag-388","18":"desktop-align-center","19":"tablet-align-center","20":"mobile-align-center","22":"first","23":"outofstock","24":"taxable","25":"shipping-taxable","26":"purchasable","27":"product-type-simple"},"yoast_head":"<!-- This site is optimized with the Yoast SEO plugin v23.6 - https:\/\/yoast.com\/wordpress\/plugins\/seo\/ -->\n<title>Kiwi deshidratado 400g Dayan - Delicias Persas<\/title>\n<meta name=\"description\" content=\"Frutos de cinamomo Senyed. Esta ex\u00f3tica fruta ex\u00f3tica consumida en oriente. Muy com\u00fan en el a\u00f1o nuevo persa....\" \/>\n<meta name=\"robots\" content=\"index, follow, max-snippet:-1, max-image-preview:large, max-video-preview:-1\" \/>\n<link rel=\"canonical\" href=\"https:\/\/deliciaspersas.com\/fa\/tienda\/frutas\/kiwi-deshidratado-400g-dayan\/\" \/>\n<meta property=\"og:locale\" content=\"fa_IR\" \/>\n<meta property=\"og:type\" content=\"article\" \/>\n<meta property=\"og:title\" content=\"Kiwi deshidratado 400g Dayan - Delicias Persas\" \/>\n<meta property=\"og:description\" content=\"Frutos de cinamomo Senyed. Esta ex\u00f3tica fruta ex\u00f3tica consumida en oriente. Muy com\u00fan en el a\u00f1o nuevo persa....\" \/>\n<meta property=\"og:url\" content=\"https:\/\/deliciaspersas.com\/fa\/tienda\/frutas\/kiwi-deshidratado-400g-dayan\/\" \/>\n<meta property=\"og:site_name\" content=\"Delicias Persas\" \/>\n<meta property=\"article:publisher\" content=\"https:\/\/www.facebook.com\/Deliciaspersas\" \/>\n<meta property=\"article:modified_time\" content=\"2022-02-05T10:27:06+00:00\" \/>\n<meta property=\"og:image\" content=\"https:\/\/deliciaspersas.com\/wp-content\/uploads\/WhatsApp_Image_2021-07-31_at_06.26.58__2_-removebg-preview.png\" \/>\n\t<meta property=\"og:image:width\" content=\"433\" \/>\n\t<meta property=\"og:image:height\" content=\"577\" \/>\n\t<meta property=\"og:image:type\" content=\"image\/png\" \/>\n<meta name=\"twitter:card\" content=\"summary_large_image\" \/>\n<meta name=\"twitter:label1\" content=\"\u0632\u0645\u0627\u0646 \u062a\u0642\u0631\u06cc\u0628\u06cc \u0628\u0631\u0627\u06cc \u062e\u0648\u0627\u0646\u062f\u0646\" \/>\n\t<meta name=\"twitter:data1\" content=\"2 \u062f\u0642\u06cc\u0642\u0647\" \/>\n<script type=\"application\/ld+json\" class=\"yoast-schema-graph\">{\"@context\":\"https:\/\/schema.org\",\"@graph\":[{\"@type\":\"WebPage\",\"@id\":\"https:\/\/deliciaspersas.com\/fa\/tienda\/frutas\/kiwi-deshidratado-400g-dayan\/\",\"url\":\"https:\/\/deliciaspersas.com\/fa\/tienda\/frutas\/kiwi-deshidratado-400g-dayan\/\",\"name\":\"Kiwi deshidratado 400g Dayan - Delicias Persas\",\"isPartOf\":{\"@id\":\"https:\/\/deliciaspersas.com\/fa\/#website\"},\"primaryImageOfPage\":{\"@id\":\"https:\/\/deliciaspersas.com\/fa\/tienda\/frutas\/kiwi-deshidratado-400g-dayan\/#primaryimage\"},\"image\":{\"@id\":\"https:\/\/deliciaspersas.com\/fa\/tienda\/frutas\/kiwi-deshidratado-400g-dayan\/#primaryimage\"},\"thumbnailUrl\":\"https:\/\/deliciaspersas.com\/wp-content\/uploads\/WhatsApp_Image_2021-07-31_at_06.26.58__2_-removebg-preview.png\",\"datePublished\":\"2021-07-31T03:34:10+00:00\",\"dateModified\":\"2022-02-05T10:27:06+00:00\",\"description\":\"Frutos de cinamomo Senyed. Esta ex\u00f3tica fruta ex\u00f3tica consumida en oriente. Muy com\u00fan en el a\u00f1o nuevo persa....\",\"breadcrumb\":{\"@id\":\"https:\/\/deliciaspersas.com\/fa\/tienda\/frutas\/kiwi-deshidratado-400g-dayan\/#breadcrumb\"},\"inLanguage\":\"fa-IR\",\"potentialAction\":[{\"@type\":\"ReadAction\",\"target\":[\"https:\/\/deliciaspersas.com\/fa\/tienda\/frutas\/kiwi-deshidratado-400g-dayan\/\"]}]},{\"@type\":\"ImageObject\",\"inLanguage\":\"fa-IR\",\"@id\":\"https:\/\/deliciaspersas.com\/fa\/tienda\/frutas\/kiwi-deshidratado-400g-dayan\/#primaryimage\",\"url\":\"https:\/\/deliciaspersas.com\/wp-content\/uploads\/WhatsApp_Image_2021-07-31_at_06.26.58__2_-removebg-preview.png\",\"contentUrl\":\"https:\/\/deliciaspersas.com\/wp-content\/uploads\/WhatsApp_Image_2021-07-31_at_06.26.58__2_-removebg-preview.png\",\"width\":433,\"height\":577,\"caption\":\"\u0645\u06cc\u0648\u0647 \u0637\u0628\u06cc\u0639\u06cc \u06a9\u06cc\u0648\u06cc \u0627\u06cc\u0631\u0627\u0646\u06cc 400 \u06af\u0631\u0645\u06cc \u062f\u0627\u06cc\u0627\u0646\"},{\"@type\":\"BreadcrumbList\",\"@id\":\"https:\/\/deliciaspersas.com\/fa\/tienda\/frutas\/kiwi-deshidratado-400g-dayan\/#breadcrumb\",\"itemListElement\":[{\"@type\":\"ListItem\",\"position\":1,\"name\":\"Portada\",\"item\":\"https:\/\/deliciaspersas.com\/fa\/\"},{\"@type\":\"ListItem\",\"position\":2,\"name\":\"Tienda\",\"item\":\"https:\/\/deliciaspersas.com\/\"},{\"@type\":\"ListItem\",\"position\":3,\"name\":\"Kiwi deshidratado 400g Dayan\"}]},{\"@type\":\"WebSite\",\"@id\":\"https:\/\/deliciaspersas.com\/fa\/#website\",\"url\":\"https:\/\/deliciaspersas.com\/fa\/\",\"name\":\"Delicias Persas\",\"description\":\"Gastronom&iacute;a persa al alcance de tus manos\",\"publisher\":{\"@id\":\"https:\/\/deliciaspersas.com\/fa\/#organization\"},\"potentialAction\":[{\"@type\":\"SearchAction\",\"target\":{\"@type\":\"EntryPoint\",\"urlTemplate\":\"https:\/\/deliciaspersas.com\/fa\/?s={search_term_string}\"},\"query-input\":{\"@type\":\"PropertyValueSpecification\",\"valueRequired\":true,\"valueName\":\"search_term_string\"}}],\"inLanguage\":\"fa-IR\"},{\"@type\":\"Organization\",\"@id\":\"https:\/\/deliciaspersas.com\/fa\/#organization\",\"name\":\"Delicias Persas\",\"url\":\"https:\/\/deliciaspersas.com\/fa\/\",\"logo\":{\"@type\":\"ImageObject\",\"inLanguage\":\"fa-IR\",\"@id\":\"https:\/\/deliciaspersas.com\/fa\/#\/schema\/logo\/image\/\",\"url\":\"https:\/\/deliciaspersas.com\/wp-content\/uploads\/2020\/07\/logo-2020.png\",\"contentUrl\":\"https:\/\/deliciaspersas.com\/wp-content\/uploads\/2020\/07\/logo-2020.png\",\"width\":520,\"height\":490,\"caption\":\"Delicias Persas\"},\"image\":{\"@id\":\"https:\/\/deliciaspersas.com\/fa\/#\/schema\/logo\/image\/\"},\"sameAs\":[\"https:\/\/www.facebook.com\/Deliciaspersas\",\"https:\/\/www.instagram.com\/delicias_persas\/\",\"https:\/\/www.linkedin.com\/delicias-persas\"]}]}<\/script>\n<!-- \/ Yoast SEO plugin. -->","yoast_head_json":{"title":"Kiwi deshidratado 400g Dayan - Delicias Persas","description":"Frutos de cinamomo Senyed. Esta ex\u00f3tica fruta ex\u00f3tica consumida en oriente. Muy com\u00fan en el a\u00f1o nuevo persa....","robots":{"index":"index","follow":"follow","max-snippet":"max-snippet:-1","max-image-preview":"max-image-preview:large","max-video-preview":"max-video-preview:-1"},"canonical":"https:\/\/deliciaspersas.com\/fa\/tienda\/frutas\/kiwi-deshidratado-400g-dayan\/","og_locale":"fa_IR","og_type":"article","og_title":"Kiwi deshidratado 400g Dayan - Delicias Persas","og_description":"Frutos de cinamomo Senyed. Esta ex\u00f3tica fruta ex\u00f3tica consumida en oriente. Muy com\u00fan en el a\u00f1o nuevo persa....","og_url":"https:\/\/deliciaspersas.com\/fa\/tienda\/frutas\/kiwi-deshidratado-400g-dayan\/","og_site_name":"Delicias Persas","article_publisher":"https:\/\/www.facebook.com\/Deliciaspersas","article_modified_time":"2022-02-05T10:27:06+00:00","og_image":[{"width":433,"height":577,"url":"https:\/\/deliciaspersas.com\/wp-content\/uploads\/WhatsApp_Image_2021-07-31_at_06.26.58__2_-removebg-preview.png","type":"image\/png"}],"twitter_card":"summary_large_image","twitter_misc":{"\u0632\u0645\u0627\u0646 \u062a\u0642\u0631\u06cc\u0628\u06cc \u0628\u0631\u0627\u06cc \u062e\u0648\u0627\u0646\u062f\u0646":"2 \u062f\u0642\u06cc\u0642\u0647"},"schema":{"@context":"https:\/\/schema.org","@graph":[{"@type":"WebPage","@id":"https:\/\/deliciaspersas.com\/fa\/tienda\/frutas\/kiwi-deshidratado-400g-dayan\/","url":"https:\/\/deliciaspersas.com\/fa\/tienda\/frutas\/kiwi-deshidratado-400g-dayan\/","name":"Kiwi deshidratado 400g Dayan - Delicias Persas","isPartOf":{"@id":"https:\/\/deliciaspersas.com\/fa\/#website"},"primaryImageOfPage":{"@id":"https:\/\/deliciaspersas.com\/fa\/tienda\/frutas\/kiwi-deshidratado-400g-dayan\/#primaryimage"},"image":{"@id":"https:\/\/deliciaspersas.com\/fa\/tienda\/frutas\/kiwi-deshidratado-400g-dayan\/#primaryimage"},"thumbnailUrl":"https:\/\/deliciaspersas.com\/wp-content\/uploads\/WhatsApp_Image_2021-07-31_at_06.26.58__2_-removebg-preview.png","datePublished":"2021-07-31T03:34:10+00:00","dateModified":"2022-02-05T10:27:06+00:00","description":"Frutos de cinamomo Senyed. Esta ex\u00f3tica fruta ex\u00f3tica consumida en oriente. Muy com\u00fan en el a\u00f1o nuevo persa....","breadcrumb":{"@id":"https:\/\/deliciaspersas.com\/fa\/tienda\/frutas\/kiwi-deshidratado-400g-dayan\/#breadcrumb"},"inLanguage":"fa-IR","potentialAction":[{"@type":"ReadAction","target":["https:\/\/deliciaspersas.com\/fa\/tienda\/frutas\/kiwi-deshidratado-400g-dayan\/"]}]},{"@type":"ImageObject","inLanguage":"fa-IR","@id":"https:\/\/deliciaspersas.com\/fa\/tienda\/frutas\/kiwi-deshidratado-400g-dayan\/#primaryimage","url":"https:\/\/deliciaspersas.com\/wp-content\/uploads\/WhatsApp_Image_2021-07-31_at_06.26.58__2_-removebg-preview.png","contentUrl":"https:\/\/deliciaspersas.com\/wp-content\/uploads\/WhatsApp_Image_2021-07-31_at_06.26.58__2_-removebg-preview.png","width":433,"height":577,"caption":"\u0645\u06cc\u0648\u0647 \u0637\u0628\u06cc\u0639\u06cc \u06a9\u06cc\u0648\u06cc \u0627\u06cc\u0631\u0627\u0646\u06cc 400 \u06af\u0631\u0645\u06cc \u062f\u0627\u06cc\u0627\u0646"},{"@type":"BreadcrumbList","@id":"https:\/\/deliciaspersas.com\/fa\/tienda\/frutas\/kiwi-deshidratado-400g-dayan\/#breadcrumb","itemListElement":[{"@type":"ListItem","position":1,"name":"Portada","item":"https:\/\/deliciaspersas.com\/fa\/"},{"@type":"ListItem","position":2,"name":"Tienda","item":"https:\/\/deliciaspersas.com\/"},{"@type":"ListItem","position":3,"name":"Kiwi deshidratado 400g Dayan"}]},{"@type":"WebSite","@id":"https:\/\/deliciaspersas.com\/fa\/#website","url":"https:\/\/deliciaspersas.com\/fa\/","name":"Delicias Persas","description":"Gastronom&iacute;a persa al alcance de tus manos","publisher":{"@id":"https:\/\/deliciaspersas.com\/fa\/#organization"},"potentialAction":[{"@type":"SearchAction","target":{"@type":"EntryPoint","urlTemplate":"https:\/\/deliciaspersas.com\/fa\/?s={search_term_string}"},"query-input":{"@type":"PropertyValueSpecification","valueRequired":true,"valueName":"search_term_string"}}],"inLanguage":"fa-IR"},{"@type":"Organization","@id":"https:\/\/deliciaspersas.com\/fa\/#organization","name":"Delicias Persas","url":"https:\/\/deliciaspersas.com\/fa\/","logo":{"@type":"ImageObject","inLanguage":"fa-IR","@id":"https:\/\/deliciaspersas.com\/fa\/#\/schema\/logo\/image\/","url":"https:\/\/deliciaspersas.com\/wp-content\/uploads\/2020\/07\/logo-2020.png","contentUrl":"https:\/\/deliciaspersas.com\/wp-content\/uploads\/2020\/07\/logo-2020.png","width":520,"height":490,"caption":"Delicias Persas"},"image":{"@id":"https:\/\/deliciaspersas.com\/fa\/#\/schema\/logo\/image\/"},"sameAs":["https:\/\/www.facebook.com\/Deliciaspersas","https:\/\/www.instagram.com\/delicias_persas\/","https:\/\/www.linkedin.com\/delicias-persas"]}]}},"uagb_featured_image_src":{"full":["https:\/\/deliciaspersas.com\/wp-content\/uploads\/WhatsApp_Image_2021-07-31_at_06.26.58__2_-removebg-preview.png",433,577,false],"thumbnail":["https:\/\/deliciaspersas.com\/wp-content\/uploads\/WhatsApp_Image_2021-07-31_at_06.26.58__2_-removebg-preview-150x150.png",150,150,true],"medium":["https:\/\/deliciaspersas.com\/wp-content\/uploads\/WhatsApp_Image_2021-07-31_at_06.26.58__2_-removebg-preview-225x300.png",225,300,true],"medium_large":["https:\/\/deliciaspersas.com\/wp-content\/uploads\/WhatsApp_Image_2021-07-31_at_06.26.58__2_-removebg-preview.png",433,577,false],"large":["https:\/\/deliciaspersas.com\/wp-content\/uploads\/WhatsApp_Image_2021-07-31_at_06.26.58__2_-removebg-preview.png",433,577,false],"1536x1536":["https:\/\/deliciaspersas.com\/wp-content\/uploads\/WhatsApp_Image_2021-07-31_at_06.26.58__2_-removebg-preview.png",433,577,false],"2048x2048":["https:\/\/deliciaspersas.com\/wp-content\/uploads\/WhatsApp_Image_2021-07-31_at_06.26.58__2_-removebg-preview.png",433,577,false],"woocommerce_thumbnail":["https:\/\/deliciaspersas.com\/wp-content\/uploads\/WhatsApp_Image_2021-07-31_at_06.26.58__2_-removebg-preview-300x300.png",300,300,true],"woocommerce_single":["https:\/\/deliciaspersas.com\/wp-content\/uploads\/WhatsApp_Image_2021-07-31_at_06.26.58__2_-removebg-preview.png",433,577,false],"woocommerce_gallery_thumbnail":["https:\/\/deliciaspersas.com\/wp-content\/uploads\/WhatsApp_Image_2021-07-31_at_06.26.58__2_-removebg-preview-100x100.png",100,100,true]},"uagb_author_info":{"display_name":"Maral Azizi","author_link":"https:\/\/deliciaspersas.com\/fa\/author\/"},"uagb_comment_info":0,"uagb_excerpt":"Kiwi deshidratado 400g Dayan Informaci\u00f3n del producto: Es una fruta ex\u00f3tica y fuertemente arom\u00e1tica perteneciente a la familia de los c\u00edtricos. Es muy rica en nutrientes y una fuente importante en minerales, aceites esenciales y antioxidantes. Ingredientes y al\u00e9rgenos: Kiwi iran\u00ed dehidratado. Beneficios: A continuaci\u00f3n exponemos un listado de\u00a0beneficios\u00a0que trae consigo el kiwi, un alimento&hellip;","brands":[{"id":113,"name":"Dayan","slug":"dayan-2"}],"_links":{"self":[{"href":"https:\/\/deliciaspersas.com\/fa\/wp-json\/wp\/v2\/product\/8404"}],"collection":[{"href":"https:\/\/deliciaspersas.com\/fa\/wp-json\/wp\/v2\/product"}],"about":[{"href":"https:\/\/deliciaspersas.com\/fa\/wp-json\/wp\/v2\/types\/product"}],"wp:featuredmedia":[{"embeddable":true,"href":"https:\/\/deliciaspersas.com\/fa\/wp-json\/wp\/v2\/media\/8405"}],"wp:attachment":[{"href":"https:\/\/deliciaspersas.com\/fa\/wp-json\/wp\/v2\/media?parent=8404"}],"wp:term":[{"taxonomy":"pwb-brand","embeddable":true,"href":"https:\/\/deliciaspersas.com\/fa\/wp-json\/wp\/v2\/pwb-brand?post=8404"},{"taxonomy":"product_cat","embeddable":true,"href":"https:\/\/deliciaspersas.com\/fa\/wp-json\/wp\/v2\/product_cat?post=8404"},{"taxonomy":"product_tag","embeddable":true,"href":"https:\/\/deliciaspersas.com\/fa\/wp-json\/wp\/v2\/product_tag?post=8404"}],"curies":[{"name":"wp","href":"https:\/\/api.w.org\/{rel}","templated":true}]}}