{"id":8408,"date":"2021-07-31T06:06:12","date_gmt":"2021-07-31T04:06:12","guid":{"rendered":"https:\/\/deliciaspersas.com\/?post_type=product&#038;p=8408"},"modified":"2022-02-05T11:26:31","modified_gmt":"2022-02-05T10:26:31","slug":"pina-deshidratada-400g-dayan","status":"publish","type":"product","link":"https:\/\/deliciaspersas.com\/fa\/tienda\/frutas\/pina-deshidratada-400g-dayan\/","title":{"rendered":"Pi\u00f1a deshidratada 400g Dayan"},"content":{"rendered":"<h1>Pi\u00f1a deshidratada 400g Dayan<\/h1>\n<h6>Informaci\u00f3n del producto:<\/h6>\n<p>Es una fruta ex\u00f3tica y fuertemente arom\u00e1tica perteneciente a la familia de los c\u00edtricos. Es muy rica en nutrientes y una fuente importante en minerales, aceites esenciales y antioxidantes.<\/p>\n<h6>Beneficios:<\/h6>\n<div id=\"contentid-0\" class=\"entry-content\">\n<p>Estas son las principales propiedades de esta fruta tropical:<\/p>\n<\/div>\n<div id=\"contentid-0\" class=\"entry-content\">\n<p class=\"standard\"><strong>1. Ayuda a la digesti\u00f3n de prote\u00ednas<\/strong>: la enzima bromelina, presente en la pi\u00f1a, facilita la digesti\u00f3n de las prote\u00ednas. Por este motivo es muy beneficiosa para personas que sufren indigesti\u00f3n, pesadez, gases o acidez.<\/p>\n<p class=\"standard\"><strong>2. Tiene un gran aporte de fibra<\/strong>: es una excelente fuente de fibra diet\u00e9tica. El consumo de fibra disminuye el riesgo de desarrollar c\u00e1ncer de colon. Tambi\u00e9n si sufrimos de estre\u00f1imiento, su alto contenido en fibra puede ayudarnos a mejorar el tr\u00e1nsito intestinal.<\/p>\n<p class=\"standard\"><strong>3. Es una buena opci\u00f3n para perder peso<\/strong>: es un buen alimento para introducir en dietas para perder peso, ya que contine muy pocas calor\u00edas.<\/p>\n<p class=\"standard\"><strong>4. Aporta muchos nutrientes<\/strong>: es una fruta rica en potasio. Contiene multitud de vitaminas y minerales como el magnesio, que ayuda a fortalecer los huesos. Tambi\u00e9n destaca por su aporte de antioxidantes.<\/p>\n<p class=\"standard\"><strong>5. Ayuda a la salud bucodental<\/strong>: reduce el riesgo de gingivitis, ya que la pi\u00f1a es un antiinflamatorio natural.<\/p>\n<p class=\"standard\"><strong>6. Favorece la eliminaci\u00f3n de la piel de naranja<\/strong>: es un aliado a tener en cuenta para combatir la celulitis, ya que su contenido en agua es muy elevado y puede ayudarnos a mantener un buen equilibrio h\u00eddrico en nuestro organismo.<\/p>\n<p class=\"standard\"><strong>7. Es beneficiosa para la circulaci\u00f3n:<\/strong>\u00a0la pi\u00f1a tiene propiedades anticoagulantes, lo que ayuda a mejorar la circulaci\u00f3n sangu\u00ednea y permite combatir problemas como la hipertensi\u00f3n o prevenir enfermedades cardiovasculares.<\/p>\n<p class=\"standard\"><strong>8. Ayuda a las defensas<\/strong>: la pi\u00f1a tambi\u00e9n es fuente de \u00e1cido f\u00f3lico, vitamina esencial para fortalecer el sistema inmunol\u00f3gico.<\/p>\n<p class=\"standard\"><strong>9. Es perfecta para los que practican deporte<\/strong>: es una fruta ideal para deportistas, ya que sus propiedades antiinflamatorias pueden ayudar a combatir el dolor muscular de los atletas.<\/p>\n<p class=\"standard\"><strong>10. Es saciante<\/strong>: la pi\u00f1a, al contener mucha agua, nos hace sentir satisfechos y puede evitar que comamos en exceso.<\/p>\n<\/div>\n<h6>Condiciones de conservaci\u00f3n:<\/h6>\n<p>Conservar en un lugar fresco, seco y protegido de la luz.<\/p>\n<h6>Informaci\u00f3n adicional:<\/h6>\n<p>Fabricado por: Dayan<\/p>\n<p>&nbsp;<\/p>\n","protected":false},"excerpt":{"rendered":"<p>Pi\u00f1a deshidratada 400g Dayan Informaci\u00f3n del producto: Es una fruta ex\u00f3tica y fuertemente arom\u00e1tica perteneciente a la familia de los c\u00edtricos. Es muy rica en nutrientes y una fuente importante en minerales, aceites esenciales y antioxidantes. Beneficios: Estas son las principales propiedades de esta fruta tropical: 1. Ayuda a la digesti\u00f3n de prote\u00ednas: la enzima [&hellip;]<\/p>\n","protected":false},"featured_media":8409,"template":"","meta":{"_surecart_dashboard_logo_width":"180px","_surecart_dashboard_show_logo":true,"_surecart_dashboard_navigation_orders":true,"_surecart_dashboard_navigation_invoices":true,"_surecart_dashboard_navigation_subscriptions":true,"_surecart_dashboard_navigation_downloads":true,"_surecart_dashboard_navigation_billing":true,"_surecart_dashboard_navigation_account":true,"_uag_custom_page_level_css":"","site-sidebar-layout":"default","site-content-layout":"default","ast-site-content-layout":"","site-content-style":"default","site-sidebar-style":"default","ast-global-header-display":"","ast-banner-title-visibility":"","ast-main-header-display":"","ast-hfb-above-header-display":"","ast-hfb-below-header-display":"","ast-hfb-mobile-header-display":"","site-post-title":"","ast-breadcrumbs-content":"","ast-featured-img":"","footer-sml-layout":"","theme-transparent-header-meta":"default","adv-header-id-meta":"","stick-header-meta":"","header-above-stick-meta":"","header-main-stick-meta":"","header-below-stick-meta":"","astra-migrate-meta-layouts":"default","ast-page-background-enabled":"default","ast-page-background-meta":{"desktop":{"background-color":"","background-image":"","background-repeat":"repeat","background-position":"center center","background-size":"auto","background-attachment":"scroll","background-type":"","background-media":"","overlay-type":"","overlay-color":"","overlay-opacity":"","overlay-gradient":""},"tablet":{"background-color":"","background-image":"","background-repeat":"repeat","background-position":"center center","background-size":"auto","background-attachment":"scroll","background-type":"","background-media":"","overlay-type":"","overlay-color":"","overlay-opacity":"","overlay-gradient":""},"mobile":{"background-color":"","background-image":"","background-repeat":"repeat","background-position":"center center","background-size":"auto","background-attachment":"scroll","background-type":"","background-media":"","overlay-type":"","overlay-color":"","overlay-opacity":"","overlay-gradient":""}},"ast-content-background-meta":{"desktop":{"background-color":"var(--ast-global-color-5)","background-image":"","background-repeat":"repeat","background-position":"center center","background-size":"auto","background-attachment":"scroll","background-type":"","background-media":"","overlay-type":"","overlay-color":"","overlay-opacity":"","overlay-gradient":""},"tablet":{"background-color":"var(--ast-global-color-5)","background-image":"","background-repeat":"repeat","background-position":"center center","background-size":"auto","background-attachment":"scroll","background-type":"","background-media":"","overlay-type":"","overlay-color":"","overlay-opacity":"","overlay-gradient":""},"mobile":{"background-color":"var(--ast-global-color-5)","background-image":"","background-repeat":"repeat","background-position":"center center","background-size":"auto","background-attachment":"scroll","background-type":"","background-media":"","overlay-type":"","overlay-color":"","overlay-opacity":"","overlay-gradient":""}}},"pwb-brand":[113],"product_cat":[33],"product_tag":[555,653,654,655,373,343,279,426,390],"class_list":{"0":"post-8408","1":"product","2":"type-product","3":"status-publish","4":"has-post-thumbnail","6":"pwb-brand-dayan-2","7":"product_cat-frutas","8":"product_tag-deshidratada","9":"product_tag-fruta-deshidratada","10":"product_tag-merienda","11":"product_tag-pina","12":"product_tag-373","13":"product_tag-343","14":"product_tag-279","15":"product_tag-426","16":"product_tag-390","17":"desktop-align-center","18":"tablet-align-center","19":"mobile-align-center","21":"first","22":"outofstock","23":"taxable","24":"shipping-taxable","25":"purchasable","26":"product-type-simple"},"yoast_head":"<!-- This site is optimized with the Yoast SEO plugin v23.6 - https:\/\/yoast.com\/wordpress\/plugins\/seo\/ -->\n<title>Pi\u00f1a deshidratada 400g Dayan - Delicias Persas<\/title>\n<meta name=\"description\" content=\"Frutos de cinamomo Senyed. Esta ex\u00f3tica fruta ex\u00f3tica consumida en oriente. Muy com\u00fan en el a\u00f1o nuevo persa.\" \/>\n<meta name=\"robots\" content=\"index, follow, max-snippet:-1, max-image-preview:large, max-video-preview:-1\" \/>\n<link rel=\"canonical\" href=\"https:\/\/deliciaspersas.com\/fa\/tienda\/frutas\/pina-deshidratada-400g-dayan\/\" \/>\n<meta property=\"og:locale\" content=\"fa_IR\" \/>\n<meta property=\"og:type\" content=\"article\" \/>\n<meta property=\"og:title\" content=\"Pi\u00f1a deshidratada 400g Dayan - Delicias Persas\" \/>\n<meta property=\"og:description\" content=\"Frutos de cinamomo Senyed. Esta ex\u00f3tica fruta ex\u00f3tica consumida en oriente. Muy com\u00fan en el a\u00f1o nuevo persa.\" \/>\n<meta property=\"og:url\" content=\"https:\/\/deliciaspersas.com\/fa\/tienda\/frutas\/pina-deshidratada-400g-dayan\/\" \/>\n<meta property=\"og:site_name\" content=\"Delicias Persas\" \/>\n<meta property=\"article:publisher\" content=\"https:\/\/www.facebook.com\/Deliciaspersas\" \/>\n<meta property=\"article:modified_time\" content=\"2022-02-05T10:26:31+00:00\" \/>\n<meta property=\"og:image\" content=\"https:\/\/deliciaspersas.com\/wp-content\/uploads\/WhatsApp_Image_2021-07-31_at_06.26.57__2_-removebg-preview.png\" \/>\n\t<meta property=\"og:image:width\" content=\"433\" \/>\n\t<meta property=\"og:image:height\" content=\"577\" \/>\n\t<meta property=\"og:image:type\" content=\"image\/png\" \/>\n<meta name=\"twitter:card\" content=\"summary_large_image\" \/>\n<meta name=\"twitter:label1\" content=\"\u0632\u0645\u0627\u0646 \u062a\u0642\u0631\u06cc\u0628\u06cc \u0628\u0631\u0627\u06cc \u062e\u0648\u0627\u0646\u062f\u0646\" \/>\n\t<meta name=\"twitter:data1\" content=\"2 \u062f\u0642\u06cc\u0642\u0647\" \/>\n<script type=\"application\/ld+json\" class=\"yoast-schema-graph\">{\"@context\":\"https:\/\/schema.org\",\"@graph\":[{\"@type\":\"WebPage\",\"@id\":\"https:\/\/deliciaspersas.com\/fa\/tienda\/frutas\/pina-deshidratada-400g-dayan\/\",\"url\":\"https:\/\/deliciaspersas.com\/fa\/tienda\/frutas\/pina-deshidratada-400g-dayan\/\",\"name\":\"Pi\u00f1a deshidratada 400g Dayan - Delicias Persas\",\"isPartOf\":{\"@id\":\"https:\/\/deliciaspersas.com\/fa\/#website\"},\"primaryImageOfPage\":{\"@id\":\"https:\/\/deliciaspersas.com\/fa\/tienda\/frutas\/pina-deshidratada-400g-dayan\/#primaryimage\"},\"image\":{\"@id\":\"https:\/\/deliciaspersas.com\/fa\/tienda\/frutas\/pina-deshidratada-400g-dayan\/#primaryimage\"},\"thumbnailUrl\":\"https:\/\/deliciaspersas.com\/wp-content\/uploads\/WhatsApp_Image_2021-07-31_at_06.26.57__2_-removebg-preview.png\",\"datePublished\":\"2021-07-31T04:06:12+00:00\",\"dateModified\":\"2022-02-05T10:26:31+00:00\",\"description\":\"Frutos de cinamomo Senyed. Esta ex\u00f3tica fruta ex\u00f3tica consumida en oriente. Muy com\u00fan en el a\u00f1o nuevo persa.\",\"breadcrumb\":{\"@id\":\"https:\/\/deliciaspersas.com\/fa\/tienda\/frutas\/pina-deshidratada-400g-dayan\/#breadcrumb\"},\"inLanguage\":\"fa-IR\",\"potentialAction\":[{\"@type\":\"ReadAction\",\"target\":[\"https:\/\/deliciaspersas.com\/fa\/tienda\/frutas\/pina-deshidratada-400g-dayan\/\"]}]},{\"@type\":\"ImageObject\",\"inLanguage\":\"fa-IR\",\"@id\":\"https:\/\/deliciaspersas.com\/fa\/tienda\/frutas\/pina-deshidratada-400g-dayan\/#primaryimage\",\"url\":\"https:\/\/deliciaspersas.com\/wp-content\/uploads\/WhatsApp_Image_2021-07-31_at_06.26.57__2_-removebg-preview.png\",\"contentUrl\":\"https:\/\/deliciaspersas.com\/wp-content\/uploads\/WhatsApp_Image_2021-07-31_at_06.26.57__2_-removebg-preview.png\",\"width\":433,\"height\":577,\"caption\":\"\u0645\u06cc\u0648\u0647 \u0637\u0628\u06cc\u0639\u06cc \u0622\u0646\u0627\u0646\u0627\u0633 \u0627\u06cc\u0631\u0627\u0646\u06cc 400 \u06af\u0631\u0645\u06cc \u062f\u0627\u06cc\u0627\u0646\"},{\"@type\":\"BreadcrumbList\",\"@id\":\"https:\/\/deliciaspersas.com\/fa\/tienda\/frutas\/pina-deshidratada-400g-dayan\/#breadcrumb\",\"itemListElement\":[{\"@type\":\"ListItem\",\"position\":1,\"name\":\"Portada\",\"item\":\"https:\/\/deliciaspersas.com\/fa\/\"},{\"@type\":\"ListItem\",\"position\":2,\"name\":\"Tienda\",\"item\":\"https:\/\/deliciaspersas.com\/\"},{\"@type\":\"ListItem\",\"position\":3,\"name\":\"Pi\u00f1a deshidratada 400g Dayan\"}]},{\"@type\":\"WebSite\",\"@id\":\"https:\/\/deliciaspersas.com\/fa\/#website\",\"url\":\"https:\/\/deliciaspersas.com\/fa\/\",\"name\":\"Delicias Persas\",\"description\":\"Gastronom&iacute;a persa al alcance de tus manos\",\"publisher\":{\"@id\":\"https:\/\/deliciaspersas.com\/fa\/#organization\"},\"potentialAction\":[{\"@type\":\"SearchAction\",\"target\":{\"@type\":\"EntryPoint\",\"urlTemplate\":\"https:\/\/deliciaspersas.com\/fa\/?s={search_term_string}\"},\"query-input\":{\"@type\":\"PropertyValueSpecification\",\"valueRequired\":true,\"valueName\":\"search_term_string\"}}],\"inLanguage\":\"fa-IR\"},{\"@type\":\"Organization\",\"@id\":\"https:\/\/deliciaspersas.com\/fa\/#organization\",\"name\":\"Delicias Persas\",\"url\":\"https:\/\/deliciaspersas.com\/fa\/\",\"logo\":{\"@type\":\"ImageObject\",\"inLanguage\":\"fa-IR\",\"@id\":\"https:\/\/deliciaspersas.com\/fa\/#\/schema\/logo\/image\/\",\"url\":\"https:\/\/deliciaspersas.com\/wp-content\/uploads\/2020\/07\/logo-2020.png\",\"contentUrl\":\"https:\/\/deliciaspersas.com\/wp-content\/uploads\/2020\/07\/logo-2020.png\",\"width\":520,\"height\":490,\"caption\":\"Delicias Persas\"},\"image\":{\"@id\":\"https:\/\/deliciaspersas.com\/fa\/#\/schema\/logo\/image\/\"},\"sameAs\":[\"https:\/\/www.facebook.com\/Deliciaspersas\",\"https:\/\/www.instagram.com\/delicias_persas\/\",\"https:\/\/www.linkedin.com\/delicias-persas\"]}]}<\/script>\n<!-- \/ Yoast SEO plugin. -->","yoast_head_json":{"title":"Pi\u00f1a deshidratada 400g Dayan - Delicias Persas","description":"Frutos de cinamomo Senyed. Esta ex\u00f3tica fruta ex\u00f3tica consumida en oriente. Muy com\u00fan en el a\u00f1o nuevo persa.","robots":{"index":"index","follow":"follow","max-snippet":"max-snippet:-1","max-image-preview":"max-image-preview:large","max-video-preview":"max-video-preview:-1"},"canonical":"https:\/\/deliciaspersas.com\/fa\/tienda\/frutas\/pina-deshidratada-400g-dayan\/","og_locale":"fa_IR","og_type":"article","og_title":"Pi\u00f1a deshidratada 400g Dayan - Delicias Persas","og_description":"Frutos de cinamomo Senyed. Esta ex\u00f3tica fruta ex\u00f3tica consumida en oriente. Muy com\u00fan en el a\u00f1o nuevo persa.","og_url":"https:\/\/deliciaspersas.com\/fa\/tienda\/frutas\/pina-deshidratada-400g-dayan\/","og_site_name":"Delicias Persas","article_publisher":"https:\/\/www.facebook.com\/Deliciaspersas","article_modified_time":"2022-02-05T10:26:31+00:00","og_image":[{"width":433,"height":577,"url":"https:\/\/deliciaspersas.com\/wp-content\/uploads\/WhatsApp_Image_2021-07-31_at_06.26.57__2_-removebg-preview.png","type":"image\/png"}],"twitter_card":"summary_large_image","twitter_misc":{"\u0632\u0645\u0627\u0646 \u062a\u0642\u0631\u06cc\u0628\u06cc \u0628\u0631\u0627\u06cc \u062e\u0648\u0627\u0646\u062f\u0646":"2 \u062f\u0642\u06cc\u0642\u0647"},"schema":{"@context":"https:\/\/schema.org","@graph":[{"@type":"WebPage","@id":"https:\/\/deliciaspersas.com\/fa\/tienda\/frutas\/pina-deshidratada-400g-dayan\/","url":"https:\/\/deliciaspersas.com\/fa\/tienda\/frutas\/pina-deshidratada-400g-dayan\/","name":"Pi\u00f1a deshidratada 400g Dayan - Delicias Persas","isPartOf":{"@id":"https:\/\/deliciaspersas.com\/fa\/#website"},"primaryImageOfPage":{"@id":"https:\/\/deliciaspersas.com\/fa\/tienda\/frutas\/pina-deshidratada-400g-dayan\/#primaryimage"},"image":{"@id":"https:\/\/deliciaspersas.com\/fa\/tienda\/frutas\/pina-deshidratada-400g-dayan\/#primaryimage"},"thumbnailUrl":"https:\/\/deliciaspersas.com\/wp-content\/uploads\/WhatsApp_Image_2021-07-31_at_06.26.57__2_-removebg-preview.png","datePublished":"2021-07-31T04:06:12+00:00","dateModified":"2022-02-05T10:26:31+00:00","description":"Frutos de cinamomo Senyed. Esta ex\u00f3tica fruta ex\u00f3tica consumida en oriente. Muy com\u00fan en el a\u00f1o nuevo persa.","breadcrumb":{"@id":"https:\/\/deliciaspersas.com\/fa\/tienda\/frutas\/pina-deshidratada-400g-dayan\/#breadcrumb"},"inLanguage":"fa-IR","potentialAction":[{"@type":"ReadAction","target":["https:\/\/deliciaspersas.com\/fa\/tienda\/frutas\/pina-deshidratada-400g-dayan\/"]}]},{"@type":"ImageObject","inLanguage":"fa-IR","@id":"https:\/\/deliciaspersas.com\/fa\/tienda\/frutas\/pina-deshidratada-400g-dayan\/#primaryimage","url":"https:\/\/deliciaspersas.com\/wp-content\/uploads\/WhatsApp_Image_2021-07-31_at_06.26.57__2_-removebg-preview.png","contentUrl":"https:\/\/deliciaspersas.com\/wp-content\/uploads\/WhatsApp_Image_2021-07-31_at_06.26.57__2_-removebg-preview.png","width":433,"height":577,"caption":"\u0645\u06cc\u0648\u0647 \u0637\u0628\u06cc\u0639\u06cc \u0622\u0646\u0627\u0646\u0627\u0633 \u0627\u06cc\u0631\u0627\u0646\u06cc 400 \u06af\u0631\u0645\u06cc \u062f\u0627\u06cc\u0627\u0646"},{"@type":"BreadcrumbList","@id":"https:\/\/deliciaspersas.com\/fa\/tienda\/frutas\/pina-deshidratada-400g-dayan\/#breadcrumb","itemListElement":[{"@type":"ListItem","position":1,"name":"Portada","item":"https:\/\/deliciaspersas.com\/fa\/"},{"@type":"ListItem","position":2,"name":"Tienda","item":"https:\/\/deliciaspersas.com\/"},{"@type":"ListItem","position":3,"name":"Pi\u00f1a deshidratada 400g Dayan"}]},{"@type":"WebSite","@id":"https:\/\/deliciaspersas.com\/fa\/#website","url":"https:\/\/deliciaspersas.com\/fa\/","name":"Delicias Persas","description":"Gastronom&iacute;a persa al alcance de tus manos","publisher":{"@id":"https:\/\/deliciaspersas.com\/fa\/#organization"},"potentialAction":[{"@type":"SearchAction","target":{"@type":"EntryPoint","urlTemplate":"https:\/\/deliciaspersas.com\/fa\/?s={search_term_string}"},"query-input":{"@type":"PropertyValueSpecification","valueRequired":true,"valueName":"search_term_string"}}],"inLanguage":"fa-IR"},{"@type":"Organization","@id":"https:\/\/deliciaspersas.com\/fa\/#organization","name":"Delicias Persas","url":"https:\/\/deliciaspersas.com\/fa\/","logo":{"@type":"ImageObject","inLanguage":"fa-IR","@id":"https:\/\/deliciaspersas.com\/fa\/#\/schema\/logo\/image\/","url":"https:\/\/deliciaspersas.com\/wp-content\/uploads\/2020\/07\/logo-2020.png","contentUrl":"https:\/\/deliciaspersas.com\/wp-content\/uploads\/2020\/07\/logo-2020.png","width":520,"height":490,"caption":"Delicias Persas"},"image":{"@id":"https:\/\/deliciaspersas.com\/fa\/#\/schema\/logo\/image\/"},"sameAs":["https:\/\/www.facebook.com\/Deliciaspersas","https:\/\/www.instagram.com\/delicias_persas\/","https:\/\/www.linkedin.com\/delicias-persas"]}]}},"uagb_featured_image_src":{"full":["https:\/\/deliciaspersas.com\/wp-content\/uploads\/WhatsApp_Image_2021-07-31_at_06.26.57__2_-removebg-preview.png",433,577,false],"thumbnail":["https:\/\/deliciaspersas.com\/wp-content\/uploads\/WhatsApp_Image_2021-07-31_at_06.26.57__2_-removebg-preview-150x150.png",150,150,true],"medium":["https:\/\/deliciaspersas.com\/wp-content\/uploads\/WhatsApp_Image_2021-07-31_at_06.26.57__2_-removebg-preview-225x300.png",225,300,true],"medium_large":["https:\/\/deliciaspersas.com\/wp-content\/uploads\/WhatsApp_Image_2021-07-31_at_06.26.57__2_-removebg-preview.png",433,577,false],"large":["https:\/\/deliciaspersas.com\/wp-content\/uploads\/WhatsApp_Image_2021-07-31_at_06.26.57__2_-removebg-preview.png",433,577,false],"1536x1536":["https:\/\/deliciaspersas.com\/wp-content\/uploads\/WhatsApp_Image_2021-07-31_at_06.26.57__2_-removebg-preview.png",433,577,false],"2048x2048":["https:\/\/deliciaspersas.com\/wp-content\/uploads\/WhatsApp_Image_2021-07-31_at_06.26.57__2_-removebg-preview.png",433,577,false],"woocommerce_thumbnail":["https:\/\/deliciaspersas.com\/wp-content\/uploads\/WhatsApp_Image_2021-07-31_at_06.26.57__2_-removebg-preview-300x300.png",300,300,true],"woocommerce_single":["https:\/\/deliciaspersas.com\/wp-content\/uploads\/WhatsApp_Image_2021-07-31_at_06.26.57__2_-removebg-preview.png",433,577,false],"woocommerce_gallery_thumbnail":["https:\/\/deliciaspersas.com\/wp-content\/uploads\/WhatsApp_Image_2021-07-31_at_06.26.57__2_-removebg-preview-100x100.png",100,100,true]},"uagb_author_info":{"display_name":"Maral Azizi","author_link":"https:\/\/deliciaspersas.com\/fa\/author\/"},"uagb_comment_info":0,"uagb_excerpt":"Pi\u00f1a deshidratada 400g Dayan Informaci\u00f3n del producto: Es una fruta ex\u00f3tica y fuertemente arom\u00e1tica perteneciente a la familia de los c\u00edtricos. Es muy rica en nutrientes y una fuente importante en minerales, aceites esenciales y antioxidantes. Beneficios: Estas son las principales propiedades de esta fruta tropical: 1. Ayuda a la digesti\u00f3n de prote\u00ednas: la enzima&hellip;","brands":[{"id":113,"name":"Dayan","slug":"dayan-2"}],"_links":{"self":[{"href":"https:\/\/deliciaspersas.com\/fa\/wp-json\/wp\/v2\/product\/8408"}],"collection":[{"href":"https:\/\/deliciaspersas.com\/fa\/wp-json\/wp\/v2\/product"}],"about":[{"href":"https:\/\/deliciaspersas.com\/fa\/wp-json\/wp\/v2\/types\/product"}],"wp:featuredmedia":[{"embeddable":true,"href":"https:\/\/deliciaspersas.com\/fa\/wp-json\/wp\/v2\/media\/8409"}],"wp:attachment":[{"href":"https:\/\/deliciaspersas.com\/fa\/wp-json\/wp\/v2\/media?parent=8408"}],"wp:term":[{"taxonomy":"pwb-brand","embeddable":true,"href":"https:\/\/deliciaspersas.com\/fa\/wp-json\/wp\/v2\/pwb-brand?post=8408"},{"taxonomy":"product_cat","embeddable":true,"href":"https:\/\/deliciaspersas.com\/fa\/wp-json\/wp\/v2\/product_cat?post=8408"},{"taxonomy":"product_tag","embeddable":true,"href":"https:\/\/deliciaspersas.com\/fa\/wp-json\/wp\/v2\/product_tag?post=8408"}],"curies":[{"name":"wp","href":"https:\/\/api.w.org\/{rel}","templated":true}]}}