{"id":8425,"date":"2021-08-02T06:37:48","date_gmt":"2021-08-02T04:37:48","guid":{"rendered":"https:\/\/deliciaspersas.com\/?post_type=product&#038;p=8425"},"modified":"2022-02-05T11:25:34","modified_gmt":"2022-02-05T10:25:34","slug":"melocoton-natural-deshidratado-400g-dayan","status":"publish","type":"product","link":"https:\/\/deliciaspersas.com\/fa\/tienda\/frutas\/melocoton-natural-deshidratado-400g-dayan\/","title":{"rendered":"Melocot\u00f3n natural deshidratado 400g Dayan"},"content":{"rendered":"<h1>Melocot\u00f3n natural deshidratado 400g Dayan<\/h1>\n<h6>Informaci\u00f3n del producto:<\/h6>\n<p>Es una fruta ex\u00f3tica y fuertemente arom\u00e1tica perteneciente a la familia de los c\u00edtricos. Es muy rica en nutrientes y una fuente importante en minerales, aceites esenciales y antioxidantes.<\/p>\n<h6>Ingredientes y al\u00e9rgenos:<\/h6>\n<p>Melocot\u00f3n deshidratado<\/p>\n<h6>Beneficios:<\/h6>\n<p id=\"m186-185-187\" class=\"paragraph \">La vitamina C posee propiedades antioxidantes que protegen a las c\u00e9lulas del organismo frente a la actuaci\u00f3n de los radicales libres. Tambi\u00e9n es rico en vitaminas A y del grupo B.\u00a0Por otro lado, esta fruta posee cantidades considerables de\u00a0minerales como el potasio y, en menor medida, f\u00f3sforo, calcio y magnesio, y contiene un buen aporte de fibra.<\/p>\n<p id=\"m191-190-192\" class=\"paragraph \">En este sentido, &#8220;su riqueza en fibra y potasio y su escaso contenido en sodio, est\u00e1n demostrados que\u00a0<strong>ayudan a controlar la tensi\u00f3n arterial.<\/strong> Adem\u00e1s la fibra ayudar\u00e1 a regular el colesterol sangu\u00edneo disminuyendo la absorci\u00f3n del colesterol diet\u00e9tico y reduciendo la formaci\u00f3n de colesterol end\u00f3geno&#8221;.<\/p>\n<p id=\"m196-195-197\" class=\"paragraph \">Las propiedades antioxidantes de esta fruta ayudan a prevenir determinadas enfermedades y refuerzan el sistema inmunol\u00f3gico. &#8220;En el caso de los betacaroteno, la lute\u00edna y zeaxantina son fundamentales para la salud ocular, mejorar la agudeza visual y reducir la degeneraci\u00f3n macular&#8221;, a\u00f1aden. De esta manera, en resumen, los beneficios m\u00e1s importantes del melocot\u00f3n en la salud son los siguientes:<\/p>\n<div id=\"m201-200-202\" class=\"dotted-list \">\n<ul>\n<li>El melocot\u00f3n tiene un\u00a0<strong>efecto diur\u00e9tico<\/strong>\u00a0al tener una gran cantidad de potasio y baja de sodio. Adem\u00e1s, tambi\u00e9n tiene propiedades laxantes por la fibra.<\/li>\n<li>Ayuda a\u00a0<strong>reducir la retenci\u00f3n de l\u00edquidos.<\/strong><\/li>\n<li>Las\u00a0<strong>propiedades antioxidantes<\/strong>\u00a0que contiene, gracias al elevado aporte de vitamina C, protegen las c\u00e9lulas del organismo y ayudan a combatir la formaci\u00f3n de radicales libres.<\/li>\n<li>Es perfecto para cuidar la piel, el cabello o las u\u00f1as gracias al poder antioxidante y a la presencia de betacaroteno.<\/li>\n<li>Se puede consumir para bajar de peso.<\/li>\n<li>Es bueno para personas con\u00a0<strong>colesterol.\u00a0<\/strong><\/li>\n<li>Refuerza el sistema inmune.<\/li>\n<li><strong>Regula el tr\u00e1nsito intestinal<\/strong>\u00a0por su contenido en fibra.<\/li>\n<\/ul>\n<\/div>\n<h6>Condiciones de conservaci\u00f3n:<\/h6>\n<p>Conservar en un lugar fresco, seco y protegido de la luz.<\/p>\n<h6>Informaci\u00f3n adicional:<\/h6>\n<p>Fabricado por: Dayan<\/p>\n","protected":false},"excerpt":{"rendered":"<p>Melocot\u00f3n natural deshidratado 400g Dayan Informaci\u00f3n del producto: Es una fruta ex\u00f3tica y fuertemente arom\u00e1tica perteneciente a la familia de los c\u00edtricos. Es muy rica en nutrientes y una fuente importante en minerales, aceites esenciales y antioxidantes. Ingredientes y al\u00e9rgenos: Melocot\u00f3n deshidratado Beneficios: La vitamina C posee propiedades antioxidantes que protegen a las c\u00e9lulas del [&hellip;]<\/p>\n","protected":false},"featured_media":8427,"template":"","meta":{"_surecart_dashboard_logo_width":"180px","_surecart_dashboard_show_logo":true,"_surecart_dashboard_navigation_orders":true,"_surecart_dashboard_navigation_invoices":true,"_surecart_dashboard_navigation_subscriptions":true,"_surecart_dashboard_navigation_downloads":true,"_surecart_dashboard_navigation_billing":true,"_surecart_dashboard_navigation_account":true,"_uag_custom_page_level_css":"","site-sidebar-layout":"default","site-content-layout":"default","ast-site-content-layout":"","site-content-style":"default","site-sidebar-style":"default","ast-global-header-display":"","ast-banner-title-visibility":"","ast-main-header-display":"","ast-hfb-above-header-display":"","ast-hfb-below-header-display":"","ast-hfb-mobile-header-display":"","site-post-title":"","ast-breadcrumbs-content":"","ast-featured-img":"","footer-sml-layout":"","theme-transparent-header-meta":"default","adv-header-id-meta":"","stick-header-meta":"","header-above-stick-meta":"","header-main-stick-meta":"","header-below-stick-meta":"","astra-migrate-meta-layouts":"default","ast-page-background-enabled":"default","ast-page-background-meta":{"desktop":{"background-color":"","background-image":"","background-repeat":"repeat","background-position":"center center","background-size":"auto","background-attachment":"scroll","background-type":"","background-media":"","overlay-type":"","overlay-color":"","overlay-opacity":"","overlay-gradient":""},"tablet":{"background-color":"","background-image":"","background-repeat":"repeat","background-position":"center center","background-size":"auto","background-attachment":"scroll","background-type":"","background-media":"","overlay-type":"","overlay-color":"","overlay-opacity":"","overlay-gradient":""},"mobile":{"background-color":"","background-image":"","background-repeat":"repeat","background-position":"center center","background-size":"auto","background-attachment":"scroll","background-type":"","background-media":"","overlay-type":"","overlay-color":"","overlay-opacity":"","overlay-gradient":""}},"ast-content-background-meta":{"desktop":{"background-color":"var(--ast-global-color-5)","background-image":"","background-repeat":"repeat","background-position":"center center","background-size":"auto","background-attachment":"scroll","background-type":"","background-media":"","overlay-type":"","overlay-color":"","overlay-opacity":"","overlay-gradient":""},"tablet":{"background-color":"var(--ast-global-color-5)","background-image":"","background-repeat":"repeat","background-position":"center center","background-size":"auto","background-attachment":"scroll","background-type":"","background-media":"","overlay-type":"","overlay-color":"","overlay-opacity":"","overlay-gradient":""},"mobile":{"background-color":"var(--ast-global-color-5)","background-image":"","background-repeat":"repeat","background-position":"center center","background-size":"auto","background-attachment":"scroll","background-type":"","background-media":"","overlay-type":"","overlay-color":"","overlay-opacity":"","overlay-gradient":""}}},"pwb-brand":[113],"product_cat":[33],"product_tag":[643,644,645,642,856,424,425,343,279,390,423],"class_list":{"0":"post-8425","1":"product","2":"type-product","3":"status-publish","4":"has-post-thumbnail","6":"pwb-brand-dayan-2","7":"product_cat-frutas","8":"product_tag-deshidratado","9":"product_tag-frata","10":"product_tag-fruta-seca","11":"product_tag-melocoton","12":"product_tag-peach","13":"product_tag-424","14":"product_tag-425","15":"product_tag-343","16":"product_tag-279","17":"product_tag-390","18":"product_tag-423","19":"desktop-align-center","20":"tablet-align-center","21":"mobile-align-center","23":"first","24":"outofstock","25":"taxable","26":"shipping-taxable","27":"purchasable","28":"product-type-simple"},"yoast_head":"<!-- This site is optimized with the Yoast SEO plugin v23.6 - https:\/\/yoast.com\/wordpress\/plugins\/seo\/ -->\n<title>Melocot\u00f3n natural deshidratado 400g Dayan - Delicias Persas<\/title>\n<meta name=\"description\" content=\"Frutos de cinamomo Senyed. Esta ex\u00f3tica fruta ex\u00f3tica consumida en oriente. Muy com\u00fan en el a\u00f1o nuevo persa....\" \/>\n<meta name=\"robots\" content=\"index, follow, max-snippet:-1, max-image-preview:large, max-video-preview:-1\" \/>\n<link rel=\"canonical\" href=\"https:\/\/deliciaspersas.com\/fa\/tienda\/frutas\/melocoton-natural-deshidratado-400g-dayan\/\" \/>\n<meta property=\"og:locale\" content=\"fa_IR\" \/>\n<meta property=\"og:type\" content=\"article\" \/>\n<meta property=\"og:title\" content=\"Melocot\u00f3n natural deshidratado 400g Dayan - Delicias Persas\" \/>\n<meta property=\"og:description\" content=\"Frutos de cinamomo Senyed. Esta ex\u00f3tica fruta ex\u00f3tica consumida en oriente. Muy com\u00fan en el a\u00f1o nuevo persa....\" \/>\n<meta property=\"og:url\" content=\"https:\/\/deliciaspersas.com\/fa\/tienda\/frutas\/melocoton-natural-deshidratado-400g-dayan\/\" \/>\n<meta property=\"og:site_name\" content=\"Delicias Persas\" \/>\n<meta property=\"article:publisher\" content=\"https:\/\/www.facebook.com\/Deliciaspersas\" \/>\n<meta property=\"article:modified_time\" content=\"2022-02-05T10:25:34+00:00\" \/>\n<meta property=\"og:image\" content=\"https:\/\/deliciaspersas.com\/wp-content\/uploads\/WhatsApp_Image_2021-07-31_at_06.26.58__3_-removebg-preview.png\" \/>\n\t<meta property=\"og:image:width\" content=\"433\" \/>\n\t<meta property=\"og:image:height\" content=\"577\" \/>\n\t<meta property=\"og:image:type\" content=\"image\/png\" \/>\n<meta name=\"twitter:card\" content=\"summary_large_image\" \/>\n<meta name=\"twitter:label1\" content=\"\u0632\u0645\u0627\u0646 \u062a\u0642\u0631\u06cc\u0628\u06cc \u0628\u0631\u0627\u06cc \u062e\u0648\u0627\u0646\u062f\u0646\" \/>\n\t<meta name=\"twitter:data1\" content=\"2 \u062f\u0642\u06cc\u0642\u0647\" \/>\n<script type=\"application\/ld+json\" class=\"yoast-schema-graph\">{\"@context\":\"https:\/\/schema.org\",\"@graph\":[{\"@type\":\"WebPage\",\"@id\":\"https:\/\/deliciaspersas.com\/fa\/tienda\/frutas\/melocoton-natural-deshidratado-400g-dayan\/\",\"url\":\"https:\/\/deliciaspersas.com\/fa\/tienda\/frutas\/melocoton-natural-deshidratado-400g-dayan\/\",\"name\":\"Melocot\u00f3n natural deshidratado 400g Dayan - Delicias Persas\",\"isPartOf\":{\"@id\":\"https:\/\/deliciaspersas.com\/fa\/#website\"},\"primaryImageOfPage\":{\"@id\":\"https:\/\/deliciaspersas.com\/fa\/tienda\/frutas\/melocoton-natural-deshidratado-400g-dayan\/#primaryimage\"},\"image\":{\"@id\":\"https:\/\/deliciaspersas.com\/fa\/tienda\/frutas\/melocoton-natural-deshidratado-400g-dayan\/#primaryimage\"},\"thumbnailUrl\":\"https:\/\/deliciaspersas.com\/wp-content\/uploads\/WhatsApp_Image_2021-07-31_at_06.26.58__3_-removebg-preview.png\",\"datePublished\":\"2021-08-02T04:37:48+00:00\",\"dateModified\":\"2022-02-05T10:25:34+00:00\",\"description\":\"Frutos de cinamomo Senyed. Esta ex\u00f3tica fruta ex\u00f3tica consumida en oriente. Muy com\u00fan en el a\u00f1o nuevo persa....\",\"breadcrumb\":{\"@id\":\"https:\/\/deliciaspersas.com\/fa\/tienda\/frutas\/melocoton-natural-deshidratado-400g-dayan\/#breadcrumb\"},\"inLanguage\":\"fa-IR\",\"potentialAction\":[{\"@type\":\"ReadAction\",\"target\":[\"https:\/\/deliciaspersas.com\/fa\/tienda\/frutas\/melocoton-natural-deshidratado-400g-dayan\/\"]}]},{\"@type\":\"ImageObject\",\"inLanguage\":\"fa-IR\",\"@id\":\"https:\/\/deliciaspersas.com\/fa\/tienda\/frutas\/melocoton-natural-deshidratado-400g-dayan\/#primaryimage\",\"url\":\"https:\/\/deliciaspersas.com\/wp-content\/uploads\/WhatsApp_Image_2021-07-31_at_06.26.58__3_-removebg-preview.png\",\"contentUrl\":\"https:\/\/deliciaspersas.com\/wp-content\/uploads\/WhatsApp_Image_2021-07-31_at_06.26.58__3_-removebg-preview.png\",\"width\":433,\"height\":577,\"caption\":\"\u0645\u06cc\u0648\u0647 \u0637\u0628\u06cc\u0639\u06cc \u0647\u0644\u0648 400 \u06af\u0631\u0645\u06cc \u062f\u0627\u06cc\u0627\u0646\"},{\"@type\":\"BreadcrumbList\",\"@id\":\"https:\/\/deliciaspersas.com\/fa\/tienda\/frutas\/melocoton-natural-deshidratado-400g-dayan\/#breadcrumb\",\"itemListElement\":[{\"@type\":\"ListItem\",\"position\":1,\"name\":\"Portada\",\"item\":\"https:\/\/deliciaspersas.com\/fa\/\"},{\"@type\":\"ListItem\",\"position\":2,\"name\":\"Tienda\",\"item\":\"https:\/\/deliciaspersas.com\/\"},{\"@type\":\"ListItem\",\"position\":3,\"name\":\"Melocot\u00f3n natural deshidratado 400g Dayan\"}]},{\"@type\":\"WebSite\",\"@id\":\"https:\/\/deliciaspersas.com\/fa\/#website\",\"url\":\"https:\/\/deliciaspersas.com\/fa\/\",\"name\":\"Delicias Persas\",\"description\":\"Gastronom&iacute;a persa al alcance de tus manos\",\"publisher\":{\"@id\":\"https:\/\/deliciaspersas.com\/fa\/#organization\"},\"potentialAction\":[{\"@type\":\"SearchAction\",\"target\":{\"@type\":\"EntryPoint\",\"urlTemplate\":\"https:\/\/deliciaspersas.com\/fa\/?s={search_term_string}\"},\"query-input\":{\"@type\":\"PropertyValueSpecification\",\"valueRequired\":true,\"valueName\":\"search_term_string\"}}],\"inLanguage\":\"fa-IR\"},{\"@type\":\"Organization\",\"@id\":\"https:\/\/deliciaspersas.com\/fa\/#organization\",\"name\":\"Delicias Persas\",\"url\":\"https:\/\/deliciaspersas.com\/fa\/\",\"logo\":{\"@type\":\"ImageObject\",\"inLanguage\":\"fa-IR\",\"@id\":\"https:\/\/deliciaspersas.com\/fa\/#\/schema\/logo\/image\/\",\"url\":\"https:\/\/deliciaspersas.com\/wp-content\/uploads\/2020\/07\/logo-2020.png\",\"contentUrl\":\"https:\/\/deliciaspersas.com\/wp-content\/uploads\/2020\/07\/logo-2020.png\",\"width\":520,\"height\":490,\"caption\":\"Delicias Persas\"},\"image\":{\"@id\":\"https:\/\/deliciaspersas.com\/fa\/#\/schema\/logo\/image\/\"},\"sameAs\":[\"https:\/\/www.facebook.com\/Deliciaspersas\",\"https:\/\/www.instagram.com\/delicias_persas\/\",\"https:\/\/www.linkedin.com\/delicias-persas\"]}]}<\/script>\n<!-- \/ Yoast SEO plugin. -->","yoast_head_json":{"title":"Melocot\u00f3n natural deshidratado 400g Dayan - Delicias Persas","description":"Frutos de cinamomo Senyed. Esta ex\u00f3tica fruta ex\u00f3tica consumida en oriente. Muy com\u00fan en el a\u00f1o nuevo persa....","robots":{"index":"index","follow":"follow","max-snippet":"max-snippet:-1","max-image-preview":"max-image-preview:large","max-video-preview":"max-video-preview:-1"},"canonical":"https:\/\/deliciaspersas.com\/fa\/tienda\/frutas\/melocoton-natural-deshidratado-400g-dayan\/","og_locale":"fa_IR","og_type":"article","og_title":"Melocot\u00f3n natural deshidratado 400g Dayan - Delicias Persas","og_description":"Frutos de cinamomo Senyed. Esta ex\u00f3tica fruta ex\u00f3tica consumida en oriente. Muy com\u00fan en el a\u00f1o nuevo persa....","og_url":"https:\/\/deliciaspersas.com\/fa\/tienda\/frutas\/melocoton-natural-deshidratado-400g-dayan\/","og_site_name":"Delicias Persas","article_publisher":"https:\/\/www.facebook.com\/Deliciaspersas","article_modified_time":"2022-02-05T10:25:34+00:00","og_image":[{"width":433,"height":577,"url":"https:\/\/deliciaspersas.com\/wp-content\/uploads\/WhatsApp_Image_2021-07-31_at_06.26.58__3_-removebg-preview.png","type":"image\/png"}],"twitter_card":"summary_large_image","twitter_misc":{"\u0632\u0645\u0627\u0646 \u062a\u0642\u0631\u06cc\u0628\u06cc \u0628\u0631\u0627\u06cc \u062e\u0648\u0627\u0646\u062f\u0646":"2 \u062f\u0642\u06cc\u0642\u0647"},"schema":{"@context":"https:\/\/schema.org","@graph":[{"@type":"WebPage","@id":"https:\/\/deliciaspersas.com\/fa\/tienda\/frutas\/melocoton-natural-deshidratado-400g-dayan\/","url":"https:\/\/deliciaspersas.com\/fa\/tienda\/frutas\/melocoton-natural-deshidratado-400g-dayan\/","name":"Melocot\u00f3n natural deshidratado 400g Dayan - Delicias Persas","isPartOf":{"@id":"https:\/\/deliciaspersas.com\/fa\/#website"},"primaryImageOfPage":{"@id":"https:\/\/deliciaspersas.com\/fa\/tienda\/frutas\/melocoton-natural-deshidratado-400g-dayan\/#primaryimage"},"image":{"@id":"https:\/\/deliciaspersas.com\/fa\/tienda\/frutas\/melocoton-natural-deshidratado-400g-dayan\/#primaryimage"},"thumbnailUrl":"https:\/\/deliciaspersas.com\/wp-content\/uploads\/WhatsApp_Image_2021-07-31_at_06.26.58__3_-removebg-preview.png","datePublished":"2021-08-02T04:37:48+00:00","dateModified":"2022-02-05T10:25:34+00:00","description":"Frutos de cinamomo Senyed. Esta ex\u00f3tica fruta ex\u00f3tica consumida en oriente. Muy com\u00fan en el a\u00f1o nuevo persa....","breadcrumb":{"@id":"https:\/\/deliciaspersas.com\/fa\/tienda\/frutas\/melocoton-natural-deshidratado-400g-dayan\/#breadcrumb"},"inLanguage":"fa-IR","potentialAction":[{"@type":"ReadAction","target":["https:\/\/deliciaspersas.com\/fa\/tienda\/frutas\/melocoton-natural-deshidratado-400g-dayan\/"]}]},{"@type":"ImageObject","inLanguage":"fa-IR","@id":"https:\/\/deliciaspersas.com\/fa\/tienda\/frutas\/melocoton-natural-deshidratado-400g-dayan\/#primaryimage","url":"https:\/\/deliciaspersas.com\/wp-content\/uploads\/WhatsApp_Image_2021-07-31_at_06.26.58__3_-removebg-preview.png","contentUrl":"https:\/\/deliciaspersas.com\/wp-content\/uploads\/WhatsApp_Image_2021-07-31_at_06.26.58__3_-removebg-preview.png","width":433,"height":577,"caption":"\u0645\u06cc\u0648\u0647 \u0637\u0628\u06cc\u0639\u06cc \u0647\u0644\u0648 400 \u06af\u0631\u0645\u06cc \u062f\u0627\u06cc\u0627\u0646"},{"@type":"BreadcrumbList","@id":"https:\/\/deliciaspersas.com\/fa\/tienda\/frutas\/melocoton-natural-deshidratado-400g-dayan\/#breadcrumb","itemListElement":[{"@type":"ListItem","position":1,"name":"Portada","item":"https:\/\/deliciaspersas.com\/fa\/"},{"@type":"ListItem","position":2,"name":"Tienda","item":"https:\/\/deliciaspersas.com\/"},{"@type":"ListItem","position":3,"name":"Melocot\u00f3n natural deshidratado 400g Dayan"}]},{"@type":"WebSite","@id":"https:\/\/deliciaspersas.com\/fa\/#website","url":"https:\/\/deliciaspersas.com\/fa\/","name":"Delicias Persas","description":"Gastronom&iacute;a persa al alcance de tus manos","publisher":{"@id":"https:\/\/deliciaspersas.com\/fa\/#organization"},"potentialAction":[{"@type":"SearchAction","target":{"@type":"EntryPoint","urlTemplate":"https:\/\/deliciaspersas.com\/fa\/?s={search_term_string}"},"query-input":{"@type":"PropertyValueSpecification","valueRequired":true,"valueName":"search_term_string"}}],"inLanguage":"fa-IR"},{"@type":"Organization","@id":"https:\/\/deliciaspersas.com\/fa\/#organization","name":"Delicias Persas","url":"https:\/\/deliciaspersas.com\/fa\/","logo":{"@type":"ImageObject","inLanguage":"fa-IR","@id":"https:\/\/deliciaspersas.com\/fa\/#\/schema\/logo\/image\/","url":"https:\/\/deliciaspersas.com\/wp-content\/uploads\/2020\/07\/logo-2020.png","contentUrl":"https:\/\/deliciaspersas.com\/wp-content\/uploads\/2020\/07\/logo-2020.png","width":520,"height":490,"caption":"Delicias Persas"},"image":{"@id":"https:\/\/deliciaspersas.com\/fa\/#\/schema\/logo\/image\/"},"sameAs":["https:\/\/www.facebook.com\/Deliciaspersas","https:\/\/www.instagram.com\/delicias_persas\/","https:\/\/www.linkedin.com\/delicias-persas"]}]}},"uagb_featured_image_src":{"full":["https:\/\/deliciaspersas.com\/wp-content\/uploads\/WhatsApp_Image_2021-07-31_at_06.26.58__3_-removebg-preview.png",433,577,false],"thumbnail":["https:\/\/deliciaspersas.com\/wp-content\/uploads\/WhatsApp_Image_2021-07-31_at_06.26.58__3_-removebg-preview-150x150.png",150,150,true],"medium":["https:\/\/deliciaspersas.com\/wp-content\/uploads\/WhatsApp_Image_2021-07-31_at_06.26.58__3_-removebg-preview-225x300.png",225,300,true],"medium_large":["https:\/\/deliciaspersas.com\/wp-content\/uploads\/WhatsApp_Image_2021-07-31_at_06.26.58__3_-removebg-preview.png",433,577,false],"large":["https:\/\/deliciaspersas.com\/wp-content\/uploads\/WhatsApp_Image_2021-07-31_at_06.26.58__3_-removebg-preview.png",433,577,false],"1536x1536":["https:\/\/deliciaspersas.com\/wp-content\/uploads\/WhatsApp_Image_2021-07-31_at_06.26.58__3_-removebg-preview.png",433,577,false],"2048x2048":["https:\/\/deliciaspersas.com\/wp-content\/uploads\/WhatsApp_Image_2021-07-31_at_06.26.58__3_-removebg-preview.png",433,577,false],"woocommerce_thumbnail":["https:\/\/deliciaspersas.com\/wp-content\/uploads\/WhatsApp_Image_2021-07-31_at_06.26.58__3_-removebg-preview-300x300.png",300,300,true],"woocommerce_single":["https:\/\/deliciaspersas.com\/wp-content\/uploads\/WhatsApp_Image_2021-07-31_at_06.26.58__3_-removebg-preview.png",433,577,false],"woocommerce_gallery_thumbnail":["https:\/\/deliciaspersas.com\/wp-content\/uploads\/WhatsApp_Image_2021-07-31_at_06.26.58__3_-removebg-preview-100x100.png",100,100,true]},"uagb_author_info":{"display_name":"Maral Azizi","author_link":"https:\/\/deliciaspersas.com\/fa\/author\/"},"uagb_comment_info":0,"uagb_excerpt":"Melocot\u00f3n natural deshidratado 400g Dayan Informaci\u00f3n del producto: Es una fruta ex\u00f3tica y fuertemente arom\u00e1tica perteneciente a la familia de los c\u00edtricos. Es muy rica en nutrientes y una fuente importante en minerales, aceites esenciales y antioxidantes. Ingredientes y al\u00e9rgenos: Melocot\u00f3n deshidratado Beneficios: La vitamina C posee propiedades antioxidantes que protegen a las c\u00e9lulas del&hellip;","brands":[{"id":113,"name":"Dayan","slug":"dayan-2"}],"_links":{"self":[{"href":"https:\/\/deliciaspersas.com\/fa\/wp-json\/wp\/v2\/product\/8425"}],"collection":[{"href":"https:\/\/deliciaspersas.com\/fa\/wp-json\/wp\/v2\/product"}],"about":[{"href":"https:\/\/deliciaspersas.com\/fa\/wp-json\/wp\/v2\/types\/product"}],"wp:featuredmedia":[{"embeddable":true,"href":"https:\/\/deliciaspersas.com\/fa\/wp-json\/wp\/v2\/media\/8427"}],"wp:attachment":[{"href":"https:\/\/deliciaspersas.com\/fa\/wp-json\/wp\/v2\/media?parent=8425"}],"wp:term":[{"taxonomy":"pwb-brand","embeddable":true,"href":"https:\/\/deliciaspersas.com\/fa\/wp-json\/wp\/v2\/pwb-brand?post=8425"},{"taxonomy":"product_cat","embeddable":true,"href":"https:\/\/deliciaspersas.com\/fa\/wp-json\/wp\/v2\/product_cat?post=8425"},{"taxonomy":"product_tag","embeddable":true,"href":"https:\/\/deliciaspersas.com\/fa\/wp-json\/wp\/v2\/product_tag?post=8425"}],"curies":[{"name":"wp","href":"https:\/\/api.w.org\/{rel}","templated":true}]}}