{"id":8452,"date":"2021-08-03T17:14:28","date_gmt":"2021-08-03T15:14:28","guid":{"rendered":"https:\/\/deliciaspersas.com\/?post_type=product&#038;p=8452"},"modified":"2026-04-19T11:31:28","modified_gmt":"2026-04-19T09:31:28","slug":"perjil-50g-sarashpaz","status":"publish","type":"product","link":"https:\/\/deliciaspersas.com\/fa\/tienda\/hierbas\/perjil-50g-sarashpaz\/","title":{"rendered":"Perjil 50g Sarashpaz"},"content":{"rendered":"<h1>Perjil 50g Sarashpaz<\/h1>\n<h6>Informaci\u00f3n del producto:<\/h6>\n<p>perejil (<em>Petroselinum crispum<\/em>) es una planta oriunda del Mediterr\u00e1neo oriental. Fue apreciada por los griegos y despu\u00e9s por los romanos. Prueba de su prestigio es que el emperador Carlomagno orden\u00f3 que se plantara en todos sus terrenos.<\/p>\n<h6>Usos:<\/h6>\n<p>Esta planta se utiliza para realizar productos con fines medicinales; y como condimento para cocinar (junto con otras especias, por ejemplo, se emplea en la elaboraci\u00f3n de embutidos, tambi\u00e9n participa en la preparaci\u00f3n del curry).<\/p>\n<h6>Beneficios:<\/h6>\n<p>Estas verduras son ricas en <strong>vitamina C, calcio, hierro y vitamina A<\/strong> .<\/p>\n<p>Basta tomar 50 g de perejil fresco para cubrir<strong>\u00a0el 138% de las necesidades diarias de vitamina C,\u00a0<\/strong>el 60% de vitamina A y el 31% de calcio. Destaca por sus propiedades diur\u00e9ticas, digestivas, remineralizantes y como protector de los vasos sangu\u00edneos.<\/p>\n<p>El perejil es, por supuesto, un alimento recomendable para todas las personas. Pero como no se utiliza tan frecuente ni tan abundantemente como ser\u00eda deseable, conviene recordar qui\u00e9nes pueden obtener un mayor beneficio de aumentar su presencia en la dieta diaria:<\/p>\n<ul>\n<li><strong>Un buen preventivo.<\/strong>\u00a0Las cualidades antioxidantes del perejil\u00a0<strong>reducen el riesgo de sufrir c\u00e1ncer,<\/strong>\u00a0dolencias cardiacas, infartos cerebrales y cataratas. Las personas con predisposici\u00f3n a estas dolencias pueden utilizarlo de manera preventiva.<\/li>\n<li><strong>Digestiones pesadas.<\/strong>\u00a0Las personas que sufren\u00a0<strong>digestiones pesadas,<\/strong>\u00a0espasmos intestinales y flatulencias pueden encontrar mucho alivio si incluyen perejil en los primeros platos y m\u00e1s a\u00fan si toman una infusi\u00f3n de hojas antes de cada comida.<\/li>\n<li><strong>Anemia.<\/strong>\u00a0Las adolescentes y las mujeres en edad f\u00e9rtil que sufren de anemia tienen un aliado en el perejil:\u00a0<strong>25 g aportan tanto hierro como un filete.\u00a0<\/strong>El hierro, combinado con el \u00e1cido f\u00f3lico, que tambi\u00e9n est\u00e1 presente en una proporci\u00f3n elevada, favorece la formaci\u00f3n de hemat\u00edes.<\/li>\n<li><strong>Obesidad y sobrepeso.\u00a0<\/strong>Las personas obesas, con celulitis, hinchaz\u00f3n de piernas, edema e insuficiencia cardiaca o renal leve pueden beneficiarse de su efecto diur\u00e9tico. Adem\u00e1s de incluir m\u00e1s perejil pueden tomar una o dos veces al d\u00eda tres cucharadas del jugo obtenido de machacar la planta o un rico smoothie con perejil, manzana y zanahoria.<\/li>\n<li><strong>Re\u00fama.\u00a0<\/strong>Quienes sufren de enfermedades reum\u00e1ticas agradecer\u00e1n el efecto antiinflamatorio del perejil.<\/li>\n<li><strong>Dismenorrea.\u00a0<\/strong>El poder emenagogo del perejil est\u00e1 indicado para las mujeres con\u00a0<strong>menstruaci\u00f3n escasa o dolorosa.<\/strong> Les resultar\u00e1 de ayuda una decocci\u00f3n de 25 g de ra\u00edz en medio litro de agua durante diez minutos. Esta virtud para regular la menstruaci\u00f3n hace que su consumo deba moderarse en caso de embarazo.<\/li>\n<\/ul>\n<div class=\"step\">\n<div class=\"paragraph\">\n<p><span style=\"font-size: 1.1em; font-weight: bold;\">Ingredientes y al\u00e9rgenos:<\/span><\/p>\n<\/div>\n<\/div>\n<p>perjil<\/p>\n<h6>Condiciones de conservaci\u00f3n:<\/h6>\n<p>Conservar en un lugar fresco, seco y protegido de la luz.<\/p>\n<h6>Informaci\u00f3n adicional:<\/h6>\n<p>Fabricado por: Sarashpaz<\/p>\n","protected":false},"excerpt":{"rendered":"<p>Perjil 50g Sarashpaz Informaci\u00f3n del producto: perejil (Petroselinum crispum) es una planta oriunda del Mediterr\u00e1neo oriental. Fue apreciada por los griegos y despu\u00e9s por los romanos. Prueba de su prestigio es que el emperador Carlomagno orden\u00f3 que se plantara en todos sus terrenos. Usos: Esta planta se utiliza para realizar productos con fines medicinales; y [&hellip;]<\/p>\n","protected":false},"featured_media":8453,"template":"","meta":{"_surecart_dashboard_logo_width":"180px","_surecart_dashboard_show_logo":true,"_surecart_dashboard_navigation_orders":true,"_surecart_dashboard_navigation_invoices":true,"_surecart_dashboard_navigation_subscriptions":true,"_surecart_dashboard_navigation_downloads":true,"_surecart_dashboard_navigation_billing":true,"_surecart_dashboard_navigation_account":true,"_uag_custom_page_level_css":"","site-sidebar-layout":"default","site-content-layout":"default","ast-site-content-layout":"default","site-content-style":"default","site-sidebar-style":"default","ast-global-header-display":"","ast-banner-title-visibility":"","ast-main-header-display":"","ast-hfb-above-header-display":"","ast-hfb-below-header-display":"","ast-hfb-mobile-header-display":"","site-post-title":"","ast-breadcrumbs-content":"","ast-featured-img":"","footer-sml-layout":"","theme-transparent-header-meta":"default","adv-header-id-meta":"","stick-header-meta":"","header-above-stick-meta":"","header-main-stick-meta":"","header-below-stick-meta":"","astra-migrate-meta-layouts":"set","ast-page-background-enabled":"default","ast-page-background-meta":{"desktop":{"background-color":"","background-image":"","background-repeat":"repeat","background-position":"center center","background-size":"auto","background-attachment":"scroll","background-type":"","background-media":"","overlay-type":"","overlay-color":"","overlay-opacity":"","overlay-gradient":""},"tablet":{"background-color":"","background-image":"","background-repeat":"repeat","background-position":"center center","background-size":"auto","background-attachment":"scroll","background-type":"","background-media":"","overlay-type":"","overlay-color":"","overlay-opacity":"","overlay-gradient":""},"mobile":{"background-color":"","background-image":"","background-repeat":"repeat","background-position":"center center","background-size":"auto","background-attachment":"scroll","background-type":"","background-media":"","overlay-type":"","overlay-color":"","overlay-opacity":"","overlay-gradient":""}},"ast-content-background-meta":{"desktop":{"background-color":"var(--ast-global-color-5)","background-image":"","background-repeat":"repeat","background-position":"center center","background-size":"auto","background-attachment":"scroll","background-type":"","background-media":"","overlay-type":"","overlay-color":"","overlay-opacity":"","overlay-gradient":""},"tablet":{"background-color":"var(--ast-global-color-5)","background-image":"","background-repeat":"repeat","background-position":"center center","background-size":"auto","background-attachment":"scroll","background-type":"","background-media":"","overlay-type":"","overlay-color":"","overlay-opacity":"","overlay-gradient":""},"mobile":{"background-color":"var(--ast-global-color-5)","background-image":"","background-repeat":"repeat","background-position":"center center","background-size":"auto","background-attachment":"scroll","background-type":"","background-media":"","overlay-type":"","overlay-color":"","overlay-opacity":"","overlay-gradient":""}}},"pwb-brand":[199],"product_cat":[41],"product_tag":[815,811,447,323,279],"class_list":{"0":"post-8452","1":"product","2":"type-product","3":"status-publish","4":"has-post-thumbnail","6":"pwb-brand-sarashpaz","7":"product_cat-hierbas","8":"product_tag-prejil","9":"product_tag-verduras","10":"product_tag-447","11":"product_tag-323","12":"product_tag-279","13":"desktop-align-center","14":"tablet-align-center","15":"mobile-align-center","17":"first","18":"instock","19":"taxable","20":"shipping-taxable","21":"purchasable","22":"product-type-simple"},"yoast_head":"<!-- This site is optimized with the Yoast SEO plugin v23.6 - https:\/\/yoast.com\/wordpress\/plugins\/seo\/ -->\n<title>Perjil 50g Sarashpaz - Delicias Persas<\/title>\n<meta name=\"description\" content=\"Esta hierba es un condimento perfecto para los guisos, aunque podemos usarlo en otras muchas recetas como sopas, mayonesas o vinagretas.\" \/>\n<meta name=\"robots\" content=\"index, follow, max-snippet:-1, max-image-preview:large, max-video-preview:-1\" \/>\n<link rel=\"canonical\" href=\"https:\/\/deliciaspersas.com\/fa\/tienda\/hierbas\/perjil-50g-sarashpaz\/\" \/>\n<meta property=\"og:locale\" content=\"fa_IR\" \/>\n<meta property=\"og:type\" content=\"article\" \/>\n<meta property=\"og:title\" content=\"Perjil 50g Sarashpaz - Delicias Persas\" \/>\n<meta property=\"og:description\" content=\"Esta hierba es un condimento perfecto para los guisos, aunque podemos usarlo en otras muchas recetas como sopas, mayonesas o vinagretas.\" \/>\n<meta property=\"og:url\" content=\"https:\/\/deliciaspersas.com\/fa\/tienda\/hierbas\/perjil-50g-sarashpaz\/\" \/>\n<meta property=\"og:site_name\" content=\"Delicias Persas\" \/>\n<meta property=\"article:publisher\" content=\"https:\/\/www.facebook.com\/Deliciaspersas\" \/>\n<meta property=\"article:modified_time\" content=\"2026-04-19T09:31:28+00:00\" \/>\n<meta property=\"og:image\" content=\"https:\/\/deliciaspersas.com\/wp-content\/uploads\/WhatsApp_Image_2021-08-03_at_18.50.31-removebg-preview.png\" \/>\n\t<meta property=\"og:image:width\" content=\"433\" \/>\n\t<meta property=\"og:image:height\" content=\"577\" \/>\n\t<meta property=\"og:image:type\" content=\"image\/png\" \/>\n<meta name=\"twitter:card\" content=\"summary_large_image\" \/>\n<meta name=\"twitter:label1\" content=\"\u0632\u0645\u0627\u0646 \u062a\u0642\u0631\u06cc\u0628\u06cc \u0628\u0631\u0627\u06cc \u062e\u0648\u0627\u0646\u062f\u0646\" \/>\n\t<meta name=\"twitter:data1\" content=\"3 \u062f\u0642\u06cc\u0642\u0647\" \/>\n<script type=\"application\/ld+json\" class=\"yoast-schema-graph\">{\"@context\":\"https:\/\/schema.org\",\"@graph\":[{\"@type\":\"WebPage\",\"@id\":\"https:\/\/deliciaspersas.com\/fa\/tienda\/hierbas\/perjil-50g-sarashpaz\/\",\"url\":\"https:\/\/deliciaspersas.com\/fa\/tienda\/hierbas\/perjil-50g-sarashpaz\/\",\"name\":\"Perjil 50g Sarashpaz - Delicias Persas\",\"isPartOf\":{\"@id\":\"https:\/\/deliciaspersas.com\/fa\/#website\"},\"primaryImageOfPage\":{\"@id\":\"https:\/\/deliciaspersas.com\/fa\/tienda\/hierbas\/perjil-50g-sarashpaz\/#primaryimage\"},\"image\":{\"@id\":\"https:\/\/deliciaspersas.com\/fa\/tienda\/hierbas\/perjil-50g-sarashpaz\/#primaryimage\"},\"thumbnailUrl\":\"https:\/\/deliciaspersas.com\/wp-content\/uploads\/WhatsApp_Image_2021-08-03_at_18.50.31-removebg-preview.png\",\"datePublished\":\"2021-08-03T15:14:28+00:00\",\"dateModified\":\"2026-04-19T09:31:28+00:00\",\"description\":\"Esta hierba es un condimento perfecto para los guisos, aunque podemos usarlo en otras muchas recetas como sopas, mayonesas o vinagretas.\",\"breadcrumb\":{\"@id\":\"https:\/\/deliciaspersas.com\/fa\/tienda\/hierbas\/perjil-50g-sarashpaz\/#breadcrumb\"},\"inLanguage\":\"fa-IR\",\"potentialAction\":[{\"@type\":\"ReadAction\",\"target\":[\"https:\/\/deliciaspersas.com\/fa\/tienda\/hierbas\/perjil-50g-sarashpaz\/\"]}]},{\"@type\":\"ImageObject\",\"inLanguage\":\"fa-IR\",\"@id\":\"https:\/\/deliciaspersas.com\/fa\/tienda\/hierbas\/perjil-50g-sarashpaz\/#primaryimage\",\"url\":\"https:\/\/deliciaspersas.com\/wp-content\/uploads\/WhatsApp_Image_2021-08-03_at_18.50.31-removebg-preview.png\",\"contentUrl\":\"https:\/\/deliciaspersas.com\/wp-content\/uploads\/WhatsApp_Image_2021-08-03_at_18.50.31-removebg-preview.png\",\"width\":433,\"height\":577,\"caption\":\"\u0633\u0628\u0632\u06cc \u062c\u0639\u0641\u0631\u06cc 100 \u06af\u0631\u0645\u06cc \u0633\u0631\u0622\u0634\u067e\u0632\"},{\"@type\":\"BreadcrumbList\",\"@id\":\"https:\/\/deliciaspersas.com\/fa\/tienda\/hierbas\/perjil-50g-sarashpaz\/#breadcrumb\",\"itemListElement\":[{\"@type\":\"ListItem\",\"position\":1,\"name\":\"Portada\",\"item\":\"https:\/\/deliciaspersas.com\/fa\/\"},{\"@type\":\"ListItem\",\"position\":2,\"name\":\"Tienda\",\"item\":\"https:\/\/deliciaspersas.com\/\"},{\"@type\":\"ListItem\",\"position\":3,\"name\":\"Perjil 50g Sarashpaz\"}]},{\"@type\":\"WebSite\",\"@id\":\"https:\/\/deliciaspersas.com\/fa\/#website\",\"url\":\"https:\/\/deliciaspersas.com\/fa\/\",\"name\":\"Delicias Persas\",\"description\":\"Gastronom&iacute;a persa al alcance de tus manos\",\"publisher\":{\"@id\":\"https:\/\/deliciaspersas.com\/fa\/#organization\"},\"potentialAction\":[{\"@type\":\"SearchAction\",\"target\":{\"@type\":\"EntryPoint\",\"urlTemplate\":\"https:\/\/deliciaspersas.com\/fa\/?s={search_term_string}\"},\"query-input\":{\"@type\":\"PropertyValueSpecification\",\"valueRequired\":true,\"valueName\":\"search_term_string\"}}],\"inLanguage\":\"fa-IR\"},{\"@type\":\"Organization\",\"@id\":\"https:\/\/deliciaspersas.com\/fa\/#organization\",\"name\":\"Delicias Persas\",\"url\":\"https:\/\/deliciaspersas.com\/fa\/\",\"logo\":{\"@type\":\"ImageObject\",\"inLanguage\":\"fa-IR\",\"@id\":\"https:\/\/deliciaspersas.com\/fa\/#\/schema\/logo\/image\/\",\"url\":\"https:\/\/deliciaspersas.com\/wp-content\/uploads\/2020\/07\/logo-2020.png\",\"contentUrl\":\"https:\/\/deliciaspersas.com\/wp-content\/uploads\/2020\/07\/logo-2020.png\",\"width\":520,\"height\":490,\"caption\":\"Delicias Persas\"},\"image\":{\"@id\":\"https:\/\/deliciaspersas.com\/fa\/#\/schema\/logo\/image\/\"},\"sameAs\":[\"https:\/\/www.facebook.com\/Deliciaspersas\",\"https:\/\/www.instagram.com\/delicias_persas\/\",\"https:\/\/www.linkedin.com\/delicias-persas\"]}]}<\/script>\n<!-- \/ Yoast SEO plugin. -->","yoast_head_json":{"title":"Perjil 50g Sarashpaz - Delicias Persas","description":"Esta hierba es un condimento perfecto para los guisos, aunque podemos usarlo en otras muchas recetas como sopas, mayonesas o vinagretas.","robots":{"index":"index","follow":"follow","max-snippet":"max-snippet:-1","max-image-preview":"max-image-preview:large","max-video-preview":"max-video-preview:-1"},"canonical":"https:\/\/deliciaspersas.com\/fa\/tienda\/hierbas\/perjil-50g-sarashpaz\/","og_locale":"fa_IR","og_type":"article","og_title":"Perjil 50g Sarashpaz - Delicias Persas","og_description":"Esta hierba es un condimento perfecto para los guisos, aunque podemos usarlo en otras muchas recetas como sopas, mayonesas o vinagretas.","og_url":"https:\/\/deliciaspersas.com\/fa\/tienda\/hierbas\/perjil-50g-sarashpaz\/","og_site_name":"Delicias Persas","article_publisher":"https:\/\/www.facebook.com\/Deliciaspersas","article_modified_time":"2026-04-19T09:31:28+00:00","og_image":[{"width":433,"height":577,"url":"https:\/\/deliciaspersas.com\/wp-content\/uploads\/WhatsApp_Image_2021-08-03_at_18.50.31-removebg-preview.png","type":"image\/png"}],"twitter_card":"summary_large_image","twitter_misc":{"\u0632\u0645\u0627\u0646 \u062a\u0642\u0631\u06cc\u0628\u06cc \u0628\u0631\u0627\u06cc \u062e\u0648\u0627\u0646\u062f\u0646":"3 \u062f\u0642\u06cc\u0642\u0647"},"schema":{"@context":"https:\/\/schema.org","@graph":[{"@type":"WebPage","@id":"https:\/\/deliciaspersas.com\/fa\/tienda\/hierbas\/perjil-50g-sarashpaz\/","url":"https:\/\/deliciaspersas.com\/fa\/tienda\/hierbas\/perjil-50g-sarashpaz\/","name":"Perjil 50g Sarashpaz - Delicias Persas","isPartOf":{"@id":"https:\/\/deliciaspersas.com\/fa\/#website"},"primaryImageOfPage":{"@id":"https:\/\/deliciaspersas.com\/fa\/tienda\/hierbas\/perjil-50g-sarashpaz\/#primaryimage"},"image":{"@id":"https:\/\/deliciaspersas.com\/fa\/tienda\/hierbas\/perjil-50g-sarashpaz\/#primaryimage"},"thumbnailUrl":"https:\/\/deliciaspersas.com\/wp-content\/uploads\/WhatsApp_Image_2021-08-03_at_18.50.31-removebg-preview.png","datePublished":"2021-08-03T15:14:28+00:00","dateModified":"2026-04-19T09:31:28+00:00","description":"Esta hierba es un condimento perfecto para los guisos, aunque podemos usarlo en otras muchas recetas como sopas, mayonesas o vinagretas.","breadcrumb":{"@id":"https:\/\/deliciaspersas.com\/fa\/tienda\/hierbas\/perjil-50g-sarashpaz\/#breadcrumb"},"inLanguage":"fa-IR","potentialAction":[{"@type":"ReadAction","target":["https:\/\/deliciaspersas.com\/fa\/tienda\/hierbas\/perjil-50g-sarashpaz\/"]}]},{"@type":"ImageObject","inLanguage":"fa-IR","@id":"https:\/\/deliciaspersas.com\/fa\/tienda\/hierbas\/perjil-50g-sarashpaz\/#primaryimage","url":"https:\/\/deliciaspersas.com\/wp-content\/uploads\/WhatsApp_Image_2021-08-03_at_18.50.31-removebg-preview.png","contentUrl":"https:\/\/deliciaspersas.com\/wp-content\/uploads\/WhatsApp_Image_2021-08-03_at_18.50.31-removebg-preview.png","width":433,"height":577,"caption":"\u0633\u0628\u0632\u06cc \u062c\u0639\u0641\u0631\u06cc 100 \u06af\u0631\u0645\u06cc \u0633\u0631\u0622\u0634\u067e\u0632"},{"@type":"BreadcrumbList","@id":"https:\/\/deliciaspersas.com\/fa\/tienda\/hierbas\/perjil-50g-sarashpaz\/#breadcrumb","itemListElement":[{"@type":"ListItem","position":1,"name":"Portada","item":"https:\/\/deliciaspersas.com\/fa\/"},{"@type":"ListItem","position":2,"name":"Tienda","item":"https:\/\/deliciaspersas.com\/"},{"@type":"ListItem","position":3,"name":"Perjil 50g Sarashpaz"}]},{"@type":"WebSite","@id":"https:\/\/deliciaspersas.com\/fa\/#website","url":"https:\/\/deliciaspersas.com\/fa\/","name":"Delicias Persas","description":"Gastronom&iacute;a persa al alcance de tus manos","publisher":{"@id":"https:\/\/deliciaspersas.com\/fa\/#organization"},"potentialAction":[{"@type":"SearchAction","target":{"@type":"EntryPoint","urlTemplate":"https:\/\/deliciaspersas.com\/fa\/?s={search_term_string}"},"query-input":{"@type":"PropertyValueSpecification","valueRequired":true,"valueName":"search_term_string"}}],"inLanguage":"fa-IR"},{"@type":"Organization","@id":"https:\/\/deliciaspersas.com\/fa\/#organization","name":"Delicias Persas","url":"https:\/\/deliciaspersas.com\/fa\/","logo":{"@type":"ImageObject","inLanguage":"fa-IR","@id":"https:\/\/deliciaspersas.com\/fa\/#\/schema\/logo\/image\/","url":"https:\/\/deliciaspersas.com\/wp-content\/uploads\/2020\/07\/logo-2020.png","contentUrl":"https:\/\/deliciaspersas.com\/wp-content\/uploads\/2020\/07\/logo-2020.png","width":520,"height":490,"caption":"Delicias Persas"},"image":{"@id":"https:\/\/deliciaspersas.com\/fa\/#\/schema\/logo\/image\/"},"sameAs":["https:\/\/www.facebook.com\/Deliciaspersas","https:\/\/www.instagram.com\/delicias_persas\/","https:\/\/www.linkedin.com\/delicias-persas"]}]}},"uagb_featured_image_src":{"full":["https:\/\/deliciaspersas.com\/wp-content\/uploads\/WhatsApp_Image_2021-08-03_at_18.50.31-removebg-preview.png",433,577,false],"thumbnail":["https:\/\/deliciaspersas.com\/wp-content\/uploads\/WhatsApp_Image_2021-08-03_at_18.50.31-removebg-preview-150x150.png",150,150,true],"medium":["https:\/\/deliciaspersas.com\/wp-content\/uploads\/WhatsApp_Image_2021-08-03_at_18.50.31-removebg-preview-225x300.png",225,300,true],"medium_large":["https:\/\/deliciaspersas.com\/wp-content\/uploads\/WhatsApp_Image_2021-08-03_at_18.50.31-removebg-preview.png",433,577,false],"large":["https:\/\/deliciaspersas.com\/wp-content\/uploads\/WhatsApp_Image_2021-08-03_at_18.50.31-removebg-preview.png",433,577,false],"1536x1536":["https:\/\/deliciaspersas.com\/wp-content\/uploads\/WhatsApp_Image_2021-08-03_at_18.50.31-removebg-preview.png",433,577,false],"2048x2048":["https:\/\/deliciaspersas.com\/wp-content\/uploads\/WhatsApp_Image_2021-08-03_at_18.50.31-removebg-preview.png",433,577,false],"woocommerce_thumbnail":["https:\/\/deliciaspersas.com\/wp-content\/uploads\/WhatsApp_Image_2021-08-03_at_18.50.31-removebg-preview-300x300.png",300,300,true],"woocommerce_single":["https:\/\/deliciaspersas.com\/wp-content\/uploads\/WhatsApp_Image_2021-08-03_at_18.50.31-removebg-preview.png",433,577,false],"woocommerce_gallery_thumbnail":["https:\/\/deliciaspersas.com\/wp-content\/uploads\/WhatsApp_Image_2021-08-03_at_18.50.31-removebg-preview-100x100.png",100,100,true]},"uagb_author_info":{"display_name":"Maral Azizi","author_link":"https:\/\/deliciaspersas.com\/fa\/author\/"},"uagb_comment_info":0,"uagb_excerpt":"Perjil 50g Sarashpaz Informaci\u00f3n del producto: perejil (Petroselinum crispum) es una planta oriunda del Mediterr\u00e1neo oriental. Fue apreciada por los griegos y despu\u00e9s por los romanos. Prueba de su prestigio es que el emperador Carlomagno orden\u00f3 que se plantara en todos sus terrenos. Usos: Esta planta se utiliza para realizar productos con fines medicinales; y&hellip;","brands":[{"id":199,"name":"Sarashpaz","slug":"sarashpaz"}],"_links":{"self":[{"href":"https:\/\/deliciaspersas.com\/fa\/wp-json\/wp\/v2\/product\/8452"}],"collection":[{"href":"https:\/\/deliciaspersas.com\/fa\/wp-json\/wp\/v2\/product"}],"about":[{"href":"https:\/\/deliciaspersas.com\/fa\/wp-json\/wp\/v2\/types\/product"}],"wp:featuredmedia":[{"embeddable":true,"href":"https:\/\/deliciaspersas.com\/fa\/wp-json\/wp\/v2\/media\/8453"}],"wp:attachment":[{"href":"https:\/\/deliciaspersas.com\/fa\/wp-json\/wp\/v2\/media?parent=8452"}],"wp:term":[{"taxonomy":"pwb-brand","embeddable":true,"href":"https:\/\/deliciaspersas.com\/fa\/wp-json\/wp\/v2\/pwb-brand?post=8452"},{"taxonomy":"product_cat","embeddable":true,"href":"https:\/\/deliciaspersas.com\/fa\/wp-json\/wp\/v2\/product_cat?post=8452"},{"taxonomy":"product_tag","embeddable":true,"href":"https:\/\/deliciaspersas.com\/fa\/wp-json\/wp\/v2\/product_tag?post=8452"}],"curies":[{"name":"wp","href":"https:\/\/api.w.org\/{rel}","templated":true}]}}