{"id":8508,"date":"2021-08-15T04:30:43","date_gmt":"2021-08-15T02:30:43","guid":{"rendered":"https:\/\/deliciaspersas.com\/?post_type=product&#038;p=8508"},"modified":"2026-03-24T18:55:50","modified_gmt":"2026-03-24T17:55:50","slug":"aceite-animal-500g-khanum","status":"publish","type":"product","link":"https:\/\/deliciaspersas.com\/fa\/tienda\/aceite\/aceite-animal-500g-khanum\/","title":{"rendered":"Aceite animal 500g Khanum"},"content":{"rendered":"<h1>Aceite animal 500g Khanum<\/h1>\n<h6>Informaci\u00f3n del producto:<\/h6>\n<p>Los aceites de origen animal son aquellos que se obtienen de tejidos animales y se utilizan en la producci\u00f3n de productos como<strong>\u00a0mantequilla, grasa para cocinar o grasas compuestas<\/strong>.<\/p>\n<h6>Beneficios:<\/h6>\n<p>El aceite animal se obtiene de la grasa de la leche de vaca, oveja y cabra, el aceite animal es similar a la manteca animal con un contenido de grasa de 0,2 a 99,8%.<br \/>\nValor nutricional del aceite animal:<br \/>\nTiene todos los nutrientes necesarios junto con propiedades antivirales, antioxidantes, antif\u00fangicas y antibacterianas.<br \/>\nTiene un alto contenido de grasas saturadas, que son alrededor de 7,9 gramos de grasa.<br \/>\nAl igual que todas las grasas, el aceite de res es alto en calor\u00edas. Aproximadamente una cucharada contiene 112 calor\u00edas.<\/p>\n<p>La ingesta total de grasas debe estar entre el 25-30% de las calor\u00edas totales. Un cuerpo sano puede producir su propia grasa, pero consumir un poco de aceite extra es beneficioso.<br \/>\n1.\u00a0<strong>Bajo en grasas<\/strong>:<br \/>\nSi tienes problemas con el colesterol, la mantequilla animal es una opci\u00f3n m\u00e1s saludable que la manteca. La manteca animal es baja en grasas y, por lo tanto, es m\u00e1s f\u00e1cil de digerir. La investigaci\u00f3n ha demostrado que el aceite puede reducir el colesterol en el r\u00edo.<br \/>\n2.\u00a0<strong>Aceite animal para ayudar al sistema digestivo<\/strong>:<br \/>\nLa manteca animal es una rica fuente de \u00e1cido but\u00edrico. El aceite animal tambi\u00e9n ayuda a estimular la secreci\u00f3n de \u00e1cido g\u00e1strico, lo que a su vez ayuda a digerir los alimentos correctamente.<br \/>\n3.\u00a0<strong>Aceite animal para fortalecer el sistema inmunol\u00f3gico<\/strong>:<br \/>\nLa manteca animal tambi\u00e9n tiene muchos antioxidantes. Esto ayuda a aumentar la capacidad de su cuerpo para absorber las vitaminas y los minerales.<\/p>\n<p>5.\u00a0<strong>El aceite animal tiene propiedades anticancer\u00edgenas y antiinflamatorias<\/strong>:<br \/>\nEl aceite animal tambi\u00e9n es naturalmente rico en cla (\u00e1cido linoleico). El CLA mejora la resistencia a la insulina y el potencial anticancer\u00edgeno.<\/p>\n<p>Tambi\u00e9n tiene propiedades antivirales, pueden inhibir el crecimiento de tumores cancerosos.<\/p>\n<h6>Condiciones de conservaci\u00f3n:<\/h6>\n<p>Conservar en un lugar fresco, seco y protegido de la luz.<\/p>\n<p dir=\"ltr\">\n","protected":false},"excerpt":{"rendered":"<p>Aceite animal 500g Khanum Informaci\u00f3n del producto: Los aceites de origen animal son aquellos que se obtienen de tejidos animales y se utilizan en la producci\u00f3n de productos como\u00a0mantequilla, grasa para cocinar o grasas compuestas. Beneficios: El aceite animal se obtiene de la grasa de la leche de vaca, oveja y cabra, el aceite animal [&hellip;]<\/p>\n","protected":false},"featured_media":8509,"template":"","meta":{"_surecart_dashboard_logo_width":"180px","_surecart_dashboard_show_logo":true,"_surecart_dashboard_navigation_orders":true,"_surecart_dashboard_navigation_invoices":true,"_surecart_dashboard_navigation_subscriptions":true,"_surecart_dashboard_navigation_downloads":true,"_surecart_dashboard_navigation_billing":true,"_surecart_dashboard_navigation_account":true,"_uag_custom_page_level_css":"","site-sidebar-layout":"default","site-content-layout":"default","ast-site-content-layout":"default","site-content-style":"default","site-sidebar-style":"default","ast-global-header-display":"","ast-banner-title-visibility":"","ast-main-header-display":"","ast-hfb-above-header-display":"","ast-hfb-below-header-display":"","ast-hfb-mobile-header-display":"","site-post-title":"","ast-breadcrumbs-content":"","ast-featured-img":"","footer-sml-layout":"","theme-transparent-header-meta":"default","adv-header-id-meta":"","stick-header-meta":"","header-above-stick-meta":"","header-main-stick-meta":"","header-below-stick-meta":"","astra-migrate-meta-layouts":"set","ast-page-background-enabled":"default","ast-page-background-meta":{"desktop":{"background-color":"","background-image":"","background-repeat":"repeat","background-position":"center center","background-size":"auto","background-attachment":"scroll","background-type":"","background-media":"","overlay-type":"","overlay-color":"","overlay-opacity":"","overlay-gradient":""},"tablet":{"background-color":"","background-image":"","background-repeat":"repeat","background-position":"center center","background-size":"auto","background-attachment":"scroll","background-type":"","background-media":"","overlay-type":"","overlay-color":"","overlay-opacity":"","overlay-gradient":""},"mobile":{"background-color":"","background-image":"","background-repeat":"repeat","background-position":"center center","background-size":"auto","background-attachment":"scroll","background-type":"","background-media":"","overlay-type":"","overlay-color":"","overlay-opacity":"","overlay-gradient":""}},"ast-content-background-meta":{"desktop":{"background-color":"var(--ast-global-color-5)","background-image":"","background-repeat":"repeat","background-position":"center center","background-size":"auto","background-attachment":"scroll","background-type":"","background-media":"","overlay-type":"","overlay-color":"","overlay-opacity":"","overlay-gradient":""},"tablet":{"background-color":"var(--ast-global-color-5)","background-image":"","background-repeat":"repeat","background-position":"center center","background-size":"auto","background-attachment":"scroll","background-type":"","background-media":"","overlay-type":"","overlay-color":"","overlay-opacity":"","overlay-gradient":""},"mobile":{"background-color":"var(--ast-global-color-5)","background-image":"","background-repeat":"repeat","background-position":"center center","background-size":"auto","background-attachment":"scroll","background-type":"","background-media":"","overlay-type":"","overlay-color":"","overlay-opacity":"","overlay-gradient":""}}},"pwb-brand":[469],"product_cat":[538],"product_tag":[550,552,373,472,279,414,471,352],"class_list":{"0":"post-8508","1":"product","2":"type-product","3":"status-publish","4":"has-post-thumbnail","6":"pwb-brand-khanoom","7":"product_cat-aceite","8":"product_tag-aceite","9":"product_tag-aceite-solido","10":"product_tag-373","11":"product_tag-472","12":"product_tag-279","13":"product_tag-414","14":"product_tag-471","15":"product_tag-352","16":"desktop-align-center","17":"tablet-align-center","18":"mobile-align-center","20":"first","21":"instock","22":"taxable","23":"shipping-taxable","24":"purchasable","25":"product-type-simple"},"yoast_head":"<!-- This site is optimized with the Yoast SEO plugin v23.6 - https:\/\/yoast.com\/wordpress\/plugins\/seo\/ -->\n<title>Aceite animal 500g Khanum - Delicias Persas<\/title>\n<meta name=\"description\" content=\"El aceite animal se obtiene de la grasa de vaca, oveja y cabra. Este producto es similar a la mantequilla animal, que tiene muchas...\" \/>\n<meta name=\"robots\" content=\"index, follow, max-snippet:-1, max-image-preview:large, max-video-preview:-1\" \/>\n<link rel=\"canonical\" href=\"https:\/\/deliciaspersas.com\/fa\/tienda\/aceite\/aceite-animal-500g-khanum\/\" \/>\n<meta property=\"og:locale\" content=\"fa_IR\" \/>\n<meta property=\"og:type\" content=\"article\" \/>\n<meta property=\"og:title\" content=\"Aceite animal 500g Khanum - Delicias Persas\" \/>\n<meta property=\"og:description\" content=\"El aceite animal se obtiene de la grasa de vaca, oveja y cabra. Este producto es similar a la mantequilla animal, que tiene muchas...\" \/>\n<meta property=\"og:url\" content=\"https:\/\/deliciaspersas.com\/fa\/tienda\/aceite\/aceite-animal-500g-khanum\/\" \/>\n<meta property=\"og:site_name\" content=\"Delicias Persas\" \/>\n<meta property=\"article:publisher\" content=\"https:\/\/www.facebook.com\/Deliciaspersas\" \/>\n<meta property=\"article:modified_time\" content=\"2026-03-24T17:55:50+00:00\" \/>\n<meta property=\"og:image\" content=\"https:\/\/deliciaspersas.com\/wp-content\/uploads\/WhatsApp_Image_2021-08-14_at_20.06.48-removebg-preview.png\" \/>\n\t<meta property=\"og:image:width\" content=\"433\" \/>\n\t<meta property=\"og:image:height\" content=\"577\" \/>\n\t<meta property=\"og:image:type\" content=\"image\/png\" \/>\n<meta name=\"twitter:card\" content=\"summary_large_image\" \/>\n<meta name=\"twitter:label1\" content=\"\u0632\u0645\u0627\u0646 \u062a\u0642\u0631\u06cc\u0628\u06cc \u0628\u0631\u0627\u06cc \u062e\u0648\u0627\u0646\u062f\u0646\" \/>\n\t<meta name=\"twitter:data1\" content=\"2 \u062f\u0642\u06cc\u0642\u0647\" \/>\n<script type=\"application\/ld+json\" class=\"yoast-schema-graph\">{\"@context\":\"https:\/\/schema.org\",\"@graph\":[{\"@type\":\"WebPage\",\"@id\":\"https:\/\/deliciaspersas.com\/fa\/tienda\/aceite\/aceite-animal-500g-khanum\/\",\"url\":\"https:\/\/deliciaspersas.com\/fa\/tienda\/aceite\/aceite-animal-500g-khanum\/\",\"name\":\"Aceite animal 500g Khanum - Delicias Persas\",\"isPartOf\":{\"@id\":\"https:\/\/deliciaspersas.com\/fa\/#website\"},\"primaryImageOfPage\":{\"@id\":\"https:\/\/deliciaspersas.com\/fa\/tienda\/aceite\/aceite-animal-500g-khanum\/#primaryimage\"},\"image\":{\"@id\":\"https:\/\/deliciaspersas.com\/fa\/tienda\/aceite\/aceite-animal-500g-khanum\/#primaryimage\"},\"thumbnailUrl\":\"https:\/\/deliciaspersas.com\/wp-content\/uploads\/WhatsApp_Image_2021-08-14_at_20.06.48-removebg-preview.png\",\"datePublished\":\"2021-08-15T02:30:43+00:00\",\"dateModified\":\"2026-03-24T17:55:50+00:00\",\"description\":\"El aceite animal se obtiene de la grasa de vaca, oveja y cabra. Este producto es similar a la mantequilla animal, que tiene muchas...\",\"breadcrumb\":{\"@id\":\"https:\/\/deliciaspersas.com\/fa\/tienda\/aceite\/aceite-animal-500g-khanum\/#breadcrumb\"},\"inLanguage\":\"fa-IR\",\"potentialAction\":[{\"@type\":\"ReadAction\",\"target\":[\"https:\/\/deliciaspersas.com\/fa\/tienda\/aceite\/aceite-animal-500g-khanum\/\"]}]},{\"@type\":\"ImageObject\",\"inLanguage\":\"fa-IR\",\"@id\":\"https:\/\/deliciaspersas.com\/fa\/tienda\/aceite\/aceite-animal-500g-khanum\/#primaryimage\",\"url\":\"https:\/\/deliciaspersas.com\/wp-content\/uploads\/WhatsApp_Image_2021-08-14_at_20.06.48-removebg-preview.png\",\"contentUrl\":\"https:\/\/deliciaspersas.com\/wp-content\/uploads\/WhatsApp_Image_2021-08-14_at_20.06.48-removebg-preview.png\",\"width\":433,\"height\":577,\"caption\":\"\u0631\u0648\u063a\u0646 \u062d\u06cc\u0648\u0627\u0646\u06cc 500 \u06af\u0631\u0645\u06cc \u062e\u0627\u0646\u0648\u0645\"},{\"@type\":\"BreadcrumbList\",\"@id\":\"https:\/\/deliciaspersas.com\/fa\/tienda\/aceite\/aceite-animal-500g-khanum\/#breadcrumb\",\"itemListElement\":[{\"@type\":\"ListItem\",\"position\":1,\"name\":\"Portada\",\"item\":\"https:\/\/deliciaspersas.com\/fa\/\"},{\"@type\":\"ListItem\",\"position\":2,\"name\":\"Tienda\",\"item\":\"https:\/\/deliciaspersas.com\/\"},{\"@type\":\"ListItem\",\"position\":3,\"name\":\"Aceite animal 500g Khanum\"}]},{\"@type\":\"WebSite\",\"@id\":\"https:\/\/deliciaspersas.com\/fa\/#website\",\"url\":\"https:\/\/deliciaspersas.com\/fa\/\",\"name\":\"Delicias Persas\",\"description\":\"Gastronom&iacute;a persa al alcance de tus manos\",\"publisher\":{\"@id\":\"https:\/\/deliciaspersas.com\/fa\/#organization\"},\"potentialAction\":[{\"@type\":\"SearchAction\",\"target\":{\"@type\":\"EntryPoint\",\"urlTemplate\":\"https:\/\/deliciaspersas.com\/fa\/?s={search_term_string}\"},\"query-input\":{\"@type\":\"PropertyValueSpecification\",\"valueRequired\":true,\"valueName\":\"search_term_string\"}}],\"inLanguage\":\"fa-IR\"},{\"@type\":\"Organization\",\"@id\":\"https:\/\/deliciaspersas.com\/fa\/#organization\",\"name\":\"Delicias Persas\",\"url\":\"https:\/\/deliciaspersas.com\/fa\/\",\"logo\":{\"@type\":\"ImageObject\",\"inLanguage\":\"fa-IR\",\"@id\":\"https:\/\/deliciaspersas.com\/fa\/#\/schema\/logo\/image\/\",\"url\":\"https:\/\/deliciaspersas.com\/wp-content\/uploads\/2020\/07\/logo-2020.png\",\"contentUrl\":\"https:\/\/deliciaspersas.com\/wp-content\/uploads\/2020\/07\/logo-2020.png\",\"width\":520,\"height\":490,\"caption\":\"Delicias Persas\"},\"image\":{\"@id\":\"https:\/\/deliciaspersas.com\/fa\/#\/schema\/logo\/image\/\"},\"sameAs\":[\"https:\/\/www.facebook.com\/Deliciaspersas\",\"https:\/\/www.instagram.com\/delicias_persas\/\",\"https:\/\/www.linkedin.com\/delicias-persas\"]}]}<\/script>\n<!-- \/ Yoast SEO plugin. -->","yoast_head_json":{"title":"Aceite animal 500g Khanum - Delicias Persas","description":"El aceite animal se obtiene de la grasa de vaca, oveja y cabra. Este producto es similar a la mantequilla animal, que tiene muchas...","robots":{"index":"index","follow":"follow","max-snippet":"max-snippet:-1","max-image-preview":"max-image-preview:large","max-video-preview":"max-video-preview:-1"},"canonical":"https:\/\/deliciaspersas.com\/fa\/tienda\/aceite\/aceite-animal-500g-khanum\/","og_locale":"fa_IR","og_type":"article","og_title":"Aceite animal 500g Khanum - Delicias Persas","og_description":"El aceite animal se obtiene de la grasa de vaca, oveja y cabra. Este producto es similar a la mantequilla animal, que tiene muchas...","og_url":"https:\/\/deliciaspersas.com\/fa\/tienda\/aceite\/aceite-animal-500g-khanum\/","og_site_name":"Delicias Persas","article_publisher":"https:\/\/www.facebook.com\/Deliciaspersas","article_modified_time":"2026-03-24T17:55:50+00:00","og_image":[{"width":433,"height":577,"url":"https:\/\/deliciaspersas.com\/wp-content\/uploads\/WhatsApp_Image_2021-08-14_at_20.06.48-removebg-preview.png","type":"image\/png"}],"twitter_card":"summary_large_image","twitter_misc":{"\u0632\u0645\u0627\u0646 \u062a\u0642\u0631\u06cc\u0628\u06cc \u0628\u0631\u0627\u06cc \u062e\u0648\u0627\u0646\u062f\u0646":"2 \u062f\u0642\u06cc\u0642\u0647"},"schema":{"@context":"https:\/\/schema.org","@graph":[{"@type":"WebPage","@id":"https:\/\/deliciaspersas.com\/fa\/tienda\/aceite\/aceite-animal-500g-khanum\/","url":"https:\/\/deliciaspersas.com\/fa\/tienda\/aceite\/aceite-animal-500g-khanum\/","name":"Aceite animal 500g Khanum - Delicias Persas","isPartOf":{"@id":"https:\/\/deliciaspersas.com\/fa\/#website"},"primaryImageOfPage":{"@id":"https:\/\/deliciaspersas.com\/fa\/tienda\/aceite\/aceite-animal-500g-khanum\/#primaryimage"},"image":{"@id":"https:\/\/deliciaspersas.com\/fa\/tienda\/aceite\/aceite-animal-500g-khanum\/#primaryimage"},"thumbnailUrl":"https:\/\/deliciaspersas.com\/wp-content\/uploads\/WhatsApp_Image_2021-08-14_at_20.06.48-removebg-preview.png","datePublished":"2021-08-15T02:30:43+00:00","dateModified":"2026-03-24T17:55:50+00:00","description":"El aceite animal se obtiene de la grasa de vaca, oveja y cabra. Este producto es similar a la mantequilla animal, que tiene muchas...","breadcrumb":{"@id":"https:\/\/deliciaspersas.com\/fa\/tienda\/aceite\/aceite-animal-500g-khanum\/#breadcrumb"},"inLanguage":"fa-IR","potentialAction":[{"@type":"ReadAction","target":["https:\/\/deliciaspersas.com\/fa\/tienda\/aceite\/aceite-animal-500g-khanum\/"]}]},{"@type":"ImageObject","inLanguage":"fa-IR","@id":"https:\/\/deliciaspersas.com\/fa\/tienda\/aceite\/aceite-animal-500g-khanum\/#primaryimage","url":"https:\/\/deliciaspersas.com\/wp-content\/uploads\/WhatsApp_Image_2021-08-14_at_20.06.48-removebg-preview.png","contentUrl":"https:\/\/deliciaspersas.com\/wp-content\/uploads\/WhatsApp_Image_2021-08-14_at_20.06.48-removebg-preview.png","width":433,"height":577,"caption":"\u0631\u0648\u063a\u0646 \u062d\u06cc\u0648\u0627\u0646\u06cc 500 \u06af\u0631\u0645\u06cc \u062e\u0627\u0646\u0648\u0645"},{"@type":"BreadcrumbList","@id":"https:\/\/deliciaspersas.com\/fa\/tienda\/aceite\/aceite-animal-500g-khanum\/#breadcrumb","itemListElement":[{"@type":"ListItem","position":1,"name":"Portada","item":"https:\/\/deliciaspersas.com\/fa\/"},{"@type":"ListItem","position":2,"name":"Tienda","item":"https:\/\/deliciaspersas.com\/"},{"@type":"ListItem","position":3,"name":"Aceite animal 500g Khanum"}]},{"@type":"WebSite","@id":"https:\/\/deliciaspersas.com\/fa\/#website","url":"https:\/\/deliciaspersas.com\/fa\/","name":"Delicias Persas","description":"Gastronom&iacute;a persa al alcance de tus manos","publisher":{"@id":"https:\/\/deliciaspersas.com\/fa\/#organization"},"potentialAction":[{"@type":"SearchAction","target":{"@type":"EntryPoint","urlTemplate":"https:\/\/deliciaspersas.com\/fa\/?s={search_term_string}"},"query-input":{"@type":"PropertyValueSpecification","valueRequired":true,"valueName":"search_term_string"}}],"inLanguage":"fa-IR"},{"@type":"Organization","@id":"https:\/\/deliciaspersas.com\/fa\/#organization","name":"Delicias Persas","url":"https:\/\/deliciaspersas.com\/fa\/","logo":{"@type":"ImageObject","inLanguage":"fa-IR","@id":"https:\/\/deliciaspersas.com\/fa\/#\/schema\/logo\/image\/","url":"https:\/\/deliciaspersas.com\/wp-content\/uploads\/2020\/07\/logo-2020.png","contentUrl":"https:\/\/deliciaspersas.com\/wp-content\/uploads\/2020\/07\/logo-2020.png","width":520,"height":490,"caption":"Delicias Persas"},"image":{"@id":"https:\/\/deliciaspersas.com\/fa\/#\/schema\/logo\/image\/"},"sameAs":["https:\/\/www.facebook.com\/Deliciaspersas","https:\/\/www.instagram.com\/delicias_persas\/","https:\/\/www.linkedin.com\/delicias-persas"]}]}},"uagb_featured_image_src":{"full":["https:\/\/deliciaspersas.com\/wp-content\/uploads\/WhatsApp_Image_2021-08-14_at_20.06.48-removebg-preview.png",433,577,false],"thumbnail":["https:\/\/deliciaspersas.com\/wp-content\/uploads\/WhatsApp_Image_2021-08-14_at_20.06.48-removebg-preview-150x150.png",150,150,true],"medium":["https:\/\/deliciaspersas.com\/wp-content\/uploads\/WhatsApp_Image_2021-08-14_at_20.06.48-removebg-preview-225x300.png",225,300,true],"medium_large":["https:\/\/deliciaspersas.com\/wp-content\/uploads\/WhatsApp_Image_2021-08-14_at_20.06.48-removebg-preview.png",433,577,false],"large":["https:\/\/deliciaspersas.com\/wp-content\/uploads\/WhatsApp_Image_2021-08-14_at_20.06.48-removebg-preview.png",433,577,false],"1536x1536":["https:\/\/deliciaspersas.com\/wp-content\/uploads\/WhatsApp_Image_2021-08-14_at_20.06.48-removebg-preview.png",433,577,false],"2048x2048":["https:\/\/deliciaspersas.com\/wp-content\/uploads\/WhatsApp_Image_2021-08-14_at_20.06.48-removebg-preview.png",433,577,false],"woocommerce_thumbnail":["https:\/\/deliciaspersas.com\/wp-content\/uploads\/WhatsApp_Image_2021-08-14_at_20.06.48-removebg-preview-300x300.png",300,300,true],"woocommerce_single":["https:\/\/deliciaspersas.com\/wp-content\/uploads\/WhatsApp_Image_2021-08-14_at_20.06.48-removebg-preview.png",433,577,false],"woocommerce_gallery_thumbnail":["https:\/\/deliciaspersas.com\/wp-content\/uploads\/WhatsApp_Image_2021-08-14_at_20.06.48-removebg-preview-100x100.png",100,100,true]},"uagb_author_info":{"display_name":"Maral Azizi","author_link":"https:\/\/deliciaspersas.com\/fa\/author\/"},"uagb_comment_info":0,"uagb_excerpt":"Aceite animal 500g Khanum Informaci\u00f3n del producto: Los aceites de origen animal son aquellos que se obtienen de tejidos animales y se utilizan en la producci\u00f3n de productos como\u00a0mantequilla, grasa para cocinar o grasas compuestas. Beneficios: El aceite animal se obtiene de la grasa de la leche de vaca, oveja y cabra, el aceite animal&hellip;","brands":[{"id":469,"name":"khanoom","slug":"khanoom"}],"_links":{"self":[{"href":"https:\/\/deliciaspersas.com\/fa\/wp-json\/wp\/v2\/product\/8508"}],"collection":[{"href":"https:\/\/deliciaspersas.com\/fa\/wp-json\/wp\/v2\/product"}],"about":[{"href":"https:\/\/deliciaspersas.com\/fa\/wp-json\/wp\/v2\/types\/product"}],"wp:featuredmedia":[{"embeddable":true,"href":"https:\/\/deliciaspersas.com\/fa\/wp-json\/wp\/v2\/media\/8509"}],"wp:attachment":[{"href":"https:\/\/deliciaspersas.com\/fa\/wp-json\/wp\/v2\/media?parent=8508"}],"wp:term":[{"taxonomy":"pwb-brand","embeddable":true,"href":"https:\/\/deliciaspersas.com\/fa\/wp-json\/wp\/v2\/pwb-brand?post=8508"},{"taxonomy":"product_cat","embeddable":true,"href":"https:\/\/deliciaspersas.com\/fa\/wp-json\/wp\/v2\/product_cat?post=8508"},{"taxonomy":"product_tag","embeddable":true,"href":"https:\/\/deliciaspersas.com\/fa\/wp-json\/wp\/v2\/product_tag?post=8508"}],"curies":[{"name":"wp","href":"https:\/\/api.w.org\/{rel}","templated":true}]}}