{"id":8613,"date":"2021-09-03T17:19:39","date_gmt":"2021-09-03T15:19:39","guid":{"rendered":"https:\/\/deliciaspersas.com\/?post_type=product&#038;p=8613"},"modified":"2024-08-05T13:12:28","modified_gmt":"2024-08-05T11:12:28","slug":"sesamo-tostado-400-g","status":"publish","type":"product","link":"https:\/\/deliciaspersas.com\/fa\/tienda\/secos\/sesamo-tostado-400-g\/","title":{"rendered":"S\u00e9samo tostado 400g Emir"},"content":{"rendered":"<h1>S\u00e9samo tostado 400g Emir<\/h1>\n<h6>Informaci\u00f3n del producto:<\/h6>\n<p class=\"title\" data-asset-id=\"967547802\">S\u00e9samo tostado.<\/p>\n<p data-asset-id=\"967547802\">El mejor tipo de s\u00e9samo en t\u00e9rminos de calidad, el sabor es el s\u00e9samo iran\u00ed, que es diferente del s\u00e9samo importado. El mejor ejemplo de s\u00e9samo iran\u00ed es el s\u00e9samo cultivado en Astarabad y Lar, que no es una semilla transg\u00e9nica y se planta y cosecha de forma tradicional. En la f\u00e1brica, el s\u00e9samo se lava en varias etapas y se pela con una m\u00e1quina tradicional y se separa del grano sin productos qu\u00edmicos ni aditivos con agua salada, y el grano de s\u00e9samo se desinfecta. A continuaci\u00f3n, los granos de s\u00e9samo se lavan varias veces con agua dulce. Los granos de s\u00e9samo tambi\u00e9n se tuestan en hornos tradicionales. Entre las propiedades del lento iran\u00ed grado 1 pueden estar: (fuente de vitamina E, bajando el colesterol en sangre, bajando la presi\u00f3n arterial, controlando los l\u00edpidos en sangre, ansiol\u00edticos y anticonstipantes, rico en calcio y hierro, fortaleciendo los huesos, previniendo la diabetes, tratamiento C\u00e1nceres de mama, pr\u00f3stata y gastrointestinal y tratamiento de infartos y arterias obstruidas y prevenci\u00f3n y tratamiento de articulaciones secas y osteoporosis, rejuvenecimiento de la piel, tratamiento del reumatismo, provoca m\u00e1s flexibilidad articular, ayuda a reducir la ansiedad, tratamiento de la anemia, fuente Extraordinariamente hecha de cobre).<\/p>\n<h6>Usos:<\/h6>\n<p>Se puede usar en postres o comidas devirsas.<\/p>\n<h6>Beneficios:<\/h6>\n<p>El s\u00e9samo son semillas peque\u00f1as y en el mercado podemos encontrarlas de diferentes tipos, principalmente tres:<\/p>\n<ul>\n<li><strong>Semillas de s\u00e9samo blancas:<\/strong>\u00a0son las m\u00e1s populares, utilizadas para bollos, panes, salsa de curry o salsa picante. Se caracterizan por su sabor suave.<\/li>\n<li><strong>Semillas de s\u00e9samo sin pelar o integral:\u00a0<\/strong>sus propiedades nutricionales son superiores a las de las semillas blancas. Se pueden utilizar para la preparaci\u00f3n de la pasta tahini o mantequillas. Se deben conservar en un recipiente herm\u00e9tico y en un lugar fresco y seco.<\/li>\n<li><strong>Semillas de s\u00e9samo negro:<\/strong>\u00a0el aceite derivado de esta semilla es una de las m\u00e1s valoradas en el mercado.Se pueden utilizar para elaborar productos horneados. Destacan por un sabor y aroma intenso, sobre todo cuando est\u00e1n tostadas.<\/li>\n<\/ul>\n<p>El s\u00e9samo o ajonjol\u00ed es una semilla sin gluten, rica en: Vitaminas (B1, B2, B3, B5, B6, B9, E, K), minerales (calcio, magnesio, f\u00f3sforo, sicilio, hierro o yodo), fibra, antioxidantes, prote\u00ednas vegetales, y en grasas saludables.<\/p>\n<p>En lo que respecta a sus beneficios para la salud, el s\u00e9samo:<\/p>\n<ul>\n<li>Favorece el funcionamiento del aparato digestivo y protege la flora bacteriana.<\/li>\n<li>Fortalece el sistema nervioso .<\/li>\n<li>Ayuda a reducir el dolor derivado de la artritis<\/li>\n<li>Regula el nivel de colesterol en sangre<\/li>\n<li>Puede prevenir de sufrir c\u00e1ncer de colon, migra\u00f1a u osteoporosis<\/li>\n<li>Es beneficiosa para personas que sufren de problemas de coraz\u00f3n o hipertensi\u00f3n<\/li>\n<li>Retrasa el envejecimiento celular -Mejora la circulaci\u00f3n -Favorece el descanso.<\/li>\n<\/ul>\n<h6>Ingredientes y al\u00e9rgenos:<\/h6>\n<p>S\u00e9samo tostado<\/p>\n<h6>Condiciones de conservaci\u00f3n:<\/h6>\n<p>Conservar en un lugar fresco, seco y protegido de la luz.<\/p>\n<h6>Informaci\u00f3n adicional:<\/h6>\n<p>Fabricado por: Emir<\/p>\n","protected":false},"excerpt":{"rendered":"<p>S\u00e9samo tostado 400g Emir Informaci\u00f3n del producto: S\u00e9samo tostado. El mejor tipo de s\u00e9samo en t\u00e9rminos de calidad, el sabor es el s\u00e9samo iran\u00ed, que es diferente del s\u00e9samo importado. El mejor ejemplo de s\u00e9samo iran\u00ed es el s\u00e9samo cultivado en Astarabad y Lar, que no es una semilla transg\u00e9nica y se planta y cosecha [&hellip;]<\/p>\n","protected":false},"featured_media":8614,"template":"","meta":{"_surecart_dashboard_logo_width":"180px","_surecart_dashboard_show_logo":true,"_surecart_dashboard_navigation_orders":true,"_surecart_dashboard_navigation_invoices":true,"_surecart_dashboard_navigation_subscriptions":true,"_surecart_dashboard_navigation_downloads":true,"_surecart_dashboard_navigation_billing":true,"_surecart_dashboard_navigation_account":true,"_uag_custom_page_level_css":"","site-sidebar-layout":"default","site-content-layout":"default","ast-site-content-layout":"default","site-content-style":"default","site-sidebar-style":"default","ast-global-header-display":"","ast-banner-title-visibility":"","ast-main-header-display":"","ast-hfb-above-header-display":"","ast-hfb-below-header-display":"","ast-hfb-mobile-header-display":"","site-post-title":"","ast-breadcrumbs-content":"","ast-featured-img":"","footer-sml-layout":"","theme-transparent-header-meta":"default","adv-header-id-meta":"","stick-header-meta":"","header-above-stick-meta":"","header-main-stick-meta":"","header-below-stick-meta":"","astra-migrate-meta-layouts":"set","ast-page-background-enabled":"default","ast-page-background-meta":{"desktop":{"background-color":"","background-image":"","background-repeat":"repeat","background-position":"center center","background-size":"auto","background-attachment":"scroll","background-type":"","background-media":"","overlay-type":"","overlay-color":"","overlay-opacity":"","overlay-gradient":""},"tablet":{"background-color":"","background-image":"","background-repeat":"repeat","background-position":"center center","background-size":"auto","background-attachment":"scroll","background-type":"","background-media":"","overlay-type":"","overlay-color":"","overlay-opacity":"","overlay-gradient":""},"mobile":{"background-color":"","background-image":"","background-repeat":"repeat","background-position":"center center","background-size":"auto","background-attachment":"scroll","background-type":"","background-media":"","overlay-type":"","overlay-color":"","overlay-opacity":"","overlay-gradient":""}},"ast-content-background-meta":{"desktop":{"background-color":"var(--ast-global-color-5)","background-image":"","background-repeat":"repeat","background-position":"center center","background-size":"auto","background-attachment":"scroll","background-type":"","background-media":"","overlay-type":"","overlay-color":"","overlay-opacity":"","overlay-gradient":""},"tablet":{"background-color":"var(--ast-global-color-5)","background-image":"","background-repeat":"repeat","background-position":"center center","background-size":"auto","background-attachment":"scroll","background-type":"","background-media":"","overlay-type":"","overlay-color":"","overlay-opacity":"","overlay-gradient":""},"mobile":{"background-color":"var(--ast-global-color-5)","background-image":"","background-repeat":"repeat","background-position":"center center","background-size":"auto","background-attachment":"scroll","background-type":"","background-media":"","overlay-type":"","overlay-color":"","overlay-opacity":"","overlay-gradient":""}}},"pwb-brand":[],"product_cat":[40],"product_tag":[581,506,343,279,415],"class_list":{"0":"post-8613","1":"product","2":"type-product","3":"status-publish","4":"has-post-thumbnail","6":"product_cat-secos","7":"product_tag-sesamo","8":"product_tag-506","9":"product_tag-343","10":"product_tag-279","11":"product_tag-415","12":"desktop-align-center","13":"tablet-align-center","14":"mobile-align-center","16":"first","17":"outofstock","18":"taxable","19":"shipping-taxable","20":"purchasable","21":"product-type-simple"},"yoast_head":"<!-- This site is optimized with the Yoast SEO plugin v23.6 - https:\/\/yoast.com\/wordpress\/plugins\/seo\/ -->\n<title>S\u00e9samo tostado 400g Emir - Delicias Persas<\/title>\n<meta name=\"description\" content=\"piel, tratamiento del reumatismo, provoca m\u00e1s flexibilidad articular, ayuda a reducir la ansiedad, tratamiento de la anemia, fuente Extraordinariamente hecha de cobre) .\" \/>\n<meta name=\"robots\" content=\"index, follow, max-snippet:-1, max-image-preview:large, max-video-preview:-1\" \/>\n<link rel=\"canonical\" href=\"https:\/\/deliciaspersas.com\/fa\/tienda\/secos\/sesamo-tostado-400-g\/\" \/>\n<meta property=\"og:locale\" content=\"fa_IR\" \/>\n<meta property=\"og:type\" content=\"article\" \/>\n<meta property=\"og:title\" content=\"S\u00e9samo tostado 400g Emir - Delicias Persas\" \/>\n<meta property=\"og:description\" content=\"piel, tratamiento del reumatismo, provoca m\u00e1s flexibilidad articular, ayuda a reducir la ansiedad, tratamiento de la anemia, fuente Extraordinariamente hecha de cobre) .\" \/>\n<meta property=\"og:url\" content=\"https:\/\/deliciaspersas.com\/fa\/tienda\/secos\/sesamo-tostado-400-g\/\" \/>\n<meta property=\"og:site_name\" content=\"Delicias Persas\" \/>\n<meta property=\"article:publisher\" content=\"https:\/\/www.facebook.com\/Deliciaspersas\" \/>\n<meta property=\"article:modified_time\" content=\"2024-08-05T11:12:28+00:00\" \/>\n<meta property=\"og:image\" content=\"https:\/\/deliciaspersas.com\/wp-content\/uploads\/WhatsApp_Image_2021-09-03_at_14.28.52__1_-removebg-preview.png\" \/>\n\t<meta property=\"og:image:width\" content=\"432\" \/>\n\t<meta property=\"og:image:height\" content=\"576\" \/>\n\t<meta property=\"og:image:type\" content=\"image\/png\" \/>\n<meta name=\"twitter:card\" content=\"summary_large_image\" \/>\n<meta name=\"twitter:label1\" content=\"\u0632\u0645\u0627\u0646 \u062a\u0642\u0631\u06cc\u0628\u06cc \u0628\u0631\u0627\u06cc \u062e\u0648\u0627\u0646\u062f\u0646\" \/>\n\t<meta name=\"twitter:data1\" content=\"3 \u062f\u0642\u06cc\u0642\u0647\" \/>\n<script type=\"application\/ld+json\" class=\"yoast-schema-graph\">{\"@context\":\"https:\/\/schema.org\",\"@graph\":[{\"@type\":\"WebPage\",\"@id\":\"https:\/\/deliciaspersas.com\/fa\/tienda\/secos\/sesamo-tostado-400-g\/\",\"url\":\"https:\/\/deliciaspersas.com\/fa\/tienda\/secos\/sesamo-tostado-400-g\/\",\"name\":\"S\u00e9samo tostado 400g Emir - Delicias Persas\",\"isPartOf\":{\"@id\":\"https:\/\/deliciaspersas.com\/fa\/#website\"},\"primaryImageOfPage\":{\"@id\":\"https:\/\/deliciaspersas.com\/fa\/tienda\/secos\/sesamo-tostado-400-g\/#primaryimage\"},\"image\":{\"@id\":\"https:\/\/deliciaspersas.com\/fa\/tienda\/secos\/sesamo-tostado-400-g\/#primaryimage\"},\"thumbnailUrl\":\"https:\/\/deliciaspersas.com\/wp-content\/uploads\/WhatsApp_Image_2021-09-03_at_14.28.52__1_-removebg-preview.png\",\"datePublished\":\"2021-09-03T15:19:39+00:00\",\"dateModified\":\"2024-08-05T11:12:28+00:00\",\"description\":\"piel, tratamiento del reumatismo, provoca m\u00e1s flexibilidad articular, ayuda a reducir la ansiedad, tratamiento de la anemia, fuente Extraordinariamente hecha de cobre) .\",\"breadcrumb\":{\"@id\":\"https:\/\/deliciaspersas.com\/fa\/tienda\/secos\/sesamo-tostado-400-g\/#breadcrumb\"},\"inLanguage\":\"fa-IR\",\"potentialAction\":[{\"@type\":\"ReadAction\",\"target\":[\"https:\/\/deliciaspersas.com\/fa\/tienda\/secos\/sesamo-tostado-400-g\/\"]}]},{\"@type\":\"ImageObject\",\"inLanguage\":\"fa-IR\",\"@id\":\"https:\/\/deliciaspersas.com\/fa\/tienda\/secos\/sesamo-tostado-400-g\/#primaryimage\",\"url\":\"https:\/\/deliciaspersas.com\/wp-content\/uploads\/WhatsApp_Image_2021-09-03_at_14.28.52__1_-removebg-preview.png\",\"contentUrl\":\"https:\/\/deliciaspersas.com\/wp-content\/uploads\/WhatsApp_Image_2021-09-03_at_14.28.52__1_-removebg-preview.png\",\"width\":432,\"height\":576,\"caption\":\"\u06a9\u0646\u062c\u062f \u0628\u0648\u062f\u0627\u062f\u0647 400 \u06af\u0631\u0645\u06cc\"},{\"@type\":\"BreadcrumbList\",\"@id\":\"https:\/\/deliciaspersas.com\/fa\/tienda\/secos\/sesamo-tostado-400-g\/#breadcrumb\",\"itemListElement\":[{\"@type\":\"ListItem\",\"position\":1,\"name\":\"Portada\",\"item\":\"https:\/\/deliciaspersas.com\/fa\/\"},{\"@type\":\"ListItem\",\"position\":2,\"name\":\"Tienda\",\"item\":\"https:\/\/deliciaspersas.com\/\"},{\"@type\":\"ListItem\",\"position\":3,\"name\":\"S\u00e9samo tostado 400g Emir\"}]},{\"@type\":\"WebSite\",\"@id\":\"https:\/\/deliciaspersas.com\/fa\/#website\",\"url\":\"https:\/\/deliciaspersas.com\/fa\/\",\"name\":\"Delicias Persas\",\"description\":\"Gastronom&iacute;a persa al alcance de tus manos\",\"publisher\":{\"@id\":\"https:\/\/deliciaspersas.com\/fa\/#organization\"},\"potentialAction\":[{\"@type\":\"SearchAction\",\"target\":{\"@type\":\"EntryPoint\",\"urlTemplate\":\"https:\/\/deliciaspersas.com\/fa\/?s={search_term_string}\"},\"query-input\":{\"@type\":\"PropertyValueSpecification\",\"valueRequired\":true,\"valueName\":\"search_term_string\"}}],\"inLanguage\":\"fa-IR\"},{\"@type\":\"Organization\",\"@id\":\"https:\/\/deliciaspersas.com\/fa\/#organization\",\"name\":\"Delicias Persas\",\"url\":\"https:\/\/deliciaspersas.com\/fa\/\",\"logo\":{\"@type\":\"ImageObject\",\"inLanguage\":\"fa-IR\",\"@id\":\"https:\/\/deliciaspersas.com\/fa\/#\/schema\/logo\/image\/\",\"url\":\"https:\/\/deliciaspersas.com\/wp-content\/uploads\/2020\/07\/logo-2020.png\",\"contentUrl\":\"https:\/\/deliciaspersas.com\/wp-content\/uploads\/2020\/07\/logo-2020.png\",\"width\":520,\"height\":490,\"caption\":\"Delicias Persas\"},\"image\":{\"@id\":\"https:\/\/deliciaspersas.com\/fa\/#\/schema\/logo\/image\/\"},\"sameAs\":[\"https:\/\/www.facebook.com\/Deliciaspersas\",\"https:\/\/www.instagram.com\/delicias_persas\/\",\"https:\/\/www.linkedin.com\/delicias-persas\"]}]}<\/script>\n<!-- \/ Yoast SEO plugin. -->","yoast_head_json":{"title":"S\u00e9samo tostado 400g Emir - Delicias Persas","description":"piel, tratamiento del reumatismo, provoca m\u00e1s flexibilidad articular, ayuda a reducir la ansiedad, tratamiento de la anemia, fuente Extraordinariamente hecha de cobre) .","robots":{"index":"index","follow":"follow","max-snippet":"max-snippet:-1","max-image-preview":"max-image-preview:large","max-video-preview":"max-video-preview:-1"},"canonical":"https:\/\/deliciaspersas.com\/fa\/tienda\/secos\/sesamo-tostado-400-g\/","og_locale":"fa_IR","og_type":"article","og_title":"S\u00e9samo tostado 400g Emir - Delicias Persas","og_description":"piel, tratamiento del reumatismo, provoca m\u00e1s flexibilidad articular, ayuda a reducir la ansiedad, tratamiento de la anemia, fuente Extraordinariamente hecha de cobre) .","og_url":"https:\/\/deliciaspersas.com\/fa\/tienda\/secos\/sesamo-tostado-400-g\/","og_site_name":"Delicias Persas","article_publisher":"https:\/\/www.facebook.com\/Deliciaspersas","article_modified_time":"2024-08-05T11:12:28+00:00","og_image":[{"width":432,"height":576,"url":"https:\/\/deliciaspersas.com\/wp-content\/uploads\/WhatsApp_Image_2021-09-03_at_14.28.52__1_-removebg-preview.png","type":"image\/png"}],"twitter_card":"summary_large_image","twitter_misc":{"\u0632\u0645\u0627\u0646 \u062a\u0642\u0631\u06cc\u0628\u06cc \u0628\u0631\u0627\u06cc \u062e\u0648\u0627\u0646\u062f\u0646":"3 \u062f\u0642\u06cc\u0642\u0647"},"schema":{"@context":"https:\/\/schema.org","@graph":[{"@type":"WebPage","@id":"https:\/\/deliciaspersas.com\/fa\/tienda\/secos\/sesamo-tostado-400-g\/","url":"https:\/\/deliciaspersas.com\/fa\/tienda\/secos\/sesamo-tostado-400-g\/","name":"S\u00e9samo tostado 400g Emir - Delicias Persas","isPartOf":{"@id":"https:\/\/deliciaspersas.com\/fa\/#website"},"primaryImageOfPage":{"@id":"https:\/\/deliciaspersas.com\/fa\/tienda\/secos\/sesamo-tostado-400-g\/#primaryimage"},"image":{"@id":"https:\/\/deliciaspersas.com\/fa\/tienda\/secos\/sesamo-tostado-400-g\/#primaryimage"},"thumbnailUrl":"https:\/\/deliciaspersas.com\/wp-content\/uploads\/WhatsApp_Image_2021-09-03_at_14.28.52__1_-removebg-preview.png","datePublished":"2021-09-03T15:19:39+00:00","dateModified":"2024-08-05T11:12:28+00:00","description":"piel, tratamiento del reumatismo, provoca m\u00e1s flexibilidad articular, ayuda a reducir la ansiedad, tratamiento de la anemia, fuente Extraordinariamente hecha de cobre) .","breadcrumb":{"@id":"https:\/\/deliciaspersas.com\/fa\/tienda\/secos\/sesamo-tostado-400-g\/#breadcrumb"},"inLanguage":"fa-IR","potentialAction":[{"@type":"ReadAction","target":["https:\/\/deliciaspersas.com\/fa\/tienda\/secos\/sesamo-tostado-400-g\/"]}]},{"@type":"ImageObject","inLanguage":"fa-IR","@id":"https:\/\/deliciaspersas.com\/fa\/tienda\/secos\/sesamo-tostado-400-g\/#primaryimage","url":"https:\/\/deliciaspersas.com\/wp-content\/uploads\/WhatsApp_Image_2021-09-03_at_14.28.52__1_-removebg-preview.png","contentUrl":"https:\/\/deliciaspersas.com\/wp-content\/uploads\/WhatsApp_Image_2021-09-03_at_14.28.52__1_-removebg-preview.png","width":432,"height":576,"caption":"\u06a9\u0646\u062c\u062f \u0628\u0648\u062f\u0627\u062f\u0647 400 \u06af\u0631\u0645\u06cc"},{"@type":"BreadcrumbList","@id":"https:\/\/deliciaspersas.com\/fa\/tienda\/secos\/sesamo-tostado-400-g\/#breadcrumb","itemListElement":[{"@type":"ListItem","position":1,"name":"Portada","item":"https:\/\/deliciaspersas.com\/fa\/"},{"@type":"ListItem","position":2,"name":"Tienda","item":"https:\/\/deliciaspersas.com\/"},{"@type":"ListItem","position":3,"name":"S\u00e9samo tostado 400g Emir"}]},{"@type":"WebSite","@id":"https:\/\/deliciaspersas.com\/fa\/#website","url":"https:\/\/deliciaspersas.com\/fa\/","name":"Delicias Persas","description":"Gastronom&iacute;a persa al alcance de tus manos","publisher":{"@id":"https:\/\/deliciaspersas.com\/fa\/#organization"},"potentialAction":[{"@type":"SearchAction","target":{"@type":"EntryPoint","urlTemplate":"https:\/\/deliciaspersas.com\/fa\/?s={search_term_string}"},"query-input":{"@type":"PropertyValueSpecification","valueRequired":true,"valueName":"search_term_string"}}],"inLanguage":"fa-IR"},{"@type":"Organization","@id":"https:\/\/deliciaspersas.com\/fa\/#organization","name":"Delicias Persas","url":"https:\/\/deliciaspersas.com\/fa\/","logo":{"@type":"ImageObject","inLanguage":"fa-IR","@id":"https:\/\/deliciaspersas.com\/fa\/#\/schema\/logo\/image\/","url":"https:\/\/deliciaspersas.com\/wp-content\/uploads\/2020\/07\/logo-2020.png","contentUrl":"https:\/\/deliciaspersas.com\/wp-content\/uploads\/2020\/07\/logo-2020.png","width":520,"height":490,"caption":"Delicias Persas"},"image":{"@id":"https:\/\/deliciaspersas.com\/fa\/#\/schema\/logo\/image\/"},"sameAs":["https:\/\/www.facebook.com\/Deliciaspersas","https:\/\/www.instagram.com\/delicias_persas\/","https:\/\/www.linkedin.com\/delicias-persas"]}]}},"uagb_featured_image_src":{"full":["https:\/\/deliciaspersas.com\/wp-content\/uploads\/WhatsApp_Image_2021-09-03_at_14.28.52__1_-removebg-preview.png",432,576,false],"thumbnail":["https:\/\/deliciaspersas.com\/wp-content\/uploads\/WhatsApp_Image_2021-09-03_at_14.28.52__1_-removebg-preview-150x150.png",150,150,true],"medium":["https:\/\/deliciaspersas.com\/wp-content\/uploads\/WhatsApp_Image_2021-09-03_at_14.28.52__1_-removebg-preview-225x300.png",225,300,true],"medium_large":["https:\/\/deliciaspersas.com\/wp-content\/uploads\/WhatsApp_Image_2021-09-03_at_14.28.52__1_-removebg-preview.png",432,576,false],"large":["https:\/\/deliciaspersas.com\/wp-content\/uploads\/WhatsApp_Image_2021-09-03_at_14.28.52__1_-removebg-preview.png",432,576,false],"1536x1536":["https:\/\/deliciaspersas.com\/wp-content\/uploads\/WhatsApp_Image_2021-09-03_at_14.28.52__1_-removebg-preview.png",432,576,false],"2048x2048":["https:\/\/deliciaspersas.com\/wp-content\/uploads\/WhatsApp_Image_2021-09-03_at_14.28.52__1_-removebg-preview.png",432,576,false],"woocommerce_thumbnail":["https:\/\/deliciaspersas.com\/wp-content\/uploads\/WhatsApp_Image_2021-09-03_at_14.28.52__1_-removebg-preview-300x300.png",300,300,true],"woocommerce_single":["https:\/\/deliciaspersas.com\/wp-content\/uploads\/WhatsApp_Image_2021-09-03_at_14.28.52__1_-removebg-preview.png",432,576,false],"woocommerce_gallery_thumbnail":["https:\/\/deliciaspersas.com\/wp-content\/uploads\/WhatsApp_Image_2021-09-03_at_14.28.52__1_-removebg-preview-100x100.png",100,100,true]},"uagb_author_info":{"display_name":"Maral Azizi","author_link":"https:\/\/deliciaspersas.com\/fa\/author\/"},"uagb_comment_info":0,"uagb_excerpt":"S\u00e9samo tostado 400g Emir Informaci\u00f3n del producto: S\u00e9samo tostado. El mejor tipo de s\u00e9samo en t\u00e9rminos de calidad, el sabor es el s\u00e9samo iran\u00ed, que es diferente del s\u00e9samo importado. El mejor ejemplo de s\u00e9samo iran\u00ed es el s\u00e9samo cultivado en Astarabad y Lar, que no es una semilla transg\u00e9nica y se planta y cosecha&hellip;","brands":[],"_links":{"self":[{"href":"https:\/\/deliciaspersas.com\/fa\/wp-json\/wp\/v2\/product\/8613"}],"collection":[{"href":"https:\/\/deliciaspersas.com\/fa\/wp-json\/wp\/v2\/product"}],"about":[{"href":"https:\/\/deliciaspersas.com\/fa\/wp-json\/wp\/v2\/types\/product"}],"wp:featuredmedia":[{"embeddable":true,"href":"https:\/\/deliciaspersas.com\/fa\/wp-json\/wp\/v2\/media\/8614"}],"wp:attachment":[{"href":"https:\/\/deliciaspersas.com\/fa\/wp-json\/wp\/v2\/media?parent=8613"}],"wp:term":[{"taxonomy":"pwb-brand","embeddable":true,"href":"https:\/\/deliciaspersas.com\/fa\/wp-json\/wp\/v2\/pwb-brand?post=8613"},{"taxonomy":"product_cat","embeddable":true,"href":"https:\/\/deliciaspersas.com\/fa\/wp-json\/wp\/v2\/product_cat?post=8613"},{"taxonomy":"product_tag","embeddable":true,"href":"https:\/\/deliciaspersas.com\/fa\/wp-json\/wp\/v2\/product_tag?post=8613"}],"curies":[{"name":"wp","href":"https:\/\/api.w.org\/{rel}","templated":true}]}}