{"id":8802,"date":"2021-10-21T15:16:14","date_gmt":"2021-10-21T13:16:14","guid":{"rendered":"https:\/\/deliciaspersas.com\/?post_type=product&#038;p=8802"},"modified":"2024-09-02T17:47:59","modified_gmt":"2024-09-02T15:47:59","slug":"pan-de-pita-nane-pita-390g-sol","status":"publish","type":"product","link":"https:\/\/deliciaspersas.com\/fa\/tienda\/ready\/pan-de-pita-nane-pita-390g-sol\/","title":{"rendered":"Pan de pita (Nane Pita) 390g SOL"},"content":{"rendered":"<h1>Pan de pita (Nane Pita) 390g SOL<\/h1>\n<h6>Informaci\u00f3n del producto:<\/h6>\n<p>6 unidades de pan pita.<\/p>\n<h6>Usos:<\/h6>\n<p>Este producto tan noble tiene muchos usos; igual sirve para un bocadillo que para mojar en una salsa, para incorporar en una receta, hacer una tostada o comerlo solo, y adem\u00e1s gusta a todo el mundo. Uno de los m\u00e1s vers\u00e1tiles, y adem\u00e1s f\u00e1cil de preparar, es el pan pita: ese disco plano, t\u00edpico de muchos pa\u00edses del Mediterr\u00e1neo, en restaurantes de cocina libanesa, griega o turca. El pan pita est\u00e1 delicioso relleno con falafel, o acompa\u00f1ando hummus, pero tambi\u00e9n se pueden hacer otras tantas recetas con \u00e9l.<\/p>\n<p><strong>aqu\u00ed te recomendamos algunas recetas:<\/strong><\/p>\n<p><strong>Pizza-pita<\/strong><\/p>\n<p>Evidentemente no quedar\u00e1 igual que una masa de pizza pero un pan de pita puede funcionar muy bien como base para pizzas individuales. La combinaci\u00f3n de ingredientes que puedes ponerles encima es tan infinita como pizzas existen en el mundo. puede poner los ingredientes que quiera y cocinarlo al horno.<\/p>\n<p><strong>S\u00e1ndwich mixto<\/strong><\/p>\n<p>Para hacer el cl\u00e1sico s\u00e1dwich mixto, divida el pan en sus dos caras, \u00fantelas en mantequilla y a\u00f1ada dos lonchas de pavo y dos de queso, o las que quieras. cocinelo a la sandwichera hasta que dorado y crocante. Si no tiene sandwichera puede hacerlo en una sart\u00e9n a fuego bajo poni\u00e9ndole algo de peso \u2013limpio\u2013 encima que tenga en la cocina. Cali\u00e9ntelo un par de minutos por cada lado vigilando que el pan no se queme.<\/p>\n<p><strong>Relleno de verduras asadas con salsa de yogur y menta<\/strong><\/p>\n<p>Para rellenar un pan de pita puede perlar las berenjenas, los calabacines, los pimientos, las cebollas e incluso las patatas. Puede ponerles una salsa de yogur, lim\u00f3n y menta y as\u00ed tendr\u00e1 listo su relleno de verduras asadas.<\/p>\n<h6>redientes y al\u00e9rgenos:<\/h6>\n<p><span style=\"font-size: 16px;\">Harina, agua y levadura.<\/span><\/p>\n<h6>Condiciones de conservaci\u00f3n:<\/h6>\n<p>Conservar en un lugar fresco, seco y protegido de la luz.<\/p>\n<h6>Informaci\u00f3n adicional:<\/h6>\n<p>Fabricado por: SOL<\/p>\n","protected":false},"excerpt":{"rendered":"<p>Pan de pita (Nane Pita) 390g SOL Informaci\u00f3n del producto: 6 unidades de pan pita. Usos: Este producto tan noble tiene muchos usos; igual sirve para un bocadillo que para mojar en una salsa, para incorporar en una receta, hacer una tostada o comerlo solo, y adem\u00e1s gusta a todo el mundo. Uno de los [&hellip;]<\/p>\n","protected":false},"featured_media":15209,"template":"","meta":{"_surecart_dashboard_logo_width":"180px","_surecart_dashboard_show_logo":true,"_surecart_dashboard_navigation_orders":true,"_surecart_dashboard_navigation_invoices":true,"_surecart_dashboard_navigation_subscriptions":true,"_surecart_dashboard_navigation_downloads":true,"_surecart_dashboard_navigation_billing":true,"_surecart_dashboard_navigation_account":true,"_uag_custom_page_level_css":"","site-sidebar-layout":"default","site-content-layout":"default","ast-site-content-layout":"default","site-content-style":"default","site-sidebar-style":"default","ast-global-header-display":"","ast-banner-title-visibility":"","ast-main-header-display":"","ast-hfb-above-header-display":"","ast-hfb-below-header-display":"","ast-hfb-mobile-header-display":"","site-post-title":"","ast-breadcrumbs-content":"","ast-featured-img":"","footer-sml-layout":"","theme-transparent-header-meta":"default","adv-header-id-meta":"","stick-header-meta":"","header-above-stick-meta":"","header-main-stick-meta":"","header-below-stick-meta":"","astra-migrate-meta-layouts":"set","ast-page-background-enabled":"default","ast-page-background-meta":{"desktop":{"background-color":"","background-image":"","background-repeat":"repeat","background-position":"center center","background-size":"auto","background-attachment":"scroll","background-type":"","background-media":"","overlay-type":"","overlay-color":"","overlay-opacity":"","overlay-gradient":""},"tablet":{"background-color":"","background-image":"","background-repeat":"repeat","background-position":"center center","background-size":"auto","background-attachment":"scroll","background-type":"","background-media":"","overlay-type":"","overlay-color":"","overlay-opacity":"","overlay-gradient":""},"mobile":{"background-color":"","background-image":"","background-repeat":"repeat","background-position":"center center","background-size":"auto","background-attachment":"scroll","background-type":"","background-media":"","overlay-type":"","overlay-color":"","overlay-opacity":"","overlay-gradient":""}},"ast-content-background-meta":{"desktop":{"background-color":"var(--ast-global-color-5)","background-image":"","background-repeat":"repeat","background-position":"center center","background-size":"auto","background-attachment":"scroll","background-type":"","background-media":"","overlay-type":"","overlay-color":"","overlay-opacity":"","overlay-gradient":""},"tablet":{"background-color":"var(--ast-global-color-5)","background-image":"","background-repeat":"repeat","background-position":"center center","background-size":"auto","background-attachment":"scroll","background-type":"","background-media":"","overlay-type":"","overlay-color":"","overlay-opacity":"","overlay-gradient":""},"mobile":{"background-color":"var(--ast-global-color-5)","background-image":"","background-repeat":"repeat","background-position":"center center","background-size":"auto","background-attachment":"scroll","background-type":"","background-media":"","overlay-type":"","overlay-color":"","overlay-opacity":"","overlay-gradient":""}}},"pwb-brand":[543],"product_cat":[36,34],"product_tag":[757,758,759,760],"class_list":{"0":"post-8802","1":"product","2":"type-product","3":"status-publish","4":"has-post-thumbnail","6":"pwb-brand-sol","7":"product_cat-desayuno","8":"product_cat-ready","9":"product_tag-pan","10":"product_tag-pan-pita","11":"product_tag-759","12":"product_tag-760","13":"desktop-align-center","14":"tablet-align-center","15":"mobile-align-center","17":"first","18":"instock","19":"taxable","20":"shipping-taxable","21":"purchasable","22":"product-type-simple"},"yoast_head":"<!-- This site is optimized with the Yoast SEO plugin v23.6 - https:\/\/yoast.com\/wordpress\/plugins\/seo\/ -->\n<title>Pan de pita (Nane Pita) 390g SOL - Delicias Persas<\/title>\n<meta name=\"robots\" content=\"index, follow, max-snippet:-1, max-image-preview:large, max-video-preview:-1\" \/>\n<link rel=\"canonical\" href=\"https:\/\/deliciaspersas.com\/fa\/tienda\/ready\/pan-de-pita-nane-pita-390g-sol\/\" \/>\n<meta property=\"og:locale\" content=\"fa_IR\" \/>\n<meta property=\"og:type\" content=\"article\" \/>\n<meta property=\"og:title\" content=\"Pan de pita (Nane Pita) 390g SOL - Delicias Persas\" \/>\n<meta property=\"og:description\" content=\"Pan de pita (Nane Pita) 390g SOL Informaci\u00f3n del producto: 6 unidades de pan pita. Usos: Este producto tan noble tiene muchos usos; igual sirve para un bocadillo que para mojar en una salsa, para incorporar en una receta, hacer una tostada o comerlo solo, y adem\u00e1s gusta a todo el mundo. Uno de los [&hellip;]\" \/>\n<meta property=\"og:url\" content=\"https:\/\/deliciaspersas.com\/fa\/tienda\/ready\/pan-de-pita-nane-pita-390g-sol\/\" \/>\n<meta property=\"og:site_name\" content=\"Delicias Persas\" \/>\n<meta property=\"article:publisher\" content=\"https:\/\/www.facebook.com\/Deliciaspersas\" \/>\n<meta property=\"article:modified_time\" content=\"2024-09-02T15:47:59+00:00\" \/>\n<meta property=\"og:image\" content=\"https:\/\/deliciaspersas.com\/wp-content\/uploads\/Pan-de-pita-Nane-390g-SOL-dayan.jpg\" \/>\n\t<meta property=\"og:image:width\" content=\"1000\" \/>\n\t<meta property=\"og:image:height\" content=\"1000\" \/>\n\t<meta property=\"og:image:type\" content=\"image\/jpeg\" \/>\n<meta name=\"twitter:card\" content=\"summary_large_image\" \/>\n<meta name=\"twitter:label1\" content=\"\u0632\u0645\u0627\u0646 \u062a\u0642\u0631\u06cc\u0628\u06cc \u0628\u0631\u0627\u06cc \u062e\u0648\u0627\u0646\u062f\u0646\" \/>\n\t<meta name=\"twitter:data1\" content=\"2 \u062f\u0642\u06cc\u0642\u0647\" \/>\n<script type=\"application\/ld+json\" class=\"yoast-schema-graph\">{\"@context\":\"https:\/\/schema.org\",\"@graph\":[{\"@type\":\"WebPage\",\"@id\":\"https:\/\/deliciaspersas.com\/fa\/tienda\/ready\/pan-de-pita-nane-pita-390g-sol\/\",\"url\":\"https:\/\/deliciaspersas.com\/fa\/tienda\/ready\/pan-de-pita-nane-pita-390g-sol\/\",\"name\":\"Pan de pita (Nane Pita) 390g SOL - Delicias Persas\",\"isPartOf\":{\"@id\":\"https:\/\/deliciaspersas.com\/fa\/#website\"},\"primaryImageOfPage\":{\"@id\":\"https:\/\/deliciaspersas.com\/fa\/tienda\/ready\/pan-de-pita-nane-pita-390g-sol\/#primaryimage\"},\"image\":{\"@id\":\"https:\/\/deliciaspersas.com\/fa\/tienda\/ready\/pan-de-pita-nane-pita-390g-sol\/#primaryimage\"},\"thumbnailUrl\":\"https:\/\/deliciaspersas.com\/wp-content\/uploads\/Pan-de-pita-Nane-390g-SOL-dayan.jpg\",\"datePublished\":\"2021-10-21T13:16:14+00:00\",\"dateModified\":\"2024-09-02T15:47:59+00:00\",\"breadcrumb\":{\"@id\":\"https:\/\/deliciaspersas.com\/fa\/tienda\/ready\/pan-de-pita-nane-pita-390g-sol\/#breadcrumb\"},\"inLanguage\":\"fa-IR\",\"potentialAction\":[{\"@type\":\"ReadAction\",\"target\":[\"https:\/\/deliciaspersas.com\/fa\/tienda\/ready\/pan-de-pita-nane-pita-390g-sol\/\"]}]},{\"@type\":\"ImageObject\",\"inLanguage\":\"fa-IR\",\"@id\":\"https:\/\/deliciaspersas.com\/fa\/tienda\/ready\/pan-de-pita-nane-pita-390g-sol\/#primaryimage\",\"url\":\"https:\/\/deliciaspersas.com\/wp-content\/uploads\/Pan-de-pita-Nane-390g-SOL-dayan.jpg\",\"contentUrl\":\"https:\/\/deliciaspersas.com\/wp-content\/uploads\/Pan-de-pita-Nane-390g-SOL-dayan.jpg\",\"width\":1000,\"height\":1000},{\"@type\":\"BreadcrumbList\",\"@id\":\"https:\/\/deliciaspersas.com\/fa\/tienda\/ready\/pan-de-pita-nane-pita-390g-sol\/#breadcrumb\",\"itemListElement\":[{\"@type\":\"ListItem\",\"position\":1,\"name\":\"Portada\",\"item\":\"https:\/\/deliciaspersas.com\/fa\/\"},{\"@type\":\"ListItem\",\"position\":2,\"name\":\"Tienda\",\"item\":\"https:\/\/deliciaspersas.com\/\"},{\"@type\":\"ListItem\",\"position\":3,\"name\":\"Pan de pita (Nane Pita) 390g SOL\"}]},{\"@type\":\"WebSite\",\"@id\":\"https:\/\/deliciaspersas.com\/fa\/#website\",\"url\":\"https:\/\/deliciaspersas.com\/fa\/\",\"name\":\"Delicias Persas\",\"description\":\"Gastronom&iacute;a persa al alcance de tus manos\",\"publisher\":{\"@id\":\"https:\/\/deliciaspersas.com\/fa\/#organization\"},\"potentialAction\":[{\"@type\":\"SearchAction\",\"target\":{\"@type\":\"EntryPoint\",\"urlTemplate\":\"https:\/\/deliciaspersas.com\/fa\/?s={search_term_string}\"},\"query-input\":{\"@type\":\"PropertyValueSpecification\",\"valueRequired\":true,\"valueName\":\"search_term_string\"}}],\"inLanguage\":\"fa-IR\"},{\"@type\":\"Organization\",\"@id\":\"https:\/\/deliciaspersas.com\/fa\/#organization\",\"name\":\"Delicias Persas\",\"url\":\"https:\/\/deliciaspersas.com\/fa\/\",\"logo\":{\"@type\":\"ImageObject\",\"inLanguage\":\"fa-IR\",\"@id\":\"https:\/\/deliciaspersas.com\/fa\/#\/schema\/logo\/image\/\",\"url\":\"https:\/\/deliciaspersas.com\/wp-content\/uploads\/2020\/07\/logo-2020.png\",\"contentUrl\":\"https:\/\/deliciaspersas.com\/wp-content\/uploads\/2020\/07\/logo-2020.png\",\"width\":520,\"height\":490,\"caption\":\"Delicias Persas\"},\"image\":{\"@id\":\"https:\/\/deliciaspersas.com\/fa\/#\/schema\/logo\/image\/\"},\"sameAs\":[\"https:\/\/www.facebook.com\/Deliciaspersas\",\"https:\/\/www.instagram.com\/delicias_persas\/\",\"https:\/\/www.linkedin.com\/delicias-persas\"]}]}<\/script>\n<!-- \/ Yoast SEO plugin. -->","yoast_head_json":{"title":"Pan de pita (Nane Pita) 390g SOL - Delicias Persas","robots":{"index":"index","follow":"follow","max-snippet":"max-snippet:-1","max-image-preview":"max-image-preview:large","max-video-preview":"max-video-preview:-1"},"canonical":"https:\/\/deliciaspersas.com\/fa\/tienda\/ready\/pan-de-pita-nane-pita-390g-sol\/","og_locale":"fa_IR","og_type":"article","og_title":"Pan de pita (Nane Pita) 390g SOL - Delicias Persas","og_description":"Pan de pita (Nane Pita) 390g SOL Informaci\u00f3n del producto: 6 unidades de pan pita. Usos: Este producto tan noble tiene muchos usos; igual sirve para un bocadillo que para mojar en una salsa, para incorporar en una receta, hacer una tostada o comerlo solo, y adem\u00e1s gusta a todo el mundo. Uno de los [&hellip;]","og_url":"https:\/\/deliciaspersas.com\/fa\/tienda\/ready\/pan-de-pita-nane-pita-390g-sol\/","og_site_name":"Delicias Persas","article_publisher":"https:\/\/www.facebook.com\/Deliciaspersas","article_modified_time":"2024-09-02T15:47:59+00:00","og_image":[{"width":1000,"height":1000,"url":"https:\/\/deliciaspersas.com\/wp-content\/uploads\/Pan-de-pita-Nane-390g-SOL-dayan.jpg","type":"image\/jpeg"}],"twitter_card":"summary_large_image","twitter_misc":{"\u0632\u0645\u0627\u0646 \u062a\u0642\u0631\u06cc\u0628\u06cc \u0628\u0631\u0627\u06cc \u062e\u0648\u0627\u0646\u062f\u0646":"2 \u062f\u0642\u06cc\u0642\u0647"},"schema":{"@context":"https:\/\/schema.org","@graph":[{"@type":"WebPage","@id":"https:\/\/deliciaspersas.com\/fa\/tienda\/ready\/pan-de-pita-nane-pita-390g-sol\/","url":"https:\/\/deliciaspersas.com\/fa\/tienda\/ready\/pan-de-pita-nane-pita-390g-sol\/","name":"Pan de pita (Nane Pita) 390g SOL - Delicias Persas","isPartOf":{"@id":"https:\/\/deliciaspersas.com\/fa\/#website"},"primaryImageOfPage":{"@id":"https:\/\/deliciaspersas.com\/fa\/tienda\/ready\/pan-de-pita-nane-pita-390g-sol\/#primaryimage"},"image":{"@id":"https:\/\/deliciaspersas.com\/fa\/tienda\/ready\/pan-de-pita-nane-pita-390g-sol\/#primaryimage"},"thumbnailUrl":"https:\/\/deliciaspersas.com\/wp-content\/uploads\/Pan-de-pita-Nane-390g-SOL-dayan.jpg","datePublished":"2021-10-21T13:16:14+00:00","dateModified":"2024-09-02T15:47:59+00:00","breadcrumb":{"@id":"https:\/\/deliciaspersas.com\/fa\/tienda\/ready\/pan-de-pita-nane-pita-390g-sol\/#breadcrumb"},"inLanguage":"fa-IR","potentialAction":[{"@type":"ReadAction","target":["https:\/\/deliciaspersas.com\/fa\/tienda\/ready\/pan-de-pita-nane-pita-390g-sol\/"]}]},{"@type":"ImageObject","inLanguage":"fa-IR","@id":"https:\/\/deliciaspersas.com\/fa\/tienda\/ready\/pan-de-pita-nane-pita-390g-sol\/#primaryimage","url":"https:\/\/deliciaspersas.com\/wp-content\/uploads\/Pan-de-pita-Nane-390g-SOL-dayan.jpg","contentUrl":"https:\/\/deliciaspersas.com\/wp-content\/uploads\/Pan-de-pita-Nane-390g-SOL-dayan.jpg","width":1000,"height":1000},{"@type":"BreadcrumbList","@id":"https:\/\/deliciaspersas.com\/fa\/tienda\/ready\/pan-de-pita-nane-pita-390g-sol\/#breadcrumb","itemListElement":[{"@type":"ListItem","position":1,"name":"Portada","item":"https:\/\/deliciaspersas.com\/fa\/"},{"@type":"ListItem","position":2,"name":"Tienda","item":"https:\/\/deliciaspersas.com\/"},{"@type":"ListItem","position":3,"name":"Pan de pita (Nane Pita) 390g SOL"}]},{"@type":"WebSite","@id":"https:\/\/deliciaspersas.com\/fa\/#website","url":"https:\/\/deliciaspersas.com\/fa\/","name":"Delicias Persas","description":"Gastronom&iacute;a persa al alcance de tus manos","publisher":{"@id":"https:\/\/deliciaspersas.com\/fa\/#organization"},"potentialAction":[{"@type":"SearchAction","target":{"@type":"EntryPoint","urlTemplate":"https:\/\/deliciaspersas.com\/fa\/?s={search_term_string}"},"query-input":{"@type":"PropertyValueSpecification","valueRequired":true,"valueName":"search_term_string"}}],"inLanguage":"fa-IR"},{"@type":"Organization","@id":"https:\/\/deliciaspersas.com\/fa\/#organization","name":"Delicias Persas","url":"https:\/\/deliciaspersas.com\/fa\/","logo":{"@type":"ImageObject","inLanguage":"fa-IR","@id":"https:\/\/deliciaspersas.com\/fa\/#\/schema\/logo\/image\/","url":"https:\/\/deliciaspersas.com\/wp-content\/uploads\/2020\/07\/logo-2020.png","contentUrl":"https:\/\/deliciaspersas.com\/wp-content\/uploads\/2020\/07\/logo-2020.png","width":520,"height":490,"caption":"Delicias Persas"},"image":{"@id":"https:\/\/deliciaspersas.com\/fa\/#\/schema\/logo\/image\/"},"sameAs":["https:\/\/www.facebook.com\/Deliciaspersas","https:\/\/www.instagram.com\/delicias_persas\/","https:\/\/www.linkedin.com\/delicias-persas"]}]}},"uagb_featured_image_src":{"full":["https:\/\/deliciaspersas.com\/wp-content\/uploads\/Pan-de-pita-Nane-390g-SOL-dayan.jpg",1000,1000,false],"thumbnail":["https:\/\/deliciaspersas.com\/wp-content\/uploads\/Pan-de-pita-Nane-390g-SOL-dayan-150x150.jpg",150,150,true],"medium":["https:\/\/deliciaspersas.com\/wp-content\/uploads\/Pan-de-pita-Nane-390g-SOL-dayan-300x300.jpg",300,300,true],"medium_large":["https:\/\/deliciaspersas.com\/wp-content\/uploads\/Pan-de-pita-Nane-390g-SOL-dayan-768x768.jpg",768,768,true],"large":["https:\/\/deliciaspersas.com\/wp-content\/uploads\/Pan-de-pita-Nane-390g-SOL-dayan.jpg",1000,1000,false],"1536x1536":["https:\/\/deliciaspersas.com\/wp-content\/uploads\/Pan-de-pita-Nane-390g-SOL-dayan.jpg",1000,1000,false],"2048x2048":["https:\/\/deliciaspersas.com\/wp-content\/uploads\/Pan-de-pita-Nane-390g-SOL-dayan.jpg",1000,1000,false],"woocommerce_thumbnail":["https:\/\/deliciaspersas.com\/wp-content\/uploads\/Pan-de-pita-Nane-390g-SOL-dayan-300x300.jpg",300,300,true],"woocommerce_single":["https:\/\/deliciaspersas.com\/wp-content\/uploads\/Pan-de-pita-Nane-390g-SOL-dayan-600x600.jpg",600,600,true],"woocommerce_gallery_thumbnail":["https:\/\/deliciaspersas.com\/wp-content\/uploads\/Pan-de-pita-Nane-390g-SOL-dayan-100x100.jpg",100,100,true]},"uagb_author_info":{"display_name":"Maral Azizi","author_link":"https:\/\/deliciaspersas.com\/fa\/author\/"},"uagb_comment_info":0,"uagb_excerpt":"Pan de pita (Nane Pita) 390g SOL Informaci\u00f3n del producto: 6 unidades de pan pita. Usos: Este producto tan noble tiene muchos usos; igual sirve para un bocadillo que para mojar en una salsa, para incorporar en una receta, hacer una tostada o comerlo solo, y adem\u00e1s gusta a todo el mundo. Uno de los&hellip;","brands":[{"id":543,"name":"SOL","slug":"sol"}],"_links":{"self":[{"href":"https:\/\/deliciaspersas.com\/fa\/wp-json\/wp\/v2\/product\/8802"}],"collection":[{"href":"https:\/\/deliciaspersas.com\/fa\/wp-json\/wp\/v2\/product"}],"about":[{"href":"https:\/\/deliciaspersas.com\/fa\/wp-json\/wp\/v2\/types\/product"}],"wp:featuredmedia":[{"embeddable":true,"href":"https:\/\/deliciaspersas.com\/fa\/wp-json\/wp\/v2\/media\/15209"}],"wp:attachment":[{"href":"https:\/\/deliciaspersas.com\/fa\/wp-json\/wp\/v2\/media?parent=8802"}],"wp:term":[{"taxonomy":"pwb-brand","embeddable":true,"href":"https:\/\/deliciaspersas.com\/fa\/wp-json\/wp\/v2\/pwb-brand?post=8802"},{"taxonomy":"product_cat","embeddable":true,"href":"https:\/\/deliciaspersas.com\/fa\/wp-json\/wp\/v2\/product_cat?post=8802"},{"taxonomy":"product_tag","embeddable":true,"href":"https:\/\/deliciaspersas.com\/fa\/wp-json\/wp\/v2\/product_tag?post=8802"}],"curies":[{"name":"wp","href":"https:\/\/api.w.org\/{rel}","templated":true}]}}