{"id":9856,"date":"2022-02-25T17:07:01","date_gmt":"2022-02-25T16:07:01","guid":{"rendered":"https:\/\/deliciaspersas.com\/?post_type=product&#038;p=9856"},"modified":"2022-02-25T17:15:16","modified_gmt":"2022-02-25T16:15:16","slug":"arrocera-banu","status":"publish","type":"product","link":"https:\/\/deliciaspersas.com\/fa\/tienda\/sin-categorizar\/arrocera-banu\/","title":{"rendered":"Arrocera Banu"},"content":{"rendered":"<h1>Arrocera Banu<\/h1>\n<p>Con cuerpo met\u00e1lico con revestimiento de pintura epoxi refractaria y resistente al calor<br \/>\nCapacidad para cocinar arroz con diferentes grados.<br \/>\nTiene un plato especial para cocinar arroz con revestimiento de tefl\u00f3n antiadherente<br \/>\nCon tapa de vidrio Pyrex y v\u00e1lvula para salida de vapor<br \/>\nUso de temporizadores y termostatos con alta precisi\u00f3n y calidad para ajustar diferentes modos de cocci\u00f3n y un consumo de energ\u00eda \u00f3ptimo.<br \/>\nUso de alambres refractarios para aumentar la seguridad del producto<br \/>\nUtilice fusibles t\u00e9rmicos para una doble seguridad y evite cualquier posible peligro.<\/p>\n<h4>\u00bfCom\u00f3 usar este producto?<\/h4>\n<p>Usar una olla arrocera es una manera simple y efectiva para cocinar arroz. Muchas ollas arroceras lo mantienen caliente despu\u00e9s de la cocci\u00f3n. No ser\u00e1 necesario que vigiles la olla porque este tipo de electrodom\u00e9sticos viene con un temporizador autom\u00e1tico que har\u00e1 un sonido particular cuando el arroz est\u00e9 listo. El presente art\u00edculo te ense\u00f1ar\u00e1 a cocinar arroz en una olla arrocera para que las probabilidades de quemarlo y echar a perder la olla sean m\u00ednimas.<\/p>\n<p><b class=\"whb\">Mide el arroz con una taza y \u00e9chalo en la olla.<\/b>\u00a0Algunas ollas arroceras vienen con un taz\u00f3n removible, mientras que otras no y hay que poner el arroz directamente en la arrocera. Casi siempre, estas ollas vienen con un \u201ctaza\u201d o cuchara medidora con capacidad para 180 g (3\/4 taza). Si no la tiene, usa una taza medidora com\u00fan.<\/p>\n<ul>\n<li>Deja un espacio suficiente para que se expanda y no se rebalse.<\/li>\n<\/ul>\n<p><b class=\"whb\">Lava el arroz, si es necesario.<\/b> Muchas personas prefieren lavar el arroz para quitar todo posible resto de pesticidas, herbicidas o contaminantes. Algunas pr\u00e1cticas de molienda menos modernas tambi\u00e9n rompen los granos que liberan un exceso de almid\u00f3n, lo cual debe lavarse para evitar que el arroz se pegue.<sup id=\"_ref-2\" class=\"reference\" aria-label=\"Enlace a referencia 2\">\u00a0<\/sup>Si decides lavar el arroz, vierte agua potable al taz\u00f3n o ponlo debajo del grifo. Revuelve mientras vayas agregando el agua hasta que el arroz est\u00e9 totalmente cubierto. Escurre el agua con un colador o inclina el taz\u00f3n lentamente mientras sostienes los granos que se caer\u00e1n con tu mano. Si el agua se ve turbia o llena de restos flotantes de arroz roto o tierra, vu\u00e9lvelo a lavar unas dos o tres veces hasta que el agua nueva se vea relativamente clara.<\/p>\n<p><b class=\"whb\">Mide el agua.<\/b>\u00a0La mayor\u00eda de las instrucciones de olla arrocera recomienda usar agua fr\u00eda. La cantidad de agua que agregar\u00e1s depender\u00e1 del tipo de arroz que vayas a cocinar y el nivel de humedad que te guste. Normalmente, hay marcas de medici\u00f3n dentro de estas ollas que indican la cantidad de arroz y agua que se deber\u00e1 a\u00f1adir o sino tambi\u00e9n podr\u00e1s leer las instrucciones en los envases de arroz.<\/p>\n<p>Si el taz\u00f3n de tu olla es removible, pon el taz\u00f3n con el arroz y el agua nuevamente en la olla. Ponle la tapa, ench\u00fafala y presiona el interruptor de encendido. Cuando el arroz est\u00e9 listo, el interruptor sonar\u00e1 como una tostadora. En la mayor\u00eda de ollas, el arroz permanecer\u00e1 tibio hasta que la desenchufe<\/p>\n","protected":false},"excerpt":{"rendered":"<p>Arrocera Banu Con cuerpo met\u00e1lico con revestimiento de pintura epoxi refractaria y resistente al calor Capacidad para cocinar arroz con diferentes grados. Tiene un plato especial para cocinar arroz con revestimiento de tefl\u00f3n antiadherente Con tapa de vidrio Pyrex y v\u00e1lvula para salida de vapor Uso de temporizadores y termostatos con alta precisi\u00f3n y calidad [&hellip;]<\/p>\n","protected":false},"featured_media":9866,"template":"","meta":{"_surecart_dashboard_logo_width":"180px","_surecart_dashboard_show_logo":true,"_surecart_dashboard_navigation_orders":true,"_surecart_dashboard_navigation_invoices":true,"_surecart_dashboard_navigation_subscriptions":true,"_surecart_dashboard_navigation_downloads":true,"_surecart_dashboard_navigation_billing":true,"_surecart_dashboard_navigation_account":true,"_uag_custom_page_level_css":"","site-sidebar-layout":"default","site-content-layout":"default","ast-site-content-layout":"","site-content-style":"default","site-sidebar-style":"default","ast-global-header-display":"","ast-banner-title-visibility":"","ast-main-header-display":"","ast-hfb-above-header-display":"","ast-hfb-below-header-display":"","ast-hfb-mobile-header-display":"","site-post-title":"","ast-breadcrumbs-content":"","ast-featured-img":"","footer-sml-layout":"","theme-transparent-header-meta":"default","adv-header-id-meta":"","stick-header-meta":"","header-above-stick-meta":"","header-main-stick-meta":"","header-below-stick-meta":"","astra-migrate-meta-layouts":"default","ast-page-background-enabled":"default","ast-page-background-meta":{"desktop":{"background-color":"","background-image":"","background-repeat":"repeat","background-position":"center center","background-size":"auto","background-attachment":"scroll","background-type":"","background-media":"","overlay-type":"","overlay-color":"","overlay-opacity":"","overlay-gradient":""},"tablet":{"background-color":"","background-image":"","background-repeat":"repeat","background-position":"center center","background-size":"auto","background-attachment":"scroll","background-type":"","background-media":"","overlay-type":"","overlay-color":"","overlay-opacity":"","overlay-gradient":""},"mobile":{"background-color":"","background-image":"","background-repeat":"repeat","background-position":"center center","background-size":"auto","background-attachment":"scroll","background-type":"","background-media":"","overlay-type":"","overlay-color":"","overlay-opacity":"","overlay-gradient":""}},"ast-content-background-meta":{"desktop":{"background-color":"var(--ast-global-color-5)","background-image":"","background-repeat":"repeat","background-position":"center center","background-size":"auto","background-attachment":"scroll","background-type":"","background-media":"","overlay-type":"","overlay-color":"","overlay-opacity":"","overlay-gradient":""},"tablet":{"background-color":"var(--ast-global-color-5)","background-image":"","background-repeat":"repeat","background-position":"center center","background-size":"auto","background-attachment":"scroll","background-type":"","background-media":"","overlay-type":"","overlay-color":"","overlay-opacity":"","overlay-gradient":""},"mobile":{"background-color":"var(--ast-global-color-5)","background-image":"","background-repeat":"repeat","background-position":"center center","background-size":"auto","background-attachment":"scroll","background-type":"","background-media":"","overlay-type":"","overlay-color":"","overlay-opacity":"","overlay-gradient":""}}},"pwb-brand":[51,81],"product_cat":[15],"product_tag":[700,393,484,1119,343,284,1120,1121],"class_list":{"0":"post-9856","1":"product","2":"type-product","3":"status-publish","4":"has-post-thumbnail","6":"pwb-brand-51","7":"pwb-brand-aicha","8":"product_cat-sin-categorizar","9":"product_tag-arroz","10":"product_tag-393","11":"product_tag-484","12":"product_tag-1119","13":"product_tag-343","14":"product_tag--fa","15":"product_tag-1120","16":"product_tag-1121","17":"desktop-align-center","18":"tablet-align-center","19":"mobile-align-center","21":"first","22":"instock","23":"taxable","24":"shipping-taxable","25":"purchasable","26":"product-type-simple"},"yoast_head":"<!-- This site is optimized with the Yoast SEO plugin v23.6 - https:\/\/yoast.com\/wordpress\/plugins\/seo\/ -->\n<title>Arrocera Banu - Delicias Persas<\/title>\n<meta name=\"description\" content=\"la tapa, ench\u00fafala y presiona el interruptor de encendido. Cuando el arroz est\u00e9 listo, el interruptor sonar\u00e1 como una tostadora. En la mayor\u00eda de ollas, el arroz permanecer\u00e1 tibio hasta que la desenchufe\" \/>\n<meta name=\"robots\" content=\"index, follow, max-snippet:-1, max-image-preview:large, max-video-preview:-1\" \/>\n<link rel=\"canonical\" href=\"https:\/\/deliciaspersas.com\/fa\/tienda\/sin-categorizar\/arrocera-banu\/\" \/>\n<meta property=\"og:locale\" content=\"fa_IR\" \/>\n<meta property=\"og:type\" content=\"article\" \/>\n<meta property=\"og:title\" content=\"Arrocera Banu - Delicias Persas\" \/>\n<meta property=\"og:description\" content=\"la tapa, ench\u00fafala y presiona el interruptor de encendido. Cuando el arroz est\u00e9 listo, el interruptor sonar\u00e1 como una tostadora. En la mayor\u00eda de ollas, el arroz permanecer\u00e1 tibio hasta que la desenchufe\" \/>\n<meta property=\"og:url\" content=\"https:\/\/deliciaspersas.com\/fa\/tienda\/sin-categorizar\/arrocera-banu\/\" \/>\n<meta property=\"og:site_name\" content=\"Delicias Persas\" \/>\n<meta property=\"article:publisher\" content=\"https:\/\/www.facebook.com\/Deliciaspersas\" \/>\n<meta property=\"article:modified_time\" content=\"2022-02-25T16:15:16+00:00\" \/>\n<meta property=\"og:image\" content=\"https:\/\/deliciaspersas.com\/wp-content\/uploads\/900_134718_1.jpg\" \/>\n\t<meta property=\"og:image:width\" content=\"900\" \/>\n\t<meta property=\"og:image:height\" content=\"1034\" \/>\n\t<meta property=\"og:image:type\" content=\"image\/jpeg\" \/>\n<meta name=\"twitter:card\" content=\"summary_large_image\" \/>\n<meta name=\"twitter:label1\" content=\"\u0632\u0645\u0627\u0646 \u062a\u0642\u0631\u06cc\u0628\u06cc \u0628\u0631\u0627\u06cc \u062e\u0648\u0627\u0646\u062f\u0646\" \/>\n\t<meta name=\"twitter:data1\" content=\"3 \u062f\u0642\u06cc\u0642\u0647\" \/>\n<script type=\"application\/ld+json\" class=\"yoast-schema-graph\">{\"@context\":\"https:\/\/schema.org\",\"@graph\":[{\"@type\":\"WebPage\",\"@id\":\"https:\/\/deliciaspersas.com\/fa\/tienda\/sin-categorizar\/arrocera-banu\/\",\"url\":\"https:\/\/deliciaspersas.com\/fa\/tienda\/sin-categorizar\/arrocera-banu\/\",\"name\":\"Arrocera Banu - Delicias Persas\",\"isPartOf\":{\"@id\":\"https:\/\/deliciaspersas.com\/fa\/#website\"},\"primaryImageOfPage\":{\"@id\":\"https:\/\/deliciaspersas.com\/fa\/tienda\/sin-categorizar\/arrocera-banu\/#primaryimage\"},\"image\":{\"@id\":\"https:\/\/deliciaspersas.com\/fa\/tienda\/sin-categorizar\/arrocera-banu\/#primaryimage\"},\"thumbnailUrl\":\"https:\/\/deliciaspersas.com\/wp-content\/uploads\/900_134718_1.jpg\",\"datePublished\":\"2022-02-25T16:07:01+00:00\",\"dateModified\":\"2022-02-25T16:15:16+00:00\",\"description\":\"la tapa, ench\u00fafala y presiona el interruptor de encendido. Cuando el arroz est\u00e9 listo, el interruptor sonar\u00e1 como una tostadora. En la mayor\u00eda de ollas, el arroz permanecer\u00e1 tibio hasta que la desenchufe\",\"breadcrumb\":{\"@id\":\"https:\/\/deliciaspersas.com\/fa\/tienda\/sin-categorizar\/arrocera-banu\/#breadcrumb\"},\"inLanguage\":\"fa-IR\",\"potentialAction\":[{\"@type\":\"ReadAction\",\"target\":[\"https:\/\/deliciaspersas.com\/fa\/tienda\/sin-categorizar\/arrocera-banu\/\"]}]},{\"@type\":\"ImageObject\",\"inLanguage\":\"fa-IR\",\"@id\":\"https:\/\/deliciaspersas.com\/fa\/tienda\/sin-categorizar\/arrocera-banu\/#primaryimage\",\"url\":\"https:\/\/deliciaspersas.com\/wp-content\/uploads\/900_134718_1.jpg\",\"contentUrl\":\"https:\/\/deliciaspersas.com\/wp-content\/uploads\/900_134718_1.jpg\",\"width\":900,\"height\":1034},{\"@type\":\"BreadcrumbList\",\"@id\":\"https:\/\/deliciaspersas.com\/fa\/tienda\/sin-categorizar\/arrocera-banu\/#breadcrumb\",\"itemListElement\":[{\"@type\":\"ListItem\",\"position\":1,\"name\":\"Portada\",\"item\":\"https:\/\/deliciaspersas.com\/fa\/\"},{\"@type\":\"ListItem\",\"position\":2,\"name\":\"Tienda\",\"item\":\"https:\/\/deliciaspersas.com\/\"},{\"@type\":\"ListItem\",\"position\":3,\"name\":\"Arrocera Banu\"}]},{\"@type\":\"WebSite\",\"@id\":\"https:\/\/deliciaspersas.com\/fa\/#website\",\"url\":\"https:\/\/deliciaspersas.com\/fa\/\",\"name\":\"Delicias Persas\",\"description\":\"Gastronom&iacute;a persa al alcance de tus manos\",\"publisher\":{\"@id\":\"https:\/\/deliciaspersas.com\/fa\/#organization\"},\"potentialAction\":[{\"@type\":\"SearchAction\",\"target\":{\"@type\":\"EntryPoint\",\"urlTemplate\":\"https:\/\/deliciaspersas.com\/fa\/?s={search_term_string}\"},\"query-input\":{\"@type\":\"PropertyValueSpecification\",\"valueRequired\":true,\"valueName\":\"search_term_string\"}}],\"inLanguage\":\"fa-IR\"},{\"@type\":\"Organization\",\"@id\":\"https:\/\/deliciaspersas.com\/fa\/#organization\",\"name\":\"Delicias Persas\",\"url\":\"https:\/\/deliciaspersas.com\/fa\/\",\"logo\":{\"@type\":\"ImageObject\",\"inLanguage\":\"fa-IR\",\"@id\":\"https:\/\/deliciaspersas.com\/fa\/#\/schema\/logo\/image\/\",\"url\":\"https:\/\/deliciaspersas.com\/wp-content\/uploads\/2020\/07\/logo-2020.png\",\"contentUrl\":\"https:\/\/deliciaspersas.com\/wp-content\/uploads\/2020\/07\/logo-2020.png\",\"width\":520,\"height\":490,\"caption\":\"Delicias Persas\"},\"image\":{\"@id\":\"https:\/\/deliciaspersas.com\/fa\/#\/schema\/logo\/image\/\"},\"sameAs\":[\"https:\/\/www.facebook.com\/Deliciaspersas\",\"https:\/\/www.instagram.com\/delicias_persas\/\",\"https:\/\/www.linkedin.com\/delicias-persas\"]}]}<\/script>\n<!-- \/ Yoast SEO plugin. -->","yoast_head_json":{"title":"Arrocera Banu - Delicias Persas","description":"la tapa, ench\u00fafala y presiona el interruptor de encendido. Cuando el arroz est\u00e9 listo, el interruptor sonar\u00e1 como una tostadora. En la mayor\u00eda de ollas, el arroz permanecer\u00e1 tibio hasta que la desenchufe","robots":{"index":"index","follow":"follow","max-snippet":"max-snippet:-1","max-image-preview":"max-image-preview:large","max-video-preview":"max-video-preview:-1"},"canonical":"https:\/\/deliciaspersas.com\/fa\/tienda\/sin-categorizar\/arrocera-banu\/","og_locale":"fa_IR","og_type":"article","og_title":"Arrocera Banu - Delicias Persas","og_description":"la tapa, ench\u00fafala y presiona el interruptor de encendido. Cuando el arroz est\u00e9 listo, el interruptor sonar\u00e1 como una tostadora. En la mayor\u00eda de ollas, el arroz permanecer\u00e1 tibio hasta que la desenchufe","og_url":"https:\/\/deliciaspersas.com\/fa\/tienda\/sin-categorizar\/arrocera-banu\/","og_site_name":"Delicias Persas","article_publisher":"https:\/\/www.facebook.com\/Deliciaspersas","article_modified_time":"2022-02-25T16:15:16+00:00","og_image":[{"width":900,"height":1034,"url":"https:\/\/deliciaspersas.com\/wp-content\/uploads\/900_134718_1.jpg","type":"image\/jpeg"}],"twitter_card":"summary_large_image","twitter_misc":{"\u0632\u0645\u0627\u0646 \u062a\u0642\u0631\u06cc\u0628\u06cc \u0628\u0631\u0627\u06cc \u062e\u0648\u0627\u0646\u062f\u0646":"3 \u062f\u0642\u06cc\u0642\u0647"},"schema":{"@context":"https:\/\/schema.org","@graph":[{"@type":"WebPage","@id":"https:\/\/deliciaspersas.com\/fa\/tienda\/sin-categorizar\/arrocera-banu\/","url":"https:\/\/deliciaspersas.com\/fa\/tienda\/sin-categorizar\/arrocera-banu\/","name":"Arrocera Banu - Delicias Persas","isPartOf":{"@id":"https:\/\/deliciaspersas.com\/fa\/#website"},"primaryImageOfPage":{"@id":"https:\/\/deliciaspersas.com\/fa\/tienda\/sin-categorizar\/arrocera-banu\/#primaryimage"},"image":{"@id":"https:\/\/deliciaspersas.com\/fa\/tienda\/sin-categorizar\/arrocera-banu\/#primaryimage"},"thumbnailUrl":"https:\/\/deliciaspersas.com\/wp-content\/uploads\/900_134718_1.jpg","datePublished":"2022-02-25T16:07:01+00:00","dateModified":"2022-02-25T16:15:16+00:00","description":"la tapa, ench\u00fafala y presiona el interruptor de encendido. Cuando el arroz est\u00e9 listo, el interruptor sonar\u00e1 como una tostadora. En la mayor\u00eda de ollas, el arroz permanecer\u00e1 tibio hasta que la desenchufe","breadcrumb":{"@id":"https:\/\/deliciaspersas.com\/fa\/tienda\/sin-categorizar\/arrocera-banu\/#breadcrumb"},"inLanguage":"fa-IR","potentialAction":[{"@type":"ReadAction","target":["https:\/\/deliciaspersas.com\/fa\/tienda\/sin-categorizar\/arrocera-banu\/"]}]},{"@type":"ImageObject","inLanguage":"fa-IR","@id":"https:\/\/deliciaspersas.com\/fa\/tienda\/sin-categorizar\/arrocera-banu\/#primaryimage","url":"https:\/\/deliciaspersas.com\/wp-content\/uploads\/900_134718_1.jpg","contentUrl":"https:\/\/deliciaspersas.com\/wp-content\/uploads\/900_134718_1.jpg","width":900,"height":1034},{"@type":"BreadcrumbList","@id":"https:\/\/deliciaspersas.com\/fa\/tienda\/sin-categorizar\/arrocera-banu\/#breadcrumb","itemListElement":[{"@type":"ListItem","position":1,"name":"Portada","item":"https:\/\/deliciaspersas.com\/fa\/"},{"@type":"ListItem","position":2,"name":"Tienda","item":"https:\/\/deliciaspersas.com\/"},{"@type":"ListItem","position":3,"name":"Arrocera Banu"}]},{"@type":"WebSite","@id":"https:\/\/deliciaspersas.com\/fa\/#website","url":"https:\/\/deliciaspersas.com\/fa\/","name":"Delicias Persas","description":"Gastronom&iacute;a persa al alcance de tus manos","publisher":{"@id":"https:\/\/deliciaspersas.com\/fa\/#organization"},"potentialAction":[{"@type":"SearchAction","target":{"@type":"EntryPoint","urlTemplate":"https:\/\/deliciaspersas.com\/fa\/?s={search_term_string}"},"query-input":{"@type":"PropertyValueSpecification","valueRequired":true,"valueName":"search_term_string"}}],"inLanguage":"fa-IR"},{"@type":"Organization","@id":"https:\/\/deliciaspersas.com\/fa\/#organization","name":"Delicias Persas","url":"https:\/\/deliciaspersas.com\/fa\/","logo":{"@type":"ImageObject","inLanguage":"fa-IR","@id":"https:\/\/deliciaspersas.com\/fa\/#\/schema\/logo\/image\/","url":"https:\/\/deliciaspersas.com\/wp-content\/uploads\/2020\/07\/logo-2020.png","contentUrl":"https:\/\/deliciaspersas.com\/wp-content\/uploads\/2020\/07\/logo-2020.png","width":520,"height":490,"caption":"Delicias Persas"},"image":{"@id":"https:\/\/deliciaspersas.com\/fa\/#\/schema\/logo\/image\/"},"sameAs":["https:\/\/www.facebook.com\/Deliciaspersas","https:\/\/www.instagram.com\/delicias_persas\/","https:\/\/www.linkedin.com\/delicias-persas"]}]}},"uagb_featured_image_src":{"full":["https:\/\/deliciaspersas.com\/wp-content\/uploads\/900_134718_1.jpg",900,1034,false],"thumbnail":["https:\/\/deliciaspersas.com\/wp-content\/uploads\/900_134718_1-150x150.jpg",150,150,true],"medium":["https:\/\/deliciaspersas.com\/wp-content\/uploads\/900_134718_1-261x300.jpg",261,300,true],"medium_large":["https:\/\/deliciaspersas.com\/wp-content\/uploads\/900_134718_1-768x882.jpg",768,882,true],"large":["https:\/\/deliciaspersas.com\/wp-content\/uploads\/900_134718_1-891x1024.jpg",891,1024,true],"1536x1536":["https:\/\/deliciaspersas.com\/wp-content\/uploads\/900_134718_1.jpg",900,1034,false],"2048x2048":["https:\/\/deliciaspersas.com\/wp-content\/uploads\/900_134718_1.jpg",900,1034,false],"woocommerce_thumbnail":["https:\/\/deliciaspersas.com\/wp-content\/uploads\/900_134718_1-300x300.jpg",300,300,true],"woocommerce_single":["https:\/\/deliciaspersas.com\/wp-content\/uploads\/900_134718_1-600x689.jpg",600,689,true],"woocommerce_gallery_thumbnail":["https:\/\/deliciaspersas.com\/wp-content\/uploads\/900_134718_1-100x100.jpg",100,100,true]},"uagb_author_info":{"display_name":"Maral Azizi","author_link":"https:\/\/deliciaspersas.com\/fa\/author\/"},"uagb_comment_info":0,"uagb_excerpt":"Arrocera Banu Con cuerpo met\u00e1lico con revestimiento de pintura epoxi refractaria y resistente al calor Capacidad para cocinar arroz con diferentes grados. Tiene un plato especial para cocinar arroz con revestimiento de tefl\u00f3n antiadherente Con tapa de vidrio Pyrex y v\u00e1lvula para salida de vapor Uso de temporizadores y termostatos con alta precisi\u00f3n y calidad&hellip;","brands":[{"id":51,"name":"1&amp;1","slug":"11"},{"id":81,"name":"Aicha","slug":"aicha"}],"_links":{"self":[{"href":"https:\/\/deliciaspersas.com\/fa\/wp-json\/wp\/v2\/product\/9856"}],"collection":[{"href":"https:\/\/deliciaspersas.com\/fa\/wp-json\/wp\/v2\/product"}],"about":[{"href":"https:\/\/deliciaspersas.com\/fa\/wp-json\/wp\/v2\/types\/product"}],"wp:featuredmedia":[{"embeddable":true,"href":"https:\/\/deliciaspersas.com\/fa\/wp-json\/wp\/v2\/media\/9866"}],"wp:attachment":[{"href":"https:\/\/deliciaspersas.com\/fa\/wp-json\/wp\/v2\/media?parent=9856"}],"wp:term":[{"taxonomy":"pwb-brand","embeddable":true,"href":"https:\/\/deliciaspersas.com\/fa\/wp-json\/wp\/v2\/pwb-brand?post=9856"},{"taxonomy":"product_cat","embeddable":true,"href":"https:\/\/deliciaspersas.com\/fa\/wp-json\/wp\/v2\/product_cat?post=9856"},{"taxonomy":"product_tag","embeddable":true,"href":"https:\/\/deliciaspersas.com\/fa\/wp-json\/wp\/v2\/product_tag?post=9856"}],"curies":[{"name":"wp","href":"https:\/\/api.w.org\/{rel}","templated":true}]}}